{"id":835,"date":"2018-10-25T19:40:28","date_gmt":"2018-10-25T22:40:28","guid":{"rendered":"http:\/\/www.tecma-tecnologia.com.br\/web\/?page_id=835"},"modified":"2020-01-06T10:41:33","modified_gmt":"2020-01-06T13:41:33","slug":"tratamento-industria-textil","status":"publish","type":"page","link":"https:\/\/www.tecma-tecnologia.com.br\/web\/engenharia\/efluentes-industriais\/tratamento-industria-textil\/","title":{"rendered":"Ind\u00fastria T\u00eaxtil"},"content":{"rendered":"<p><div class=\"fusion-fullwidth fullwidth-box nonhundred-percent-fullwidth non-hundred-percent-height-scrolling\"  style='background-color: rgba(255,255,255,0);background-position: center center;background-repeat: no-repeat;padding-top:0px;padding-right:0px;padding-bottom:0px;padding-left:0px;'><div class=\"fusion-builder-row fusion-row \"><div  class=\"fusion-layout-column fusion_builder_column fusion_builder_column_1_1  fusion-one-full fusion-column-first fusion-column-last 1_1\"  style='margin-top:0px;margin-bottom:0px;'>\n\t\t\t\t\t<div class=\"fusion-column-wrapper\" style=\"padding: 0px 0px 0px 0px;background-position:left top;background-repeat:no-repeat;-webkit-background-size:cover;-moz-background-size:cover;-o-background-size:cover;background-size:cover;\"  data-bg-url=\"\">\n\t\t\t\t\t\t<div class=\"fusion-title title fusion-sep-none fusion-title-size-one\" style=\"margin-top:0px;margin-bottom:31px;\"><h1 class=\"title-heading-left\"><h2>IND\u00daSTRIA T\u00caXTIL<\/h2><\/h1><\/div><div class=\"fusion-clearfix\"><\/div>\n\n\t\t\t\t\t<\/div>\n\t\t\t\t<\/div><\/div><\/div><div class=\"fusion-fullwidth fullwidth-box nonhundred-percent-fullwidth non-hundred-percent-height-scrolling\"  style='background-color: rgba(255,255,255,0);background-position: center center;background-repeat: no-repeat;padding-top:0px;padding-right:0px;padding-bottom:0px;padding-left:0px;'><div class=\"fusion-builder-row fusion-row \"><div  class=\"fusion-layout-column fusion_builder_column fusion_builder_column_1_1  fusion-one-full fusion-column-first fusion-column-last 1_1\"  style='margin-top:0px;margin-bottom:20px;'>\n\t\t\t\t\t<div class=\"fusion-column-wrapper\" style=\"padding: 0px 0px 0px 0px;background-position:left top;background-repeat:no-repeat;-webkit-background-size:cover;-moz-background-size:cover;-o-background-size:cover;background-size:cover;\"  data-bg-url=\"\">\n\t\t\t\t\t\t<div class=\"fusion-text\"><h4><\/h4>\n<h4><img fetchpriority=\"high\" decoding=\"async\" class=\"alignnone wp-image-1910\" src=\"https:\/\/www.tecma-tecnologia.com.br\/web\/wp-content\/uploads\/2019\/08\/industria-text-300x112.jpg\" alt=\"\" width=\"897\" height=\"335\" srcset=\"https:\/\/www.tecma-tecnologia.com.br\/web\/wp-content\/uploads\/2019\/08\/industria-text-200x74.jpg 200w, https:\/\/www.tecma-tecnologia.com.br\/web\/wp-content\/uploads\/2019\/08\/industria-text-300x112.jpg 300w, https:\/\/www.tecma-tecnologia.com.br\/web\/wp-content\/uploads\/2019\/08\/industria-text-400x149.jpg 400w, https:\/\/www.tecma-tecnologia.com.br\/web\/wp-content\/uploads\/2019\/08\/industria-text-600x223.jpg 600w, https:\/\/www.tecma-tecnologia.com.br\/web\/wp-content\/uploads\/2019\/08\/industria-text-700x261.jpg 700w, https:\/\/www.tecma-tecnologia.com.br\/web\/wp-content\/uploads\/2019\/08\/industria-text-768x286.jpg 768w, https:\/\/www.tecma-tecnologia.com.br\/web\/wp-content\/uploads\/2019\/08\/industria-text-800x298.jpg 800w, https:\/\/www.tecma-tecnologia.com.br\/web\/wp-content\/uploads\/2019\/08\/industria-text-1024x381.jpg 1024w, https:\/\/www.tecma-tecnologia.com.br\/web\/wp-content\/uploads\/2019\/08\/industria-text.jpg 1166w\" sizes=\"(max-width: 897px) 100vw, 897px\" \/><\/h4>\n<h4><\/h4>\n<h3>Ind\u00fastria T\u00eaxtil &#8211; Tratamento de Efluentes Industriais<\/h3>\n<h4>Tratamento Ind\u00fastria T\u00eaxtil, as industrias t\u00eaxteis t\u00eam abrang\u00eancia desde a produ\u00e7\u00e3o dos fios sejam sint\u00e9ticos ou naturais beneficiados, at\u00e9 a produ\u00e7\u00e3o dos tecidos ou produtos finais<\/h4>\n<p>A produ\u00e7\u00e3o envolve diversas etapas incluindo diversos tratamentos qu\u00edmicos.\u00a0 Os efluentes t\u00eaxteis s\u00e3o ricos em produtos qu\u00edmicos variados incluindo os corantes naturais e os sint\u00e9ticos.<\/p>\n<p>Os processos de tratamento objetivam clarificar\u00a0 os efluentes e reduzir a toxicidade inerente aos produtos qu\u00edmicos utilizados, a carga org\u00e2nica, os detergentes e a cor oriunda da mistura de corantes aplicados. As etapas de tratamento est\u00e3o indicadas a seguir:<\/p>\n<ul>\n<li>Preliminar &#8211; peneiramento para a remo\u00e7\u00e3o de fios e equaliza\u00e7\u00e3o);<\/li>\n<li>Prim\u00e1rio &#8211; eletrocoagula\u00e7\u00e3o ou processos de coagula\u00e7\u00e3o qu\u00edmica seguido de flota\u00e7\u00e3o<\/li>\n<li>Biol\u00f3gico &#8211; Lodos Ativados<\/li>\n<\/ul>\n<p>O Tratamento para Ind\u00fastria T\u00eaxtil \u00e9 algo extremamente necess\u00e1rio a partir do momento que analisamos a crescente do mercado e o impacto que ele pode causar caso n\u00e3o seja acompanhado de medidas ambientais.<\/p>\n<h4><strong><em>\u21d2 <\/em>Acesse nossa <a href=\"https:\/\/www.tecma-tecnologia.com.br\/web\/solucoes-ambientais\/linha-de-produtos-tecma\/\"><u>linha de produtos TECMA\u00ae<\/u>.<\/a><\/strong><\/h4>\n<p>Sigam a\u00a0<a href=\"https:\/\/www.tecma-tecnologia.com.br\/web\/\">TECMA<\/a>\u00a0em todas as nossas plataformas<\/p>\n<p><a href=\"https:\/\/www.instagram.com\/tecmatecnologia\/\">INSTAGRAM TECMA<\/a><\/p>\n<p><a href=\"https:\/\/web.facebook.com\/tecmatecnologia\/?_rdc=1&amp;_rdr\">FACEBOOK TECMA<\/a><\/p>\n<p><a href=\"https:\/\/www.linkedin.com\/company\/934510\/\">LINKEDIN TECMA<\/a><\/p>\n<\/div><div class=\"fusion-clearfix\"><\/div>\n\n\t\t\t\t\t<\/div>\n\t\t\t\t<\/div><\/div><\/div><\/p>\n","protected":false},"excerpt":{"rendered":"","protected":false},"author":1,"featured_media":0,"parent":203,"menu_order":0,"comment_status":"closed","ping_status":"closed","template":"","meta":{"_mi_skip_tracking":false,"spay_email":"","footnotes":""},"class_list":["post-835","page","type-page","status-publish","hentry"],"yoast_head":"<!-- This site is optimized with the Yoast SEO plugin v20.2.1 - https:\/\/yoast.com\/wordpress\/plugins\/seo\/ -->\n<title>Tratamento Ind\u00fastria T\u00eaxtil - TECMA Tecnologia solu\u00e7\u00f5es ambientais<\/title>\n<meta name=\"description\" content=\"Tratamento Ind\u00fastria T\u00eaxtil, objetiva reduzir carga org\u00e2nica, detergentes, cor e eliminar os produtos qu\u00edmicos utilizados na produ\u00e7\u00e3o t\u00eaxtil.\" \/>\n<meta name=\"robots\" content=\"index, follow, max-snippet:-1, max-image-preview:large, max-video-preview:-1\" \/>\n<link rel=\"canonical\" href=\"https:\/\/www.tecma-tecnologia.com.br\/web\/engenharia\/efluentes-industriais\/tratamento-industria-textil\/\" \/>\n<meta property=\"og:locale\" content=\"pt_BR\" \/>\n<meta property=\"og:type\" content=\"article\" \/>\n<meta property=\"og:title\" content=\"Tratamento Ind\u00fastria T\u00eaxtil - TECMA Tecnologia solu\u00e7\u00f5es ambientais\" \/>\n<meta property=\"og:description\" content=\"Tratamento Ind\u00fastria T\u00eaxtil, objetiva reduzir carga org\u00e2nica, detergentes, cor e eliminar os produtos qu\u00edmicos utilizados na produ\u00e7\u00e3o t\u00eaxtil.\" \/>\n<meta property=\"og:url\" content=\"https:\/\/www.tecma-tecnologia.com.br\/web\/engenharia\/efluentes-industriais\/tratamento-industria-textil\/\" \/>\n<meta property=\"og:site_name\" content=\"TECMA Tecnologia\" \/>\n<meta property=\"article:modified_time\" content=\"2020-01-06T13:41:33+00:00\" \/>\n<meta property=\"og:image\" content=\"https:\/\/www.tecma-tecnologia.com.br\/web\/wp-content\/uploads\/2019\/08\/industria-text-300x112.jpg\" \/>\n<meta name=\"twitter:card\" content=\"summary_large_image\" \/>\n<meta name=\"twitter:label1\" content=\"Est. tempo de leitura\" \/>\n\t<meta name=\"twitter:data1\" content=\"3 minutos\" \/>\n<script type=\"application\/ld+json\" class=\"yoast-schema-graph\">{\"@context\":\"https:\/\/schema.org\",\"@graph\":[{\"@type\":\"WebPage\",\"@id\":\"https:\/\/www.tecma-tecnologia.com.br\/web\/engenharia\/efluentes-industriais\/tratamento-industria-textil\/\",\"url\":\"https:\/\/www.tecma-tecnologia.com.br\/web\/engenharia\/efluentes-industriais\/tratamento-industria-textil\/\",\"name\":\"Tratamento Ind\u00fastria T\u00eaxtil - TECMA Tecnologia solu\u00e7\u00f5es ambientais\",\"isPartOf\":{\"@id\":\"https:\/\/www.tecma-tecnologia.com.br\/web\/#website\"},\"datePublished\":\"2018-10-25T22:40:28+00:00\",\"dateModified\":\"2020-01-06T13:41:33+00:00\",\"description\":\"Tratamento Ind\u00fastria T\u00eaxtil, objetiva reduzir carga org\u00e2nica, detergentes, cor e eliminar os produtos qu\u00edmicos utilizados na produ\u00e7\u00e3o t\u00eaxtil.\",\"breadcrumb\":{\"@id\":\"https:\/\/www.tecma-tecnologia.com.br\/web\/engenharia\/efluentes-industriais\/tratamento-industria-textil\/#breadcrumb\"},\"inLanguage\":\"pt-BR\",\"potentialAction\":[{\"@type\":\"ReadAction\",\"target\":[\"https:\/\/www.tecma-tecnologia.com.br\/web\/engenharia\/efluentes-industriais\/tratamento-industria-textil\/\"]}]},{\"@type\":\"BreadcrumbList\",\"@id\":\"https:\/\/www.tecma-tecnologia.com.br\/web\/engenharia\/efluentes-industriais\/tratamento-industria-textil\/#breadcrumb\",\"itemListElement\":[{\"@type\":\"ListItem\",\"position\":1,\"name\":\"Home\",\"item\":\"https:\/\/www.tecma-tecnologia.com.br\/web\/\"},{\"@type\":\"ListItem\",\"position\":2,\"name\":\"Engenharia\",\"item\":\"https:\/\/www.tecma-tecnologia.com.br\/web\/engenharia\/\"},{\"@type\":\"ListItem\",\"position\":3,\"name\":\"Tratamento de Efluentes Industriais\",\"item\":\"https:\/\/www.tecma-tecnologia.com.br\/web\/engenharia\/efluentes-industriais\/\"},{\"@type\":\"ListItem\",\"position\":4,\"name\":\"Ind\u00fastria T\u00eaxtil\"}]},{\"@type\":\"WebSite\",\"@id\":\"https:\/\/www.tecma-tecnologia.com.br\/web\/#website\",\"url\":\"https:\/\/www.tecma-tecnologia.com.br\/web\/\",\"name\":\"TECMA Tecnologia\",\"description\":\"\",\"potentialAction\":[{\"@type\":\"SearchAction\",\"target\":{\"@type\":\"EntryPoint\",\"urlTemplate\":\"https:\/\/www.tecma-tecnologia.com.br\/web\/?s={search_term_string}\"},\"query-input\":\"required name=search_term_string\"}],\"inLanguage\":\"pt-BR\"}]}<\/script>\n<!-- \/ Yoast SEO plugin. -->","yoast_head_json":{"title":"Tratamento Ind\u00fastria T\u00eaxtil - TECMA Tecnologia solu\u00e7\u00f5es ambientais","description":"Tratamento Ind\u00fastria T\u00eaxtil, objetiva reduzir carga org\u00e2nica, detergentes, cor e eliminar os produtos qu\u00edmicos utilizados na produ\u00e7\u00e3o t\u00eaxtil.","robots":{"index":"index","follow":"follow","max-snippet":"max-snippet:-1","max-image-preview":"max-image-preview:large","max-video-preview":"max-video-preview:-1"},"canonical":"https:\/\/www.tecma-tecnologia.com.br\/web\/engenharia\/efluentes-industriais\/tratamento-industria-textil\/","og_locale":"pt_BR","og_type":"article","og_title":"Tratamento Ind\u00fastria T\u00eaxtil - TECMA Tecnologia solu\u00e7\u00f5es ambientais","og_description":"Tratamento Ind\u00fastria T\u00eaxtil, objetiva reduzir carga org\u00e2nica, detergentes, cor e eliminar os produtos qu\u00edmicos utilizados na produ\u00e7\u00e3o t\u00eaxtil.","og_url":"https:\/\/www.tecma-tecnologia.com.br\/web\/engenharia\/efluentes-industriais\/tratamento-industria-textil\/","og_site_name":"TECMA Tecnologia","article_modified_time":"2020-01-06T13:41:33+00:00","og_image":[{"url":"https:\/\/www.tecma-tecnologia.com.br\/web\/wp-content\/uploads\/2019\/08\/industria-text-300x112.jpg"}],"twitter_card":"summary_large_image","twitter_misc":{"Est. tempo de leitura":"3 minutos"},"schema":{"@context":"https:\/\/schema.org","@graph":[{"@type":"WebPage","@id":"https:\/\/www.tecma-tecnologia.com.br\/web\/engenharia\/efluentes-industriais\/tratamento-industria-textil\/","url":"https:\/\/www.tecma-tecnologia.com.br\/web\/engenharia\/efluentes-industriais\/tratamento-industria-textil\/","name":"Tratamento Ind\u00fastria T\u00eaxtil - TECMA Tecnologia solu\u00e7\u00f5es ambientais","isPartOf":{"@id":"https:\/\/www.tecma-tecnologia.com.br\/web\/#website"},"datePublished":"2018-10-25T22:40:28+00:00","dateModified":"2020-01-06T13:41:33+00:00","description":"Tratamento Ind\u00fastria T\u00eaxtil, objetiva reduzir carga org\u00e2nica, detergentes, cor e eliminar os produtos qu\u00edmicos utilizados na produ\u00e7\u00e3o t\u00eaxtil.","breadcrumb":{"@id":"https:\/\/www.tecma-tecnologia.com.br\/web\/engenharia\/efluentes-industriais\/tratamento-industria-textil\/#breadcrumb"},"inLanguage":"pt-BR","potentialAction":[{"@type":"ReadAction","target":["https:\/\/www.tecma-tecnologia.com.br\/web\/engenharia\/efluentes-industriais\/tratamento-industria-textil\/"]}]},{"@type":"BreadcrumbList","@id":"https:\/\/www.tecma-tecnologia.com.br\/web\/engenharia\/efluentes-industriais\/tratamento-industria-textil\/#breadcrumb","itemListElement":[{"@type":"ListItem","position":1,"name":"Home","item":"https:\/\/www.tecma-tecnologia.com.br\/web\/"},{"@type":"ListItem","position":2,"name":"Engenharia","item":"https:\/\/www.tecma-tecnologia.com.br\/web\/engenharia\/"},{"@type":"ListItem","position":3,"name":"Tratamento de Efluentes Industriais","item":"https:\/\/www.tecma-tecnologia.com.br\/web\/engenharia\/efluentes-industriais\/"},{"@type":"ListItem","position":4,"name":"Ind\u00fastria T\u00eaxtil"}]},{"@type":"WebSite","@id":"https:\/\/www.tecma-tecnologia.com.br\/web\/#website","url":"https:\/\/www.tecma-tecnologia.com.br\/web\/","name":"TECMA Tecnologia","description":"","potentialAction":[{"@type":"SearchAction","target":{"@type":"EntryPoint","urlTemplate":"https:\/\/www.tecma-tecnologia.com.br\/web\/?s={search_term_string}"},"query-input":"required name=search_term_string"}],"inLanguage":"pt-BR"}]}},"_links":{"self":[{"href":"https:\/\/www.tecma-tecnologia.com.br\/web\/wp-json\/wp\/v2\/pages\/835","targetHints":{"allow":["GET"]}}],"collection":[{"href":"https:\/\/www.tecma-tecnologia.com.br\/web\/wp-json\/wp\/v2\/pages"}],"about":[{"href":"https:\/\/www.tecma-tecnologia.com.br\/web\/wp-json\/wp\/v2\/types\/page"}],"author":[{"embeddable":true,"href":"https:\/\/www.tecma-tecnologia.com.br\/web\/wp-json\/wp\/v2\/users\/1"}],"replies":[{"embeddable":true,"href":"https:\/\/www.tecma-tecnologia.com.br\/web\/wp-json\/wp\/v2\/comments?post=835"}],"version-history":[{"count":7,"href":"https:\/\/www.tecma-tecnologia.com.br\/web\/wp-json\/wp\/v2\/pages\/835\/revisions"}],"predecessor-version":[{"id":3568,"href":"https:\/\/www.tecma-tecnologia.com.br\/web\/wp-json\/wp\/v2\/pages\/835\/revisions\/3568"}],"up":[{"embeddable":true,"href":"https:\/\/www.tecma-tecnologia.com.br\/web\/wp-json\/wp\/v2\/pages\/203"}],"wp:attachment":[{"href":"https:\/\/www.tecma-tecnologia.com.br\/web\/wp-json\/wp\/v2\/media?parent=835"}],"curies":[{"name":"wp","href":"https:\/\/api.w.org\/{rel}","templated":true}]}}