{"id":832,"date":"2018-10-25T19:38:19","date_gmt":"2018-10-25T22:38:19","guid":{"rendered":"http:\/\/www.tecma-tecnologia.com.br\/web\/?page_id=832"},"modified":"2020-02-28T16:12:59","modified_gmt":"2020-02-28T19:12:59","slug":"industria-quimica","status":"publish","type":"page","link":"https:\/\/www.tecma-tecnologia.com.br\/web\/engenharia\/efluentes-industriais\/industria-quimica\/","title":{"rendered":"Ind\u00fastria Qu\u00edmica"},"content":{"rendered":"<p><div class=\"fusion-fullwidth fullwidth-box nonhundred-percent-fullwidth non-hundred-percent-height-scrolling\"  style='background-color: rgba(255,255,255,0);background-position: center center;background-repeat: no-repeat;padding-top:0px;padding-right:0px;padding-bottom:0px;padding-left:0px;'><div class=\"fusion-builder-row fusion-row \"><div  class=\"fusion-layout-column fusion_builder_column fusion_builder_column_1_1  fusion-one-full fusion-column-first fusion-column-last 1_1\"  style='margin-top:0px;margin-bottom:0px;'>\n\t\t\t\t\t<div class=\"fusion-column-wrapper\" style=\"padding: 15px 0px 0px 0px;background-position:left top;background-repeat:no-repeat;-webkit-background-size:cover;-moz-background-size:cover;-o-background-size:cover;background-size:cover;\"  data-bg-url=\"\">\n\t\t\t\t\t\t<div class=\"fusion-title title fusion-sep-none fusion-title-size-four\" style=\"margin-top:0px;margin-bottom:31px;\"><h4 class=\"title-heading-left\"><h2 style=\"text-align: left;\"><strong>IND\u00daSTRIA QU\u00cdMICA<\/strong><\/h2><\/h4><\/div><div class=\"fusion-clearfix\"><\/div>\n\n\t\t\t\t\t<\/div>\n\t\t\t\t<\/div><\/div><\/div><div class=\"fusion-fullwidth fullwidth-box nonhundred-percent-fullwidth non-hundred-percent-height-scrolling\"  style='background-color: rgba(255,255,255,0);background-position: center center;background-repeat: no-repeat;padding-top:0px;padding-right:0px;padding-bottom:0px;padding-left:0px;'><div class=\"fusion-builder-row fusion-row \"><div  class=\"fusion-layout-column fusion_builder_column fusion_builder_column_1_1  fusion-one-full fusion-column-first fusion-column-last 1_1\"  style='margin-top:0px;margin-bottom:20px;'>\n\t\t\t\t\t<div class=\"fusion-column-wrapper\" style=\"padding: 0px 0px 0px 0px;background-position:left top;background-repeat:no-repeat;-webkit-background-size:cover;-moz-background-size:cover;-o-background-size:cover;background-size:cover;\"  data-bg-url=\"\">\n\t\t\t\t\t\t<div class=\"fusion-text\"><h4><\/h4>\n<h4><img decoding=\"async\" class=\"alignnone wp-image-1899\" src=\"https:\/\/www.tecma-tecnologia.com.br\/web\/wp-content\/uploads\/2019\/08\/industria-quimi-300x112.jpg\" alt=\"\" width=\"911\" height=\"340\" srcset=\"https:\/\/www.tecma-tecnologia.com.br\/web\/wp-content\/uploads\/2019\/08\/industria-quimi-200x74.jpg 200w, https:\/\/www.tecma-tecnologia.com.br\/web\/wp-content\/uploads\/2019\/08\/industria-quimi-300x112.jpg 300w, https:\/\/www.tecma-tecnologia.com.br\/web\/wp-content\/uploads\/2019\/08\/industria-quimi-400x149.jpg 400w, https:\/\/www.tecma-tecnologia.com.br\/web\/wp-content\/uploads\/2019\/08\/industria-quimi-600x223.jpg 600w, https:\/\/www.tecma-tecnologia.com.br\/web\/wp-content\/uploads\/2019\/08\/industria-quimi-700x261.jpg 700w, https:\/\/www.tecma-tecnologia.com.br\/web\/wp-content\/uploads\/2019\/08\/industria-quimi-768x286.jpg 768w, https:\/\/www.tecma-tecnologia.com.br\/web\/wp-content\/uploads\/2019\/08\/industria-quimi-800x298.jpg 800w, https:\/\/www.tecma-tecnologia.com.br\/web\/wp-content\/uploads\/2019\/08\/industria-quimi-1024x381.jpg 1024w, https:\/\/www.tecma-tecnologia.com.br\/web\/wp-content\/uploads\/2019\/08\/industria-quimi.jpg 1166w\" sizes=\"(max-width: 911px) 100vw, 911px\" \/><\/h4>\n<h3>TRATAMENTO DE EFLUENTES NA IND\u00daSTRIA QU\u00cdMICA<\/h3>\n<p><strong>\u2192 Petroqu\u00edmicas <\/strong><\/p>\n<p>Apresentamos uma diversidade de solu\u00e7\u00f5es em \u00e1gua e efluentes para a Ind\u00fastria Petroqu\u00edmica:<\/p>\n<ul>\n<li>Produ\u00e7\u00e3o de \u00e1gua desmineralizada,<\/li>\n<li>Solu\u00e7\u00f5es M\u00f3veis para Tratamento de \u00c1gua<\/li>\n<li>Inje\u00e7\u00e3o de \u00c1gua<\/li>\n<li>Solu\u00e7\u00e3o para o Re\u00faso de \u00c1gua em caldeiras de alta press\u00e3o e gera\u00e7\u00e3o de \u00e1gua ultrapura<\/li>\n<li>Tratamento de Efluentes Industriais na Ind\u00fastria Petroqu\u00edmica.<\/li>\n<\/ul>\n<p>Saiba mais sobre o <a href=\"https:\/\/www.tecma-tecnologia.com.br\/web\/solucoes-ambientais\/reuso-de-agua\/\">Re\u00faso de \u00c1gua<\/a> e <a href=\"https:\/\/www.tecma-tecnologia.com.br\/web\/solucoes-ambientais\/reuso-de-agua\/tratamento-por-membranas\/\">Tratamento por Membranas Filtrantes<\/a><\/p>\n<h4>Tratamento de Efluentes na ind\u00fastria Petroqu\u00edmica<\/h4>\n<p>Os efluentes petroqu\u00edmicos s\u00e3o compostos de res\u00edduos de petr\u00f3leo de diversas origens, seus derivados e produtos qu\u00edmicos utilizados no processamento de refino ou beneficiamento. Existe tamb\u00e9m a presen\u00e7a de poluentes originados no pr\u00f3prio petr\u00f3leo (fen\u00f3is, metais pesados, hidrocarbonetos,etc.),\u00a0 ou originados no transporte (sais das \u00e1guas de lastro).<\/p>\n<p>Os processos de tratamento objetivam reduzir a carga org\u00e2nica, sua toxicidade inerente, a carga oleosa\u00a0 incluindo \u00f3leos emulsionados, a presen\u00e7a de compostos nitrogenados, etc. As etapas normalmente encontradas em instala\u00e7\u00f5es petroqu\u00edmicas s\u00e3o:<\/p>\n<p>Preliminar (remo\u00e7\u00e3o de areia e separa\u00e7\u00e3o de \u00e1gua e\u00a0 \u00f3leo);<\/p>\n<p>Secund\u00e1rio (lagoas aeradas ou lodos ativados).<\/p>\n<p>Pode ser necess\u00e1ria tamb\u00e9m a introdu\u00e7\u00e3o de\u00a0 um tratamento de n\u00edvel prim\u00e1rio para a clarifica\u00e7\u00e3o f\u00edsico-qu\u00edmica dos efluentes (remo\u00e7\u00e3o de \u00f3leos emulsionados, metais pesados, sulfetos e compostos org\u00e2nicos t\u00f3xicos). Nesse caso recomenda-se a utiliza\u00e7\u00e3o de flotadores a ar dissolvido ou ejetado.<\/p>\n<h4>Inje\u00e7\u00e3o de \u00c1gua<\/h4>\n<p>A t\u00e9cnica de inje\u00e7\u00e3o de \u00e1gua em um reservat\u00f3rio de petr\u00f3leo \u00e9 realizada para aumentar a taxa de produ\u00e7\u00e3o de petr\u00f3leo e sua a recupera\u00e7\u00e3o. Isso \u00e9 realizado pela &#8220;substitui\u00e7\u00e3o de vazios&#8221; &#8211; inje\u00e7\u00e3o de \u00e1gua para aumentar a press\u00e3o do reservat\u00f3rio ao seu n\u00edvel inicial e mant\u00ea-lo pr\u00f3ximo a essa press\u00e3o.\u00a0A \u00e1gua desloca o \u00f3leo dos espa\u00e7os porosos, mas a efici\u00eancia desse deslocamento depende de muitos fatores (por exemplo, viscosidade do \u00f3leo e caracter\u00edsticas da rocha)<\/p>\n<p>A remo\u00e7\u00e3o de sulfatos \u00e9 mandat\u00f3ria para evitar incrusta\u00e7\u00f5es nos reservat\u00f3rios de \u00f3leo.<\/p>\n<p>Nossa miss\u00e3o \u00e9 atender todos os segmentos da Ind\u00fastria assim como nessa p\u00e1gina sobre Tratamento Ind\u00fastria Qu\u00edmica, temos v\u00e1rios outros setores da ind\u00fastria que atendemos<\/p>\n<p>Al\u00e9m do fornecimento de esta\u00e7\u00f5es de tratamento de esgoto a TECMA tamb\u00e9m realiza a opera\u00e7\u00e3o e manuten\u00e7\u00e3o de toda a planta de tratamento.<\/p>\n<h4>\u21d2 Conhe\u00e7a o servi\u00e7o de\u00a0<a href=\"https:\/\/www.tecma-tecnologia.com.br\/web\/tratamento-de-efluentes\/\"><strong>Opera\u00e7\u00e3o e Manuten\u00e7\u00e3o<\/strong><\/a>\u00a0assim como os\u00a0<strong><a href=\"https:\/\/www.tecma-tecnologia.com.br\/web\/solucoes-ambientais\/monitoramentos-ambientais\/\">Programas de Monitoramentos<\/a><\/strong>\u00a0para esta\u00e7\u00f5es de tratamento de esgoto.<\/h4>\n<h4><strong><em>\u21d2 <\/em>Acesse nossa <a href=\"https:\/\/www.tecma-tecnologia.com.br\/web\/solucoes-ambientais\/linha-de-produtos-tecma\/\"><u>linha de produtos TECMA\u00ae<\/u>.<\/a><\/strong><\/h4>\n<p>Sigam a <a href=\"https:\/\/www.tecma-tecnologia.com.br\/web\/\">Tecma<\/a> em todas as nossas plataformas<\/p>\n<p><a href=\"https:\/\/www.instagram.com\/tecmatecnologia\/\">INSTAGRAM TECMA<\/a><\/p>\n<p><a href=\"https:\/\/web.facebook.com\/tecmatecnologia\/?_rdc=1&amp;_rdr\">FACEBOOK TECMA<\/a><\/p>\n<p><a href=\"https:\/\/www.linkedin.com\/company\/934510\/\">LINKEDIN TECMA<\/a><\/p>\n<\/div><div class=\"fusion-clearfix\"><\/div>\n\n\t\t\t\t\t<\/div>\n\t\t\t\t<\/div><\/div><\/div><div class=\"fusion-fullwidth fullwidth-box nonhundred-percent-fullwidth non-hundred-percent-height-scrolling\"  style='background-color: rgba(255,255,255,0);background-position: center center;background-repeat: no-repeat;padding-top:0px;padding-right:0px;padding-bottom:0px;padding-left:0px;'><div class=\"fusion-builder-row fusion-row \"><div  class=\"fusion-layout-column fusion_builder_column fusion_builder_column_1_1  fusion-one-full fusion-column-first fusion-column-last 1_1\"  style='margin-top:0px;margin-bottom:20px;'>\n\t\t\t\t\t<div class=\"fusion-column-wrapper\" style=\"padding: 0px 0px 0px 0px;background-position:left top;background-repeat:no-repeat;-webkit-background-size:cover;-moz-background-size:cover;-o-background-size:cover;background-size:cover;\"  data-bg-url=\"\">\n\t\t\t\t\t\t<span class=\"fusion-imageframe imageframe-none imageframe-1 hover-type-zoomin\"><img fetchpriority=\"high\" fetchpriority=\"high\" decoding=\"async\" src=\"https:\/\/www.tecma-tecnologia.com.br\/web\/wp-content\/uploads\/2019\/10\/equipamentos-tecma-22.png\" width=\"960\" height=\"720\" alt=\"Tratamento de efluentes na industria quimica\" title=\"Equipamentos-TECMA-22\" class=\"img-responsive wp-image-2663\" srcset=\"https:\/\/www.tecma-tecnologia.com.br\/web\/wp-content\/uploads\/2019\/10\/equipamentos-tecma-22-200x150.png 200w, https:\/\/www.tecma-tecnologia.com.br\/web\/wp-content\/uploads\/2019\/10\/equipamentos-tecma-22-400x300.png 400w, https:\/\/www.tecma-tecnologia.com.br\/web\/wp-content\/uploads\/2019\/10\/equipamentos-tecma-22-600x450.png 600w, https:\/\/www.tecma-tecnologia.com.br\/web\/wp-content\/uploads\/2019\/10\/equipamentos-tecma-22-800x600.png 800w, https:\/\/www.tecma-tecnologia.com.br\/web\/wp-content\/uploads\/2019\/10\/equipamentos-tecma-22.png 960w\" sizes=\"(max-width: 800px) 100vw, 960px\" \/><\/span><div class=\"fusion-clearfix\"><\/div>\n\n\t\t\t\t\t<\/div>\n\t\t\t\t<\/div><\/div><\/div><\/p>\n","protected":false},"excerpt":{"rendered":"","protected":false},"author":1,"featured_media":0,"parent":203,"menu_order":0,"comment_status":"closed","ping_status":"closed","template":"","meta":{"_mi_skip_tracking":false,"spay_email":"","footnotes":""},"class_list":["post-832","page","type-page","status-publish","hentry"],"yoast_head":"<!-- This site is optimized with the Yoast SEO plugin v20.2.1 - https:\/\/yoast.com\/wordpress\/plugins\/seo\/ -->\n<title>Ind\u00fastria Qu\u00edmica-Tratamento de Efluentes | TECMA Tecnologia<\/title>\n<meta name=\"description\" content=\"Tratamento de \u00e1guas e efluentes na Ind\u00fastria Qu\u00edmica. Apresentamos uma diversidade de produtos, sistemas de tratamento e servi\u00e7os ambientais.\" \/>\n<meta name=\"robots\" content=\"index, follow, max-snippet:-1, max-image-preview:large, max-video-preview:-1\" \/>\n<link rel=\"canonical\" href=\"https:\/\/www.tecma-tecnologia.com.br\/web\/engenharia\/efluentes-industriais\/industria-quimica\/\" \/>\n<meta property=\"og:locale\" content=\"pt_BR\" \/>\n<meta property=\"og:type\" content=\"article\" \/>\n<meta property=\"og:title\" content=\"Ind\u00fastria Qu\u00edmica-Tratamento de Efluentes | TECMA Tecnologia\" \/>\n<meta property=\"og:description\" content=\"Tratamento de \u00e1guas e efluentes na Ind\u00fastria Qu\u00edmica. Apresentamos uma diversidade de produtos, sistemas de tratamento e servi\u00e7os ambientais.\" \/>\n<meta property=\"og:url\" content=\"https:\/\/www.tecma-tecnologia.com.br\/web\/engenharia\/efluentes-industriais\/industria-quimica\/\" \/>\n<meta property=\"og:site_name\" content=\"TECMA Tecnologia\" \/>\n<meta property=\"article:modified_time\" content=\"2020-02-28T19:12:59+00:00\" \/>\n<meta property=\"og:image\" content=\"https:\/\/www.tecma-tecnologia.com.br\/web\/wp-content\/uploads\/2019\/08\/industria-quimi-300x112.jpg\" \/>\n<meta name=\"twitter:card\" content=\"summary_large_image\" \/>\n<meta name=\"twitter:label1\" content=\"Est. tempo de leitura\" \/>\n\t<meta name=\"twitter:data1\" content=\"6 minutos\" \/>\n<script type=\"application\/ld+json\" class=\"yoast-schema-graph\">{\"@context\":\"https:\/\/schema.org\",\"@graph\":[{\"@type\":\"WebPage\",\"@id\":\"https:\/\/www.tecma-tecnologia.com.br\/web\/engenharia\/efluentes-industriais\/industria-quimica\/\",\"url\":\"https:\/\/www.tecma-tecnologia.com.br\/web\/engenharia\/efluentes-industriais\/industria-quimica\/\",\"name\":\"Ind\u00fastria Qu\u00edmica-Tratamento de Efluentes | TECMA Tecnologia\",\"isPartOf\":{\"@id\":\"https:\/\/www.tecma-tecnologia.com.br\/web\/#website\"},\"datePublished\":\"2018-10-25T22:38:19+00:00\",\"dateModified\":\"2020-02-28T19:12:59+00:00\",\"description\":\"Tratamento de \u00e1guas e efluentes na Ind\u00fastria Qu\u00edmica. Apresentamos uma diversidade de produtos, sistemas de tratamento e servi\u00e7os ambientais.\",\"breadcrumb\":{\"@id\":\"https:\/\/www.tecma-tecnologia.com.br\/web\/engenharia\/efluentes-industriais\/industria-quimica\/#breadcrumb\"},\"inLanguage\":\"pt-BR\",\"potentialAction\":[{\"@type\":\"ReadAction\",\"target\":[\"https:\/\/www.tecma-tecnologia.com.br\/web\/engenharia\/efluentes-industriais\/industria-quimica\/\"]}]},{\"@type\":\"BreadcrumbList\",\"@id\":\"https:\/\/www.tecma-tecnologia.com.br\/web\/engenharia\/efluentes-industriais\/industria-quimica\/#breadcrumb\",\"itemListElement\":[{\"@type\":\"ListItem\",\"position\":1,\"name\":\"Home\",\"item\":\"https:\/\/www.tecma-tecnologia.com.br\/web\/\"},{\"@type\":\"ListItem\",\"position\":2,\"name\":\"Engenharia\",\"item\":\"https:\/\/www.tecma-tecnologia.com.br\/web\/engenharia\/\"},{\"@type\":\"ListItem\",\"position\":3,\"name\":\"Tratamento de Efluentes Industriais\",\"item\":\"https:\/\/www.tecma-tecnologia.com.br\/web\/engenharia\/efluentes-industriais\/\"},{\"@type\":\"ListItem\",\"position\":4,\"name\":\"Ind\u00fastria Qu\u00edmica\"}]},{\"@type\":\"WebSite\",\"@id\":\"https:\/\/www.tecma-tecnologia.com.br\/web\/#website\",\"url\":\"https:\/\/www.tecma-tecnologia.com.br\/web\/\",\"name\":\"TECMA Tecnologia\",\"description\":\"\",\"potentialAction\":[{\"@type\":\"SearchAction\",\"target\":{\"@type\":\"EntryPoint\",\"urlTemplate\":\"https:\/\/www.tecma-tecnologia.com.br\/web\/?s={search_term_string}\"},\"query-input\":\"required name=search_term_string\"}],\"inLanguage\":\"pt-BR\"}]}<\/script>\n<!-- \/ Yoast SEO plugin. -->","yoast_head_json":{"title":"Ind\u00fastria Qu\u00edmica-Tratamento de Efluentes | TECMA Tecnologia","description":"Tratamento de \u00e1guas e efluentes na Ind\u00fastria Qu\u00edmica. Apresentamos uma diversidade de produtos, sistemas de tratamento e servi\u00e7os ambientais.","robots":{"index":"index","follow":"follow","max-snippet":"max-snippet:-1","max-image-preview":"max-image-preview:large","max-video-preview":"max-video-preview:-1"},"canonical":"https:\/\/www.tecma-tecnologia.com.br\/web\/engenharia\/efluentes-industriais\/industria-quimica\/","og_locale":"pt_BR","og_type":"article","og_title":"Ind\u00fastria Qu\u00edmica-Tratamento de Efluentes | TECMA Tecnologia","og_description":"Tratamento de \u00e1guas e efluentes na Ind\u00fastria Qu\u00edmica. Apresentamos uma diversidade de produtos, sistemas de tratamento e servi\u00e7os ambientais.","og_url":"https:\/\/www.tecma-tecnologia.com.br\/web\/engenharia\/efluentes-industriais\/industria-quimica\/","og_site_name":"TECMA Tecnologia","article_modified_time":"2020-02-28T19:12:59+00:00","og_image":[{"url":"https:\/\/www.tecma-tecnologia.com.br\/web\/wp-content\/uploads\/2019\/08\/industria-quimi-300x112.jpg"}],"twitter_card":"summary_large_image","twitter_misc":{"Est. tempo de leitura":"6 minutos"},"schema":{"@context":"https:\/\/schema.org","@graph":[{"@type":"WebPage","@id":"https:\/\/www.tecma-tecnologia.com.br\/web\/engenharia\/efluentes-industriais\/industria-quimica\/","url":"https:\/\/www.tecma-tecnologia.com.br\/web\/engenharia\/efluentes-industriais\/industria-quimica\/","name":"Ind\u00fastria Qu\u00edmica-Tratamento de Efluentes | TECMA Tecnologia","isPartOf":{"@id":"https:\/\/www.tecma-tecnologia.com.br\/web\/#website"},"datePublished":"2018-10-25T22:38:19+00:00","dateModified":"2020-02-28T19:12:59+00:00","description":"Tratamento de \u00e1guas e efluentes na Ind\u00fastria Qu\u00edmica. Apresentamos uma diversidade de produtos, sistemas de tratamento e servi\u00e7os ambientais.","breadcrumb":{"@id":"https:\/\/www.tecma-tecnologia.com.br\/web\/engenharia\/efluentes-industriais\/industria-quimica\/#breadcrumb"},"inLanguage":"pt-BR","potentialAction":[{"@type":"ReadAction","target":["https:\/\/www.tecma-tecnologia.com.br\/web\/engenharia\/efluentes-industriais\/industria-quimica\/"]}]},{"@type":"BreadcrumbList","@id":"https:\/\/www.tecma-tecnologia.com.br\/web\/engenharia\/efluentes-industriais\/industria-quimica\/#breadcrumb","itemListElement":[{"@type":"ListItem","position":1,"name":"Home","item":"https:\/\/www.tecma-tecnologia.com.br\/web\/"},{"@type":"ListItem","position":2,"name":"Engenharia","item":"https:\/\/www.tecma-tecnologia.com.br\/web\/engenharia\/"},{"@type":"ListItem","position":3,"name":"Tratamento de Efluentes Industriais","item":"https:\/\/www.tecma-tecnologia.com.br\/web\/engenharia\/efluentes-industriais\/"},{"@type":"ListItem","position":4,"name":"Ind\u00fastria Qu\u00edmica"}]},{"@type":"WebSite","@id":"https:\/\/www.tecma-tecnologia.com.br\/web\/#website","url":"https:\/\/www.tecma-tecnologia.com.br\/web\/","name":"TECMA Tecnologia","description":"","potentialAction":[{"@type":"SearchAction","target":{"@type":"EntryPoint","urlTemplate":"https:\/\/www.tecma-tecnologia.com.br\/web\/?s={search_term_string}"},"query-input":"required name=search_term_string"}],"inLanguage":"pt-BR"}]}},"_links":{"self":[{"href":"https:\/\/www.tecma-tecnologia.com.br\/web\/wp-json\/wp\/v2\/pages\/832","targetHints":{"allow":["GET"]}}],"collection":[{"href":"https:\/\/www.tecma-tecnologia.com.br\/web\/wp-json\/wp\/v2\/pages"}],"about":[{"href":"https:\/\/www.tecma-tecnologia.com.br\/web\/wp-json\/wp\/v2\/types\/page"}],"author":[{"embeddable":true,"href":"https:\/\/www.tecma-tecnologia.com.br\/web\/wp-json\/wp\/v2\/users\/1"}],"replies":[{"embeddable":true,"href":"https:\/\/www.tecma-tecnologia.com.br\/web\/wp-json\/wp\/v2\/comments?post=832"}],"version-history":[{"count":8,"href":"https:\/\/www.tecma-tecnologia.com.br\/web\/wp-json\/wp\/v2\/pages\/832\/revisions"}],"predecessor-version":[{"id":3997,"href":"https:\/\/www.tecma-tecnologia.com.br\/web\/wp-json\/wp\/v2\/pages\/832\/revisions\/3997"}],"up":[{"embeddable":true,"href":"https:\/\/www.tecma-tecnologia.com.br\/web\/wp-json\/wp\/v2\/pages\/203"}],"wp:attachment":[{"href":"https:\/\/www.tecma-tecnologia.com.br\/web\/wp-json\/wp\/v2\/media?parent=832"}],"curies":[{"name":"wp","href":"https:\/\/api.w.org\/{rel}","templated":true}]}}