{"id":826,"date":"2018-10-25T19:33:37","date_gmt":"2018-10-25T22:33:37","guid":{"rendered":"http:\/\/www.tecma-tecnologia.com.br\/web\/?page_id=826"},"modified":"2019-12-26T11:34:35","modified_gmt":"2019-12-26T14:34:35","slug":"chorume","status":"publish","type":"page","link":"https:\/\/www.tecma-tecnologia.com.br\/web\/engenharia\/efluentes-industriais\/chorume\/","title":{"rendered":"Aterro Sanit\u00e1rio"},"content":{"rendered":"<p><div class=\"fusion-fullwidth fullwidth-box nonhundred-percent-fullwidth non-hundred-percent-height-scrolling\"  style='background-color: rgba(255,255,255,0);background-position: center center;background-repeat: no-repeat;padding-top:0px;padding-right:0px;padding-bottom:0px;padding-left:0px;'><div class=\"fusion-builder-row fusion-row \"><div  class=\"fusion-layout-column fusion_builder_column fusion_builder_column_2_3  fusion-two-third fusion-column-first 2_3\"  style='margin-top:0px;margin-bottom:0px;width:66.66%;width:calc(66.66% - ( ( 4% ) * 0.6666 ) );margin-right: 4%;'>\n\t\t\t\t\t<div class=\"fusion-column-wrapper\" style=\"padding: 0px 0px 0px 0px;background-position:left top;background-repeat:no-repeat;-webkit-background-size:cover;-moz-background-size:cover;-o-background-size:cover;background-size:cover;\"  data-bg-url=\"\">\n\t\t\t\t\t\t<div class=\"fusion-title title fusion-sep-none fusion-title-size-one\" style=\"margin-top:0px;margin-bottom:31px;\"><h1 class=\"title-heading-left\">Sistemas de Tratamento<\/h1><\/div><div class=\"fusion-clearfix\"><\/div>\n\n\t\t\t\t\t<\/div>\n\t\t\t\t<\/div><div  class=\"fusion-layout-column fusion_builder_column fusion_builder_column_1_3  fusion-one-third fusion-column-last 1_3\"  style='margin-top:0px;margin-bottom:0px;width:33.33%;width:calc(33.33% - ( ( 4% ) * 0.3333 ) );'>\n\t\t\t\t\t<div class=\"fusion-column-wrapper\" style=\"padding: 15px 0px 0px 0px;background-position:left top;background-repeat:no-repeat;-webkit-background-size:cover;-moz-background-size:cover;-o-background-size:cover;background-size:cover;\"  data-bg-url=\"\">\n\t\t\t\t\t\t<div class=\"fusion-title title fusion-sep-none fusion-title-size-four\" style=\"margin-top:0px;margin-bottom:31px;\"><h4 class=\"title-heading-left\"><p style=\"text-align: left;\"><strong>ATERRO SANIT\u00c1RIO<\/strong><\/p><\/h4><\/div><div class=\"fusion-clearfix\"><\/div>\n\n\t\t\t\t\t<\/div>\n\t\t\t\t<\/div><\/div><\/div><div class=\"fusion-fullwidth fullwidth-box nonhundred-percent-fullwidth non-hundred-percent-height-scrolling\"  style='background-color: rgba(255,255,255,0);background-position: center center;background-repeat: no-repeat;padding-top:0px;padding-right:0px;padding-bottom:0px;padding-left:0px;'><div class=\"fusion-builder-row fusion-row \"><div  class=\"fusion-layout-column fusion_builder_column fusion_builder_column_1_1  fusion-one-full fusion-column-first fusion-column-last 1_1\"  style='margin-top:0px;margin-bottom:20px;'>\n\t\t\t\t\t<div class=\"fusion-column-wrapper\" style=\"padding: 0px 0px 0px 0px;background-position:left top;background-repeat:no-repeat;-webkit-background-size:cover;-moz-background-size:cover;-o-background-size:cover;background-size:cover;\"  data-bg-url=\"\">\n\t\t\t\t\t\t<div class=\"fusion-text\"><p><img fetchpriority=\"high\" decoding=\"async\" class=\"alignnone wp-image-1949\" src=\"https:\/\/www.tecma-tecnologia.com.br\/web\/wp-content\/uploads\/2019\/08\/aterro-300x112.jpg\" alt=\"\" width=\"897\" height=\"335\" srcset=\"https:\/\/www.tecma-tecnologia.com.br\/web\/wp-content\/uploads\/2019\/08\/aterro-200x74.jpg 200w, https:\/\/www.tecma-tecnologia.com.br\/web\/wp-content\/uploads\/2019\/08\/aterro-300x112.jpg 300w, https:\/\/www.tecma-tecnologia.com.br\/web\/wp-content\/uploads\/2019\/08\/aterro-400x149.jpg 400w, https:\/\/www.tecma-tecnologia.com.br\/web\/wp-content\/uploads\/2019\/08\/aterro-600x223.jpg 600w, https:\/\/www.tecma-tecnologia.com.br\/web\/wp-content\/uploads\/2019\/08\/aterro-700x261.jpg 700w, https:\/\/www.tecma-tecnologia.com.br\/web\/wp-content\/uploads\/2019\/08\/aterro-768x286.jpg 768w, https:\/\/www.tecma-tecnologia.com.br\/web\/wp-content\/uploads\/2019\/08\/aterro-800x298.jpg 800w, https:\/\/www.tecma-tecnologia.com.br\/web\/wp-content\/uploads\/2019\/08\/aterro-1024x381.jpg 1024w, https:\/\/www.tecma-tecnologia.com.br\/web\/wp-content\/uploads\/2019\/08\/aterro.jpg 1166w\" sizes=\"(max-width: 897px) 100vw, 897px\" \/><\/p>\n<h4><\/h4>\n<h4>A forma\u00e7\u00e3o do percolado do aterro \u00e9 o resultado de processos f\u00edsico-qu\u00edmicos e biol\u00f3gicos da decomposi\u00e7\u00e3o dos res\u00edduos s\u00f3lidos. A \u00e1gua da chuva, a \u00e1gua liberada durante o processo biol\u00f3gico de decomposi\u00e7\u00e3o dos res\u00edduos e os \u00e1cidos org\u00e2nicos formados nos processos fermentativos promovem a lixivia\u00e7\u00e3o das subst\u00e2ncias qu\u00edmicas que comp\u00f5em os res\u00edduos s\u00f3lidos depositados no aterro,formando o percolado. A percola\u00e7\u00e3o da s\u00e1guas das chuvas atrav\u00e9s do leito de res\u00edduos \u00e9 o contribuinte de maior import\u00e2ncia para a gera\u00e7\u00e3o dos efluentes.<\/h4>\n<p>O percolado \u00e9 ent\u00e3o o produto da lixivia\u00e7\u00e3o dos res\u00edduos nas condi\u00e7\u00f5es de disposi\u00e7\u00e3o<\/p>\n<p>A forma\u00e7\u00e3o do percolado \u00e9 cont\u00ednua no aterro sendo que alguns fatores influenciam na sua qualidade. Fatores f\u00edsicos associados ao balan\u00e7o\u00a0 h\u00eddrico al\u00e9m\u00a0 de\u00a0 fatores\u00a0 qu\u00edmicos\u00a0 aceleram\u00a0 ou retardam\u00a0 o processo de degrada\u00e7\u00e3o dos res\u00edduos s\u00f3lidos e a forma\u00e7\u00e3o do percolado.<\/p>\n<p>A TECMA \u00e9 a pioneira no estudo e no tratamento de chorume no Brasil, implantando em 1999 a primeira esta\u00e7\u00e3o da tratamento de chorume com membranas de nanofiltra\u00e7\u00e3o.<\/p>\n<p>Nossa solu\u00e7\u00e3o atual conta com o tratamento do concentrado da membrana sem o retorno para o aterro.<\/p>\n<p>O Sistema de Tratamento de Chorume pode ser financiado atrav\u00e9s do BNDES FINAME<\/p>\n\n<div class=\"table-1\">\n<table width=\"100%\">\n<thead>\n<tr>\n<th align=\"left\">C\u00f3digo<\/th>\n<th align=\"left\">Posi\u00e7\u00e3o Cadastral<\/th>\n<th align=\"left\">Nome\/Modelo<\/th>\n<th align=\"left\">Habilitado<\/th>\n<\/tr>\n<\/thead>\n<tbody>\n<tr>\n<td align=\"left\">3118630<\/td>\n<td align=\"left\">FCC<\/td>\n<td align=\"left\">Sistema de Tratamento de Chorume<\/td>\n<td align=\"left\">\u00a0&#8211; Finame e Programas Agr\u00edcolas<\/td>\n<\/tr>\n<\/tbody>\n<\/table>\n<\/div>\n<p><div class=\"fusion-button-wrapper\"><style type=\"text\/css\" scoped=\"scoped\">.fusion-button.button-1 .fusion-button-text, .fusion-button.button-1 i {color:#ffffff;}.fusion-button.button-1 {border-width:0px;border-color:#ffffff;}.fusion-button.button-1 .fusion-button-icon-divider{border-color:#ffffff;}.fusion-button.button-1:hover .fusion-button-text, .fusion-button.button-1:hover i,.fusion-button.button-1:focus .fusion-button-text, .fusion-button.button-1:focus i,.fusion-button.button-1:active .fusion-button-text, .fusion-button.button-1:active{color:#25b6c3;}.fusion-button.button-1:hover, .fusion-button.button-1:focus, .fusion-button.button-1:active{border-width:0px;border-color:#25b6c3;}.fusion-button.button-1:hover .fusion-button-icon-divider, .fusion-button.button-1:hover .fusion-button-icon-divider, .fusion-button.button-1:active .fusion-button-icon-divider{border-color:#25b6c3;}.fusion-button.button-1{width:auto;}<\/style><a class=\"fusion-button button-flat fusion-button-round button-large button-default button-1\" target=\"_self\" href=\"https:\/\/www.bndes.gov.br\/wps\/portal\/site\/home\/financiamento\/finame\/como-obter-inanciamento-finame\/como-obter-financiamento-finame\/!ut\/p\/z1\/xVRNc5swEP0tOfiItTaIj96IjUNtnLhO4g8uHgEyqDUSEYpJ_32F48yknsRpJ9MpF83uvH3v7UoLitEKxZzsWU4UE5zsdLyO7U3kTYLQuoHo5uvQA3-4-DYbzULfGTloeQDAO58PKH5df2VfX-p6zwsng34PhjZaoBjFKVeVKtA64RmtN4zXiqnH9OCgA4UoaQe2jBOeMlJSrkT9HLf5VJTCEImi0vgNYvwhoJWvUpahNbYJscDGhpNlrmGllmt4ONMh2FlKcN_Gbnps98w84vPTWLZ6GjJ2o0HoWRDBaI7Bn93NzcAam3DbPwJeSZgB-OEgwlYw6V155hFwRmStTTrvmlzYaLlntEH3XMhS3_HtX84g_FDB-aTCWfpr6P1bevOT9OPTCzx9I3qp-nI6mOaalqjCYHwr0Oqjh6qr2PeHh9jX-yK4ok8Krf7Hwuj28p1Inn8OPk9MV_ch6ZZKKruPUqcLpar6Swc60DRN9-Cxm4t9N5E6U2kvlZCqdVozRd_0-2L3LYlC1LrzU2ZUlfela_40fszd5m5b5OVmGpi4PRRO8G4f-RcXvwBaobNS\/dz\/d5\/L2dBISEvZ0FBIS9nQSEh\/\"><span class=\"fusion-button-text\">Saiba como obter um financiamento FINAME<\/span><\/a><\/div><\/p>\n<p>A TECMA vem se especializando cada vez mais na engenharia de processos e nas diferentes t\u00e9cnicas de tratamento para os diversos tipos de percolados. Oferecemos as melhores solu\u00e7\u00f5es e garantimos o resultado de nossa Esta\u00e7\u00e3o de Tratamento.<\/p>\n<p>Confira abaixo um curto v\u00eddeo do sistema de nanofiltra\u00e7\u00e3o implantado em uma Esta\u00e7\u00e3o de Tratamento de Chorume em SC.<\/p>\n<div class=\"wonderplugin-video\" style=\"width:600px;height:400px;position:relative;display:block;background-color:#000;overflow:hidden;max-width:100%;margin:0 auto;\" data-aspectratio=\"1.5\"><div class=\"wpve-videoplayer\" style=\"display:block;position:relative;width:100%;height:100%;\" data-mp4=\"https:\/\/www.tecma-tecnologia.com.br\/web\/wp-content\/uploads\/2018\/12\/nanofiltracao.mp4\" data-skinfolder=\"https:\/\/www.tecma-tecnologia.com.br\/web\/wp-content\/plugins\/wonderplugin-video-embed\/engine\/\" data-playbutton=\"https:\/\/www.tecma-tecnologia.com.br\/web\/wp-content\/plugins\/wonderplugin-video-embed\/engine\/playvideo-64-64-0.png\"><\/div><\/div>\n<h4><strong><em>Confira nossa galeria de <a href=\"https:\/\/www.tecma-tecnologia.com.br\/web\/pt\/projetos\/\"><u>cases<\/u> e <u>projetos<\/u><\/a>\u00a0 e nossa <u>linha de produtos<\/u>.<\/em><\/strong><\/h4>\n<p>Sigam a Tecma em todas as nossas plataformas<\/p>\n<p><a href=\"https:\/\/www.instagram.com\/tecmatecnologia\/\">INSTAGRAM TECMA<\/a><\/p>\n<p><a href=\"https:\/\/web.facebook.com\/tecmatecnologia\/?_rdc=1&amp;_rdr\">FACEBOOK TECMA<\/a><\/p>\n<p><a href=\"https:\/\/www.linkedin.com\/company\/934510\/\">LINKEDIN TECMA<\/a><\/p>\n<\/div><div class=\"fusion-clearfix\"><\/div>\n\n\t\t\t\t\t<\/div>\n\t\t\t\t<\/div><\/div><\/div><\/p>\n","protected":false},"excerpt":{"rendered":"","protected":false},"author":1,"featured_media":0,"parent":203,"menu_order":0,"comment_status":"closed","ping_status":"closed","template":"","meta":{"_mi_skip_tracking":false,"spay_email":"","footnotes":""},"class_list":["post-826","page","type-page","status-publish","hentry"],"yoast_head":"<!-- This site is optimized with the Yoast SEO plugin v20.2.1 - https:\/\/yoast.com\/wordpress\/plugins\/seo\/ -->\n<title>Chorume - TECMA Tecnologia<\/title>\n<meta name=\"description\" content=\"A TECMA \u00e9 a pioneira no estudo e no tratamento de chorume no Brasil, implantando em 1999 a 1\u00aa ETC com membranas de nanofiltra\u00e7\u00e3o.\" \/>\n<meta name=\"robots\" content=\"index, follow, max-snippet:-1, max-image-preview:large, max-video-preview:-1\" \/>\n<link rel=\"canonical\" href=\"https:\/\/www.tecma-tecnologia.com.br\/web\/engenharia\/efluentes-industriais\/chorume\/\" \/>\n<meta property=\"og:locale\" content=\"pt_BR\" \/>\n<meta property=\"og:type\" content=\"article\" \/>\n<meta property=\"og:title\" content=\"Chorume - TECMA Tecnologia\" \/>\n<meta property=\"og:description\" content=\"A TECMA \u00e9 a pioneira no estudo e no tratamento de chorume no Brasil, implantando em 1999 a 1\u00aa ETC com membranas de nanofiltra\u00e7\u00e3o.\" \/>\n<meta property=\"og:url\" content=\"https:\/\/www.tecma-tecnologia.com.br\/web\/engenharia\/efluentes-industriais\/chorume\/\" \/>\n<meta property=\"og:site_name\" content=\"TECMA Tecnologia\" \/>\n<meta property=\"article:modified_time\" content=\"2019-12-26T14:34:35+00:00\" \/>\n<meta property=\"og:image\" content=\"https:\/\/www.tecma-tecnologia.com.br\/web\/wp-content\/uploads\/2019\/08\/aterro-300x112.jpg\" \/>\n<meta name=\"twitter:card\" content=\"summary_large_image\" \/>\n<meta name=\"twitter:label1\" content=\"Est. tempo de leitura\" \/>\n\t<meta name=\"twitter:data1\" content=\"5 minutos\" \/>\n<script type=\"application\/ld+json\" class=\"yoast-schema-graph\">{\"@context\":\"https:\/\/schema.org\",\"@graph\":[{\"@type\":\"WebPage\",\"@id\":\"https:\/\/www.tecma-tecnologia.com.br\/web\/engenharia\/efluentes-industriais\/chorume\/\",\"url\":\"https:\/\/www.tecma-tecnologia.com.br\/web\/engenharia\/efluentes-industriais\/chorume\/\",\"name\":\"Chorume - TECMA Tecnologia\",\"isPartOf\":{\"@id\":\"https:\/\/www.tecma-tecnologia.com.br\/web\/#website\"},\"datePublished\":\"2018-10-25T22:33:37+00:00\",\"dateModified\":\"2019-12-26T14:34:35+00:00\",\"description\":\"A TECMA \u00e9 a pioneira no estudo e no tratamento de chorume no Brasil, implantando em 1999 a 1\u00aa ETC com membranas de nanofiltra\u00e7\u00e3o.\",\"breadcrumb\":{\"@id\":\"https:\/\/www.tecma-tecnologia.com.br\/web\/engenharia\/efluentes-industriais\/chorume\/#breadcrumb\"},\"inLanguage\":\"pt-BR\",\"potentialAction\":[{\"@type\":\"ReadAction\",\"target\":[\"https:\/\/www.tecma-tecnologia.com.br\/web\/engenharia\/efluentes-industriais\/chorume\/\"]}]},{\"@type\":\"BreadcrumbList\",\"@id\":\"https:\/\/www.tecma-tecnologia.com.br\/web\/engenharia\/efluentes-industriais\/chorume\/#breadcrumb\",\"itemListElement\":[{\"@type\":\"ListItem\",\"position\":1,\"name\":\"Home\",\"item\":\"https:\/\/www.tecma-tecnologia.com.br\/web\/\"},{\"@type\":\"ListItem\",\"position\":2,\"name\":\"Engenharia\",\"item\":\"https:\/\/www.tecma-tecnologia.com.br\/web\/engenharia\/\"},{\"@type\":\"ListItem\",\"position\":3,\"name\":\"Tratamento de Efluentes Industriais\",\"item\":\"https:\/\/www.tecma-tecnologia.com.br\/web\/engenharia\/efluentes-industriais\/\"},{\"@type\":\"ListItem\",\"position\":4,\"name\":\"Aterro Sanit\u00e1rio\"}]},{\"@type\":\"WebSite\",\"@id\":\"https:\/\/www.tecma-tecnologia.com.br\/web\/#website\",\"url\":\"https:\/\/www.tecma-tecnologia.com.br\/web\/\",\"name\":\"TECMA Tecnologia\",\"description\":\"\",\"potentialAction\":[{\"@type\":\"SearchAction\",\"target\":{\"@type\":\"EntryPoint\",\"urlTemplate\":\"https:\/\/www.tecma-tecnologia.com.br\/web\/?s={search_term_string}\"},\"query-input\":\"required name=search_term_string\"}],\"inLanguage\":\"pt-BR\"}]}<\/script>\n<!-- \/ Yoast SEO plugin. -->","yoast_head_json":{"title":"Chorume - TECMA Tecnologia","description":"A TECMA \u00e9 a pioneira no estudo e no tratamento de chorume no Brasil, implantando em 1999 a 1\u00aa ETC com membranas de nanofiltra\u00e7\u00e3o.","robots":{"index":"index","follow":"follow","max-snippet":"max-snippet:-1","max-image-preview":"max-image-preview:large","max-video-preview":"max-video-preview:-1"},"canonical":"https:\/\/www.tecma-tecnologia.com.br\/web\/engenharia\/efluentes-industriais\/chorume\/","og_locale":"pt_BR","og_type":"article","og_title":"Chorume - TECMA Tecnologia","og_description":"A TECMA \u00e9 a pioneira no estudo e no tratamento de chorume no Brasil, implantando em 1999 a 1\u00aa ETC com membranas de nanofiltra\u00e7\u00e3o.","og_url":"https:\/\/www.tecma-tecnologia.com.br\/web\/engenharia\/efluentes-industriais\/chorume\/","og_site_name":"TECMA Tecnologia","article_modified_time":"2019-12-26T14:34:35+00:00","og_image":[{"url":"https:\/\/www.tecma-tecnologia.com.br\/web\/wp-content\/uploads\/2019\/08\/aterro-300x112.jpg"}],"twitter_card":"summary_large_image","twitter_misc":{"Est. tempo de leitura":"5 minutos"},"schema":{"@context":"https:\/\/schema.org","@graph":[{"@type":"WebPage","@id":"https:\/\/www.tecma-tecnologia.com.br\/web\/engenharia\/efluentes-industriais\/chorume\/","url":"https:\/\/www.tecma-tecnologia.com.br\/web\/engenharia\/efluentes-industriais\/chorume\/","name":"Chorume - TECMA Tecnologia","isPartOf":{"@id":"https:\/\/www.tecma-tecnologia.com.br\/web\/#website"},"datePublished":"2018-10-25T22:33:37+00:00","dateModified":"2019-12-26T14:34:35+00:00","description":"A TECMA \u00e9 a pioneira no estudo e no tratamento de chorume no Brasil, implantando em 1999 a 1\u00aa ETC com membranas de nanofiltra\u00e7\u00e3o.","breadcrumb":{"@id":"https:\/\/www.tecma-tecnologia.com.br\/web\/engenharia\/efluentes-industriais\/chorume\/#breadcrumb"},"inLanguage":"pt-BR","potentialAction":[{"@type":"ReadAction","target":["https:\/\/www.tecma-tecnologia.com.br\/web\/engenharia\/efluentes-industriais\/chorume\/"]}]},{"@type":"BreadcrumbList","@id":"https:\/\/www.tecma-tecnologia.com.br\/web\/engenharia\/efluentes-industriais\/chorume\/#breadcrumb","itemListElement":[{"@type":"ListItem","position":1,"name":"Home","item":"https:\/\/www.tecma-tecnologia.com.br\/web\/"},{"@type":"ListItem","position":2,"name":"Engenharia","item":"https:\/\/www.tecma-tecnologia.com.br\/web\/engenharia\/"},{"@type":"ListItem","position":3,"name":"Tratamento de Efluentes Industriais","item":"https:\/\/www.tecma-tecnologia.com.br\/web\/engenharia\/efluentes-industriais\/"},{"@type":"ListItem","position":4,"name":"Aterro Sanit\u00e1rio"}]},{"@type":"WebSite","@id":"https:\/\/www.tecma-tecnologia.com.br\/web\/#website","url":"https:\/\/www.tecma-tecnologia.com.br\/web\/","name":"TECMA Tecnologia","description":"","potentialAction":[{"@type":"SearchAction","target":{"@type":"EntryPoint","urlTemplate":"https:\/\/www.tecma-tecnologia.com.br\/web\/?s={search_term_string}"},"query-input":"required name=search_term_string"}],"inLanguage":"pt-BR"}]}},"_links":{"self":[{"href":"https:\/\/www.tecma-tecnologia.com.br\/web\/wp-json\/wp\/v2\/pages\/826","targetHints":{"allow":["GET"]}}],"collection":[{"href":"https:\/\/www.tecma-tecnologia.com.br\/web\/wp-json\/wp\/v2\/pages"}],"about":[{"href":"https:\/\/www.tecma-tecnologia.com.br\/web\/wp-json\/wp\/v2\/types\/page"}],"author":[{"embeddable":true,"href":"https:\/\/www.tecma-tecnologia.com.br\/web\/wp-json\/wp\/v2\/users\/1"}],"replies":[{"embeddable":true,"href":"https:\/\/www.tecma-tecnologia.com.br\/web\/wp-json\/wp\/v2\/comments?post=826"}],"version-history":[{"count":1,"href":"https:\/\/www.tecma-tecnologia.com.br\/web\/wp-json\/wp\/v2\/pages\/826\/revisions"}],"predecessor-version":[{"id":3305,"href":"https:\/\/www.tecma-tecnologia.com.br\/web\/wp-json\/wp\/v2\/pages\/826\/revisions\/3305"}],"up":[{"embeddable":true,"href":"https:\/\/www.tecma-tecnologia.com.br\/web\/wp-json\/wp\/v2\/pages\/203"}],"wp:attachment":[{"href":"https:\/\/www.tecma-tecnologia.com.br\/web\/wp-json\/wp\/v2\/media?parent=826"}],"curies":[{"name":"wp","href":"https:\/\/api.w.org\/{rel}","templated":true}]}}