{"id":818,"date":"2018-10-25T19:18:59","date_gmt":"2018-10-25T22:18:59","guid":{"rendered":"http:\/\/www.tecma-tecnologia.com.br\/web\/?page_id=818"},"modified":"2020-01-03T16:27:57","modified_gmt":"2020-01-03T19:27:57","slug":"industria-farmaceutica","status":"publish","type":"page","link":"https:\/\/www.tecma-tecnologia.com.br\/web\/engenharia\/efluentes-industriais\/industria-farmaceutica\/","title":{"rendered":"Ind\u00fastria Farmac\u00eautica"},"content":{"rendered":"<p><div class=\"fusion-fullwidth fullwidth-box nonhundred-percent-fullwidth non-hundred-percent-height-scrolling\"  style='background-color: rgba(255,255,255,0);background-position: center center;background-repeat: no-repeat;padding-top:0px;padding-right:0px;padding-bottom:0px;padding-left:0px;'><div class=\"fusion-builder-row fusion-row \"><div  class=\"fusion-layout-column fusion_builder_column fusion_builder_column_1_1  fusion-one-full fusion-column-first fusion-column-last 1_1\"  style='margin-top:0px;margin-bottom:0px;'>\n\t\t\t\t\t<div class=\"fusion-column-wrapper\" style=\"padding: 15px 0px 0px 0px;background-position:left top;background-repeat:no-repeat;-webkit-background-size:cover;-moz-background-size:cover;-o-background-size:cover;background-size:cover;\"  data-bg-url=\"\">\n\t\t\t\t\t\t<div class=\"fusion-title title fusion-sep-none fusion-title-size-four\" style=\"margin-top:0px;margin-bottom:31px;\"><h4 class=\"title-heading-left\"><h2 style=\"text-align: left;\"><strong>IND\u00daSTRIA FARMAC\u00caUTICA<\/strong><\/h2><\/h4><\/div><div class=\"fusion-clearfix\"><\/div>\n\n\t\t\t\t\t<\/div>\n\t\t\t\t<\/div><div  class=\"fusion-layout-column fusion_builder_column fusion_builder_column_1_1  fusion-one-full fusion-column-first fusion-column-last 1_1\"  style='margin-top:0px;margin-bottom:20px;'>\n\t\t\t\t\t<div class=\"fusion-column-wrapper\" style=\"padding: 0px 0px 0px 0px;background-position:left top;background-repeat:no-repeat;-webkit-background-size:cover;-moz-background-size:cover;-o-background-size:cover;background-size:cover;\"  data-bg-url=\"\">\n\t\t\t\t\t\t<div class=\"fusion-clearfix\"><\/div>\n\n\t\t\t\t\t<\/div>\n\t\t\t\t<\/div><\/div><\/div><div class=\"fusion-fullwidth fullwidth-box nonhundred-percent-fullwidth non-hundred-percent-height-scrolling\"  style='background-color: rgba(255,255,255,0);background-position: center center;background-repeat: no-repeat;padding-top:0px;padding-right:0px;padding-bottom:0px;padding-left:0px;'><div class=\"fusion-builder-row fusion-row \"><div  class=\"fusion-layout-column fusion_builder_column fusion_builder_column_1_1  fusion-one-full fusion-column-first fusion-column-last 1_1\"  style='margin-top:0px;margin-bottom:20px;'>\n\t\t\t\t\t<div class=\"fusion-column-wrapper\" style=\"padding: 0px 0px 0px 0px;background-position:left top;background-repeat:no-repeat;-webkit-background-size:cover;-moz-background-size:cover;-o-background-size:cover;background-size:cover;\"  data-bg-url=\"\">\n\t\t\t\t\t\t<div class=\"fusion-text\"><h4><\/h4>\n<h4><img loading=\"lazy\" decoding=\"async\" class=\"alignnone wp-image-1896\" src=\"https:\/\/www.tecma-tecnologia.com.br\/web\/wp-content\/uploads\/2019\/08\/industria-farma-1-300x112.jpg\" alt=\"\" width=\"868\" height=\"324\" srcset=\"https:\/\/www.tecma-tecnologia.com.br\/web\/wp-content\/uploads\/2019\/08\/industria-farma-1-200x74.jpg 200w, https:\/\/www.tecma-tecnologia.com.br\/web\/wp-content\/uploads\/2019\/08\/industria-farma-1-300x112.jpg 300w, https:\/\/www.tecma-tecnologia.com.br\/web\/wp-content\/uploads\/2019\/08\/industria-farma-1-400x149.jpg 400w, https:\/\/www.tecma-tecnologia.com.br\/web\/wp-content\/uploads\/2019\/08\/industria-farma-1-600x223.jpg 600w, https:\/\/www.tecma-tecnologia.com.br\/web\/wp-content\/uploads\/2019\/08\/industria-farma-1-700x261.jpg 700w, https:\/\/www.tecma-tecnologia.com.br\/web\/wp-content\/uploads\/2019\/08\/industria-farma-1-768x286.jpg 768w, https:\/\/www.tecma-tecnologia.com.br\/web\/wp-content\/uploads\/2019\/08\/industria-farma-1-800x298.jpg 800w, https:\/\/www.tecma-tecnologia.com.br\/web\/wp-content\/uploads\/2019\/08\/industria-farma-1-1024x381.jpg 1024w, https:\/\/www.tecma-tecnologia.com.br\/web\/wp-content\/uploads\/2019\/08\/industria-farma-1.jpg 1166w\" sizes=\"(max-width: 868px) 100vw, 868px\" \/><\/h4>\n<\/div><div class=\"fusion-builder-row fusion-builder-row-inner fusion-row \"><div  class=\"fusion-layout-column fusion_builder_column fusion_builder_column_1_2  fusion-one-half fusion-column-first 1_2\"  style='margin-top: 0px;margin-bottom: 20px;width:50%;width:calc(50% - ( ( 4% ) * 0.5 ) );margin-right:4%;'>\n\t\t\t\t\t<div class=\"fusion-column-wrapper\" style=\"padding: 0px 0px 0px 0px;background-position:left top;background-repeat:no-repeat;-webkit-background-size:cover;-moz-background-size:cover;-o-background-size:cover;background-size:cover;\"  data-bg-url=\"\">\n\t\t\t\t\t\t<div class=\"fusion-text\"><h3><strong>Solu\u00e7\u00f5es para \u00e1gua e efluentes na ind\u00fastria farmac\u00eautica<\/strong><\/h3>\n<p>A TECMA disponibiliza de uma s\u00e9rie de solu\u00e7\u00f5es tecnol\u00f3gicas a ind\u00fastria farmac\u00eautica.<\/p>\n<ul>\n<li>Produ\u00e7\u00e3o de \u00e1gua desmineralizada,<\/li>\n<li>\u00c1gua ultrapura<\/li>\n<li>\u00c1gua industrial para torres de resfriamento,<\/li>\n<li>\u00c1gua para caldeira<\/li>\n<li>Al\u00e9m de nossos equipamentos e customiza\u00e7\u00e3o de projetos para tratamento de efluentes industriais.<\/li>\n<\/ul>\n<p>A TECMA tem ampla experi\u00eancia no tratamento de efluentes nas ind\u00fastrias farmac\u00eauticas.<\/p>\n<p>Os efluentes s\u00e3o gerados nem ind\u00fastria de s\u00edntese ou de misturas. A ind\u00fastria de misturas produz efluentes muito semelhantes aos seus produtos dilu\u00eddos, pois preponderantemente s\u00e3o originados nas lavagens de pisos das \u00e1reas de produ\u00e7\u00e3o, equipamentos e tanques de processo. Os processos de tratamento objetivam normalmente a corre\u00e7\u00e3o de pH, a remo\u00e7\u00e3o da carga org\u00e2nica, e eventualmente a redu\u00e7\u00e3o de cor. Alguns efluentes contendo antibi\u00f3ticos tamb\u00e9m necessitam serem desativados antes do processo biol\u00f3gico de tratamento, pois afetam a efici\u00eancia do reator.<\/p>\n<\/div><span class=\"fusion-imageframe imageframe-none imageframe-1 hover-type-none\"><img fetchpriority=\"high\" fetchpriority=\"high\" decoding=\"async\" src=\"https:\/\/www.tecma-tecnologia.com.br\/web\/wp-content\/uploads\/2019\/08\/20140822-090618.jpg\" width=\"2560\" height=\"1920\" alt=\"\" title=\"20140822_090618\" class=\"img-responsive wp-image-1950\" srcset=\"https:\/\/www.tecma-tecnologia.com.br\/web\/wp-content\/uploads\/2019\/08\/20140822-090618-200x150.jpg 200w, https:\/\/www.tecma-tecnologia.com.br\/web\/wp-content\/uploads\/2019\/08\/20140822-090618-400x300.jpg 400w, https:\/\/www.tecma-tecnologia.com.br\/web\/wp-content\/uploads\/2019\/08\/20140822-090618-600x450.jpg 600w, https:\/\/www.tecma-tecnologia.com.br\/web\/wp-content\/uploads\/2019\/08\/20140822-090618-800x600.jpg 800w, https:\/\/www.tecma-tecnologia.com.br\/web\/wp-content\/uploads\/2019\/08\/20140822-090618-1200x900.jpg 1200w, https:\/\/www.tecma-tecnologia.com.br\/web\/wp-content\/uploads\/2019\/08\/20140822-090618.jpg 2560w\" sizes=\"(max-width: 800px) 100vw, 1200px\" \/><\/span><div class=\"fusion-sep-clear\"><\/div><div class=\"fusion-separator fusion-full-width-sep sep-double\" style=\"border-color:#e0dede;border-top-width:1px;border-bottom-width:1px;margin-left: auto;margin-right: auto;margin-top:;\"><\/div><div class=\"fusion-text\"><h3><strong>Servi\u00e7os de Engenharia, consultoria e auditoria<\/strong><\/h3>\n<p>A TECMA possui vasta experi\u00eancia para assessorar e orientar novas adapta\u00e7\u00f5es e novas instala\u00e7\u00f5es nas plantas de tratamento, assim como realizar estudos para redu\u00e7\u00e3o de descarte de \u00e1gua e seu re\u00faso.<\/p>\n<p>\u21d2 Acesse nossa p\u00e1gina de <a href=\"https:\/\/www.tecma-tecnologia.com.br\/web\/engenharia-ambiental\/\">servi\u00e7os de engenharia ambiental<\/a> e nossa <a href=\"https:\/\/www.tecma-tecnologia.com.br\/web\/solucoes-ambientais\/linha-de-produtos-tecma\/\">linha de produtos TECMA\u00ae<\/a><\/p>\n<\/div><span class=\"fusion-imageframe imageframe-none imageframe-2 hover-type-none\"><img decoding=\"async\" src=\"https:\/\/www.tecma-tecnologia.com.br\/web\/wp-content\/uploads\/2018\/09\/solucoes-05.jpg\" width=\"311\" height=\"181\" alt=\"\" title=\"solucoes-05\" class=\"img-responsive wp-image-639\" srcset=\"https:\/\/www.tecma-tecnologia.com.br\/web\/wp-content\/uploads\/2018\/09\/solucoes-05-200x116.jpg 200w, https:\/\/www.tecma-tecnologia.com.br\/web\/wp-content\/uploads\/2018\/09\/solucoes-05.jpg 311w\" sizes=\"(max-width: 800px) 100vw, 311px\" \/><\/span>\n\n\t\t\t\t\t<\/div>\n\t\t\t\t<\/div><div  class=\"fusion-layout-column fusion_builder_column fusion_builder_column_1_2  fusion-one-half fusion-column-last 1_2\"  style='margin-top: 0px;margin-bottom: 20px;width:50%;width:calc(50% - ( ( 4% ) * 0.5 ) );'>\n\t\t\t\t\t<div class=\"fusion-column-wrapper\" style=\"padding: 0px 0px 0px 0px;background-position:left top;background-repeat:no-repeat;-webkit-background-size:cover;-moz-background-size:cover;-o-background-size:cover;background-size:cover;\"  data-bg-url=\"\">\n\t\t\t\t\t\t<div class=\"fusion-text\"><h3><strong>\u00c1gua para o Re\u00faso em Torres de Resfriamento<\/strong><\/h3>\n<p>Oferecemos solu\u00e7\u00f5es para o tratamento e re\u00faso em torres de resfriamento e caldeiras:<\/p>\n<ul>\n<li>Filtragem<\/li>\n<li>Osmose Reversa<\/li>\n<li>Desmineraliza\u00e7\u00e3o<\/li>\n<li>Descalcifica\u00e7\u00e3o<\/li>\n<\/ul>\n<\/div><span class=\"fusion-imageframe imageframe-none imageframe-3 hover-type-none\"><img decoding=\"async\" src=\"https:\/\/www.tecma-tecnologia.com.br\/web\/wp-content\/uploads\/2019\/08\/torres-de-resfriamento.jpg\" width=\"1914\" height=\"1076\" alt=\"\" title=\"torres de resfriamento\" class=\"img-responsive wp-image-1952\" srcset=\"https:\/\/www.tecma-tecnologia.com.br\/web\/wp-content\/uploads\/2019\/08\/torres-de-resfriamento-200x112.jpg 200w, https:\/\/www.tecma-tecnologia.com.br\/web\/wp-content\/uploads\/2019\/08\/torres-de-resfriamento-400x225.jpg 400w, https:\/\/www.tecma-tecnologia.com.br\/web\/wp-content\/uploads\/2019\/08\/torres-de-resfriamento-600x337.jpg 600w, https:\/\/www.tecma-tecnologia.com.br\/web\/wp-content\/uploads\/2019\/08\/torres-de-resfriamento-800x450.jpg 800w, https:\/\/www.tecma-tecnologia.com.br\/web\/wp-content\/uploads\/2019\/08\/torres-de-resfriamento-1200x675.jpg 1200w, https:\/\/www.tecma-tecnologia.com.br\/web\/wp-content\/uploads\/2019\/08\/torres-de-resfriamento.jpg 1914w\" sizes=\"(max-width: 800px) 100vw, 1200px\" \/><\/span><div class=\"fusion-sep-clear\"><\/div><div class=\"fusion-separator fusion-full-width-sep sep-double\" style=\"border-color:#e0dede;border-top-width:1px;border-bottom-width:1px;margin-left: auto;margin-right: auto;margin-top:;\"><\/div><div class=\"fusion-text\"><h3><strong>Assist\u00eancia T\u00e9cnica, Manuten\u00e7\u00e3o e Opera\u00e7\u00e3o<\/strong><\/h3>\n<p>O departamento de Engenharia da TECMA com com uma equipe especializada para assist\u00eancia t\u00e9cnica, opera\u00e7\u00e3o e manuten\u00e7\u00e3o, com grande experi\u00eancia no setor farmac\u00eautico. Oferecemos diferentes modalidades de Contratos que atendem a necessidade de cada cliente, com a garantia de produ\u00e7\u00e3o e qualidade da \u00e1gua produzida.<\/p>\n<\/div><span class=\"fusion-imageframe imageframe-none imageframe-4 hover-type-none\"><img decoding=\"async\" src=\"https:\/\/www.tecma-tecnologia.com.br\/web\/wp-content\/uploads\/2019\/08\/20150611-140550.jpg\" width=\"\" height=\"\" alt=\"\" title=\"\" class=\"img-responsive\"\/><\/span>\n\n\t\t\t\t\t<\/div>\n\t\t\t\t<\/div><\/div><div class=\"fusion-clearfix\"><\/div>\n\n\t\t\t\t\t<\/div>\n\t\t\t\t<\/div><\/div><\/div><\/p>\n","protected":false},"excerpt":{"rendered":"","protected":false},"author":1,"featured_media":0,"parent":203,"menu_order":0,"comment_status":"closed","ping_status":"closed","template":"","meta":{"_mi_skip_tracking":false,"spay_email":"","footnotes":""},"class_list":["post-818","page","type-page","status-publish","hentry"],"yoast_head":"<!-- This site is optimized with the Yoast SEO plugin v20.2.1 - https:\/\/yoast.com\/wordpress\/plugins\/seo\/ -->\n<title>Ind\u00fastria Farmac\u00eautica - Tratamento de Efluentes | TECMA TECNOLOGIA<\/title>\n<meta name=\"description\" content=\"A TECMA tem ampla experi\u00eancia no tratamento de efluentes na ind\u00fastria farmac\u00eautica.Os efluentes s\u00e3o gerados nem ind\u00fastria de s\u00edntese ou de misturas.\" \/>\n<meta name=\"robots\" content=\"index, follow, max-snippet:-1, max-image-preview:large, max-video-preview:-1\" \/>\n<link rel=\"canonical\" href=\"https:\/\/www.tecma-tecnologia.com.br\/web\/engenharia\/efluentes-industriais\/industria-farmaceutica\/\" \/>\n<meta property=\"og:locale\" content=\"pt_BR\" \/>\n<meta property=\"og:type\" content=\"article\" \/>\n<meta property=\"og:title\" content=\"Ind\u00fastria Farmac\u00eautica - Tratamento de Efluentes | TECMA TECNOLOGIA\" \/>\n<meta property=\"og:description\" content=\"A TECMA tem ampla experi\u00eancia no tratamento de efluentes na ind\u00fastria farmac\u00eautica.Os efluentes s\u00e3o gerados nem ind\u00fastria de s\u00edntese ou de misturas.\" \/>\n<meta property=\"og:url\" content=\"https:\/\/www.tecma-tecnologia.com.br\/web\/engenharia\/efluentes-industriais\/industria-farmaceutica\/\" \/>\n<meta property=\"og:site_name\" content=\"TECMA Tecnologia\" \/>\n<meta property=\"article:modified_time\" content=\"2020-01-03T19:27:57+00:00\" \/>\n<meta property=\"og:image\" content=\"https:\/\/www.tecma-tecnologia.com.br\/web\/wp-content\/uploads\/2019\/08\/industria-farma-1-300x112.jpg\" \/>\n<meta name=\"twitter:card\" content=\"summary_large_image\" \/>\n<meta name=\"twitter:label1\" content=\"Est. tempo de leitura\" \/>\n\t<meta name=\"twitter:data1\" content=\"7 minutos\" \/>\n<script type=\"application\/ld+json\" class=\"yoast-schema-graph\">{\"@context\":\"https:\/\/schema.org\",\"@graph\":[{\"@type\":\"WebPage\",\"@id\":\"https:\/\/www.tecma-tecnologia.com.br\/web\/engenharia\/efluentes-industriais\/industria-farmaceutica\/\",\"url\":\"https:\/\/www.tecma-tecnologia.com.br\/web\/engenharia\/efluentes-industriais\/industria-farmaceutica\/\",\"name\":\"Ind\u00fastria Farmac\u00eautica - Tratamento de Efluentes | TECMA TECNOLOGIA\",\"isPartOf\":{\"@id\":\"https:\/\/www.tecma-tecnologia.com.br\/web\/#website\"},\"datePublished\":\"2018-10-25T22:18:59+00:00\",\"dateModified\":\"2020-01-03T19:27:57+00:00\",\"description\":\"A TECMA tem ampla experi\u00eancia no tratamento de efluentes na ind\u00fastria farmac\u00eautica.Os efluentes s\u00e3o gerados nem ind\u00fastria de s\u00edntese ou de misturas.\",\"breadcrumb\":{\"@id\":\"https:\/\/www.tecma-tecnologia.com.br\/web\/engenharia\/efluentes-industriais\/industria-farmaceutica\/#breadcrumb\"},\"inLanguage\":\"pt-BR\",\"potentialAction\":[{\"@type\":\"ReadAction\",\"target\":[\"https:\/\/www.tecma-tecnologia.com.br\/web\/engenharia\/efluentes-industriais\/industria-farmaceutica\/\"]}]},{\"@type\":\"BreadcrumbList\",\"@id\":\"https:\/\/www.tecma-tecnologia.com.br\/web\/engenharia\/efluentes-industriais\/industria-farmaceutica\/#breadcrumb\",\"itemListElement\":[{\"@type\":\"ListItem\",\"position\":1,\"name\":\"Home\",\"item\":\"https:\/\/www.tecma-tecnologia.com.br\/web\/\"},{\"@type\":\"ListItem\",\"position\":2,\"name\":\"Engenharia\",\"item\":\"https:\/\/www.tecma-tecnologia.com.br\/web\/engenharia\/\"},{\"@type\":\"ListItem\",\"position\":3,\"name\":\"Tratamento de Efluentes Industriais\",\"item\":\"https:\/\/www.tecma-tecnologia.com.br\/web\/engenharia\/efluentes-industriais\/\"},{\"@type\":\"ListItem\",\"position\":4,\"name\":\"Ind\u00fastria Farmac\u00eautica\"}]},{\"@type\":\"WebSite\",\"@id\":\"https:\/\/www.tecma-tecnologia.com.br\/web\/#website\",\"url\":\"https:\/\/www.tecma-tecnologia.com.br\/web\/\",\"name\":\"TECMA Tecnologia\",\"description\":\"\",\"potentialAction\":[{\"@type\":\"SearchAction\",\"target\":{\"@type\":\"EntryPoint\",\"urlTemplate\":\"https:\/\/www.tecma-tecnologia.com.br\/web\/?s={search_term_string}\"},\"query-input\":\"required name=search_term_string\"}],\"inLanguage\":\"pt-BR\"}]}<\/script>\n<!-- \/ Yoast SEO plugin. -->","yoast_head_json":{"title":"Ind\u00fastria Farmac\u00eautica - Tratamento de Efluentes | TECMA TECNOLOGIA","description":"A TECMA tem ampla experi\u00eancia no tratamento de efluentes na ind\u00fastria farmac\u00eautica.Os efluentes s\u00e3o gerados nem ind\u00fastria de s\u00edntese ou de misturas.","robots":{"index":"index","follow":"follow","max-snippet":"max-snippet:-1","max-image-preview":"max-image-preview:large","max-video-preview":"max-video-preview:-1"},"canonical":"https:\/\/www.tecma-tecnologia.com.br\/web\/engenharia\/efluentes-industriais\/industria-farmaceutica\/","og_locale":"pt_BR","og_type":"article","og_title":"Ind\u00fastria Farmac\u00eautica - Tratamento de Efluentes | TECMA TECNOLOGIA","og_description":"A TECMA tem ampla experi\u00eancia no tratamento de efluentes na ind\u00fastria farmac\u00eautica.Os efluentes s\u00e3o gerados nem ind\u00fastria de s\u00edntese ou de misturas.","og_url":"https:\/\/www.tecma-tecnologia.com.br\/web\/engenharia\/efluentes-industriais\/industria-farmaceutica\/","og_site_name":"TECMA Tecnologia","article_modified_time":"2020-01-03T19:27:57+00:00","og_image":[{"url":"https:\/\/www.tecma-tecnologia.com.br\/web\/wp-content\/uploads\/2019\/08\/industria-farma-1-300x112.jpg"}],"twitter_card":"summary_large_image","twitter_misc":{"Est. tempo de leitura":"7 minutos"},"schema":{"@context":"https:\/\/schema.org","@graph":[{"@type":"WebPage","@id":"https:\/\/www.tecma-tecnologia.com.br\/web\/engenharia\/efluentes-industriais\/industria-farmaceutica\/","url":"https:\/\/www.tecma-tecnologia.com.br\/web\/engenharia\/efluentes-industriais\/industria-farmaceutica\/","name":"Ind\u00fastria Farmac\u00eautica - Tratamento de Efluentes | TECMA TECNOLOGIA","isPartOf":{"@id":"https:\/\/www.tecma-tecnologia.com.br\/web\/#website"},"datePublished":"2018-10-25T22:18:59+00:00","dateModified":"2020-01-03T19:27:57+00:00","description":"A TECMA tem ampla experi\u00eancia no tratamento de efluentes na ind\u00fastria farmac\u00eautica.Os efluentes s\u00e3o gerados nem ind\u00fastria de s\u00edntese ou de misturas.","breadcrumb":{"@id":"https:\/\/www.tecma-tecnologia.com.br\/web\/engenharia\/efluentes-industriais\/industria-farmaceutica\/#breadcrumb"},"inLanguage":"pt-BR","potentialAction":[{"@type":"ReadAction","target":["https:\/\/www.tecma-tecnologia.com.br\/web\/engenharia\/efluentes-industriais\/industria-farmaceutica\/"]}]},{"@type":"BreadcrumbList","@id":"https:\/\/www.tecma-tecnologia.com.br\/web\/engenharia\/efluentes-industriais\/industria-farmaceutica\/#breadcrumb","itemListElement":[{"@type":"ListItem","position":1,"name":"Home","item":"https:\/\/www.tecma-tecnologia.com.br\/web\/"},{"@type":"ListItem","position":2,"name":"Engenharia","item":"https:\/\/www.tecma-tecnologia.com.br\/web\/engenharia\/"},{"@type":"ListItem","position":3,"name":"Tratamento de Efluentes Industriais","item":"https:\/\/www.tecma-tecnologia.com.br\/web\/engenharia\/efluentes-industriais\/"},{"@type":"ListItem","position":4,"name":"Ind\u00fastria Farmac\u00eautica"}]},{"@type":"WebSite","@id":"https:\/\/www.tecma-tecnologia.com.br\/web\/#website","url":"https:\/\/www.tecma-tecnologia.com.br\/web\/","name":"TECMA Tecnologia","description":"","potentialAction":[{"@type":"SearchAction","target":{"@type":"EntryPoint","urlTemplate":"https:\/\/www.tecma-tecnologia.com.br\/web\/?s={search_term_string}"},"query-input":"required name=search_term_string"}],"inLanguage":"pt-BR"}]}},"_links":{"self":[{"href":"https:\/\/www.tecma-tecnologia.com.br\/web\/wp-json\/wp\/v2\/pages\/818","targetHints":{"allow":["GET"]}}],"collection":[{"href":"https:\/\/www.tecma-tecnologia.com.br\/web\/wp-json\/wp\/v2\/pages"}],"about":[{"href":"https:\/\/www.tecma-tecnologia.com.br\/web\/wp-json\/wp\/v2\/types\/page"}],"author":[{"embeddable":true,"href":"https:\/\/www.tecma-tecnologia.com.br\/web\/wp-json\/wp\/v2\/users\/1"}],"replies":[{"embeddable":true,"href":"https:\/\/www.tecma-tecnologia.com.br\/web\/wp-json\/wp\/v2\/comments?post=818"}],"version-history":[{"count":3,"href":"https:\/\/www.tecma-tecnologia.com.br\/web\/wp-json\/wp\/v2\/pages\/818\/revisions"}],"predecessor-version":[{"id":3457,"href":"https:\/\/www.tecma-tecnologia.com.br\/web\/wp-json\/wp\/v2\/pages\/818\/revisions\/3457"}],"up":[{"embeddable":true,"href":"https:\/\/www.tecma-tecnologia.com.br\/web\/wp-json\/wp\/v2\/pages\/203"}],"wp:attachment":[{"href":"https:\/\/www.tecma-tecnologia.com.br\/web\/wp-json\/wp\/v2\/media?parent=818"}],"curies":[{"name":"wp","href":"https:\/\/api.w.org\/{rel}","templated":true}]}}