{"id":795,"date":"2018-10-25T18:55:38","date_gmt":"2018-10-25T21:55:38","guid":{"rendered":"http:\/\/www.tecma-tecnologia.com.br\/web\/?page_id=795"},"modified":"2019-12-30T09:17:27","modified_gmt":"2019-12-30T12:17:27","slug":"solos-e-residuos","status":"publish","type":"page","link":"https:\/\/www.tecma-tecnologia.com.br\/web\/laboratorio\/ensaios-ambientais\/solos-e-residuos\/","title":{"rendered":"Solos e Res\u00edduos"},"content":{"rendered":"<p><div class=\"fusion-fullwidth fullwidth-box nonhundred-percent-fullwidth non-hundred-percent-height-scrolling\"  style='background-color: rgba(255,255,255,0);background-position: center center;background-repeat: no-repeat;padding-top:0px;padding-right:0px;padding-bottom:0px;padding-left:0px;'><div class=\"fusion-builder-row fusion-row \"><div  class=\"fusion-layout-column fusion_builder_column fusion_builder_column_1_4  fusion-one-fourth fusion-column-first 1_4\"  style='margin-top:0px;margin-bottom:0px;width:25%;width:calc(25% - ( ( 4% ) * 0.25 ) );margin-right: 4%;'>\n\t\t\t\t\t<div class=\"fusion-column-wrapper\" style=\"padding: 0px 0px 0px 0px;background-position:left top;background-repeat:no-repeat;-webkit-background-size:cover;-moz-background-size:cover;-o-background-size:cover;background-size:cover;\"  data-bg-url=\"\">\n\t\t\t\t\t\t<div class=\"fusion-title title fusion-sep-none fusion-title-size-one\" style=\"margin-top:0px;margin-bottom:31px;\"><h1 class=\"title-heading-left\">Servi\u00e7os<\/h1><\/div><div class=\"fusion-clearfix\"><\/div>\n\n\t\t\t\t\t<\/div>\n\t\t\t\t<\/div><div  class=\"fusion-layout-column fusion_builder_column fusion_builder_column_1_2  fusion-one-half fusion-column-last 1_2\"  style='margin-top:0px;margin-bottom:0px;width:50%;width:calc(50% - ( ( 4% ) * 0.5 ) );'>\n\t\t\t\t\t<div class=\"fusion-column-wrapper\" style=\"padding: 15px 0px 0px 0px;background-position:left top;background-repeat:no-repeat;-webkit-background-size:cover;-moz-background-size:cover;-o-background-size:cover;background-size:cover;\"  data-bg-url=\"\">\n\t\t\t\t\t\t<div class=\"fusion-title title fusion-sep-none fusion-title-size-four\" style=\"margin-top:0px;margin-bottom:31px;\"><h4 class=\"title-heading-left\"><p style=\"text-align: left;\"><strong>SOLOS E RES\u00cdDUOS<\/strong><\/p><\/h4><\/div><div class=\"fusion-clearfix\"><\/div>\n\n\t\t\t\t\t<\/div>\n\t\t\t\t<\/div><div  class=\"fusion-layout-column fusion_builder_column fusion_builder_column_1_1  fusion-one-full fusion-column-first fusion-column-last 1_1\"  style='margin-top:0px;margin-bottom:20px;'>\n\t\t\t\t\t<div class=\"fusion-column-wrapper\" style=\"padding: 0px 0px 0px 0px;background-position:left top;background-repeat:no-repeat;-webkit-background-size:cover;-moz-background-size:cover;-o-background-size:cover;background-size:cover;\"  data-bg-url=\"\">\n\t\t\t\t\t\t<div class=\"imageframe-align-center\"><span class=\"fusion-imageframe imageframe-none imageframe-1 hover-type-none\"><img fetchpriority=\"high\" fetchpriority=\"high\" decoding=\"async\" src=\"https:\/\/www.tecma-tecnologia.com.br\/web\/wp-content\/uploads\/2018\/12\/estufas.png\" width=\"1218\" height=\"487\" alt=\"\" title=\"Estufas\" class=\"img-responsive wp-image-1373\" srcset=\"https:\/\/www.tecma-tecnologia.com.br\/web\/wp-content\/uploads\/2018\/12\/estufas-200x80.png 200w, https:\/\/www.tecma-tecnologia.com.br\/web\/wp-content\/uploads\/2018\/12\/estufas-400x160.png 400w, https:\/\/www.tecma-tecnologia.com.br\/web\/wp-content\/uploads\/2018\/12\/estufas-600x240.png 600w, https:\/\/www.tecma-tecnologia.com.br\/web\/wp-content\/uploads\/2018\/12\/estufas-800x320.png 800w, https:\/\/www.tecma-tecnologia.com.br\/web\/wp-content\/uploads\/2018\/12\/estufas-1200x480.png 1200w, https:\/\/www.tecma-tecnologia.com.br\/web\/wp-content\/uploads\/2018\/12\/estufas.png 1218w\" sizes=\"(max-width: 800px) 100vw, 1218px\" \/><\/span><\/div><div class=\"fusion-clearfix\"><\/div>\n\n\t\t\t\t\t<\/div>\n\t\t\t\t<\/div><\/div><\/div><div class=\"fusion-fullwidth fullwidth-box nonhundred-percent-fullwidth non-hundred-percent-height-scrolling\"  style='background-color: rgba(255,255,255,0);background-position: center center;background-repeat: no-repeat;padding-top:0px;padding-right:0px;padding-bottom:0px;padding-left:0px;'><div class=\"fusion-builder-row fusion-row \"><div  class=\"fusion-layout-column fusion_builder_column fusion_builder_column_3_4  fusion-three-fourth fusion-column-first 3_4\"  style='margin-top:0px;margin-bottom:20px;width:75%;width:calc(75% - ( ( 4% ) * 0.75 ) );margin-right: 4%;'>\n\t\t\t\t\t<div class=\"fusion-column-wrapper\" style=\"padding: 0px 0px 0px 0px;background-position:left top;background-repeat:no-repeat;-webkit-background-size:cover;-moz-background-size:cover;-o-background-size:cover;background-size:cover;\"  data-bg-url=\"\">\n\t\t\t\t\t\t<div class=\"fusion-text\"><p><span style=\"vertical-align: inherit;\"><span style=\"vertical-align: inherit;\">A TECMA, por meio dos resultados obtidos, est\u00e1 em an\u00e1lise com o objetivo de finalizar os estudos sobre a adequa\u00e7\u00e3o final, de acordo com a ABNT NBR 10.004.<\/span><\/span><\/p>\n<h4><strong>Objetivo<\/strong><\/h4>\n<p>Esta norma\u00a0<strong>classifica os res\u00edduos s\u00f3lidos<\/strong>\u00a0quanto aos seus\u00a0<strong>riscos potenciais ao meio ambiente e \u00e0 sa\u00fade p\u00fablica<\/strong>,\u00a0para que possa ser gerenciado separadamente.<\/p>\n<p><strong>Res\u00edduos s\u00f3lidos:<\/strong>\u00a0\u00a0res\u00edduos nos Estados s\u00f3lido e semiss\u00f3lido,\u00a0que resultam de atividades de origem industrial,\u00a0dom\u00e9stica,\u00a0hospitalar,\u00a0comercial,\u00a0agr\u00edcola,\u00a0de servi\u00e7os e de varri\u00e7\u00e3o. \u00a0Ficam\u00a0<strong>inclu\u00eddos\u00a0<\/strong>nesta defini\u00e7\u00e3o os lodos provenientes de sistemas de tratamento de \u00e1gua,\u00a0aqueles gerados em equipamentos e instala\u00e7\u00f5es de controle de polui\u00e7\u00e3o,\u00a0<strong>bem como<\/strong>\u00a0determinados l\u00edquidos cujas particularidades tornem invi\u00e1vel o seu lan\u00e7amento na rede p\u00fablica de esgotos ou corpos de \u00e1gua,\u00a0e exijam para isso solu\u00e7\u00f5es t\u00e9cnica e economicamente invi\u00e1veis em face a melhoria tecnol\u00f3gica dispon\u00edvel.<\/p>\n<p><strong>Periculosidade de um res\u00edduo:<\/strong>\u00a0\u00a0caracter\u00edstica apresentada por um res\u00edduo que,\u00a0de propriedade f\u00edsicas,\u00a0qu\u00edmicas ou infectocontagiosas, pode apresentar:<\/p>\n<p>a) risco a sa\u00fade p\u00fablica,\u00a0para mortalidade,\u00a0incid\u00eancia de doen\u00e7as o acentuado seus \u00edndices;<\/p>\n<p>b) risco ao meio ambiente,\u00a0quando o res\u00edduo for gerenciado de forma inadequada.<\/p>\n<p><strong>Toxicidade:<\/strong>\u00a0\u00a0propriedade POTENCIAL que o agente t\u00f3xico possui de provocar,\u00a0em maior ou menor grau,\u00a0o\u00a0<strong>efeito adverso<\/strong>\u00a0em consequ\u00eancia de sua\u00a0<strong>intera\u00e7\u00e3o com o organismo<\/strong>.<\/p>\n<p><strong>Agente t\u00f3xico:<\/strong>\u00a0\u00a0qualquer subst\u00e2ncia ou mistura cuja inala\u00e7\u00e3o,\u00a0ingest\u00e3o ou absor\u00e7\u00e3o cut\u00e2nea tenha cedo CIENTIFICAMENTE COMPROVADA como tendo\u00a0<strong>efeito adverso\u00a0<\/strong>(t\u00f3xico,\u00a0carcinog\u00eanico,\u00a0mutag\u00eanico,\u00a0teratog\u00eanico,\u00a0ou eco toxicol\u00f3gico).<\/p>\n<p><strong>Toxicidade aguda:<\/strong>\u00a0\u00a0propriedade potencial que o agente t\u00f3xico possui de provocar um\u00a0<strong>efeito adverso grave<\/strong>,\u00a0ou mesmo morte,\u00a0em consequ\u00eancia de sua intera\u00e7\u00e3o com o organismo,\u00a0ap\u00f3s exposi\u00e7\u00e3o a uma \u00fanica dose elevada ou repetidas doses em curto espa\u00e7o de tempo.<\/p>\n<p><strong>Agente teratog\u00eanico:<\/strong>\u00a0qualquer subst\u00e2ncia,\u00a0mistura,\u00a0organismo,\u00a0agente f\u00edsico ou estado de defici\u00eancia que,\u00a0estando presente durante a vida embrion\u00e1ria ou fetal,\u00a0<strong>produz uma altera\u00e7\u00e3o<\/strong>\u00a0na estrutura ou na fun\u00e7\u00e3o do indiv\u00edduo dela resultante.<\/p>\n<p><strong>Agente mutag\u00eanico:<\/strong>\u00a0\u00a0qualquer subst\u00e2ncia,\u00a0mistura,\u00a0agente f\u00edsico ou biol\u00f3gico cuja inala\u00e7\u00e3o,\u00a0ingest\u00e3o ou absor\u00e7\u00e3o cut\u00e2nea\u00a0<strong>possa elevar as taxas espont\u00e2neas de danos<\/strong>\u00a0ao material gen\u00e9tico\u00a0<strong>e ainda<\/strong>\u00a0provocar o aumentar a frequ\u00eancia de defeitos gen\u00e9ticos.<\/p>\n<p><strong>Agente carcinog\u00eanico:<\/strong>\u00a0\u00a0subst\u00e2ncias,\u00a0misturas,\u00a0agentes f\u00edsico ou biol\u00f3gicos cuja inala\u00e7\u00e3o ingest\u00e3o e absor\u00e7\u00e3o cut\u00e2nea\u00a0<strong>possa desenvolver c\u00e2ncer ou aumentar sua frequ\u00eancia<\/strong>. \u00a0O c\u00e2ncer \u00e9 o resultado de processo anormal,\u00a0n\u00e3o controlado da diferencia\u00e7\u00e3o e prolifera\u00e7\u00e3o celular,\u00a0podendo ser iniciado com altera\u00e7\u00e3o mu acional.<\/p>\n<h4><strong>Classifica\u00e7\u00e3o de res\u00edduos<\/strong><\/h4>\n<p>Para os efeitos desta Norma,\u00a0os res\u00edduos s\u00e3o classificados em:<\/p>\n<p>a) res\u00edduos classe I \u2013 \u00a0perigosos;<\/p>\n<p>b) Res\u00edduos Classe II \u2013 \u00a0<strong>n\u00e3o\u00a0<\/strong>perigosos;<\/p>\n<ul>\n<li>Res\u00edduos classe II A \u2013 \u00a0<strong>n\u00e3o\u00a0<\/strong>inertes.<\/li>\n<li>Res\u00edduos classe II B \u2013 \u00a0inertes.<\/li>\n<\/ul>\n<h4><strong>Res\u00edduos classe I \u2013 \u00a0perigosos<\/strong><\/h4>\n<p>Inflamabilidade\u2013 \u00a0um res\u00edduo s\u00f3lido \u00e9 caracterizado como inflam\u00e1vel: (c\u00f3digo de identifica\u00e7\u00e3o\u00a0<strong>D001<\/strong>).<\/p>\n<p>Corrosividade\u00a0\u2013 res\u00edduo \u00e9 caracterizado como corrosivo: (c\u00f3digo de identifica\u00e7\u00e3o D002).<\/p>\n<p>Reatividade\u2013 \u00a0um res\u00edduo \u00e9 caracterizado como reativo: (c\u00f3digo de identifica\u00e7\u00e3o D003).<\/p>\n<p>Toxicidade\u00a0\u2013 \u00a0o res\u00edduo \u00e9 caracterizado como t\u00f3xico se apresenta uma amostra representativa dele.<\/p>\n<p>Patogenicidade\u2013 \u00a0o res\u00edduo \u00e9 caracterizado como patog\u00eanico: (c\u00f3digo de identifica\u00e7\u00e3o D004).<\/p>\n<h4><strong>Res\u00edduos Classe II \u2013 \u00a0n\u00e3o perigosos<\/strong><\/h4>\n<h4><strong>Res\u00edduos classe IIA \u2013 n\u00e3o inertes<\/strong><\/h4>\n<p>Aqueles que\u00a0<strong>n\u00e3o se enquadram<\/strong>\u00a0nas classifica\u00e7\u00f5es de res\u00edduos classe I \u2013 \u00a0perigosos ou de res\u00edduos classe II B \u2013 \u00a0inertes. Os res\u00edduos classe II A \u2013 \u00a0n\u00e3o inertes podem ter propriedades,\u00a0tais como: \u00a0biodegradabilidade,\u00a0combustibilidade ou solubilidade em \u00e1gua.<\/p>\n<p><strong>Res\u00edduos classe II B inertes<\/strong><\/p>\n<p>Quaisquer res\u00edduos que,\u00a0quando amostradas de uma forma representativa,\u00a0segundo a ABNT 10007,\u00a0e submetidos a um contato din\u00e2mico e est\u00e1tico com \u00e1gua destilada ou deionizada,\u00a0a temperatura ambiente,\u00a0conforme ABNT 10006,\u00a0<strong>n\u00e3o tiver em nenhum de seus constituintes solubilizados\u00a0<\/strong>a concentra\u00e7\u00f5es superiores aos padr\u00f5es de potabilidade de \u00e1gua,\u00a0efetuando-se aspecto,\u00a0cor,\u00a0turbidez,\u00a0dureza e Sabor,\u00a0conforme anexo G.<\/p>\n<div class=\"fusion-button-wrapper\"><style type=\"text\/css\" scoped=\"scoped\">.fusion-button.button-1 .fusion-button-text, .fusion-button.button-1 i {color:#ffffff;}.fusion-button.button-1 {border-width:0px;border-color:#ffffff;}.fusion-button.button-1 .fusion-button-icon-divider{border-color:#ffffff;}.fusion-button.button-1:hover .fusion-button-text, .fusion-button.button-1:hover i,.fusion-button.button-1:focus .fusion-button-text, .fusion-button.button-1:focus i,.fusion-button.button-1:active .fusion-button-text, .fusion-button.button-1:active{color:#25b6c3;}.fusion-button.button-1:hover, .fusion-button.button-1:focus, .fusion-button.button-1:active{border-width:0px;border-color:#25b6c3;}.fusion-button.button-1:hover .fusion-button-icon-divider, .fusion-button.button-1:hover .fusion-button-icon-divider, .fusion-button.button-1:active .fusion-button-icon-divider{border-color:#25b6c3;}.fusion-button.button-1{width:auto;}<\/style><a class=\"fusion-button button-flat fusion-button-round button-large button-default button-1\" target=\"_self\" href=\"https:\/\/www.tecma-tecnologia.com.br\/web\/pt\/laboratorio\/orcamentos\/\"><span class=\"fusion-button-text\">Entre em Contato<\/span><\/a><\/div>\n<p>Sigam a <a href=\"https:\/\/www.tecma-tecnologia.com.br\/web\/\">Tecma<\/a> em todas as nossas plataformas<\/p>\n<p><a href=\"https:\/\/www.instagram.com\/tecmatecnologia\/\">INSTAGRAM TECMA<\/a><\/p>\n<p><a href=\"https:\/\/web.facebook.com\/tecmatecnologia\/?_rdc=1&amp;_rdr\">FACEBOOK TECMA<\/a><\/p>\n<p><a href=\"https:\/\/www.linkedin.com\/company\/934510\/\">LINKEDIN TECMA<\/a><\/p>\n<\/div><div class=\"fusion-clearfix\"><\/div>\n\n\t\t\t\t\t<\/div>\n\t\t\t\t<\/div><div  class=\"fusion-layout-column fusion_builder_column fusion_builder_column_1_4  fusion-one-fourth fusion-column-last 1_4\"  style='margin-top:20px;margin-bottom:20px;width:25%;width:calc(25% - ( ( 4% ) * 0.25 ) );'>\n\t\t\t\t\t<div class=\"fusion-column-wrapper\" style=\"padding: 0px 0px 0px 0px;background-position:left top;background-repeat:no-repeat;-webkit-background-size:cover;-moz-background-size:cover;-o-background-size:cover;background-size:cover;\"  data-bg-url=\"\">\n\t\t\t\t\t\t<div class=\"fusion-widget-area fusion-widget-area-1 fusion-content-widget-area\"><style type=\"text\/css\" scoped=\"scoped\">.fusion-widget-area-1 {padding:0px 0px 0px 0px;}.fusion-widget-area-1 .widget h4 {color:#1eb4c2;}.fusion-widget-area-1 .widget .heading h4 {color:#1eb4c2;}<\/style><div id=\"nav_menu-11\" class=\"widget widget_nav_menu\"><div class=\"menu-servicos-laboratorio-container\"><ul id=\"menu-servicos-laboratorio\" class=\"menu\"><li id=\"menu-item-412\" class=\"menu-item menu-item-type-post_type menu-item-object-page menu-item-412\"><a href=\"https:\/\/www.tecma-tecnologia.com.br\/web\/laboratorio\/ensaios-ambientais\/amostragem\/\">AMOSTRAGEM<\/a><\/li>\n<li id=\"menu-item-815\" class=\"menu-item menu-item-type-post_type menu-item-object-page menu-item-815\"><a href=\"https:\/\/www.tecma-tecnologia.com.br\/web\/laboratorio\/ensaios-ambientais\/ensaios-microbiologicos\/\">ENSAIOS MICROBIOL\u00d3GICOS<\/a><\/li>\n<li id=\"menu-item-814\" class=\"menu-item menu-item-type-post_type menu-item-object-page menu-item-814\"><a href=\"https:\/\/www.tecma-tecnologia.com.br\/web\/laboratorio\/ensaios-ambientais\/ensaios-fisico-quimicos\/\">ENSAIOS F\u00cdSICO QU\u00cdMICOS<\/a><\/li>\n<li id=\"menu-item-813\" class=\"menu-item menu-item-type-post_type menu-item-object-page menu-item-813\"><a href=\"https:\/\/www.tecma-tecnologia.com.br\/web\/laboratorio\/ensaios-ambientais\/ecotoxicidade\/\">ENSAIOS ECOTOXICOL\u00d3GICOS<\/a><\/li>\n<li id=\"menu-item-812\" class=\"menu-item menu-item-type-post_type menu-item-object-page menu-item-812\"><a href=\"https:\/\/www.tecma-tecnologia.com.br\/web\/laboratorio\/ensaios-ambientais\/solos-e-residuos\/\">SOLOS E RES\u00cdDUOS<\/a><\/li>\n<li id=\"menu-item-811\" class=\"menu-item menu-item-type-post_type menu-item-object-page menu-item-811\"><a href=\"https:\/\/www.tecma-tecnologia.com.br\/web\/laboratorio\/ensaios-ambientais\/qualidade-do-ar\/\">AN\u00c1LISE DA QUALIDADE DO AR<\/a><\/li>\n<\/ul><\/div><\/div><div class=\"fusion-additional-widget-content\"><\/div><\/div><div class=\"fusion-clearfix\"><\/div>\n\n\t\t\t\t\t<\/div>\n\t\t\t\t<\/div><\/div><\/div><\/p>\n","protected":false},"excerpt":{"rendered":"","protected":false},"author":1,"featured_media":0,"parent":331,"menu_order":0,"comment_status":"closed","ping_status":"closed","template":"","meta":{"_mi_skip_tracking":false,"spay_email":"","footnotes":""},"class_list":["post-795","page","type-page","status-publish","hentry"],"yoast_head":"<!-- This site is optimized with the Yoast SEO plugin v20.2.1 - https:\/\/yoast.com\/wordpress\/plugins\/seo\/ -->\n<title>An\u00e1lises de Solos e Res\u00edduos - TECMA Tecnologia | An\u00e1lises<\/title>\n<meta name=\"description\" content=\"An\u00e1lises de Solos e Res\u00edduos! A TECMA, por meio dos resultados obtidos, est\u00e1 em an\u00e1lise com o objetivo de finalizar os estudos sobre a adequa\u00e7\u00e3o final\" \/>\n<meta name=\"robots\" content=\"index, follow, max-snippet:-1, max-image-preview:large, max-video-preview:-1\" \/>\n<link rel=\"canonical\" href=\"https:\/\/www.tecma-tecnologia.com.br\/web\/laboratorio\/ensaios-ambientais\/solos-e-residuos\/\" \/>\n<meta property=\"og:locale\" content=\"pt_BR\" \/>\n<meta property=\"og:type\" content=\"article\" \/>\n<meta property=\"og:title\" content=\"An\u00e1lises de Solos e Res\u00edduos - TECMA Tecnologia | An\u00e1lises\" \/>\n<meta property=\"og:description\" content=\"An\u00e1lises de Solos e Res\u00edduos! A TECMA, por meio dos resultados obtidos, est\u00e1 em an\u00e1lise com o objetivo de finalizar os estudos sobre a adequa\u00e7\u00e3o final\" \/>\n<meta property=\"og:url\" content=\"https:\/\/www.tecma-tecnologia.com.br\/web\/laboratorio\/ensaios-ambientais\/solos-e-residuos\/\" \/>\n<meta property=\"og:site_name\" content=\"TECMA Tecnologia\" \/>\n<meta property=\"article:modified_time\" content=\"2019-12-30T12:17:27+00:00\" \/>\n<meta name=\"twitter:card\" content=\"summary_large_image\" \/>\n<meta name=\"twitter:label1\" content=\"Est. tempo de leitura\" \/>\n\t<meta name=\"twitter:data1\" content=\"8 minutos\" \/>\n<script type=\"application\/ld+json\" class=\"yoast-schema-graph\">{\"@context\":\"https:\/\/schema.org\",\"@graph\":[{\"@type\":\"WebPage\",\"@id\":\"https:\/\/www.tecma-tecnologia.com.br\/web\/laboratorio\/ensaios-ambientais\/solos-e-residuos\/\",\"url\":\"https:\/\/www.tecma-tecnologia.com.br\/web\/laboratorio\/ensaios-ambientais\/solos-e-residuos\/\",\"name\":\"An\u00e1lises de Solos e Res\u00edduos - TECMA Tecnologia | An\u00e1lises\",\"isPartOf\":{\"@id\":\"https:\/\/www.tecma-tecnologia.com.br\/web\/#website\"},\"datePublished\":\"2018-10-25T21:55:38+00:00\",\"dateModified\":\"2019-12-30T12:17:27+00:00\",\"description\":\"An\u00e1lises de Solos e Res\u00edduos! A TECMA, por meio dos resultados obtidos, est\u00e1 em an\u00e1lise com o objetivo de finalizar os estudos sobre a adequa\u00e7\u00e3o final\",\"breadcrumb\":{\"@id\":\"https:\/\/www.tecma-tecnologia.com.br\/web\/laboratorio\/ensaios-ambientais\/solos-e-residuos\/#breadcrumb\"},\"inLanguage\":\"pt-BR\",\"potentialAction\":[{\"@type\":\"ReadAction\",\"target\":[\"https:\/\/www.tecma-tecnologia.com.br\/web\/laboratorio\/ensaios-ambientais\/solos-e-residuos\/\"]}]},{\"@type\":\"BreadcrumbList\",\"@id\":\"https:\/\/www.tecma-tecnologia.com.br\/web\/laboratorio\/ensaios-ambientais\/solos-e-residuos\/#breadcrumb\",\"itemListElement\":[{\"@type\":\"ListItem\",\"position\":1,\"name\":\"Home\",\"item\":\"https:\/\/www.tecma-tecnologia.com.br\/web\/\"},{\"@type\":\"ListItem\",\"position\":2,\"name\":\"Laborat\u00f3rio\",\"item\":\"https:\/\/www.tecma-tecnologia.com.br\/web\/laboratorio\/\"},{\"@type\":\"ListItem\",\"position\":3,\"name\":\"Ensaios Ambientais\",\"item\":\"https:\/\/www.tecma-tecnologia.com.br\/web\/laboratorio\/ensaios-ambientais\/\"},{\"@type\":\"ListItem\",\"position\":4,\"name\":\"Solos e Res\u00edduos\"}]},{\"@type\":\"WebSite\",\"@id\":\"https:\/\/www.tecma-tecnologia.com.br\/web\/#website\",\"url\":\"https:\/\/www.tecma-tecnologia.com.br\/web\/\",\"name\":\"TECMA Tecnologia\",\"description\":\"\",\"potentialAction\":[{\"@type\":\"SearchAction\",\"target\":{\"@type\":\"EntryPoint\",\"urlTemplate\":\"https:\/\/www.tecma-tecnologia.com.br\/web\/?s={search_term_string}\"},\"query-input\":\"required name=search_term_string\"}],\"inLanguage\":\"pt-BR\"}]}<\/script>\n<!-- \/ Yoast SEO plugin. -->","yoast_head_json":{"title":"An\u00e1lises de Solos e Res\u00edduos - TECMA Tecnologia | An\u00e1lises","description":"An\u00e1lises de Solos e Res\u00edduos! A TECMA, por meio dos resultados obtidos, est\u00e1 em an\u00e1lise com o objetivo de finalizar os estudos sobre a adequa\u00e7\u00e3o final","robots":{"index":"index","follow":"follow","max-snippet":"max-snippet:-1","max-image-preview":"max-image-preview:large","max-video-preview":"max-video-preview:-1"},"canonical":"https:\/\/www.tecma-tecnologia.com.br\/web\/laboratorio\/ensaios-ambientais\/solos-e-residuos\/","og_locale":"pt_BR","og_type":"article","og_title":"An\u00e1lises de Solos e Res\u00edduos - TECMA Tecnologia | An\u00e1lises","og_description":"An\u00e1lises de Solos e Res\u00edduos! A TECMA, por meio dos resultados obtidos, est\u00e1 em an\u00e1lise com o objetivo de finalizar os estudos sobre a adequa\u00e7\u00e3o final","og_url":"https:\/\/www.tecma-tecnologia.com.br\/web\/laboratorio\/ensaios-ambientais\/solos-e-residuos\/","og_site_name":"TECMA Tecnologia","article_modified_time":"2019-12-30T12:17:27+00:00","twitter_card":"summary_large_image","twitter_misc":{"Est. tempo de leitura":"8 minutos"},"schema":{"@context":"https:\/\/schema.org","@graph":[{"@type":"WebPage","@id":"https:\/\/www.tecma-tecnologia.com.br\/web\/laboratorio\/ensaios-ambientais\/solos-e-residuos\/","url":"https:\/\/www.tecma-tecnologia.com.br\/web\/laboratorio\/ensaios-ambientais\/solos-e-residuos\/","name":"An\u00e1lises de Solos e Res\u00edduos - TECMA Tecnologia | An\u00e1lises","isPartOf":{"@id":"https:\/\/www.tecma-tecnologia.com.br\/web\/#website"},"datePublished":"2018-10-25T21:55:38+00:00","dateModified":"2019-12-30T12:17:27+00:00","description":"An\u00e1lises de Solos e Res\u00edduos! A TECMA, por meio dos resultados obtidos, est\u00e1 em an\u00e1lise com o objetivo de finalizar os estudos sobre a adequa\u00e7\u00e3o final","breadcrumb":{"@id":"https:\/\/www.tecma-tecnologia.com.br\/web\/laboratorio\/ensaios-ambientais\/solos-e-residuos\/#breadcrumb"},"inLanguage":"pt-BR","potentialAction":[{"@type":"ReadAction","target":["https:\/\/www.tecma-tecnologia.com.br\/web\/laboratorio\/ensaios-ambientais\/solos-e-residuos\/"]}]},{"@type":"BreadcrumbList","@id":"https:\/\/www.tecma-tecnologia.com.br\/web\/laboratorio\/ensaios-ambientais\/solos-e-residuos\/#breadcrumb","itemListElement":[{"@type":"ListItem","position":1,"name":"Home","item":"https:\/\/www.tecma-tecnologia.com.br\/web\/"},{"@type":"ListItem","position":2,"name":"Laborat\u00f3rio","item":"https:\/\/www.tecma-tecnologia.com.br\/web\/laboratorio\/"},{"@type":"ListItem","position":3,"name":"Ensaios Ambientais","item":"https:\/\/www.tecma-tecnologia.com.br\/web\/laboratorio\/ensaios-ambientais\/"},{"@type":"ListItem","position":4,"name":"Solos e Res\u00edduos"}]},{"@type":"WebSite","@id":"https:\/\/www.tecma-tecnologia.com.br\/web\/#website","url":"https:\/\/www.tecma-tecnologia.com.br\/web\/","name":"TECMA Tecnologia","description":"","potentialAction":[{"@type":"SearchAction","target":{"@type":"EntryPoint","urlTemplate":"https:\/\/www.tecma-tecnologia.com.br\/web\/?s={search_term_string}"},"query-input":"required name=search_term_string"}],"inLanguage":"pt-BR"}]}},"_links":{"self":[{"href":"https:\/\/www.tecma-tecnologia.com.br\/web\/wp-json\/wp\/v2\/pages\/795","targetHints":{"allow":["GET"]}}],"collection":[{"href":"https:\/\/www.tecma-tecnologia.com.br\/web\/wp-json\/wp\/v2\/pages"}],"about":[{"href":"https:\/\/www.tecma-tecnologia.com.br\/web\/wp-json\/wp\/v2\/types\/page"}],"author":[{"embeddable":true,"href":"https:\/\/www.tecma-tecnologia.com.br\/web\/wp-json\/wp\/v2\/users\/1"}],"replies":[{"embeddable":true,"href":"https:\/\/www.tecma-tecnologia.com.br\/web\/wp-json\/wp\/v2\/comments?post=795"}],"version-history":[{"count":1,"href":"https:\/\/www.tecma-tecnologia.com.br\/web\/wp-json\/wp\/v2\/pages\/795\/revisions"}],"predecessor-version":[{"id":3361,"href":"https:\/\/www.tecma-tecnologia.com.br\/web\/wp-json\/wp\/v2\/pages\/795\/revisions\/3361"}],"up":[{"embeddable":true,"href":"https:\/\/www.tecma-tecnologia.com.br\/web\/wp-json\/wp\/v2\/pages\/331"}],"wp:attachment":[{"href":"https:\/\/www.tecma-tecnologia.com.br\/web\/wp-json\/wp\/v2\/media?parent=795"}],"curies":[{"name":"wp","href":"https:\/\/api.w.org\/{rel}","templated":true}]}}