{"id":792,"date":"2018-10-25T18:54:05","date_gmt":"2018-10-25T21:54:05","guid":{"rendered":"http:\/\/www.tecma-tecnologia.com.br\/web\/?page_id=792"},"modified":"2019-12-26T17:59:48","modified_gmt":"2019-12-26T20:59:48","slug":"ecotoxicidade","status":"publish","type":"page","link":"https:\/\/www.tecma-tecnologia.com.br\/web\/laboratorio\/ensaios-ambientais\/ecotoxicidade\/","title":{"rendered":"Ecotoxicidade"},"content":{"rendered":"<p><div class=\"fusion-fullwidth fullwidth-box nonhundred-percent-fullwidth non-hundred-percent-height-scrolling\"  style='background-color: rgba(255,255,255,0);background-position: center center;background-repeat: no-repeat;padding-top:0px;padding-right:0px;padding-bottom:0px;padding-left:0px;'><div class=\"fusion-builder-row fusion-row \"><div  class=\"fusion-layout-column fusion_builder_column fusion_builder_column_1_1  fusion-one-full fusion-column-first fusion-column-last 1_1\"  style='margin-top:0px;margin-bottom:0px;'>\n\t\t\t\t\t<div class=\"fusion-column-wrapper\" style=\"padding: 15px 0px 0px 0px;background-position:left top;background-repeat:no-repeat;-webkit-background-size:cover;-moz-background-size:cover;-o-background-size:cover;background-size:cover;\"  data-bg-url=\"\">\n\t\t\t\t\t\t<div class=\"fusion-title title fusion-sep-none fusion-title-size-four\" style=\"margin-top:0px;margin-bottom:31px;\"><h4 class=\"title-heading-left\"><h3 style=\"text-align: left;\"><strong>ECOTOXICIDADE<\/strong><\/h3><\/h4><\/div><div class=\"fusion-clearfix\"><\/div>\n\n\t\t\t\t\t<\/div>\n\t\t\t\t<\/div><div  class=\"fusion-layout-column fusion_builder_column fusion_builder_column_1_1  fusion-one-full fusion-column-first fusion-column-last 1_1\"  style='margin-top:0px;margin-bottom:20px;'>\n\t\t\t\t\t<div class=\"fusion-column-wrapper\" style=\"padding: 0px 0px 0px 0px;background-position:left top;background-repeat:no-repeat;-webkit-background-size:cover;-moz-background-size:cover;-o-background-size:cover;background-size:cover;\"  data-bg-url=\"\">\n\t\t\t\t\t\t<div class=\"imageframe-align-center\"><span class=\"fusion-imageframe imageframe-none imageframe-1 hover-type-none\"><img fetchpriority=\"high\" fetchpriority=\"high\" decoding=\"async\" src=\"https:\/\/www.tecma-tecnologia.com.br\/web\/wp-content\/uploads\/2018\/12\/toxicidade.png\" width=\"1500\" height=\"500\" alt=\"\" title=\"TOXICIDADE\" class=\"img-responsive wp-image-1236\" srcset=\"https:\/\/www.tecma-tecnologia.com.br\/web\/wp-content\/uploads\/2018\/12\/toxicidade-200x67.png 200w, https:\/\/www.tecma-tecnologia.com.br\/web\/wp-content\/uploads\/2018\/12\/toxicidade-400x133.png 400w, https:\/\/www.tecma-tecnologia.com.br\/web\/wp-content\/uploads\/2018\/12\/toxicidade-600x200.png 600w, https:\/\/www.tecma-tecnologia.com.br\/web\/wp-content\/uploads\/2018\/12\/toxicidade-800x267.png 800w, https:\/\/www.tecma-tecnologia.com.br\/web\/wp-content\/uploads\/2018\/12\/toxicidade-1200x400.png 1200w, https:\/\/www.tecma-tecnologia.com.br\/web\/wp-content\/uploads\/2018\/12\/toxicidade.png 1500w\" sizes=\"(max-width: 800px) 100vw, 1200px\" \/><\/span><\/div><div class=\"fusion-clearfix\"><\/div>\n\n\t\t\t\t\t<\/div>\n\t\t\t\t<\/div><\/div><\/div><div class=\"fusion-fullwidth fullwidth-box nonhundred-percent-fullwidth non-hundred-percent-height-scrolling\"  style='background-color: rgba(255,255,255,0);background-position: center center;background-repeat: no-repeat;padding-top:0px;padding-right:0px;padding-bottom:0px;padding-left:0px;'><div class=\"fusion-builder-row fusion-row \"><div  class=\"fusion-layout-column fusion_builder_column fusion_builder_column_3_4  fusion-three-fourth fusion-column-first 3_4\"  style='margin-top:0px;margin-bottom:20px;width:75%;width:calc(75% - ( ( 4% ) * 0.75 ) );margin-right: 4%;'>\n\t\t\t\t\t<div class=\"fusion-column-wrapper\" style=\"padding: 0px 0px 0px 0px;background-position:left top;background-repeat:no-repeat;-webkit-background-size:cover;-moz-background-size:cover;-o-background-size:cover;background-size:cover;\"  data-bg-url=\"\">\n\t\t\t\t\t\t<div class=\"fusion-text\"><h4>Os ensaios de ecotoxicidade s\u00e3o fundamentais para identificar os efeitos e influ\u00eancias dos agentes t\u00f3xicos poluentes sobre quaisquer constituintes do ecossistema.<\/h4>\n<p>Os organismos mais usados nos ensaios de ecotoxicidade s\u00e3o os microcrust\u00e1ceos Daphnia magna, Daphina Similus, e a esp\u00e9cie de peixe Danio rerio e Vibrio fischeri .Quanto aos organismos utilizados para a realiza\u00e7\u00e3o dos testes de toxicidade, \u00e9 interessante utilizar organismos de v\u00e1rios n\u00edveis tr\u00f3ficos e desenvolver pesquisas para se chegar no organismo mais sens\u00edvel.<\/p>\n<p>A amostragem e os ensaios de toxicidade dever\u00e3o ser executados por laborat\u00f3rio credenciado utilizando-se de m\u00e9todos ABNT ou, na aus\u00eancia destes, de m\u00e9todos normalizados internacionais, em sua \u00faltima vers\u00e3o (ver tabela 1). Em caso de procedimento n\u00e3o normalizado, dever\u00e1 ser apresentada a valida\u00e7\u00e3o do m\u00e9todo ao \u00f3rg\u00e3o ambiental.<\/p>\n<p>NOP &#8211; INEA-008 \u21d2 &#8220;Segundo Tabela 1: ORGANISMOS-TESTE RECOMENDADOS PARA CONTROLE DA ECOTOXICIDADE AGUDA EM EFLUENTES L\u00cdQUIDOS INDUSTRIAIS E SANIT\u00c1RIOS&#8221;<\/p>\n\n<table id=\"tablepress-18\" class=\"tablepress tablepress-id-18\">\n<tbody class=\"row-hover\">\n<tr class=\"row-1 odd\">\n\t<td class=\"column-1\">-<\/td><td class=\"column-2\">Organismos teste<br \/>\n<\/td>\n<\/tr>\n<tr class=\"row-2 even\">\n\t<td class=\"column-1\">Efluentes com:<br \/>\na) Salinidade \u2264 a 0,5\u2030 ou<br \/>\nb) Condutividade \u2264 1066\u00b5S\/cm<\/td><td class=\"column-2\">Peixes (Danio rerio e Pimephales promenales),<br \/>\nCrust\u00e1ceos (Daphnia spp) e<br \/>\nBact\u00e9ria luminescente (Vibrio fischeri).<\/td>\n<\/tr>\n<tr class=\"row-3 odd\">\n\t<td class=\"column-1\">Efluentes com:<br \/>\na) Salinidade > a 0,5\u2030 ou<br \/>\nb) Condutividade > 1066\u00b5S\/cm<\/td><td class=\"column-2\">Crust\u00e1ceos Misideos (Mysidiopsis juniae e Mysidium gracile),<br \/>\nBact\u00e9ria luminescente (Vibrio fischeri),<br \/>\nCrustaceos Branchiopoda (Artemia sp).<\/td>\n<\/tr>\n<\/tbody>\n<\/table>\n<!-- #tablepress-18 from cache -->\n<p>A combina\u00e7\u00e3o de subst\u00e2ncias qu\u00edmicas \u00e9 muito mais t\u00f3xica para os organismos do que as mesmas subst\u00e2ncias aplicadas separadamente. Isto mostra a complexidade do efluente e como a combina\u00e7\u00e3o de compostos pode potencializar a toxicidade do efluente. Outras caracter\u00edsticas de efluentes causam preocupa\u00e7\u00f5es na altera\u00e7\u00e3o morfol\u00f3gica que ela pode causar nos peixes.<\/p>\n<p><img decoding=\"async\" class=\"alignnone size-full wp-image-1234\" src=\"https:\/\/www.tecma-tecnologia.com.br\/web\/wp-content\/uploads\/2018\/12\/ceua.png\" alt=\"\" width=\"1500\" height=\"500\" srcset=\"https:\/\/www.tecma-tecnologia.com.br\/web\/wp-content\/uploads\/2018\/12\/ceua-200x67.png 200w, https:\/\/www.tecma-tecnologia.com.br\/web\/wp-content\/uploads\/2018\/12\/ceua-300x100.png 300w, https:\/\/www.tecma-tecnologia.com.br\/web\/wp-content\/uploads\/2018\/12\/ceua-400x133.png 400w, https:\/\/www.tecma-tecnologia.com.br\/web\/wp-content\/uploads\/2018\/12\/ceua-600x200.png 600w, https:\/\/www.tecma-tecnologia.com.br\/web\/wp-content\/uploads\/2018\/12\/ceua-700x233.png 700w, https:\/\/www.tecma-tecnologia.com.br\/web\/wp-content\/uploads\/2018\/12\/ceua-768x256.png 768w, https:\/\/www.tecma-tecnologia.com.br\/web\/wp-content\/uploads\/2018\/12\/ceua-800x267.png 800w, https:\/\/www.tecma-tecnologia.com.br\/web\/wp-content\/uploads\/2018\/12\/ceua-1024x341.png 1024w, https:\/\/www.tecma-tecnologia.com.br\/web\/wp-content\/uploads\/2018\/12\/ceua-1200x400.png 1200w, https:\/\/www.tecma-tecnologia.com.br\/web\/wp-content\/uploads\/2018\/12\/ceua.png 1500w\" sizes=\"(max-width: 1500px) 100vw, 1500px\" \/><\/p>\n<p>Legisla\u00e7\u00f5es Pertinentes:<\/p>\n<ul>\n<li>Resolu\u00e7\u00e3o n\u00ba 454 do Conselho Nacional do Meio Ambiente (CONAMA)<\/li>\n<li>Resolu\u00e7\u00e3o n\u00ba 357 do CONAMA, de 17 de mar\u00e7o de 2005 (complementada e alterada pela Resolu\u00e7\u00e3o CONAMA n\u00ba 430\/2011 )<\/li>\n<li>Portaria Normativa n\u00ba 84, do Instituto Brasileiro do Meio Ambiente e dos Recursos Naturais Renov\u00e1veis (IBAMA)<\/li>\n<li>NOP &#8211; INEA-008 &#8211; Crit\u00e9rios e Padr\u00f5es para Controle da Ecotoxicidade Aguda em Efluentes L\u00edquidos, aprovada pela resolu\u00e7\u00e3o CONEMA N\u00ba86<\/li>\n<li>ABNT NBR 12713: 2016. Ecotoxicologia Aqu\u00e1tica \u2013 Toxicidade aguda: m\u00e9todo de ensaio com microcrust\u00e1ceo Daphnia spp.<\/li>\n<li>ABNT NBR 15088: 2016. Ecotoxicologia Aqu\u00e1tica \u2013 Toxicidade aguda: m\u00e9todo de ensaio com peixes.<\/li>\n<li>ABNT NBR 15308: 2017. Ecotoxicologia Aqu\u00e1tica \u2013 Toxicidade aguda: m\u00e9todo de ensaio com mis\u00eddeos (Crustacea).<\/li>\n<li>ABNT. NBR 15411-3: 2012. Ecotoxicologia Aqu\u00e1tica \u2013 Determina\u00e7\u00e3o do efeito inibit\u00f3rio de<br \/>\namostras aquosas sobre a emiss\u00e3o da bioluminesc\u00eancia de Vibrio fischeri (ensaio de bact\u00e9ria luminescente) Parte 3: M\u00e9todo utilizando bact\u00e9rias liofilizadas.<\/li>\n<li>ABNT NBR 16456:2016. Ecotoxicologia aqu\u00e1tica &#8211; M\u00e9todo de ensaio de curta dura\u00e7\u00e3o com embri\u00f5es de bivalves (Mollusca &#8211; Bivalvae).<\/li>\n<li>ABNT NBR 16530:2016. Ecotoxicologia aqu\u00e1tica &#8211; Toxicidade aguda &#8211; M\u00e9todo de ensaio com Artemia sp (Crustacea, Brachiopoda)<\/li>\n<\/ul>\n<div class=\"fusion-button-wrapper\"><style type=\"text\/css\" scoped=\"scoped\">.fusion-button.button-1 .fusion-button-text, .fusion-button.button-1 i {color:#ffffff;}.fusion-button.button-1 {border-width:0px;border-color:#ffffff;}.fusion-button.button-1 .fusion-button-icon-divider{border-color:#ffffff;}.fusion-button.button-1:hover .fusion-button-text, .fusion-button.button-1:hover i,.fusion-button.button-1:focus .fusion-button-text, .fusion-button.button-1:focus i,.fusion-button.button-1:active .fusion-button-text, .fusion-button.button-1:active{color:#25b6c3;}.fusion-button.button-1:hover, .fusion-button.button-1:focus, .fusion-button.button-1:active{border-width:0px;border-color:#25b6c3;}.fusion-button.button-1:hover .fusion-button-icon-divider, .fusion-button.button-1:hover .fusion-button-icon-divider, .fusion-button.button-1:active .fusion-button-icon-divider{border-color:#25b6c3;}.fusion-button.button-1{width:auto;}<\/style><a class=\"fusion-button button-flat fusion-button-round button-large button-default button-1\" target=\"_self\" href=\"https:\/\/www.tecma-tecnologia.com.br\/web\/pt\/laboratorio\/orcamentos\/\"><span class=\"fusion-button-text\">Entre em Contato<\/span><\/a><\/div>\n<\/div><div class=\"fusion-clearfix\"><\/div>\n\n\t\t\t\t\t<\/div>\n\t\t\t\t<\/div><div  class=\"fusion-layout-column fusion_builder_column fusion_builder_column_1_4  fusion-one-fourth fusion-column-last 1_4\"  style='margin-top:20px;margin-bottom:20px;width:25%;width:calc(25% - ( ( 4% ) * 0.25 ) );'>\n\t\t\t\t\t<div class=\"fusion-column-wrapper\" style=\"padding: 0px 0px 0px 0px;background-position:left top;background-repeat:no-repeat;-webkit-background-size:cover;-moz-background-size:cover;-o-background-size:cover;background-size:cover;\"  data-bg-url=\"\">\n\t\t\t\t\t\t<div class=\"fusion-widget-area fusion-widget-area-1 fusion-content-widget-area\"><style type=\"text\/css\" scoped=\"scoped\">.fusion-widget-area-1 {padding:0px 0px 0px 0px;}.fusion-widget-area-1 .widget h4 {color:#1eb4c2;}.fusion-widget-area-1 .widget .heading h4 {color:#1eb4c2;}<\/style><div id=\"nav_menu-11\" class=\"widget widget_nav_menu\"><div class=\"menu-servicos-laboratorio-container\"><ul id=\"menu-servicos-laboratorio\" class=\"menu\"><li id=\"menu-item-412\" class=\"menu-item menu-item-type-post_type menu-item-object-page menu-item-412\"><a href=\"https:\/\/www.tecma-tecnologia.com.br\/web\/laboratorio\/ensaios-ambientais\/amostragem\/\">AMOSTRAGEM<\/a><\/li>\n<li id=\"menu-item-815\" class=\"menu-item menu-item-type-post_type menu-item-object-page menu-item-815\"><a href=\"https:\/\/www.tecma-tecnologia.com.br\/web\/laboratorio\/ensaios-ambientais\/ensaios-microbiologicos\/\">ENSAIOS MICROBIOL\u00d3GICOS<\/a><\/li>\n<li id=\"menu-item-814\" class=\"menu-item menu-item-type-post_type menu-item-object-page menu-item-814\"><a href=\"https:\/\/www.tecma-tecnologia.com.br\/web\/laboratorio\/ensaios-ambientais\/ensaios-fisico-quimicos\/\">ENSAIOS F\u00cdSICO QU\u00cdMICOS<\/a><\/li>\n<li id=\"menu-item-813\" class=\"menu-item menu-item-type-post_type menu-item-object-page menu-item-813\"><a href=\"https:\/\/www.tecma-tecnologia.com.br\/web\/laboratorio\/ensaios-ambientais\/ecotoxicidade\/\">ENSAIOS ECOTOXICOL\u00d3GICOS<\/a><\/li>\n<li id=\"menu-item-812\" class=\"menu-item menu-item-type-post_type menu-item-object-page menu-item-812\"><a href=\"https:\/\/www.tecma-tecnologia.com.br\/web\/laboratorio\/ensaios-ambientais\/solos-e-residuos\/\">SOLOS E RES\u00cdDUOS<\/a><\/li>\n<li id=\"menu-item-811\" class=\"menu-item menu-item-type-post_type menu-item-object-page menu-item-811\"><a href=\"https:\/\/www.tecma-tecnologia.com.br\/web\/laboratorio\/ensaios-ambientais\/qualidade-do-ar\/\">AN\u00c1LISE DA QUALIDADE DO AR<\/a><\/li>\n<\/ul><\/div><\/div><div class=\"fusion-additional-widget-content\"><\/div><\/div><div class=\"fusion-clearfix\"><\/div>\n\n\t\t\t\t\t<\/div>\n\t\t\t\t<\/div><\/div><\/div><\/p>\n","protected":false},"excerpt":{"rendered":"","protected":false},"author":1,"featured_media":0,"parent":331,"menu_order":0,"comment_status":"closed","ping_status":"closed","template":"","meta":{"_mi_skip_tracking":false,"spay_email":"","footnotes":""},"class_list":["post-792","page","type-page","status-publish","hentry"],"yoast_head":"<!-- This site is optimized with the Yoast SEO plugin v20.2.1 - https:\/\/yoast.com\/wordpress\/plugins\/seo\/ -->\n<title>Ecotoxicidade - Laborat\u00f3rios Ambientais - TECMA Tecnologia<\/title>\n<meta name=\"description\" content=\"Os ensaios de ecotoxicidade s\u00e3o fundamentais para identificar os efeitos e influ\u00eancias dos agentes t\u00f3xicos poluentes nas \u00e1guas e nos efluentes tratados.\" \/>\n<meta name=\"robots\" content=\"index, follow, max-snippet:-1, max-image-preview:large, max-video-preview:-1\" \/>\n<link rel=\"canonical\" href=\"https:\/\/www.tecma-tecnologia.com.br\/web\/laboratorio\/ensaios-ambientais\/ecotoxicidade\/\" \/>\n<meta property=\"og:locale\" content=\"pt_BR\" \/>\n<meta property=\"og:type\" content=\"article\" \/>\n<meta property=\"og:title\" content=\"Ecotoxicidade - Laborat\u00f3rios Ambientais - TECMA Tecnologia\" \/>\n<meta property=\"og:description\" content=\"Os ensaios de ecotoxicidade s\u00e3o fundamentais para identificar os efeitos e influ\u00eancias dos agentes t\u00f3xicos poluentes nas \u00e1guas e nos efluentes tratados.\" \/>\n<meta property=\"og:url\" content=\"https:\/\/www.tecma-tecnologia.com.br\/web\/laboratorio\/ensaios-ambientais\/ecotoxicidade\/\" \/>\n<meta property=\"og:site_name\" content=\"TECMA Tecnologia\" \/>\n<meta property=\"article:modified_time\" content=\"2019-12-26T20:59:48+00:00\" \/>\n<meta property=\"og:image\" content=\"https:\/\/www.tecma-tecnologia.com.br\/web\/wp-content\/uploads\/2018\/12\/ceua.png\" \/>\n<meta name=\"twitter:card\" content=\"summary_large_image\" \/>\n<meta name=\"twitter:label1\" content=\"Est. tempo de leitura\" \/>\n\t<meta name=\"twitter:data1\" content=\"6 minutos\" \/>\n<script type=\"application\/ld+json\" class=\"yoast-schema-graph\">{\"@context\":\"https:\/\/schema.org\",\"@graph\":[{\"@type\":\"WebPage\",\"@id\":\"https:\/\/www.tecma-tecnologia.com.br\/web\/laboratorio\/ensaios-ambientais\/ecotoxicidade\/\",\"url\":\"https:\/\/www.tecma-tecnologia.com.br\/web\/laboratorio\/ensaios-ambientais\/ecotoxicidade\/\",\"name\":\"Ecotoxicidade - Laborat\u00f3rios Ambientais - TECMA Tecnologia\",\"isPartOf\":{\"@id\":\"https:\/\/www.tecma-tecnologia.com.br\/web\/#website\"},\"datePublished\":\"2018-10-25T21:54:05+00:00\",\"dateModified\":\"2019-12-26T20:59:48+00:00\",\"description\":\"Os ensaios de ecotoxicidade s\u00e3o fundamentais para identificar os efeitos e influ\u00eancias dos agentes t\u00f3xicos poluentes nas \u00e1guas e nos efluentes tratados.\",\"breadcrumb\":{\"@id\":\"https:\/\/www.tecma-tecnologia.com.br\/web\/laboratorio\/ensaios-ambientais\/ecotoxicidade\/#breadcrumb\"},\"inLanguage\":\"pt-BR\",\"potentialAction\":[{\"@type\":\"ReadAction\",\"target\":[\"https:\/\/www.tecma-tecnologia.com.br\/web\/laboratorio\/ensaios-ambientais\/ecotoxicidade\/\"]}]},{\"@type\":\"BreadcrumbList\",\"@id\":\"https:\/\/www.tecma-tecnologia.com.br\/web\/laboratorio\/ensaios-ambientais\/ecotoxicidade\/#breadcrumb\",\"itemListElement\":[{\"@type\":\"ListItem\",\"position\":1,\"name\":\"Home\",\"item\":\"https:\/\/www.tecma-tecnologia.com.br\/web\/\"},{\"@type\":\"ListItem\",\"position\":2,\"name\":\"Laborat\u00f3rio\",\"item\":\"https:\/\/www.tecma-tecnologia.com.br\/web\/laboratorio\/\"},{\"@type\":\"ListItem\",\"position\":3,\"name\":\"Ensaios Ambientais\",\"item\":\"https:\/\/www.tecma-tecnologia.com.br\/web\/laboratorio\/ensaios-ambientais\/\"},{\"@type\":\"ListItem\",\"position\":4,\"name\":\"Ecotoxicidade\"}]},{\"@type\":\"WebSite\",\"@id\":\"https:\/\/www.tecma-tecnologia.com.br\/web\/#website\",\"url\":\"https:\/\/www.tecma-tecnologia.com.br\/web\/\",\"name\":\"TECMA Tecnologia\",\"description\":\"\",\"potentialAction\":[{\"@type\":\"SearchAction\",\"target\":{\"@type\":\"EntryPoint\",\"urlTemplate\":\"https:\/\/www.tecma-tecnologia.com.br\/web\/?s={search_term_string}\"},\"query-input\":\"required name=search_term_string\"}],\"inLanguage\":\"pt-BR\"}]}<\/script>\n<!-- \/ Yoast SEO plugin. -->","yoast_head_json":{"title":"Ecotoxicidade - Laborat\u00f3rios Ambientais - TECMA Tecnologia","description":"Os ensaios de ecotoxicidade s\u00e3o fundamentais para identificar os efeitos e influ\u00eancias dos agentes t\u00f3xicos poluentes nas \u00e1guas e nos efluentes tratados.","robots":{"index":"index","follow":"follow","max-snippet":"max-snippet:-1","max-image-preview":"max-image-preview:large","max-video-preview":"max-video-preview:-1"},"canonical":"https:\/\/www.tecma-tecnologia.com.br\/web\/laboratorio\/ensaios-ambientais\/ecotoxicidade\/","og_locale":"pt_BR","og_type":"article","og_title":"Ecotoxicidade - Laborat\u00f3rios Ambientais - TECMA Tecnologia","og_description":"Os ensaios de ecotoxicidade s\u00e3o fundamentais para identificar os efeitos e influ\u00eancias dos agentes t\u00f3xicos poluentes nas \u00e1guas e nos efluentes tratados.","og_url":"https:\/\/www.tecma-tecnologia.com.br\/web\/laboratorio\/ensaios-ambientais\/ecotoxicidade\/","og_site_name":"TECMA Tecnologia","article_modified_time":"2019-12-26T20:59:48+00:00","og_image":[{"url":"https:\/\/www.tecma-tecnologia.com.br\/web\/wp-content\/uploads\/2018\/12\/ceua.png"}],"twitter_card":"summary_large_image","twitter_misc":{"Est. tempo de leitura":"6 minutos"},"schema":{"@context":"https:\/\/schema.org","@graph":[{"@type":"WebPage","@id":"https:\/\/www.tecma-tecnologia.com.br\/web\/laboratorio\/ensaios-ambientais\/ecotoxicidade\/","url":"https:\/\/www.tecma-tecnologia.com.br\/web\/laboratorio\/ensaios-ambientais\/ecotoxicidade\/","name":"Ecotoxicidade - Laborat\u00f3rios Ambientais - TECMA Tecnologia","isPartOf":{"@id":"https:\/\/www.tecma-tecnologia.com.br\/web\/#website"},"datePublished":"2018-10-25T21:54:05+00:00","dateModified":"2019-12-26T20:59:48+00:00","description":"Os ensaios de ecotoxicidade s\u00e3o fundamentais para identificar os efeitos e influ\u00eancias dos agentes t\u00f3xicos poluentes nas \u00e1guas e nos efluentes tratados.","breadcrumb":{"@id":"https:\/\/www.tecma-tecnologia.com.br\/web\/laboratorio\/ensaios-ambientais\/ecotoxicidade\/#breadcrumb"},"inLanguage":"pt-BR","potentialAction":[{"@type":"ReadAction","target":["https:\/\/www.tecma-tecnologia.com.br\/web\/laboratorio\/ensaios-ambientais\/ecotoxicidade\/"]}]},{"@type":"BreadcrumbList","@id":"https:\/\/www.tecma-tecnologia.com.br\/web\/laboratorio\/ensaios-ambientais\/ecotoxicidade\/#breadcrumb","itemListElement":[{"@type":"ListItem","position":1,"name":"Home","item":"https:\/\/www.tecma-tecnologia.com.br\/web\/"},{"@type":"ListItem","position":2,"name":"Laborat\u00f3rio","item":"https:\/\/www.tecma-tecnologia.com.br\/web\/laboratorio\/"},{"@type":"ListItem","position":3,"name":"Ensaios Ambientais","item":"https:\/\/www.tecma-tecnologia.com.br\/web\/laboratorio\/ensaios-ambientais\/"},{"@type":"ListItem","position":4,"name":"Ecotoxicidade"}]},{"@type":"WebSite","@id":"https:\/\/www.tecma-tecnologia.com.br\/web\/#website","url":"https:\/\/www.tecma-tecnologia.com.br\/web\/","name":"TECMA Tecnologia","description":"","potentialAction":[{"@type":"SearchAction","target":{"@type":"EntryPoint","urlTemplate":"https:\/\/www.tecma-tecnologia.com.br\/web\/?s={search_term_string}"},"query-input":"required name=search_term_string"}],"inLanguage":"pt-BR"}]}},"_links":{"self":[{"href":"https:\/\/www.tecma-tecnologia.com.br\/web\/wp-json\/wp\/v2\/pages\/792","targetHints":{"allow":["GET"]}}],"collection":[{"href":"https:\/\/www.tecma-tecnologia.com.br\/web\/wp-json\/wp\/v2\/pages"}],"about":[{"href":"https:\/\/www.tecma-tecnologia.com.br\/web\/wp-json\/wp\/v2\/types\/page"}],"author":[{"embeddable":true,"href":"https:\/\/www.tecma-tecnologia.com.br\/web\/wp-json\/wp\/v2\/users\/1"}],"replies":[{"embeddable":true,"href":"https:\/\/www.tecma-tecnologia.com.br\/web\/wp-json\/wp\/v2\/comments?post=792"}],"version-history":[{"count":2,"href":"https:\/\/www.tecma-tecnologia.com.br\/web\/wp-json\/wp\/v2\/pages\/792\/revisions"}],"predecessor-version":[{"id":3346,"href":"https:\/\/www.tecma-tecnologia.com.br\/web\/wp-json\/wp\/v2\/pages\/792\/revisions\/3346"}],"up":[{"embeddable":true,"href":"https:\/\/www.tecma-tecnologia.com.br\/web\/wp-json\/wp\/v2\/pages\/331"}],"wp:attachment":[{"href":"https:\/\/www.tecma-tecnologia.com.br\/web\/wp-json\/wp\/v2\/media?parent=792"}],"curies":[{"name":"wp","href":"https:\/\/api.w.org\/{rel}","templated":true}]}}