{"id":772,"date":"2018-10-25T18:24:06","date_gmt":"2018-10-25T21:24:06","guid":{"rendered":"http:\/\/www.tecma-tecnologia.com.br\/web\/?page_id=772"},"modified":"2019-12-27T15:07:11","modified_gmt":"2019-12-27T18:07:11","slug":"consultorias-ambientais","status":"publish","type":"page","link":"https:\/\/www.tecma-tecnologia.com.br\/web\/laboratorio\/segmentos-da-industria\/consultorias-ambientais\/","title":{"rendered":"Consultorias Ambientais"},"content":{"rendered":"<p><div class=\"fusion-fullwidth fullwidth-box nonhundred-percent-fullwidth non-hundred-percent-height-scrolling\"  style='background-color: rgba(255,255,255,0);background-position: center center;background-repeat: no-repeat;padding-top:0px;padding-right:0px;padding-bottom:0px;padding-left:0px;'><div class=\"fusion-builder-row fusion-row \"><div  class=\"fusion-layout-column fusion_builder_column fusion_builder_column_1_1  fusion-one-full fusion-column-first fusion-column-last 1_1\"  style='margin-top:0px;margin-bottom:0px;'>\n\t\t\t\t\t<div class=\"fusion-column-wrapper\" style=\"padding: 15px 0px 0px 0px;background-position:left top;background-repeat:no-repeat;-webkit-background-size:cover;-moz-background-size:cover;-o-background-size:cover;background-size:cover;\"  data-bg-url=\"\">\n\t\t\t\t\t\t<div class=\"fusion-title title fusion-sep-none fusion-title-size-four\" style=\"margin-top:0px;margin-bottom:31px;\"><h4 class=\"title-heading-left\"><h3 style=\"text-align: left;\"><strong>CONSULTORIAS AMBIENTAIS<\/strong><\/h3><\/h4><\/div><div class=\"fusion-clearfix\"><\/div>\n\n\t\t\t\t\t<\/div>\n\t\t\t\t<\/div><div  class=\"fusion-layout-column fusion_builder_column fusion_builder_column_1_1  fusion-one-full fusion-column-first fusion-column-last 1_1\"  style='margin-top:0px;margin-bottom:20px;'>\n\t\t\t\t\t<div class=\"fusion-column-wrapper\" style=\"padding: 0px 0px 0px 0px;background-position:left top;background-repeat:no-repeat;-webkit-background-size:cover;-moz-background-size:cover;-o-background-size:cover;background-size:cover;\"  data-bg-url=\"\">\n\t\t\t\t\t\t<div class=\"imageframe-align-center\"><span class=\"fusion-imageframe imageframe-none imageframe-1 hover-type-none\"><img fetchpriority=\"high\" fetchpriority=\"high\" decoding=\"async\" src=\"https:\/\/www.tecma-tecnologia.com.br\/web\/wp-content\/uploads\/2018\/07\/industriais.jpg\" width=\"835\" height=\"277\" alt=\"Industriais\" title=\"industriais\" class=\"img-responsive wp-image-416\" srcset=\"https:\/\/www.tecma-tecnologia.com.br\/web\/wp-content\/uploads\/2018\/07\/industriais-200x66.jpg 200w, https:\/\/www.tecma-tecnologia.com.br\/web\/wp-content\/uploads\/2018\/07\/industriais-400x133.jpg 400w, https:\/\/www.tecma-tecnologia.com.br\/web\/wp-content\/uploads\/2018\/07\/industriais-600x199.jpg 600w, https:\/\/www.tecma-tecnologia.com.br\/web\/wp-content\/uploads\/2018\/07\/industriais-800x265.jpg 800w, https:\/\/www.tecma-tecnologia.com.br\/web\/wp-content\/uploads\/2018\/07\/industriais.jpg 835w\" sizes=\"(max-width: 800px) 100vw, 835px\" \/><\/span><\/div><div class=\"fusion-clearfix\"><\/div>\n\n\t\t\t\t\t<\/div>\n\t\t\t\t<\/div><\/div><\/div><div class=\"fusion-fullwidth fullwidth-box nonhundred-percent-fullwidth non-hundred-percent-height-scrolling\"  style='background-color: rgba(255,255,255,0);background-position: center center;background-repeat: no-repeat;padding-top:0px;padding-right:0px;padding-bottom:0px;padding-left:0px;'><div class=\"fusion-builder-row fusion-row \"><div  class=\"fusion-layout-column fusion_builder_column fusion_builder_column_3_4  fusion-three-fourth fusion-column-first 3_4\"  style='margin-top:0px;margin-bottom:20px;width:75%;width:calc(75% - ( ( 4% ) * 0.75 ) );margin-right: 4%;'>\n\t\t\t\t\t<div class=\"fusion-column-wrapper\" style=\"padding: 0px 0px 0px 0px;background-position:left top;background-repeat:no-repeat;-webkit-background-size:cover;-moz-background-size:cover;-o-background-size:cover;background-size:cover;\"  data-bg-url=\"\">\n\t\t\t\t\t\t<div class=\"fusion-text\"><h4><span style=\"vertical-align: inherit;\"><span style=\"vertical-align: inherit;\">A TECMA Tecnologia em Meio Ambiente foi fundada em 1986 e oferece uma grande experi\u00eancia no ramos de Consultorias Ambientais utilizando profissionais de diversas \u00e1reas, disponibilizando seus laborat\u00f3rios para Estudos, Diagn\u00f3sticos, Relat\u00f3rios e Auditoriais Ambientais.\u00a0<\/span><\/span><\/h4>\n<p>Os laborat\u00f3rios da <strong>TECMA<\/strong> complementam a realiza\u00e7\u00e3o de Auditorias Ambientais,\u00a0 EIA\/RIMA,\u00a0 Estudos de Tratabilidade, Diagn\u00f3sticos Ambientais, Per\u00edcia Ambiental, Assessoria Jur\u00eddica Ambiental, Avalia\u00e7\u00e3o de Solos Contaminados, Gerenciamento de Res\u00edduos S\u00f3lidos, Gerenciamento de Risco dentre outros trabalhos complementares aos ensaios anal\u00edticos ambientais.<\/p>\n<p>Contamos com uma equipe profissionais das \u00e1reas de engenharia civil, engenharia mec\u00e2nica, engenharia qu\u00edmica, qu\u00edmica, bi\u00f3logos e geoqu\u00edmicos para a realiza\u00e7\u00e3o de diversas auditorias com foco na \u00e1rea ambiental.Trabalhamos duro para fornecer aos nossos clientes servi\u00e7os ambientais abrangentes, mantendo um perfil inteligente e de baixo custo para a estrutura de neg\u00f3cios. A TECMA, desde 1986 vem estabelecendo confian\u00e7a nos mais diversos setores da ind\u00fastria e aprimorando e complementando os servi\u00e7os ambientais que prestamos aos clientes.<\/p>\n<p>Conhe\u00e7a um pouco mais sobre os <a href=\"https:\/\/www.tecma-tecnologia.com.br\/web\/laboratorio\/segmentos-da-industria\/\">segmentos da ind\u00fastria<\/a> que a TECMA atua.<\/p>\n<p>Acreditamos que a \u00e1rea ambiental necessita de uma grande variedade de profissionais t\u00e9cnicos e que o suporte laboratorial seja de extrema relev\u00e2ncia para unificar a responsabilidade e validar todos os estudos e diagn\u00f3sticos referente a Consultoria T\u00e9cnica.<\/p>\n<h4>Sigam a <a href=\"https:\/\/www.tecma-tecnologia.com.br\/web\/\">TECMA<\/a> em todas as nossas plataformas<\/h4>\n<p><a href=\"https:\/\/www.instagram.com\/tecmatecnologia\/\">INSTAGRAM TECMA<\/a><\/p>\n<p><a href=\"https:\/\/web.facebook.com\/tecmatecnologia\/?_rdc=1&amp;_rdr\">FACEBOOK TECMA<\/a><\/p>\n<p><a href=\"https:\/\/www.linkedin.com\/company\/934510\/\">LINKEDIN TECMA<\/a><\/p>\n<\/div><div class=\"fusion-clearfix\"><\/div>\n\n\t\t\t\t\t<\/div>\n\t\t\t\t<\/div><div  class=\"fusion-layout-column fusion_builder_column fusion_builder_column_1_4  fusion-one-fourth fusion-column-last 1_4\"  style='margin-top:20px;margin-bottom:20px;width:25%;width:calc(25% - ( ( 4% ) * 0.25 ) );'>\n\t\t\t\t\t<div class=\"fusion-column-wrapper\" style=\"padding: 0px 0px 0px 0px;background-position:left top;background-repeat:no-repeat;-webkit-background-size:cover;-moz-background-size:cover;-o-background-size:cover;background-size:cover;\"  data-bg-url=\"\">\n\t\t\t\t\t\t<div class=\"fusion-widget-area fusion-widget-area-1 fusion-content-widget-area\"><style type=\"text\/css\" scoped=\"scoped\">.fusion-widget-area-1 {padding:0px 0px 0px 0px;}.fusion-widget-area-1 .widget h4 {color:#1eb4c2;}.fusion-widget-area-1 .widget .heading h4 {color:#1eb4c2;}<\/style><div id=\"nav_menu-12\" class=\"widget widget_nav_menu\"><div class=\"menu-segmentos-da-industria-laboratorio-container\"><ul id=\"menu-segmentos-da-industria-laboratorio\" class=\"menu\"><li id=\"menu-item-429\" class=\"menu-item menu-item-type-post_type menu-item-object-page menu-item-429\"><a href=\"https:\/\/www.tecma-tecnologia.com.br\/web\/laboratorio\/segmentos-da-industria\/solucoes-para-industrias\/\">INDUSTRIAIS<\/a><\/li>\n<li id=\"menu-item-771\" class=\"menu-item menu-item-type-post_type menu-item-object-page menu-item-771\"><a href=\"https:\/\/www.tecma-tecnologia.com.br\/web\/laboratorio\/segmentos-da-industria\/analises-ambientais-para-area-da-saude\/\">SA\u00daDE<\/a><\/li>\n<li id=\"menu-item-770\" class=\"menu-item menu-item-type-post_type menu-item-object-page menu-item-770\"><a href=\"https:\/\/www.tecma-tecnologia.com.br\/web\/laboratorio\/segmentos-da-industria\/seguranca-ocupacional\/\">SEGURAN\u00c7A OCUPACIONAL<\/a><\/li>\n<li id=\"menu-item-769\" class=\"menu-item menu-item-type-post_type menu-item-object-page menu-item-769\"><a href=\"https:\/\/www.tecma-tecnologia.com.br\/web\/laboratorio\/segmentos-da-industria\/shoppings\/\">SHOPPINGS<\/a><\/li>\n<li id=\"menu-item-768\" class=\"menu-item menu-item-type-post_type menu-item-object-page menu-item-768\"><a href=\"https:\/\/www.tecma-tecnologia.com.br\/web\/laboratorio\/segmentos-da-industria\/hoteis-meio-ambiente\/\">HOT\u00c9IS<\/a><\/li>\n<li id=\"menu-item-767\" class=\"menu-item menu-item-type-post_type menu-item-object-page menu-item-767\"><a href=\"https:\/\/www.tecma-tecnologia.com.br\/web\/laboratorio\/segmentos-da-industria\/aterros-sanitarios\/\">ATERROS SANIT\u00c1RIOS<\/a><\/li>\n<li id=\"menu-item-766\" class=\"menu-item menu-item-type-post_type menu-item-object-page menu-item-766\"><a href=\"https:\/\/www.tecma-tecnologia.com.br\/web\/laboratorio\/segmentos-da-industria\/agua-para-amassamento-de-concreto\/\">CONSTRU\u00c7\u00c3O CIVIL<\/a><\/li>\n<li id=\"menu-item-774\" class=\"menu-item menu-item-type-post_type menu-item-object-page menu-item-774\"><a href=\"https:\/\/www.tecma-tecnologia.com.br\/web\/laboratorio\/segmentos-da-industria\/consultorias-ambientais\/\">CONSULTORIAS AMBIENTAIS<\/a><\/li>\n<li id=\"menu-item-765\" class=\"menu-item menu-item-type-post_type menu-item-object-page menu-item-765\"><a href=\"https:\/\/www.tecma-tecnologia.com.br\/web\/laboratorio\/segmentos-da-industria\/solucoes-ambientais-prefeituras\/\">GEST\u00c3O P\u00daBLICA<\/a><\/li>\n<\/ul><\/div><\/div><div class=\"fusion-additional-widget-content\"><\/div><\/div><div class=\"fusion-clearfix\"><\/div>\n\n\t\t\t\t\t<\/div>\n\t\t\t\t<\/div><\/div><\/div><\/p>\n","protected":false},"excerpt":{"rendered":"","protected":false},"author":1,"featured_media":0,"parent":354,"menu_order":0,"comment_status":"closed","ping_status":"closed","template":"","meta":{"_mi_skip_tracking":false,"spay_email":"","footnotes":""},"class_list":["post-772","page","type-page","status-publish","hentry"],"yoast_head":"<!-- This site is optimized with the Yoast SEO plugin v20.2.1 - https:\/\/yoast.com\/wordpress\/plugins\/seo\/ -->\n<title>Consultorias Ambientais, Engenharia Ambiental | TECMA TECNOLOGIA<\/title>\n<meta name=\"description\" content=\"A TECMA realiza Consultorias Ambientais com profissionais de diversas \u00e1reas, disponibilizando seus laborat\u00f3rios para estudos e diagn\u00f3sticos ambientais.\u00a0\" \/>\n<meta name=\"robots\" content=\"index, follow, max-snippet:-1, max-image-preview:large, max-video-preview:-1\" \/>\n<link rel=\"canonical\" href=\"https:\/\/www.tecma-tecnologia.com.br\/web\/laboratorio\/segmentos-da-industria\/consultorias-ambientais\/\" \/>\n<meta property=\"og:locale\" content=\"pt_BR\" \/>\n<meta property=\"og:type\" content=\"article\" \/>\n<meta property=\"og:title\" content=\"Consultorias Ambientais, Engenharia Ambiental | TECMA TECNOLOGIA\" \/>\n<meta property=\"og:description\" content=\"A TECMA realiza Consultorias Ambientais com profissionais de diversas \u00e1reas, disponibilizando seus laborat\u00f3rios para estudos e diagn\u00f3sticos ambientais.\u00a0\" \/>\n<meta property=\"og:url\" content=\"https:\/\/www.tecma-tecnologia.com.br\/web\/laboratorio\/segmentos-da-industria\/consultorias-ambientais\/\" \/>\n<meta property=\"og:site_name\" content=\"TECMA Tecnologia\" \/>\n<meta property=\"article:modified_time\" content=\"2019-12-27T18:07:11+00:00\" \/>\n<meta name=\"twitter:card\" content=\"summary_large_image\" \/>\n<meta name=\"twitter:label1\" content=\"Est. tempo de leitura\" \/>\n\t<meta name=\"twitter:data1\" content=\"4 minutos\" \/>\n<script type=\"application\/ld+json\" class=\"yoast-schema-graph\">{\"@context\":\"https:\/\/schema.org\",\"@graph\":[{\"@type\":\"WebPage\",\"@id\":\"https:\/\/www.tecma-tecnologia.com.br\/web\/laboratorio\/segmentos-da-industria\/consultorias-ambientais\/\",\"url\":\"https:\/\/www.tecma-tecnologia.com.br\/web\/laboratorio\/segmentos-da-industria\/consultorias-ambientais\/\",\"name\":\"Consultorias Ambientais, Engenharia Ambiental | TECMA TECNOLOGIA\",\"isPartOf\":{\"@id\":\"https:\/\/www.tecma-tecnologia.com.br\/web\/#website\"},\"datePublished\":\"2018-10-25T21:24:06+00:00\",\"dateModified\":\"2019-12-27T18:07:11+00:00\",\"description\":\"A TECMA realiza Consultorias Ambientais com profissionais de diversas \u00e1reas, disponibilizando seus laborat\u00f3rios para estudos e diagn\u00f3sticos ambientais.\u00a0\",\"breadcrumb\":{\"@id\":\"https:\/\/www.tecma-tecnologia.com.br\/web\/laboratorio\/segmentos-da-industria\/consultorias-ambientais\/#breadcrumb\"},\"inLanguage\":\"pt-BR\",\"potentialAction\":[{\"@type\":\"ReadAction\",\"target\":[\"https:\/\/www.tecma-tecnologia.com.br\/web\/laboratorio\/segmentos-da-industria\/consultorias-ambientais\/\"]}]},{\"@type\":\"BreadcrumbList\",\"@id\":\"https:\/\/www.tecma-tecnologia.com.br\/web\/laboratorio\/segmentos-da-industria\/consultorias-ambientais\/#breadcrumb\",\"itemListElement\":[{\"@type\":\"ListItem\",\"position\":1,\"name\":\"Home\",\"item\":\"https:\/\/www.tecma-tecnologia.com.br\/web\/\"},{\"@type\":\"ListItem\",\"position\":2,\"name\":\"Laborat\u00f3rio\",\"item\":\"https:\/\/www.tecma-tecnologia.com.br\/web\/laboratorio\/\"},{\"@type\":\"ListItem\",\"position\":3,\"name\":\"Segmentos da Ind\u00fastria\",\"item\":\"https:\/\/www.tecma-tecnologia.com.br\/web\/laboratorio\/segmentos-da-industria\/\"},{\"@type\":\"ListItem\",\"position\":4,\"name\":\"Consultorias Ambientais\"}]},{\"@type\":\"WebSite\",\"@id\":\"https:\/\/www.tecma-tecnologia.com.br\/web\/#website\",\"url\":\"https:\/\/www.tecma-tecnologia.com.br\/web\/\",\"name\":\"TECMA Tecnologia\",\"description\":\"\",\"potentialAction\":[{\"@type\":\"SearchAction\",\"target\":{\"@type\":\"EntryPoint\",\"urlTemplate\":\"https:\/\/www.tecma-tecnologia.com.br\/web\/?s={search_term_string}\"},\"query-input\":\"required name=search_term_string\"}],\"inLanguage\":\"pt-BR\"}]}<\/script>\n<!-- \/ Yoast SEO plugin. -->","yoast_head_json":{"title":"Consultorias Ambientais, Engenharia Ambiental | TECMA TECNOLOGIA","description":"A TECMA realiza Consultorias Ambientais com profissionais de diversas \u00e1reas, disponibilizando seus laborat\u00f3rios para estudos e diagn\u00f3sticos ambientais.\u00a0","robots":{"index":"index","follow":"follow","max-snippet":"max-snippet:-1","max-image-preview":"max-image-preview:large","max-video-preview":"max-video-preview:-1"},"canonical":"https:\/\/www.tecma-tecnologia.com.br\/web\/laboratorio\/segmentos-da-industria\/consultorias-ambientais\/","og_locale":"pt_BR","og_type":"article","og_title":"Consultorias Ambientais, Engenharia Ambiental | TECMA TECNOLOGIA","og_description":"A TECMA realiza Consultorias Ambientais com profissionais de diversas \u00e1reas, disponibilizando seus laborat\u00f3rios para estudos e diagn\u00f3sticos ambientais.\u00a0","og_url":"https:\/\/www.tecma-tecnologia.com.br\/web\/laboratorio\/segmentos-da-industria\/consultorias-ambientais\/","og_site_name":"TECMA Tecnologia","article_modified_time":"2019-12-27T18:07:11+00:00","twitter_card":"summary_large_image","twitter_misc":{"Est. tempo de leitura":"4 minutos"},"schema":{"@context":"https:\/\/schema.org","@graph":[{"@type":"WebPage","@id":"https:\/\/www.tecma-tecnologia.com.br\/web\/laboratorio\/segmentos-da-industria\/consultorias-ambientais\/","url":"https:\/\/www.tecma-tecnologia.com.br\/web\/laboratorio\/segmentos-da-industria\/consultorias-ambientais\/","name":"Consultorias Ambientais, Engenharia Ambiental | TECMA TECNOLOGIA","isPartOf":{"@id":"https:\/\/www.tecma-tecnologia.com.br\/web\/#website"},"datePublished":"2018-10-25T21:24:06+00:00","dateModified":"2019-12-27T18:07:11+00:00","description":"A TECMA realiza Consultorias Ambientais com profissionais de diversas \u00e1reas, disponibilizando seus laborat\u00f3rios para estudos e diagn\u00f3sticos ambientais.\u00a0","breadcrumb":{"@id":"https:\/\/www.tecma-tecnologia.com.br\/web\/laboratorio\/segmentos-da-industria\/consultorias-ambientais\/#breadcrumb"},"inLanguage":"pt-BR","potentialAction":[{"@type":"ReadAction","target":["https:\/\/www.tecma-tecnologia.com.br\/web\/laboratorio\/segmentos-da-industria\/consultorias-ambientais\/"]}]},{"@type":"BreadcrumbList","@id":"https:\/\/www.tecma-tecnologia.com.br\/web\/laboratorio\/segmentos-da-industria\/consultorias-ambientais\/#breadcrumb","itemListElement":[{"@type":"ListItem","position":1,"name":"Home","item":"https:\/\/www.tecma-tecnologia.com.br\/web\/"},{"@type":"ListItem","position":2,"name":"Laborat\u00f3rio","item":"https:\/\/www.tecma-tecnologia.com.br\/web\/laboratorio\/"},{"@type":"ListItem","position":3,"name":"Segmentos da Ind\u00fastria","item":"https:\/\/www.tecma-tecnologia.com.br\/web\/laboratorio\/segmentos-da-industria\/"},{"@type":"ListItem","position":4,"name":"Consultorias Ambientais"}]},{"@type":"WebSite","@id":"https:\/\/www.tecma-tecnologia.com.br\/web\/#website","url":"https:\/\/www.tecma-tecnologia.com.br\/web\/","name":"TECMA Tecnologia","description":"","potentialAction":[{"@type":"SearchAction","target":{"@type":"EntryPoint","urlTemplate":"https:\/\/www.tecma-tecnologia.com.br\/web\/?s={search_term_string}"},"query-input":"required name=search_term_string"}],"inLanguage":"pt-BR"}]}},"_links":{"self":[{"href":"https:\/\/www.tecma-tecnologia.com.br\/web\/wp-json\/wp\/v2\/pages\/772","targetHints":{"allow":["GET"]}}],"collection":[{"href":"https:\/\/www.tecma-tecnologia.com.br\/web\/wp-json\/wp\/v2\/pages"}],"about":[{"href":"https:\/\/www.tecma-tecnologia.com.br\/web\/wp-json\/wp\/v2\/types\/page"}],"author":[{"embeddable":true,"href":"https:\/\/www.tecma-tecnologia.com.br\/web\/wp-json\/wp\/v2\/users\/1"}],"replies":[{"embeddable":true,"href":"https:\/\/www.tecma-tecnologia.com.br\/web\/wp-json\/wp\/v2\/comments?post=772"}],"version-history":[{"count":5,"href":"https:\/\/www.tecma-tecnologia.com.br\/web\/wp-json\/wp\/v2\/pages\/772\/revisions"}],"predecessor-version":[{"id":3333,"href":"https:\/\/www.tecma-tecnologia.com.br\/web\/wp-json\/wp\/v2\/pages\/772\/revisions\/3333"}],"up":[{"embeddable":true,"href":"https:\/\/www.tecma-tecnologia.com.br\/web\/wp-json\/wp\/v2\/pages\/354"}],"wp:attachment":[{"href":"https:\/\/www.tecma-tecnologia.com.br\/web\/wp-json\/wp\/v2\/media?parent=772"}],"curies":[{"name":"wp","href":"https:\/\/api.w.org\/{rel}","templated":true}]}}