{"id":756,"date":"2018-10-25T18:14:06","date_gmt":"2018-10-25T21:14:06","guid":{"rendered":"http:\/\/www.tecma-tecnologia.com.br\/web\/?page_id=756"},"modified":"2019-12-26T18:25:14","modified_gmt":"2019-12-26T21:25:14","slug":"aterros-sanitarios","status":"publish","type":"page","link":"https:\/\/www.tecma-tecnologia.com.br\/web\/laboratorio\/segmentos-da-industria\/aterros-sanitarios\/","title":{"rendered":"Aterros Sanit\u00e1rios"},"content":{"rendered":"<p><div class=\"fusion-fullwidth fullwidth-box nonhundred-percent-fullwidth non-hundred-percent-height-scrolling\"  style='background-color: rgba(255,255,255,0);background-position: center center;background-repeat: no-repeat;padding-top:0px;padding-right:0px;padding-bottom:0px;padding-left:0px;'><div class=\"fusion-builder-row fusion-row \"><div  class=\"fusion-layout-column fusion_builder_column fusion_builder_column_1_1  fusion-one-full fusion-column-first fusion-column-last 1_1\"  style='margin-top:0px;margin-bottom:0px;'>\n\t\t\t\t\t<div class=\"fusion-column-wrapper\" style=\"padding: 15px 0px 0px 0px;background-position:left top;background-repeat:no-repeat;-webkit-background-size:cover;-moz-background-size:cover;-o-background-size:cover;background-size:cover;\"  data-bg-url=\"\">\n\t\t\t\t\t\t<div class=\"fusion-title title fusion-sep-none fusion-title-size-four\" style=\"margin-top:0px;margin-bottom:31px;\"><h4 class=\"title-heading-left\"><h3 style=\"text-align: left;\"><strong>ATERROS SANIT\u00c1RIOS<\/strong><\/h3><\/h4><\/div><div class=\"fusion-clearfix\"><\/div>\n\n\t\t\t\t\t<\/div>\n\t\t\t\t<\/div><div  class=\"fusion-layout-column fusion_builder_column fusion_builder_column_1_1  fusion-one-full fusion-column-first fusion-column-last 1_1\"  style='margin-top:0px;margin-bottom:20px;'>\n\t\t\t\t\t<div class=\"fusion-column-wrapper\" style=\"padding: 0px 0px 0px 0px;background-position:left top;background-repeat:no-repeat;-webkit-background-size:cover;-moz-background-size:cover;-o-background-size:cover;background-size:cover;\"  data-bg-url=\"\">\n\t\t\t\t\t\t<div class=\"imageframe-align-center\"><span class=\"fusion-imageframe imageframe-none imageframe-1 hover-type-none\"><img fetchpriority=\"high\" fetchpriority=\"high\" decoding=\"async\" src=\"https:\/\/www.tecma-tecnologia.com.br\/web\/wp-content\/uploads\/2018\/11\/sobre-nos.jpg\" width=\"3264\" height=\"1560\" alt=\"\" title=\"SOBRE N\u00d3S\" class=\"img-responsive wp-image-904\" srcset=\"https:\/\/www.tecma-tecnologia.com.br\/web\/wp-content\/uploads\/2018\/11\/sobre-nos-200x96.jpg 200w, https:\/\/www.tecma-tecnologia.com.br\/web\/wp-content\/uploads\/2018\/11\/sobre-nos-400x191.jpg 400w, https:\/\/www.tecma-tecnologia.com.br\/web\/wp-content\/uploads\/2018\/11\/sobre-nos-600x287.jpg 600w, https:\/\/www.tecma-tecnologia.com.br\/web\/wp-content\/uploads\/2018\/11\/sobre-nos-800x382.jpg 800w, https:\/\/www.tecma-tecnologia.com.br\/web\/wp-content\/uploads\/2018\/11\/sobre-nos-1200x574.jpg 1200w, https:\/\/www.tecma-tecnologia.com.br\/web\/wp-content\/uploads\/2018\/11\/sobre-nos.jpg 3264w\" sizes=\"(max-width: 800px) 100vw, 1200px\" \/><\/span><\/div><div class=\"fusion-clearfix\"><\/div>\n\n\t\t\t\t\t<\/div>\n\t\t\t\t<\/div><\/div><\/div><div class=\"fusion-fullwidth fullwidth-box nonhundred-percent-fullwidth non-hundred-percent-height-scrolling\"  style='background-color: rgba(255,255,255,0);background-position: center center;background-repeat: no-repeat;padding-top:0px;padding-right:0px;padding-bottom:0px;padding-left:0px;'><div class=\"fusion-builder-row fusion-row \"><div  class=\"fusion-layout-column fusion_builder_column fusion_builder_column_3_4  fusion-three-fourth fusion-column-first 3_4\"  style='margin-top:0px;margin-bottom:20px;width:75%;width:calc(75% - ( ( 4% ) * 0.75 ) );margin-right: 4%;'>\n\t\t\t\t\t<div class=\"fusion-column-wrapper\" style=\"padding: 0px 0px 0px 0px;background-position:left top;background-repeat:no-repeat;-webkit-background-size:cover;-moz-background-size:cover;-o-background-size:cover;background-size:cover;\"  data-bg-url=\"\">\n\t\t\t\t\t\t<div class=\"fusion-text\"><h4>AN\u00c1LISES AMBIENTAIS PARA ATERROS SANIT\u00c1RIOS<\/h4>\n<p><strong>MONITORAMENTO DOS EFLUENTES<\/strong><\/p>\n<p>Os efluentes gerados pelas Esta\u00e7\u00f5es de Tratamento de Chorume merecem bastante aten\u00e7\u00e3o nos descarte em corpos h\u00eddricos e em redes de esgoto da concession\u00e1ria, atendendo os limites de freq\u00fc\u00eancia dos mesmos. O monitoramento da qualidade dos lixiviados de aterros devem ser realizados atrav\u00e9s de f\u00edsicos e qu\u00edmicos e microbiol\u00f3gicos por laborat\u00f3rios de acordo com os requisitos do INMETRO de qualidade da ISO 17025.<\/p>\n<p><strong>Rio de Janeiro \u2013 INEA<\/strong><\/p>\n<ul>\n<li>DZ 215 \u2013 R-4 \u2013 Controle de carga org\u00e2nica em efluentes de origem sanit\u00e1ria<\/li>\n<li>DZ 205 \u2013 R-6 \u2013 Controle de carga org\u00e2nica em efluentes industriais<\/li>\n<li>202 \u2013 R-10 \u2013 Direitos e padr\u00f5es para lan\u00e7amento de efluentes l\u00edquidos<\/li>\n<li>NT 213 \u2013 R 4 \u2013 Padr\u00f5es para o controle da toxicidade em efluentes<\/li>\n<li>942.- R-7 \u2013 Programa de autocontrole de efluentes l\u00edquidos \u2013 \u00c1gua Procon<\/li>\n<\/ul>\n<p><strong>\u00a0<\/strong><strong>Clique <u>aqui<\/u> para saber mais sobre o monitoramento do PROCON \u00c1GUA \u2013 DZ 942.R-7 \u2013 Diretriz do Programa de Autocontrole de Efluentes L\u00edquidos<\/strong><\/p>\n<p><strong>\u00c1GUA POT\u00c1VEL (BEBEDOURO)<\/strong><\/p>\n<p>A \u00e1gua \u00e9 mantida pelas concession\u00e1rias e fica sujeita a mudan\u00e7as nos padr\u00f5es de potabilidade devido a longa dura\u00e7\u00e3o das redes de transporte at\u00e9 resid\u00eancias, condom\u00ednios, empresas e hospitais onde \u00e9 armazenada e consumida.<\/p>\n<p>Para avaliar a qualidade da \u00e1gua antes do consumo s\u00e3o experientes alguns ensaios:<\/p>\n<ul>\n<li>Ensaios microbiol\u00f3gicos<\/li>\n<li>Ensaios F\u00edsico-Qu\u00edmicos<\/li>\n<\/ul>\n<p><strong>Legisla\u00e7\u00e3o:<\/strong><\/p>\n<p>Portaria de Consolida\u00e7\u00e3o N\u00ba05 de 28\/09\/2017 \u2013 Consolida\u00e7\u00e3o das normas sobre a\u00e7\u00f5es e servi\u00e7os de sa\u00fade do sistema \u00fanico de sa\u00fade. ANEXO XX DO CONTROLE DA VIGIL\u00c2NCIA DA QUALIDADE DA \u00c1GUA PARA CONSUMO HUMANO E SEDE PADR\u00c3O DE POTABILIADE (Origem: PRT MS \/ GM 2914\/2011)<\/p>\n<p><strong>\u00c1GUA SUBTERR\u00c2NEA (PO\u00c7OS)<\/strong><\/p>\n<p>\u00c1gua, que \u00e9 um processo para a vida e para o consumo, higiene pessoal, prepara\u00e7\u00e3o de alimentos e aplica\u00e7\u00f5es industriais, por exemplo.<\/p>\n<ul>\n<li>Ensaios microbiol\u00f3gicos<\/li>\n<li>Ensaios F\u00edsico-Qu\u00edmicos<\/li>\n<\/ul>\n<p><strong>Legisla\u00e7\u00e3o:<\/strong><\/p>\n<p>Portaria de Consolida\u00e7\u00e3o N\u00ba05 de 28\/09\/2017\u00a0\u2013 Consolida\u00e7\u00e3o das normas sobre as a\u00e7\u00f5es e os servi\u00e7os de sa\u00fade do sistema \u00fanico de sa\u00fade. ANEXO XX DO CONTROLE DE DA VIGIL\u00c2NCIA DA QUALIDADE DA \u00c1GUA PARA CONSUMO HUMANO E SEU PADR\u00c3O DE POTABILIADE (Origem: PRT MS\/GM 2914\/2011)<\/p>\n<p>Decreto N\u00ba 12.486, de 20 de Outubro de 1978 \u2013 NTA 60 \u2013 Normas T\u00e9cnicas relativas a alimentos e bebidas<\/p>\n<p>Resolu\u00e7\u00e3o Conama 396 \u2013 Propriedades e condi\u00e7\u00f5es ambientais para o enquadramento das \u00e1guas e outras provid\u00eancias.<\/p>\n<p><strong>\u00c1GUA DE RE\u00daSO (FINS N\u00c3O POT\u00c1VEIS)<\/strong><\/p>\n<p>Alguns sistemas de tratamento de chorume pode utilizar membranas capazes de reutilizar a \u00e1gua na umidifica\u00e7\u00e3o das vias ou at\u00e9 para outros fins n\u00e3o pot\u00e1veis. A Classifica\u00e7\u00e3o da \u00e1gua pode ser realizada atrav\u00e9s de nossos laborat\u00f3rios norteando a possibilidade do re\u00faso.<\/p>\n<ul>\n<li>NBR 13969 -97<\/li>\n<li>Manual da ANA<\/li>\n<\/ul>\n<\/div><div class=\"fusion-clearfix\"><\/div>\n\n\t\t\t\t\t<\/div>\n\t\t\t\t<\/div><div  class=\"fusion-layout-column fusion_builder_column fusion_builder_column_1_4  fusion-one-fourth fusion-column-last 1_4\"  style='margin-top:20px;margin-bottom:20px;width:25%;width:calc(25% - ( ( 4% ) * 0.25 ) );'>\n\t\t\t\t\t<div class=\"fusion-column-wrapper\" style=\"padding: 0px 0px 0px 0px;background-position:left top;background-repeat:no-repeat;-webkit-background-size:cover;-moz-background-size:cover;-o-background-size:cover;background-size:cover;\"  data-bg-url=\"\">\n\t\t\t\t\t\t<div class=\"fusion-widget-area fusion-widget-area-1 fusion-content-widget-area\"><style type=\"text\/css\" scoped=\"scoped\">.fusion-widget-area-1 {padding:0px 0px 0px 0px;}.fusion-widget-area-1 .widget h4 {color:#1eb4c2;}.fusion-widget-area-1 .widget .heading h4 {color:#1eb4c2;}<\/style><div id=\"nav_menu-12\" class=\"widget widget_nav_menu\"><div class=\"menu-segmentos-da-industria-laboratorio-container\"><ul id=\"menu-segmentos-da-industria-laboratorio\" class=\"menu\"><li id=\"menu-item-429\" class=\"menu-item menu-item-type-post_type menu-item-object-page menu-item-429\"><a href=\"https:\/\/www.tecma-tecnologia.com.br\/web\/laboratorio\/segmentos-da-industria\/solucoes-para-industrias\/\">INDUSTRIAIS<\/a><\/li>\n<li id=\"menu-item-771\" class=\"menu-item menu-item-type-post_type menu-item-object-page menu-item-771\"><a href=\"https:\/\/www.tecma-tecnologia.com.br\/web\/laboratorio\/segmentos-da-industria\/analises-ambientais-para-area-da-saude\/\">SA\u00daDE<\/a><\/li>\n<li id=\"menu-item-770\" class=\"menu-item menu-item-type-post_type menu-item-object-page menu-item-770\"><a href=\"https:\/\/www.tecma-tecnologia.com.br\/web\/laboratorio\/segmentos-da-industria\/seguranca-ocupacional\/\">SEGURAN\u00c7A OCUPACIONAL<\/a><\/li>\n<li id=\"menu-item-769\" class=\"menu-item menu-item-type-post_type menu-item-object-page menu-item-769\"><a href=\"https:\/\/www.tecma-tecnologia.com.br\/web\/laboratorio\/segmentos-da-industria\/shoppings\/\">SHOPPINGS<\/a><\/li>\n<li id=\"menu-item-768\" class=\"menu-item menu-item-type-post_type menu-item-object-page menu-item-768\"><a href=\"https:\/\/www.tecma-tecnologia.com.br\/web\/laboratorio\/segmentos-da-industria\/hoteis-meio-ambiente\/\">HOT\u00c9IS<\/a><\/li>\n<li id=\"menu-item-767\" class=\"menu-item menu-item-type-post_type menu-item-object-page menu-item-767\"><a href=\"https:\/\/www.tecma-tecnologia.com.br\/web\/laboratorio\/segmentos-da-industria\/aterros-sanitarios\/\">ATERROS SANIT\u00c1RIOS<\/a><\/li>\n<li id=\"menu-item-766\" class=\"menu-item menu-item-type-post_type menu-item-object-page menu-item-766\"><a href=\"https:\/\/www.tecma-tecnologia.com.br\/web\/laboratorio\/segmentos-da-industria\/agua-para-amassamento-de-concreto\/\">CONSTRU\u00c7\u00c3O CIVIL<\/a><\/li>\n<li id=\"menu-item-774\" class=\"menu-item menu-item-type-post_type menu-item-object-page menu-item-774\"><a href=\"https:\/\/www.tecma-tecnologia.com.br\/web\/laboratorio\/segmentos-da-industria\/consultorias-ambientais\/\">CONSULTORIAS AMBIENTAIS<\/a><\/li>\n<li id=\"menu-item-765\" class=\"menu-item menu-item-type-post_type menu-item-object-page menu-item-765\"><a href=\"https:\/\/www.tecma-tecnologia.com.br\/web\/laboratorio\/segmentos-da-industria\/solucoes-ambientais-prefeituras\/\">GEST\u00c3O P\u00daBLICA<\/a><\/li>\n<\/ul><\/div><\/div><div class=\"fusion-additional-widget-content\"><\/div><\/div><div class=\"fusion-clearfix\"><\/div>\n\n\t\t\t\t\t<\/div>\n\t\t\t\t<\/div><\/div><\/div><\/p>\n","protected":false},"excerpt":{"rendered":"","protected":false},"author":1,"featured_media":0,"parent":354,"menu_order":0,"comment_status":"closed","ping_status":"closed","template":"","meta":{"_mi_skip_tracking":false,"spay_email":"","footnotes":""},"class_list":["post-756","page","type-page","status-publish","hentry"],"yoast_head":"<!-- This site is optimized with the Yoast SEO plugin v20.2.1 - https:\/\/yoast.com\/wordpress\/plugins\/seo\/ -->\n<title>Aterros Sanit\u00e1rios - Laborat\u00f3rios Ambientais - TECMA Tecnologia<\/title>\n<meta name=\"description\" content=\"A TECMA realiza todo programa de po\u00e7os de monitoramento e dos efluentes gerados nos aterros sanit\u00e1rios. Confira nossos servi\u00e7os laboratoriais!!\" \/>\n<meta name=\"robots\" content=\"index, follow, max-snippet:-1, max-image-preview:large, max-video-preview:-1\" \/>\n<link rel=\"canonical\" href=\"https:\/\/www.tecma-tecnologia.com.br\/web\/laboratorio\/segmentos-da-industria\/aterros-sanitarios\/\" \/>\n<meta property=\"og:locale\" content=\"pt_BR\" \/>\n<meta property=\"og:type\" content=\"article\" \/>\n<meta property=\"og:title\" content=\"Aterros Sanit\u00e1rios - Laborat\u00f3rios Ambientais - TECMA Tecnologia\" \/>\n<meta property=\"og:description\" content=\"A TECMA realiza todo programa de po\u00e7os de monitoramento e dos efluentes gerados nos aterros sanit\u00e1rios. Confira nossos servi\u00e7os laboratoriais!!\" \/>\n<meta property=\"og:url\" content=\"https:\/\/www.tecma-tecnologia.com.br\/web\/laboratorio\/segmentos-da-industria\/aterros-sanitarios\/\" \/>\n<meta property=\"og:site_name\" content=\"TECMA Tecnologia\" \/>\n<meta property=\"article:modified_time\" content=\"2019-12-26T21:25:14+00:00\" \/>\n<meta name=\"twitter:card\" content=\"summary_large_image\" \/>\n<meta name=\"twitter:label1\" content=\"Est. tempo de leitura\" \/>\n\t<meta name=\"twitter:data1\" content=\"5 minutos\" \/>\n<script type=\"application\/ld+json\" class=\"yoast-schema-graph\">{\"@context\":\"https:\/\/schema.org\",\"@graph\":[{\"@type\":\"WebPage\",\"@id\":\"https:\/\/www.tecma-tecnologia.com.br\/web\/laboratorio\/segmentos-da-industria\/aterros-sanitarios\/\",\"url\":\"https:\/\/www.tecma-tecnologia.com.br\/web\/laboratorio\/segmentos-da-industria\/aterros-sanitarios\/\",\"name\":\"Aterros Sanit\u00e1rios - Laborat\u00f3rios Ambientais - TECMA Tecnologia\",\"isPartOf\":{\"@id\":\"https:\/\/www.tecma-tecnologia.com.br\/web\/#website\"},\"datePublished\":\"2018-10-25T21:14:06+00:00\",\"dateModified\":\"2019-12-26T21:25:14+00:00\",\"description\":\"A TECMA realiza todo programa de po\u00e7os de monitoramento e dos efluentes gerados nos aterros sanit\u00e1rios. Confira nossos servi\u00e7os laboratoriais!!\",\"breadcrumb\":{\"@id\":\"https:\/\/www.tecma-tecnologia.com.br\/web\/laboratorio\/segmentos-da-industria\/aterros-sanitarios\/#breadcrumb\"},\"inLanguage\":\"pt-BR\",\"potentialAction\":[{\"@type\":\"ReadAction\",\"target\":[\"https:\/\/www.tecma-tecnologia.com.br\/web\/laboratorio\/segmentos-da-industria\/aterros-sanitarios\/\"]}]},{\"@type\":\"BreadcrumbList\",\"@id\":\"https:\/\/www.tecma-tecnologia.com.br\/web\/laboratorio\/segmentos-da-industria\/aterros-sanitarios\/#breadcrumb\",\"itemListElement\":[{\"@type\":\"ListItem\",\"position\":1,\"name\":\"Home\",\"item\":\"https:\/\/www.tecma-tecnologia.com.br\/web\/\"},{\"@type\":\"ListItem\",\"position\":2,\"name\":\"Laborat\u00f3rio\",\"item\":\"https:\/\/www.tecma-tecnologia.com.br\/web\/laboratorio\/\"},{\"@type\":\"ListItem\",\"position\":3,\"name\":\"Segmentos da Ind\u00fastria\",\"item\":\"https:\/\/www.tecma-tecnologia.com.br\/web\/laboratorio\/segmentos-da-industria\/\"},{\"@type\":\"ListItem\",\"position\":4,\"name\":\"Aterros Sanit\u00e1rios\"}]},{\"@type\":\"WebSite\",\"@id\":\"https:\/\/www.tecma-tecnologia.com.br\/web\/#website\",\"url\":\"https:\/\/www.tecma-tecnologia.com.br\/web\/\",\"name\":\"TECMA Tecnologia\",\"description\":\"\",\"potentialAction\":[{\"@type\":\"SearchAction\",\"target\":{\"@type\":\"EntryPoint\",\"urlTemplate\":\"https:\/\/www.tecma-tecnologia.com.br\/web\/?s={search_term_string}\"},\"query-input\":\"required name=search_term_string\"}],\"inLanguage\":\"pt-BR\"}]}<\/script>\n<!-- \/ Yoast SEO plugin. -->","yoast_head_json":{"title":"Aterros Sanit\u00e1rios - Laborat\u00f3rios Ambientais - TECMA Tecnologia","description":"A TECMA realiza todo programa de po\u00e7os de monitoramento e dos efluentes gerados nos aterros sanit\u00e1rios. Confira nossos servi\u00e7os laboratoriais!!","robots":{"index":"index","follow":"follow","max-snippet":"max-snippet:-1","max-image-preview":"max-image-preview:large","max-video-preview":"max-video-preview:-1"},"canonical":"https:\/\/www.tecma-tecnologia.com.br\/web\/laboratorio\/segmentos-da-industria\/aterros-sanitarios\/","og_locale":"pt_BR","og_type":"article","og_title":"Aterros Sanit\u00e1rios - Laborat\u00f3rios Ambientais - TECMA Tecnologia","og_description":"A TECMA realiza todo programa de po\u00e7os de monitoramento e dos efluentes gerados nos aterros sanit\u00e1rios. Confira nossos servi\u00e7os laboratoriais!!","og_url":"https:\/\/www.tecma-tecnologia.com.br\/web\/laboratorio\/segmentos-da-industria\/aterros-sanitarios\/","og_site_name":"TECMA Tecnologia","article_modified_time":"2019-12-26T21:25:14+00:00","twitter_card":"summary_large_image","twitter_misc":{"Est. tempo de leitura":"5 minutos"},"schema":{"@context":"https:\/\/schema.org","@graph":[{"@type":"WebPage","@id":"https:\/\/www.tecma-tecnologia.com.br\/web\/laboratorio\/segmentos-da-industria\/aterros-sanitarios\/","url":"https:\/\/www.tecma-tecnologia.com.br\/web\/laboratorio\/segmentos-da-industria\/aterros-sanitarios\/","name":"Aterros Sanit\u00e1rios - Laborat\u00f3rios Ambientais - TECMA Tecnologia","isPartOf":{"@id":"https:\/\/www.tecma-tecnologia.com.br\/web\/#website"},"datePublished":"2018-10-25T21:14:06+00:00","dateModified":"2019-12-26T21:25:14+00:00","description":"A TECMA realiza todo programa de po\u00e7os de monitoramento e dos efluentes gerados nos aterros sanit\u00e1rios. Confira nossos servi\u00e7os laboratoriais!!","breadcrumb":{"@id":"https:\/\/www.tecma-tecnologia.com.br\/web\/laboratorio\/segmentos-da-industria\/aterros-sanitarios\/#breadcrumb"},"inLanguage":"pt-BR","potentialAction":[{"@type":"ReadAction","target":["https:\/\/www.tecma-tecnologia.com.br\/web\/laboratorio\/segmentos-da-industria\/aterros-sanitarios\/"]}]},{"@type":"BreadcrumbList","@id":"https:\/\/www.tecma-tecnologia.com.br\/web\/laboratorio\/segmentos-da-industria\/aterros-sanitarios\/#breadcrumb","itemListElement":[{"@type":"ListItem","position":1,"name":"Home","item":"https:\/\/www.tecma-tecnologia.com.br\/web\/"},{"@type":"ListItem","position":2,"name":"Laborat\u00f3rio","item":"https:\/\/www.tecma-tecnologia.com.br\/web\/laboratorio\/"},{"@type":"ListItem","position":3,"name":"Segmentos da Ind\u00fastria","item":"https:\/\/www.tecma-tecnologia.com.br\/web\/laboratorio\/segmentos-da-industria\/"},{"@type":"ListItem","position":4,"name":"Aterros Sanit\u00e1rios"}]},{"@type":"WebSite","@id":"https:\/\/www.tecma-tecnologia.com.br\/web\/#website","url":"https:\/\/www.tecma-tecnologia.com.br\/web\/","name":"TECMA Tecnologia","description":"","potentialAction":[{"@type":"SearchAction","target":{"@type":"EntryPoint","urlTemplate":"https:\/\/www.tecma-tecnologia.com.br\/web\/?s={search_term_string}"},"query-input":"required name=search_term_string"}],"inLanguage":"pt-BR"}]}},"_links":{"self":[{"href":"https:\/\/www.tecma-tecnologia.com.br\/web\/wp-json\/wp\/v2\/pages\/756","targetHints":{"allow":["GET"]}}],"collection":[{"href":"https:\/\/www.tecma-tecnologia.com.br\/web\/wp-json\/wp\/v2\/pages"}],"about":[{"href":"https:\/\/www.tecma-tecnologia.com.br\/web\/wp-json\/wp\/v2\/types\/page"}],"author":[{"embeddable":true,"href":"https:\/\/www.tecma-tecnologia.com.br\/web\/wp-json\/wp\/v2\/users\/1"}],"replies":[{"embeddable":true,"href":"https:\/\/www.tecma-tecnologia.com.br\/web\/wp-json\/wp\/v2\/comments?post=756"}],"version-history":[{"count":2,"href":"https:\/\/www.tecma-tecnologia.com.br\/web\/wp-json\/wp\/v2\/pages\/756\/revisions"}],"predecessor-version":[{"id":3351,"href":"https:\/\/www.tecma-tecnologia.com.br\/web\/wp-json\/wp\/v2\/pages\/756\/revisions\/3351"}],"up":[{"embeddable":true,"href":"https:\/\/www.tecma-tecnologia.com.br\/web\/wp-json\/wp\/v2\/pages\/354"}],"wp:attachment":[{"href":"https:\/\/www.tecma-tecnologia.com.br\/web\/wp-json\/wp\/v2\/media?parent=756"}],"curies":[{"name":"wp","href":"https:\/\/api.w.org\/{rel}","templated":true}]}}