{"id":750,"date":"2018-10-25T18:01:45","date_gmt":"2018-10-25T21:01:45","guid":{"rendered":"http:\/\/www.tecma-tecnologia.com.br\/web\/?page_id=750"},"modified":"2019-12-30T14:33:31","modified_gmt":"2019-12-30T17:33:31","slug":"shoppings","status":"publish","type":"page","link":"https:\/\/www.tecma-tecnologia.com.br\/web\/laboratorio\/segmentos-da-industria\/shoppings\/","title":{"rendered":"Shoppings"},"content":{"rendered":"<p><div class=\"fusion-fullwidth fullwidth-box nonhundred-percent-fullwidth non-hundred-percent-height-scrolling\"  style='background-color: rgba(255,255,255,0);background-position: center center;background-repeat: no-repeat;padding-top:0px;padding-right:0px;padding-bottom:0px;padding-left:0px;'><div class=\"fusion-builder-row fusion-row \"><div  class=\"fusion-layout-column fusion_builder_column fusion_builder_column_2_3  fusion-two-third fusion-column-first 2_3\"  style='margin-top:0px;margin-bottom:0px;width:66.66%;width:calc(66.66% - ( ( 4% ) * 0.6666 ) );margin-right: 4%;'>\n\t\t\t\t\t<div class=\"fusion-column-wrapper\" style=\"padding: 0px 0px 0px 0px;background-position:left top;background-repeat:no-repeat;-webkit-background-size:cover;-moz-background-size:cover;-o-background-size:cover;background-size:cover;\"  data-bg-url=\"\">\n\t\t\t\t\t\t<div class=\"fusion-title title fusion-sep-none fusion-title-size-one\" style=\"margin-top:0px;margin-bottom:31px;\"><h1 class=\"title-heading-left\"><span style=\"vertical-align: inherit;\"><span style=\"vertical-align: inherit;\">Segmentos\u00a0<\/span><\/span><\/h1><\/div><div class=\"fusion-clearfix\"><\/div>\n\n\t\t\t\t\t<\/div>\n\t\t\t\t<\/div><div  class=\"fusion-layout-column fusion_builder_column fusion_builder_column_1_3  fusion-one-third fusion-column-last 1_3\"  style='margin-top:0px;margin-bottom:0px;width:33.33%;width:calc(33.33% - ( ( 4% ) * 0.3333 ) );'>\n\t\t\t\t\t<div class=\"fusion-column-wrapper\" style=\"padding: 15px 0px 0px 0px;background-position:left top;background-repeat:no-repeat;-webkit-background-size:cover;-moz-background-size:cover;-o-background-size:cover;background-size:cover;\"  data-bg-url=\"\">\n\t\t\t\t\t\t<div class=\"fusion-title title fusion-sep-none fusion-title-size-four\" style=\"margin-top:0px;margin-bottom:31px;\"><h4 class=\"title-heading-left\"><p style=\"text-align: left;\"><strong>SHOPPINGS<\/strong><\/p><\/h4><\/div><div class=\"fusion-clearfix\"><\/div>\n\n\t\t\t\t\t<\/div>\n\t\t\t\t<\/div><div  class=\"fusion-layout-column fusion_builder_column fusion_builder_column_1_1  fusion-one-full fusion-column-first fusion-column-last 1_1\"  style='margin-top:0px;margin-bottom:20px;'>\n\t\t\t\t\t<div class=\"fusion-column-wrapper\" style=\"padding: 0px 0px 0px 0px;background-position:left top;background-repeat:no-repeat;-webkit-background-size:cover;-moz-background-size:cover;-o-background-size:cover;background-size:cover;\"  data-bg-url=\"\">\n\t\t\t\t\t\t<div class=\"imageframe-align-center\"><span class=\"fusion-imageframe imageframe-none imageframe-1 hover-type-none\"><img fetchpriority=\"high\" fetchpriority=\"high\" decoding=\"async\" src=\"https:\/\/www.tecma-tecnologia.com.br\/web\/wp-content\/uploads\/2018\/07\/industriais.jpg\" width=\"835\" height=\"277\" alt=\"Industriais\" title=\"industriais\" class=\"img-responsive wp-image-416\" srcset=\"https:\/\/www.tecma-tecnologia.com.br\/web\/wp-content\/uploads\/2018\/07\/industriais-200x66.jpg 200w, https:\/\/www.tecma-tecnologia.com.br\/web\/wp-content\/uploads\/2018\/07\/industriais-400x133.jpg 400w, https:\/\/www.tecma-tecnologia.com.br\/web\/wp-content\/uploads\/2018\/07\/industriais-600x199.jpg 600w, https:\/\/www.tecma-tecnologia.com.br\/web\/wp-content\/uploads\/2018\/07\/industriais-800x265.jpg 800w, https:\/\/www.tecma-tecnologia.com.br\/web\/wp-content\/uploads\/2018\/07\/industriais.jpg 835w\" sizes=\"(max-width: 800px) 100vw, 835px\" \/><\/span><\/div><div class=\"fusion-clearfix\"><\/div>\n\n\t\t\t\t\t<\/div>\n\t\t\t\t<\/div><\/div><\/div><div class=\"fusion-fullwidth fullwidth-box nonhundred-percent-fullwidth non-hundred-percent-height-scrolling\"  style='background-color: rgba(255,255,255,0);background-position: center center;background-repeat: no-repeat;padding-top:0px;padding-right:0px;padding-bottom:0px;padding-left:0px;'><div class=\"fusion-builder-row fusion-row \"><div  class=\"fusion-layout-column fusion_builder_column fusion_builder_column_3_4  fusion-three-fourth fusion-column-first 3_4\"  style='margin-top:0px;margin-bottom:20px;width:75%;width:calc(75% - ( ( 4% ) * 0.75 ) );margin-right: 4%;'>\n\t\t\t\t\t<div class=\"fusion-column-wrapper\" style=\"padding: 0px 0px 0px 0px;background-position:left top;background-repeat:no-repeat;-webkit-background-size:cover;-moz-background-size:cover;-o-background-size:cover;background-size:cover;\"  data-bg-url=\"\">\n\t\t\t\t\t\t<div class=\"fusion-text\"><p><strong>AVALIA\u00c7\u00c3O DO AR DE AMBIENTES CLIMATIZADOS:<\/strong><\/p>\n<p>Atualmente muitas pessoas passam boa parte do dia em ambientes fechados, seja em escrit\u00f3rios, hot\u00e9is, hospitais, shoppings ou centros comerciais com sistema de ar condicionado. Acredita-se que a qualidade do ser seja segura, mas a troca de ar entre ambientes interno e externo e o ac\u00famulo de pessoas em um mesmo ambiente s\u00e3o os principais fatores causadores do aumento de poluentes qu\u00edmicos e biol\u00f3gicos. A falta de higieniza\u00e7\u00e3o agrava o quadro e pode acarretar em doen\u00e7as respirat\u00f3rias e outras rea\u00e7\u00f5es al\u00e9rgicas. Assim, \u00e9 fundamental realizar an\u00e1lise do ambiente do ar para saber as reais necessidades de corre\u00e7\u00e3o.<strong>\u00a0<\/strong><\/p>\n<p><strong>Ensaios realizados:<\/strong><\/p>\n<ul>\n<li>Fungos vi\u00e1veis<\/li>\n<li>Di\u00f3xido de carbono (CO<sub>2<\/sub>)<\/li>\n<li>Temperatura do ar (\u00b0C)<\/li>\n<li>Umidade do ar (%)<\/li>\n<li>Velocidade do ar (m\/s)<\/li>\n<li>Aerodispers\u00f3ides<\/li>\n<\/ul>\n<p><strong>Legisla\u00e7\u00e3o: <\/strong>ANVISA &#8211; RESOLU\u00c7\u00c3O-RE N\u00ba 9, DE 16 DE JANEIRO DE 2003 NR09<\/p>\n<p>RE\/ANVISA n\u00ba 176, de 24 de outubro de 2000, sobre Padr\u00f5es Referenciais de Qualidade do Ar Interior em Ambientes Climatizados Artificialmente de Uso P\u00fablico e Coletivo<\/p>\n<p>Portaria GM\/MS n.\u00ba 3.523, de 28 de agosto de 1998;<\/p>\n<p>Portaria n\u00ba 354, de 11 de agosto de 2006 (*) (Republicada no DOU de 21.08.06 e retificada no DOU de 29.08.06) Aprova e promulga o Regimento Interno da Ag\u00eancia Nacional de Vigil\u00e2ncia Sanit\u00e1ria \u2013 ANVISA e da outras provid\u00eancias.<\/p>\n<p><strong>\u00c1GUA POT\u00c1VEL (BEBEDOURO) <\/strong><\/p>\n<p>A \u00e1gua pot\u00e1vel \u00e9 fornecida pelas concession\u00e1rias e fica sujeita a altera\u00e7\u00f5es nos padr\u00f5es de potabilidade devido ao longo percurso das redes de tubula\u00e7\u00e3o at\u00e9 as resid\u00eancias, condom\u00ednios, empresas e hospitais onde \u00e9 armazenada e consumida.<\/p>\n<p>Para avaliar a qualidade a qualidade da \u00e1gua antes do consumo s\u00e3o realizados alguns ensaios:<\/p>\n<ul>\n<li>Ensaios microbiol\u00f3gicos<\/li>\n<li>Ensaios F\u00edsico-Qu\u00edmicos<\/li>\n<\/ul>\n<p><strong>Legisla\u00e7\u00e3o:<\/strong><\/p>\n<p>Portaria 2914, de 12 de Dezembro de 2011\u00a0&#8211; Disp\u00f5e sobre os procedimentos de controle e de vigil\u00e2ncia da qualidade da \u00e1gua para consumo humano e seu padr\u00e3o de potabilidade.<\/p>\n<p><strong>\u00c1GUA DE PISCINA<\/strong><\/p>\n<p>As piscinas de uso residual ou coletivo, tais como em condom\u00ednios, academias, clubes, quando n\u00e3o tratadas adequadamente podem oferecer diversos riscos \u00e0 sa\u00fade de seus usu\u00e1rios, por contato prim\u00e1rio durante a recrea\u00e7\u00e3o ou pr\u00e1tica de esportes. Algumas doen\u00e7as s\u00e3o dermatoses (micose, frieira, pano branco, molusco contagioso), infec\u00e7\u00f5es, conjuntivite, ter\u00e7ol, otites, hepatite A, verminoses e muitas outras.<\/p>\n<p>O registro qu\u00edmico dos produtos utilizados deve ter aprova\u00e7\u00e3o dos \u00f3rg\u00e3os competentes, manuseados por um respons\u00e1vel t\u00e9cnico, proporcionando uma qualidade assegurada da qualidade para balneabilidade.<\/p>\n<p>A TECMA monitora os indicadores microbiol\u00f3gicos e f\u00edsico-qu\u00edmicos da \u00e1gua para avaliar se a est\u00e1 livre de riscos para seus usu\u00e1rios.<\/p>\n<p><strong>MICROBIOL\u00d3GICOS:<\/strong><\/p>\n<ul>\n<li>Bact\u00e9rias heterotr\u00f3ficas,<\/li>\n<li>Coliformes totais,<\/li>\n<li><em>Escherichia coli, <\/em><\/li>\n<li><em>Staphylococcus aureus, <\/em><\/li>\n<li><em>Pseudomonas aeruginosa, <\/em><\/li>\n<li><em>Legionella pneumophila <\/em><\/li>\n<li><em>Candida albicans.\u00a0<\/em><\/li>\n<\/ul>\n<p><strong>F\u00cdSICO-QU\u00cdMICOS:<\/strong><\/p>\n<ul>\n<li>pH<\/li>\n<li>Cloro livre<\/li>\n<li>Turbidez<\/li>\n<li>S\u00f3lidos Totais Dissolvidos<\/li>\n<li>Alcalinidade Total<\/li>\n<li>Dureza<\/li>\n<li>Ferro<\/li>\n<li>Mangan\u00eas<\/li>\n<li>Cobre<\/li>\n<\/ul>\n<p><strong>Legisla\u00e7\u00e3o: <\/strong>ABNT NBR 10818 \u2013 ABNT NBR 10818 \u2013 Qualidade da \u00e1gua de piscina<\/p>\n<p><strong>MONITORAMENTO DOS SISTEMAS DE RE\u00daSO\u00a0<\/strong><\/p>\n<p>Os efluentes gerados pelos shopping s\u00e3o similares a de uma ind\u00fastria de alimentos, devido a quantidade de restaurantes que o shopping proporciona a seus clientes. A concentra\u00e7\u00e3o de mat\u00e9ria org\u00e2nica \u00e9 muito alta nos hor\u00e1rios de pico e seus sistemas re\u00faso devem ser cuidadosamente projetados e operados para n\u00e3o haver perda de \u00e1gua no sistema e \u00e1gua tratada fora do padr\u00e3o exigido. O monitoramento da qualidade dos efluentes \u00e9 realizado atrav\u00e9s dos ensaios f\u00edsico-qu\u00edmicos e microbiol\u00f3gicos por laborat\u00f3rios acreditados pelo INMETRO conforme os requisitos de qualidade da ISO 17025.<\/p>\n<p><strong>Rio de Janeiro &#8211; INEA<\/strong><\/p>\n<ul>\n<li>DZ 215 &#8211; R-4 &#8211; Controle de carga org\u00e2nica em efluentes de origem sanit\u00e1ria<\/li>\n<li>DZ 205 \u2013 R-6 \u2013 Controle de carga org\u00e2nica em efluentes industriais<\/li>\n<li>202 &#8211; R-10 \u2013 Crit\u00e9rios e padr\u00f5es para lan\u00e7amento de efluentes l\u00edquidos<\/li>\n<li>NT 213 \u2013 R 4 &#8211; Padr\u00f5es para controle da toxicidade em efluentes<\/li>\n<li>942.- R-7 \u2013 Programa de autocontrole de efluentes l\u00edquidos \u2013 Procon \u00e1gua<\/li>\n<\/ul>\n<p><strong>\u00a0<\/strong><\/p>\n<p><strong>Clique <a href=\"https:\/\/www.tecma-tecnologia.com.br\/web\/pt\/solucoes\/monitoramentos-ambientais\/\"><u>aqui <\/u><\/a>para saber mais sobre nossos planos de monitoramento ambientais e para saber mais sobre programas de Autocontrole de efluentes l\u00edquidos <\/strong><\/p>\n<p><strong>\u00c1GUA SUBTERR\u00c2NEA (PO\u00c7OS)<\/strong><\/p>\n<p>\u00c1gua proveniente de po\u00e7os que passam por algum tratamento e \u00e9 destinada ao consumo, higiene pessoal, preparo de alimentos e aplica\u00e7\u00e3o industrial, por exemplo.<\/p>\n<ul>\n<li>Ensaios microbiol\u00f3gicos<\/li>\n<li>Ensaios F\u00edsico-Qu\u00edmicos<\/li>\n<\/ul>\n<p><strong>Legisla\u00e7\u00e3o:<\/strong><\/p>\n<p>Portaria 2914, de 12 de Dezembro de 2011\u00a0&#8211; Disp\u00f5e sobre os procedimentos de controle e de vigil\u00e2ncia da qualidade da \u00e1gua para consumo humano e seu padr\u00e3o de potabilidade.<\/p>\n<p>Decreto N\u00ba 12.486, de 20 Outubro de 1978 &#8211; NTA 60 \u2013 Normas T\u00e9cnicas relativas a alimentos e bebidas<\/p>\n<p>Resolu\u00e7\u00e3o Conama 396 &#8211; Disp\u00f5e sobre a classifica\u00e7\u00e3o e diretrizes ambientais para o enquadramento das \u00e1guas subterr\u00e2neas e d\u00e1 outras provid\u00eancias.<\/p>\n<\/div><div class=\"fusion-clearfix\"><\/div>\n\n\t\t\t\t\t<\/div>\n\t\t\t\t<\/div><div  class=\"fusion-layout-column fusion_builder_column fusion_builder_column_1_4  fusion-one-fourth fusion-column-last 1_4\"  style='margin-top:20px;margin-bottom:20px;width:25%;width:calc(25% - ( ( 4% ) * 0.25 ) );'>\n\t\t\t\t\t<div class=\"fusion-column-wrapper\" style=\"padding: 0px 0px 0px 0px;background-position:left top;background-repeat:no-repeat;-webkit-background-size:cover;-moz-background-size:cover;-o-background-size:cover;background-size:cover;\"  data-bg-url=\"\">\n\t\t\t\t\t\t<div class=\"fusion-widget-area fusion-widget-area-1 fusion-content-widget-area\"><style type=\"text\/css\" scoped=\"scoped\">.fusion-widget-area-1 {padding:0px 0px 0px 0px;}.fusion-widget-area-1 .widget h4 {color:#1eb4c2;}.fusion-widget-area-1 .widget .heading h4 {color:#1eb4c2;}<\/style><div id=\"nav_menu-12\" class=\"widget widget_nav_menu\"><div class=\"menu-segmentos-da-industria-laboratorio-container\"><ul id=\"menu-segmentos-da-industria-laboratorio\" class=\"menu\"><li id=\"menu-item-429\" class=\"menu-item menu-item-type-post_type menu-item-object-page menu-item-429\"><a href=\"https:\/\/www.tecma-tecnologia.com.br\/web\/laboratorio\/segmentos-da-industria\/solucoes-para-industrias\/\">INDUSTRIAIS<\/a><\/li>\n<li id=\"menu-item-771\" class=\"menu-item menu-item-type-post_type menu-item-object-page menu-item-771\"><a href=\"https:\/\/www.tecma-tecnologia.com.br\/web\/laboratorio\/segmentos-da-industria\/analises-ambientais-para-area-da-saude\/\">SA\u00daDE<\/a><\/li>\n<li id=\"menu-item-770\" class=\"menu-item menu-item-type-post_type menu-item-object-page menu-item-770\"><a href=\"https:\/\/www.tecma-tecnologia.com.br\/web\/laboratorio\/segmentos-da-industria\/seguranca-ocupacional\/\">SEGURAN\u00c7A OCUPACIONAL<\/a><\/li>\n<li id=\"menu-item-769\" class=\"menu-item menu-item-type-post_type menu-item-object-page menu-item-769\"><a href=\"https:\/\/www.tecma-tecnologia.com.br\/web\/laboratorio\/segmentos-da-industria\/shoppings\/\">SHOPPINGS<\/a><\/li>\n<li id=\"menu-item-768\" class=\"menu-item menu-item-type-post_type menu-item-object-page menu-item-768\"><a href=\"https:\/\/www.tecma-tecnologia.com.br\/web\/laboratorio\/segmentos-da-industria\/hoteis-meio-ambiente\/\">HOT\u00c9IS<\/a><\/li>\n<li id=\"menu-item-767\" class=\"menu-item menu-item-type-post_type menu-item-object-page menu-item-767\"><a href=\"https:\/\/www.tecma-tecnologia.com.br\/web\/laboratorio\/segmentos-da-industria\/aterros-sanitarios\/\">ATERROS SANIT\u00c1RIOS<\/a><\/li>\n<li id=\"menu-item-766\" class=\"menu-item menu-item-type-post_type menu-item-object-page menu-item-766\"><a href=\"https:\/\/www.tecma-tecnologia.com.br\/web\/laboratorio\/segmentos-da-industria\/agua-para-amassamento-de-concreto\/\">CONSTRU\u00c7\u00c3O CIVIL<\/a><\/li>\n<li id=\"menu-item-774\" class=\"menu-item menu-item-type-post_type menu-item-object-page menu-item-774\"><a href=\"https:\/\/www.tecma-tecnologia.com.br\/web\/laboratorio\/segmentos-da-industria\/consultorias-ambientais\/\">CONSULTORIAS AMBIENTAIS<\/a><\/li>\n<li id=\"menu-item-765\" class=\"menu-item menu-item-type-post_type menu-item-object-page menu-item-765\"><a href=\"https:\/\/www.tecma-tecnologia.com.br\/web\/laboratorio\/segmentos-da-industria\/solucoes-ambientais-prefeituras\/\">GEST\u00c3O P\u00daBLICA<\/a><\/li>\n<\/ul><\/div><\/div><div class=\"fusion-additional-widget-content\"><\/div><\/div><div class=\"fusion-clearfix\"><\/div>\n\n\t\t\t\t\t<\/div>\n\t\t\t\t<\/div><\/div><\/div><\/p>\n","protected":false},"excerpt":{"rendered":"","protected":false},"author":1,"featured_media":0,"parent":354,"menu_order":0,"comment_status":"closed","ping_status":"closed","template":"","meta":{"_mi_skip_tracking":false,"spay_email":"","footnotes":""},"class_list":["post-750","page","type-page","status-publish","hentry"],"yoast_head":"<!-- This site is optimized with the Yoast SEO plugin v20.2.1 - https:\/\/yoast.com\/wordpress\/plugins\/seo\/ -->\n<title>Shoppings - TECMA Tecnologia<\/title>\n<meta name=\"robots\" content=\"index, follow, max-snippet:-1, max-image-preview:large, max-video-preview:-1\" \/>\n<link rel=\"canonical\" href=\"https:\/\/www.tecma-tecnologia.com.br\/web\/laboratorio\/segmentos-da-industria\/shoppings\/\" \/>\n<meta property=\"og:locale\" content=\"pt_BR\" \/>\n<meta property=\"og:type\" content=\"article\" \/>\n<meta property=\"og:title\" content=\"Shoppings - TECMA Tecnologia\" \/>\n<meta property=\"og:url\" content=\"https:\/\/www.tecma-tecnologia.com.br\/web\/laboratorio\/segmentos-da-industria\/shoppings\/\" \/>\n<meta property=\"og:site_name\" content=\"TECMA Tecnologia\" \/>\n<meta property=\"article:modified_time\" content=\"2019-12-30T17:33:31+00:00\" \/>\n<meta name=\"twitter:card\" content=\"summary_large_image\" \/>\n<meta name=\"twitter:label1\" content=\"Est. tempo de leitura\" \/>\n\t<meta name=\"twitter:data1\" content=\"8 minutos\" \/>\n<script type=\"application\/ld+json\" class=\"yoast-schema-graph\">{\"@context\":\"https:\/\/schema.org\",\"@graph\":[{\"@type\":\"WebPage\",\"@id\":\"https:\/\/www.tecma-tecnologia.com.br\/web\/laboratorio\/segmentos-da-industria\/shoppings\/\",\"url\":\"https:\/\/www.tecma-tecnologia.com.br\/web\/laboratorio\/segmentos-da-industria\/shoppings\/\",\"name\":\"Shoppings - TECMA Tecnologia\",\"isPartOf\":{\"@id\":\"https:\/\/www.tecma-tecnologia.com.br\/web\/#website\"},\"datePublished\":\"2018-10-25T21:01:45+00:00\",\"dateModified\":\"2019-12-30T17:33:31+00:00\",\"breadcrumb\":{\"@id\":\"https:\/\/www.tecma-tecnologia.com.br\/web\/laboratorio\/segmentos-da-industria\/shoppings\/#breadcrumb\"},\"inLanguage\":\"pt-BR\",\"potentialAction\":[{\"@type\":\"ReadAction\",\"target\":[\"https:\/\/www.tecma-tecnologia.com.br\/web\/laboratorio\/segmentos-da-industria\/shoppings\/\"]}]},{\"@type\":\"BreadcrumbList\",\"@id\":\"https:\/\/www.tecma-tecnologia.com.br\/web\/laboratorio\/segmentos-da-industria\/shoppings\/#breadcrumb\",\"itemListElement\":[{\"@type\":\"ListItem\",\"position\":1,\"name\":\"Home\",\"item\":\"https:\/\/www.tecma-tecnologia.com.br\/web\/\"},{\"@type\":\"ListItem\",\"position\":2,\"name\":\"Laborat\u00f3rio\",\"item\":\"https:\/\/www.tecma-tecnologia.com.br\/web\/laboratorio\/\"},{\"@type\":\"ListItem\",\"position\":3,\"name\":\"Segmentos da Ind\u00fastria\",\"item\":\"https:\/\/www.tecma-tecnologia.com.br\/web\/laboratorio\/segmentos-da-industria\/\"},{\"@type\":\"ListItem\",\"position\":4,\"name\":\"Shoppings\"}]},{\"@type\":\"WebSite\",\"@id\":\"https:\/\/www.tecma-tecnologia.com.br\/web\/#website\",\"url\":\"https:\/\/www.tecma-tecnologia.com.br\/web\/\",\"name\":\"TECMA Tecnologia\",\"description\":\"\",\"potentialAction\":[{\"@type\":\"SearchAction\",\"target\":{\"@type\":\"EntryPoint\",\"urlTemplate\":\"https:\/\/www.tecma-tecnologia.com.br\/web\/?s={search_term_string}\"},\"query-input\":\"required name=search_term_string\"}],\"inLanguage\":\"pt-BR\"}]}<\/script>\n<!-- \/ Yoast SEO plugin. -->","yoast_head_json":{"title":"Shoppings - TECMA Tecnologia","robots":{"index":"index","follow":"follow","max-snippet":"max-snippet:-1","max-image-preview":"max-image-preview:large","max-video-preview":"max-video-preview:-1"},"canonical":"https:\/\/www.tecma-tecnologia.com.br\/web\/laboratorio\/segmentos-da-industria\/shoppings\/","og_locale":"pt_BR","og_type":"article","og_title":"Shoppings - TECMA Tecnologia","og_url":"https:\/\/www.tecma-tecnologia.com.br\/web\/laboratorio\/segmentos-da-industria\/shoppings\/","og_site_name":"TECMA Tecnologia","article_modified_time":"2019-12-30T17:33:31+00:00","twitter_card":"summary_large_image","twitter_misc":{"Est. tempo de leitura":"8 minutos"},"schema":{"@context":"https:\/\/schema.org","@graph":[{"@type":"WebPage","@id":"https:\/\/www.tecma-tecnologia.com.br\/web\/laboratorio\/segmentos-da-industria\/shoppings\/","url":"https:\/\/www.tecma-tecnologia.com.br\/web\/laboratorio\/segmentos-da-industria\/shoppings\/","name":"Shoppings - TECMA Tecnologia","isPartOf":{"@id":"https:\/\/www.tecma-tecnologia.com.br\/web\/#website"},"datePublished":"2018-10-25T21:01:45+00:00","dateModified":"2019-12-30T17:33:31+00:00","breadcrumb":{"@id":"https:\/\/www.tecma-tecnologia.com.br\/web\/laboratorio\/segmentos-da-industria\/shoppings\/#breadcrumb"},"inLanguage":"pt-BR","potentialAction":[{"@type":"ReadAction","target":["https:\/\/www.tecma-tecnologia.com.br\/web\/laboratorio\/segmentos-da-industria\/shoppings\/"]}]},{"@type":"BreadcrumbList","@id":"https:\/\/www.tecma-tecnologia.com.br\/web\/laboratorio\/segmentos-da-industria\/shoppings\/#breadcrumb","itemListElement":[{"@type":"ListItem","position":1,"name":"Home","item":"https:\/\/www.tecma-tecnologia.com.br\/web\/"},{"@type":"ListItem","position":2,"name":"Laborat\u00f3rio","item":"https:\/\/www.tecma-tecnologia.com.br\/web\/laboratorio\/"},{"@type":"ListItem","position":3,"name":"Segmentos da Ind\u00fastria","item":"https:\/\/www.tecma-tecnologia.com.br\/web\/laboratorio\/segmentos-da-industria\/"},{"@type":"ListItem","position":4,"name":"Shoppings"}]},{"@type":"WebSite","@id":"https:\/\/www.tecma-tecnologia.com.br\/web\/#website","url":"https:\/\/www.tecma-tecnologia.com.br\/web\/","name":"TECMA Tecnologia","description":"","potentialAction":[{"@type":"SearchAction","target":{"@type":"EntryPoint","urlTemplate":"https:\/\/www.tecma-tecnologia.com.br\/web\/?s={search_term_string}"},"query-input":"required name=search_term_string"}],"inLanguage":"pt-BR"}]}},"_links":{"self":[{"href":"https:\/\/www.tecma-tecnologia.com.br\/web\/wp-json\/wp\/v2\/pages\/750","targetHints":{"allow":["GET"]}}],"collection":[{"href":"https:\/\/www.tecma-tecnologia.com.br\/web\/wp-json\/wp\/v2\/pages"}],"about":[{"href":"https:\/\/www.tecma-tecnologia.com.br\/web\/wp-json\/wp\/v2\/types\/page"}],"author":[{"embeddable":true,"href":"https:\/\/www.tecma-tecnologia.com.br\/web\/wp-json\/wp\/v2\/users\/1"}],"replies":[{"embeddable":true,"href":"https:\/\/www.tecma-tecnologia.com.br\/web\/wp-json\/wp\/v2\/comments?post=750"}],"version-history":[{"count":1,"href":"https:\/\/www.tecma-tecnologia.com.br\/web\/wp-json\/wp\/v2\/pages\/750\/revisions"}],"predecessor-version":[{"id":3390,"href":"https:\/\/www.tecma-tecnologia.com.br\/web\/wp-json\/wp\/v2\/pages\/750\/revisions\/3390"}],"up":[{"embeddable":true,"href":"https:\/\/www.tecma-tecnologia.com.br\/web\/wp-json\/wp\/v2\/pages\/354"}],"wp:attachment":[{"href":"https:\/\/www.tecma-tecnologia.com.br\/web\/wp-json\/wp\/v2\/media?parent=750"}],"curies":[{"name":"wp","href":"https:\/\/api.w.org\/{rel}","templated":true}]}}