{"id":743,"date":"2018-10-25T17:10:38","date_gmt":"2018-10-25T20:10:38","guid":{"rendered":"http:\/\/www.tecma-tecnologia.com.br\/web\/?page_id=743"},"modified":"2019-12-30T10:31:04","modified_gmt":"2019-12-30T13:31:04","slug":"analises-ambientais-para-area-da-saude","status":"publish","type":"page","link":"https:\/\/www.tecma-tecnologia.com.br\/web\/laboratorio\/segmentos-da-industria\/analises-ambientais-para-area-da-saude\/","title":{"rendered":"An\u00e1lises ambientais para \u00c1rea da Sa\u00fade"},"content":{"rendered":"<p><div class=\"fusion-fullwidth fullwidth-box nonhundred-percent-fullwidth non-hundred-percent-height-scrolling\"  style='background-color: rgba(255,255,255,0);background-position: center center;background-repeat: no-repeat;padding-top:0px;padding-right:0px;padding-bottom:0px;padding-left:0px;'><div class=\"fusion-builder-row fusion-row \"><div  class=\"fusion-layout-column fusion_builder_column fusion_builder_column_2_3  fusion-two-third fusion-column-first 2_3\"  style='margin-top:0px;margin-bottom:0px;width:66.66%;width:calc(66.66% - ( ( 4% ) * 0.6666 ) );margin-right: 4%;'>\n\t\t\t\t\t<div class=\"fusion-column-wrapper\" style=\"padding: 0px 0px 0px 0px;background-position:left top;background-repeat:no-repeat;-webkit-background-size:cover;-moz-background-size:cover;-o-background-size:cover;background-size:cover;\"  data-bg-url=\"\">\n\t\t\t\t\t\t<div class=\"fusion-title title fusion-sep-none fusion-title-size-one\" style=\"margin-top:0px;margin-bottom:31px;\"><h1 class=\"title-heading-left\"><span style=\"vertical-align: inherit;\"><span style=\"vertical-align: inherit;\">Segmentos\u00a0<\/span><\/span><\/h1><\/div><div class=\"fusion-clearfix\"><\/div>\n\n\t\t\t\t\t<\/div>\n\t\t\t\t<\/div><div  class=\"fusion-layout-column fusion_builder_column fusion_builder_column_1_3  fusion-one-third fusion-column-last 1_3\"  style='margin-top:0px;margin-bottom:0px;width:33.33%;width:calc(33.33% - ( ( 4% ) * 0.3333 ) );'>\n\t\t\t\t\t<div class=\"fusion-column-wrapper\" style=\"padding: 15px 0px 0px 0px;background-position:left top;background-repeat:no-repeat;-webkit-background-size:cover;-moz-background-size:cover;-o-background-size:cover;background-size:cover;\"  data-bg-url=\"\">\n\t\t\t\t\t\t<div class=\"fusion-title title fusion-sep-none fusion-title-size-four\" style=\"margin-top:0px;margin-bottom:31px;\"><h4 class=\"title-heading-left\"><p style=\"text-align: left;\"><strong>SA\u00daDE<\/strong><\/p><\/h4><\/div><div class=\"fusion-clearfix\"><\/div>\n\n\t\t\t\t\t<\/div>\n\t\t\t\t<\/div><div  class=\"fusion-layout-column fusion_builder_column fusion_builder_column_1_1  fusion-one-full fusion-column-first fusion-column-last 1_1\"  style='margin-top:0px;margin-bottom:20px;'>\n\t\t\t\t\t<div class=\"fusion-column-wrapper\" style=\"padding: 0px 0px 0px 0px;background-position:left top;background-repeat:no-repeat;-webkit-background-size:cover;-moz-background-size:cover;-o-background-size:cover;background-size:cover;\"  data-bg-url=\"\">\n\t\t\t\t\t\t<div class=\"imageframe-align-center\"><span class=\"fusion-imageframe imageframe-none imageframe-1 hover-type-none\"><img fetchpriority=\"high\" fetchpriority=\"high\" decoding=\"async\" src=\"https:\/\/www.tecma-tecnologia.com.br\/web\/wp-content\/uploads\/2018\/07\/industriais.jpg\" width=\"835\" height=\"277\" alt=\"Industriais\" title=\"industriais\" class=\"img-responsive wp-image-416\" srcset=\"https:\/\/www.tecma-tecnologia.com.br\/web\/wp-content\/uploads\/2018\/07\/industriais-200x66.jpg 200w, https:\/\/www.tecma-tecnologia.com.br\/web\/wp-content\/uploads\/2018\/07\/industriais-400x133.jpg 400w, https:\/\/www.tecma-tecnologia.com.br\/web\/wp-content\/uploads\/2018\/07\/industriais-600x199.jpg 600w, https:\/\/www.tecma-tecnologia.com.br\/web\/wp-content\/uploads\/2018\/07\/industriais-800x265.jpg 800w, https:\/\/www.tecma-tecnologia.com.br\/web\/wp-content\/uploads\/2018\/07\/industriais.jpg 835w\" sizes=\"(max-width: 800px) 100vw, 835px\" \/><\/span><\/div><div class=\"fusion-clearfix\"><\/div>\n\n\t\t\t\t\t<\/div>\n\t\t\t\t<\/div><\/div><\/div><div class=\"fusion-fullwidth fullwidth-box nonhundred-percent-fullwidth non-hundred-percent-height-scrolling\"  style='background-color: rgba(255,255,255,0);background-position: center center;background-repeat: no-repeat;padding-top:0px;padding-right:0px;padding-bottom:0px;padding-left:0px;'><div class=\"fusion-builder-row fusion-row \"><div  class=\"fusion-layout-column fusion_builder_column fusion_builder_column_3_4  fusion-three-fourth fusion-column-first 3_4\"  style='margin-top:0px;margin-bottom:20px;width:75%;width:calc(75% - ( ( 4% ) * 0.75 ) );margin-right: 4%;'>\n\t\t\t\t\t<div class=\"fusion-column-wrapper\" style=\"padding: 0px 0px 0px 0px;background-position:left top;background-repeat:no-repeat;-webkit-background-size:cover;-moz-background-size:cover;-o-background-size:cover;background-size:cover;\"  data-bg-url=\"\">\n\t\t\t\t\t\t<div class=\"fusion-text\"><h4>AN\u00c1LISES AMBIENTAIS PARA \u00c1REA DA SA\u00daDE<\/h4>\n<p><strong>AVALIA\u00c7\u00c3O DO AR DE AMBIENTES CLIMATIZADOS:<\/strong><\/p>\n<p>Atualmente muitas pessoas passam boa parte do dia d em ambientes fechados, seja em escrit\u00f3rios, hot\u00e9is, hospitais, shoppings ou centros comerciais com sistema de ar condicionado. Acredita-se que a qualidade do ser seja segura, mas a troca de ar entre ambientes interno e externo e o ac\u00famulo de pessoas em um mesmo ambiente s\u00e3o os principais fatores causadores do aumento de poluentes qu\u00edmicos e biol\u00f3gicos. A falta de higieniza\u00e7\u00e3o agrava o quadro e pode acarretar em doen\u00e7as respirat\u00f3rias e outras rea\u00e7\u00f5es al\u00e9rgicas. Assim, \u00e9 fundamental realizar an\u00e1lise do ambiente do ar para saber as reais necessidades de corre\u00e7\u00e3o.<\/p>\n<p><strong>Ensaios realizados:<\/strong><\/p>\n<ul>\n<li>Fungos vi\u00e1veis<\/li>\n<li>Di\u00f3xido de carbono (CO<sub>2<\/sub>)<\/li>\n<li>Temperatura do ar (\u00b0C)<\/li>\n<li>Umidade do ar (%)<\/li>\n<li>Velocidade do ar (m\/s)<\/li>\n<li>Aerodispers\u00f3ides<\/li>\n<\/ul>\n<p><strong>Legisla\u00e7\u00e3o: <\/strong>ANVISA \u2013 RESOLU\u00c7\u00c3O-RE N\u00ba 9, DE 16 DE JANEIRO DE 2003 NR09<\/p>\n<p>RE\/ANVISA n\u00ba 176, de 24 de outubro de 2000, sobre Padr\u00f5es Referenciais de Qualidade do Ar Interior em Ambientes Climatizados Artificialmente de Uso P\u00fablico e Coletivo<\/p>\n<p>Portaria GM\/MS n.\u00ba 3.523, de 28 de agosto de 1998;<\/p>\n<p>Portaria n\u00ba 354, de 11 de agosto de 2006 (*) (Republicada no DOU de 21.08.06 e retificada no DOU de 29.08.06) Aprova e promulga o Regimento Interno da Ag\u00eancia Nacional de Vigil\u00e2ncia Sanit\u00e1ria \u2013 ANVISA e da outras provid\u00eancias.<\/p>\n<p><strong>\u00c1GUA POT\u00c1VEL (BEBEDOURO)<\/strong><\/p>\n<p>A \u00e1gua pot\u00e1vel \u00e9 fornecida pelas concession\u00e1rias e fica sujeita a altera\u00e7\u00f5es nos padr\u00f5es de potabilidade devido ao longo percurso das redes de tubula\u00e7\u00e3o at\u00e9 as resid\u00eancias, condom\u00ednios, empresas e hospitais onde \u00e9 armazenada e consumida.<\/p>\n<p>Para avaliar a qualidade a qualidade da \u00e1gua antes do consumo s\u00e3o realizados alguns ensaios:<\/p>\n<ul>\n<li>Ensaios microbiol\u00f3gicos<\/li>\n<li>Ensaios F\u00edsico-Qu\u00edmicos<\/li>\n<\/ul>\n<p><strong>Legisla\u00e7\u00e3o:<\/strong><\/p>\n<p>Portaria de Consolida\u00e7\u00e3o N\u00ba05 de 28\/09\/2017\u00a0\u2013 Consolida\u00e7\u00e3o das normas sobre as a\u00e7\u00f5es e os servi\u00e7os de sa\u00fade do sistema \u00fanico de sa\u00fade. ANEXO XX DO CONTROLE DE DA VIGIL\u00c2NCIA DA QUALIDADE DA \u00c1GUA PARA CONSUMO HUMANO E SEU PADR\u00c3O DE POTABILIADE (Origem: PRT MS\/GM 2914\/2011)<\/p>\n<p><strong>\u00c1GUA SUBTERR\u00c2NEA (PO\u00c7OS)<\/strong><\/p>\n<p>\u00c1gua proveniente de po\u00e7os que passam por algum tratamento e \u00e9 destinada ao consumo, higiene pessoal, preparo de alimentos e aplica\u00e7\u00e3o industrial, por exemplo.<\/p>\n<ul>\n<li>Ensaios microbiol\u00f3gicos<\/li>\n<li>Ensaios F\u00edsico-Qu\u00edmicos<\/li>\n<\/ul>\n<p><strong>Legisla\u00e7\u00e3o:<\/strong><\/p>\n<p>Portaria de Consolida\u00e7\u00e3o N\u00ba05 de 28\/09\/2017\u00a0\u2013 Consolida\u00e7\u00e3o das normas sobre as a\u00e7\u00f5es e os servi\u00e7os de sa\u00fade do sistema \u00fanico de sa\u00fade. ANEXO XX DO CONTROLE DE DA VIGIL\u00c2NCIA DA QUALIDADE DA \u00c1GUA PARA CONSUMO HUMANO E SEU PADR\u00c3O DE POTABILIADE (Origem: PRT MS\/GM 2914\/2011)<\/p>\n<p>Decreto N\u00ba 12.486, de 20 Outubro de 1978 \u2013 NTA 60 \u2013 Normas T\u00e9cnicas relativas a alimentos e bebidas<\/p>\n<p>Resolu\u00e7\u00e3o Conama 396 \u2013 Disp\u00f5e sobre a classifica\u00e7\u00e3o e diretrizes ambientais para o enquadramento das \u00e1guas subterr\u00e2neas e d\u00e1 outras provid\u00eancias.<\/p>\n<p><strong>\u00c1GUA PURIFICADA<\/strong><\/p>\n<p>A \u00e1gua purificada \u00e9 obtida a partir de processos de filtra\u00e7\u00e3o, destila\u00e7\u00e3o, desioniza\u00e7\u00e3o e osmose reversa, por exemplo. Geralmente \u00e9 destinada a atividades em laborat\u00f3rios, produ\u00e7\u00e3o de medicamentos, cosm\u00e9ticos, preparo de solu\u00e7\u00f5es qu\u00edmicas e tamb\u00e9m para qualidade da \u00e1gua de hemodi\u00e1lise<\/p>\n<p>Alguns ensaios de monitoramento:<\/p>\n<ul>\n<li>Bact\u00e9rias Heterotr\u00f3ficas<\/li>\n<li>Coliformes totais e E.coli (qualitativo)<\/li>\n<li>Condutividade<\/li>\n<li>Dureza<\/li>\n<li>Cloretos<\/li>\n<li>Nitrato<\/li>\n<li>Sulfato<\/li>\n<li>pH<\/li>\n<li>Am\u00f4nio<\/li>\n<li>Cor Aparente<\/li>\n<li>Turva\u00e7\u00e3o<\/li>\n<li>Sabor<\/li>\n<li>Odor<\/li>\n<li>Cloro residual Livre<\/li>\n<li>pH<\/li>\n<li>Endotoxinas<\/li>\n<li>Alum\u00ednio<\/li>\n<li>Antim\u00f4nio<\/li>\n<li>Ars\u00eanico<\/li>\n<li>B\u00e1rio<\/li>\n<li>Ber\u00edlio<\/li>\n<li>C\u00e1dmio<\/li>\n<li>C\u00e1lcio<\/li>\n<li>Chumbo<\/li>\n<li>Cloro total<\/li>\n<li>Cobre<\/li>\n<li>Cromo<\/li>\n<li>Fluoreto<\/li>\n<li>Magn\u00e9sio<\/li>\n<li>Merc\u00fario<\/li>\n<li>Nitrato (N)<\/li>\n<li>Pot\u00e1ssio<\/li>\n<li>Prata<\/li>\n<li>Sel\u00eanio<\/li>\n<li>S\u00f3dio<\/li>\n<li>Sulfato<\/li>\n<li>T\u00e1lio<\/li>\n<li>Zinco<\/li>\n<\/ul>\n<p><strong>Legisla\u00e7\u00e3o:<\/strong>\u00a0Farmacopeia Brasileira e outras<\/p>\n<p><strong>Monitoramento de ETEs e Sistemas de Re\u00faso<\/strong><\/p>\n<p>Os efluentes gerados pelas ETEs dos hospitais devem ser devidamente tratados para a correta destina\u00e7\u00e3o nos corpos h\u00eddricos, atendendo aos limites dos par\u00e2metros estabelecidos pelos \u00f3rg\u00e3os ambientais. O monitoramento da qualidade dos efluentes \u00e9 realizado atrav\u00e9s dos ensaios f\u00edsico-qu\u00edmicos e microbiol\u00f3gicos por laborat\u00f3rios acreditados pelo INMETRO conforme os requisitos de qualidade da ISO 17025.<\/p>\n<p><strong>Rio de Janeiro \u2013 INEA<\/strong><\/p>\n<ul>\n<li>DZ 215 \u2013 R-4 \u2013 Controle de carga org\u00e2nica em efluentes de origem sanit\u00e1ria<\/li>\n<li>DZ 205 \u2013 R-6 \u2013 Controle de carga org\u00e2nica em efluentes industriais<\/li>\n<li>NT 202 \u2013 R-10 \u2013 Crit\u00e9rios e padr\u00f5es para lan\u00e7amento de efluentes l\u00edquidos<\/li>\n<li>NT 213 \u2013 R 4 \u2013 Padr\u00f5es para controle da toxicidade em efluentes<\/li>\n<li>DZ 942.- R-7 \u2013 Programa de autocontrole de efluentes l\u00edquidos \u2013 Procon \u00e1gua<\/li>\n<li>Portaria de Consolida\u00e7\u00e3o N\u00ba05 de 28\/09\/2017\u00a0\u2013 Consolida\u00e7\u00e3o das normas sobre as a\u00e7\u00f5es e os servi\u00e7os de sa\u00fade do sistema \u00fanico de sa\u00fade. ANEXO XX DO CONTROLE DE DA VIGIL\u00c2NCIA DA QUALIDADE DA \u00c1GUA PARA CONSUMO HUMANO E SEU PADR\u00c3O DE POTABILIADE (Origem: PRT MS\/GM 2914\/2011)<\/li>\n<\/ul>\n<p>Sigam a <a href=\"https:\/\/www.tecma-tecnologia.com.br\/web\/\">Tecma<\/a> em todas as nossas plataformas<\/p>\n<p><a href=\"https:\/\/www.instagram.com\/tecmatecnologia\/\">INSTAGRAM TECMA<\/a><\/p>\n<p><a href=\"https:\/\/web.facebook.com\/tecmatecnologia\/?_rdc=1&amp;_rdr\">FACEBOOK TECMA<\/a><\/p>\n<p><a href=\"https:\/\/www.linkedin.com\/company\/934510\/\">LINKEDIN TECMA<\/a><\/p>\n<p><strong>\u00a0<\/strong><\/p>\n<\/div><div class=\"fusion-clearfix\"><\/div>\n\n\t\t\t\t\t<\/div>\n\t\t\t\t<\/div><div  class=\"fusion-layout-column fusion_builder_column fusion_builder_column_1_4  fusion-one-fourth fusion-column-last 1_4\"  style='margin-top:20px;margin-bottom:20px;width:25%;width:calc(25% - ( ( 4% ) * 0.25 ) );'>\n\t\t\t\t\t<div class=\"fusion-column-wrapper\" style=\"padding: 0px 0px 0px 0px;background-position:left top;background-repeat:no-repeat;-webkit-background-size:cover;-moz-background-size:cover;-o-background-size:cover;background-size:cover;\"  data-bg-url=\"\">\n\t\t\t\t\t\t<div class=\"fusion-widget-area fusion-widget-area-1 fusion-content-widget-area\"><style type=\"text\/css\" scoped=\"scoped\">.fusion-widget-area-1 {padding:0px 0px 0px 0px;}.fusion-widget-area-1 .widget h4 {color:#1eb4c2;}.fusion-widget-area-1 .widget .heading h4 {color:#1eb4c2;}<\/style><div id=\"nav_menu-12\" class=\"widget widget_nav_menu\"><div class=\"menu-segmentos-da-industria-laboratorio-container\"><ul id=\"menu-segmentos-da-industria-laboratorio\" class=\"menu\"><li id=\"menu-item-429\" class=\"menu-item menu-item-type-post_type menu-item-object-page menu-item-429\"><a href=\"https:\/\/www.tecma-tecnologia.com.br\/web\/laboratorio\/segmentos-da-industria\/solucoes-para-industrias\/\">INDUSTRIAIS<\/a><\/li>\n<li id=\"menu-item-771\" class=\"menu-item menu-item-type-post_type menu-item-object-page menu-item-771\"><a href=\"https:\/\/www.tecma-tecnologia.com.br\/web\/laboratorio\/segmentos-da-industria\/analises-ambientais-para-area-da-saude\/\">SA\u00daDE<\/a><\/li>\n<li id=\"menu-item-770\" class=\"menu-item menu-item-type-post_type menu-item-object-page menu-item-770\"><a href=\"https:\/\/www.tecma-tecnologia.com.br\/web\/laboratorio\/segmentos-da-industria\/seguranca-ocupacional\/\">SEGURAN\u00c7A OCUPACIONAL<\/a><\/li>\n<li id=\"menu-item-769\" class=\"menu-item menu-item-type-post_type menu-item-object-page menu-item-769\"><a href=\"https:\/\/www.tecma-tecnologia.com.br\/web\/laboratorio\/segmentos-da-industria\/shoppings\/\">SHOPPINGS<\/a><\/li>\n<li id=\"menu-item-768\" class=\"menu-item menu-item-type-post_type menu-item-object-page menu-item-768\"><a href=\"https:\/\/www.tecma-tecnologia.com.br\/web\/laboratorio\/segmentos-da-industria\/hoteis-meio-ambiente\/\">HOT\u00c9IS<\/a><\/li>\n<li id=\"menu-item-767\" class=\"menu-item menu-item-type-post_type menu-item-object-page menu-item-767\"><a href=\"https:\/\/www.tecma-tecnologia.com.br\/web\/laboratorio\/segmentos-da-industria\/aterros-sanitarios\/\">ATERROS SANIT\u00c1RIOS<\/a><\/li>\n<li id=\"menu-item-766\" class=\"menu-item menu-item-type-post_type menu-item-object-page menu-item-766\"><a href=\"https:\/\/www.tecma-tecnologia.com.br\/web\/laboratorio\/segmentos-da-industria\/agua-para-amassamento-de-concreto\/\">CONSTRU\u00c7\u00c3O CIVIL<\/a><\/li>\n<li id=\"menu-item-774\" class=\"menu-item menu-item-type-post_type menu-item-object-page menu-item-774\"><a href=\"https:\/\/www.tecma-tecnologia.com.br\/web\/laboratorio\/segmentos-da-industria\/consultorias-ambientais\/\">CONSULTORIAS AMBIENTAIS<\/a><\/li>\n<li id=\"menu-item-765\" class=\"menu-item menu-item-type-post_type menu-item-object-page menu-item-765\"><a href=\"https:\/\/www.tecma-tecnologia.com.br\/web\/laboratorio\/segmentos-da-industria\/solucoes-ambientais-prefeituras\/\">GEST\u00c3O P\u00daBLICA<\/a><\/li>\n<\/ul><\/div><\/div><div class=\"fusion-additional-widget-content\"><\/div><\/div><div class=\"fusion-clearfix\"><\/div>\n\n\t\t\t\t\t<\/div>\n\t\t\t\t<\/div><\/div><\/div><\/p>\n","protected":false},"excerpt":{"rendered":"","protected":false},"author":1,"featured_media":0,"parent":354,"menu_order":0,"comment_status":"closed","ping_status":"closed","template":"","meta":{"_mi_skip_tracking":false,"spay_email":"","footnotes":""},"class_list":["post-743","page","type-page","status-publish","hentry"],"yoast_head":"<!-- This site is optimized with the Yoast SEO plugin v20.2.1 - https:\/\/yoast.com\/wordpress\/plugins\/seo\/ -->\n<title>An\u00e1lises ambientais para \u00c1rea da Sa\u00fade - TECMA Tecnologia<\/title>\n<meta name=\"description\" content=\"AN\u00c1LISES AMBIENTAIS PARA \u00c1REA DA SA\u00daDE AVALIA\u00c7\u00c3O DO AR DE AMBIENTES CLIMATIZADOS desde 1986 TECMA SE PREOCUPANDO EM ATENDER TODOS OS SEGMENTOS DA IND\u00daSTRIA\" \/>\n<meta name=\"robots\" content=\"index, follow, max-snippet:-1, max-image-preview:large, max-video-preview:-1\" \/>\n<link rel=\"canonical\" href=\"https:\/\/www.tecma-tecnologia.com.br\/web\/laboratorio\/segmentos-da-industria\/analises-ambientais-para-area-da-saude\/\" \/>\n<meta property=\"og:locale\" content=\"pt_BR\" \/>\n<meta property=\"og:type\" content=\"article\" \/>\n<meta property=\"og:title\" content=\"An\u00e1lises ambientais para \u00c1rea da Sa\u00fade - TECMA Tecnologia\" \/>\n<meta property=\"og:description\" content=\"AN\u00c1LISES AMBIENTAIS PARA \u00c1REA DA SA\u00daDE AVALIA\u00c7\u00c3O DO AR DE AMBIENTES CLIMATIZADOS desde 1986 TECMA SE PREOCUPANDO EM ATENDER TODOS OS SEGMENTOS DA IND\u00daSTRIA\" \/>\n<meta property=\"og:url\" content=\"https:\/\/www.tecma-tecnologia.com.br\/web\/laboratorio\/segmentos-da-industria\/analises-ambientais-para-area-da-saude\/\" \/>\n<meta property=\"og:site_name\" content=\"TECMA Tecnologia\" \/>\n<meta property=\"article:modified_time\" content=\"2019-12-30T13:31:04+00:00\" \/>\n<meta name=\"twitter:card\" content=\"summary_large_image\" \/>\n<meta name=\"twitter:label1\" content=\"Est. tempo de leitura\" \/>\n\t<meta name=\"twitter:data1\" content=\"8 minutos\" \/>\n<script type=\"application\/ld+json\" class=\"yoast-schema-graph\">{\"@context\":\"https:\/\/schema.org\",\"@graph\":[{\"@type\":\"WebPage\",\"@id\":\"https:\/\/www.tecma-tecnologia.com.br\/web\/laboratorio\/segmentos-da-industria\/analises-ambientais-para-area-da-saude\/\",\"url\":\"https:\/\/www.tecma-tecnologia.com.br\/web\/laboratorio\/segmentos-da-industria\/analises-ambientais-para-area-da-saude\/\",\"name\":\"An\u00e1lises ambientais para \u00c1rea da Sa\u00fade - TECMA Tecnologia\",\"isPartOf\":{\"@id\":\"https:\/\/www.tecma-tecnologia.com.br\/web\/#website\"},\"datePublished\":\"2018-10-25T20:10:38+00:00\",\"dateModified\":\"2019-12-30T13:31:04+00:00\",\"description\":\"AN\u00c1LISES AMBIENTAIS PARA \u00c1REA DA SA\u00daDE AVALIA\u00c7\u00c3O DO AR DE AMBIENTES CLIMATIZADOS desde 1986 TECMA SE PREOCUPANDO EM ATENDER TODOS OS SEGMENTOS DA IND\u00daSTRIA\",\"breadcrumb\":{\"@id\":\"https:\/\/www.tecma-tecnologia.com.br\/web\/laboratorio\/segmentos-da-industria\/analises-ambientais-para-area-da-saude\/#breadcrumb\"},\"inLanguage\":\"pt-BR\",\"potentialAction\":[{\"@type\":\"ReadAction\",\"target\":[\"https:\/\/www.tecma-tecnologia.com.br\/web\/laboratorio\/segmentos-da-industria\/analises-ambientais-para-area-da-saude\/\"]}]},{\"@type\":\"BreadcrumbList\",\"@id\":\"https:\/\/www.tecma-tecnologia.com.br\/web\/laboratorio\/segmentos-da-industria\/analises-ambientais-para-area-da-saude\/#breadcrumb\",\"itemListElement\":[{\"@type\":\"ListItem\",\"position\":1,\"name\":\"Home\",\"item\":\"https:\/\/www.tecma-tecnologia.com.br\/web\/\"},{\"@type\":\"ListItem\",\"position\":2,\"name\":\"Laborat\u00f3rio\",\"item\":\"https:\/\/www.tecma-tecnologia.com.br\/web\/laboratorio\/\"},{\"@type\":\"ListItem\",\"position\":3,\"name\":\"Segmentos da Ind\u00fastria\",\"item\":\"https:\/\/www.tecma-tecnologia.com.br\/web\/laboratorio\/segmentos-da-industria\/\"},{\"@type\":\"ListItem\",\"position\":4,\"name\":\"An\u00e1lises ambientais para \u00c1rea da Sa\u00fade\"}]},{\"@type\":\"WebSite\",\"@id\":\"https:\/\/www.tecma-tecnologia.com.br\/web\/#website\",\"url\":\"https:\/\/www.tecma-tecnologia.com.br\/web\/\",\"name\":\"TECMA Tecnologia\",\"description\":\"\",\"potentialAction\":[{\"@type\":\"SearchAction\",\"target\":{\"@type\":\"EntryPoint\",\"urlTemplate\":\"https:\/\/www.tecma-tecnologia.com.br\/web\/?s={search_term_string}\"},\"query-input\":\"required name=search_term_string\"}],\"inLanguage\":\"pt-BR\"}]}<\/script>\n<!-- \/ Yoast SEO plugin. -->","yoast_head_json":{"title":"An\u00e1lises ambientais para \u00c1rea da Sa\u00fade - TECMA Tecnologia","description":"AN\u00c1LISES AMBIENTAIS PARA \u00c1REA DA SA\u00daDE AVALIA\u00c7\u00c3O DO AR DE AMBIENTES CLIMATIZADOS desde 1986 TECMA SE PREOCUPANDO EM ATENDER TODOS OS SEGMENTOS DA IND\u00daSTRIA","robots":{"index":"index","follow":"follow","max-snippet":"max-snippet:-1","max-image-preview":"max-image-preview:large","max-video-preview":"max-video-preview:-1"},"canonical":"https:\/\/www.tecma-tecnologia.com.br\/web\/laboratorio\/segmentos-da-industria\/analises-ambientais-para-area-da-saude\/","og_locale":"pt_BR","og_type":"article","og_title":"An\u00e1lises ambientais para \u00c1rea da Sa\u00fade - TECMA Tecnologia","og_description":"AN\u00c1LISES AMBIENTAIS PARA \u00c1REA DA SA\u00daDE AVALIA\u00c7\u00c3O DO AR DE AMBIENTES CLIMATIZADOS desde 1986 TECMA SE PREOCUPANDO EM ATENDER TODOS OS SEGMENTOS DA IND\u00daSTRIA","og_url":"https:\/\/www.tecma-tecnologia.com.br\/web\/laboratorio\/segmentos-da-industria\/analises-ambientais-para-area-da-saude\/","og_site_name":"TECMA Tecnologia","article_modified_time":"2019-12-30T13:31:04+00:00","twitter_card":"summary_large_image","twitter_misc":{"Est. tempo de leitura":"8 minutos"},"schema":{"@context":"https:\/\/schema.org","@graph":[{"@type":"WebPage","@id":"https:\/\/www.tecma-tecnologia.com.br\/web\/laboratorio\/segmentos-da-industria\/analises-ambientais-para-area-da-saude\/","url":"https:\/\/www.tecma-tecnologia.com.br\/web\/laboratorio\/segmentos-da-industria\/analises-ambientais-para-area-da-saude\/","name":"An\u00e1lises ambientais para \u00c1rea da Sa\u00fade - TECMA Tecnologia","isPartOf":{"@id":"https:\/\/www.tecma-tecnologia.com.br\/web\/#website"},"datePublished":"2018-10-25T20:10:38+00:00","dateModified":"2019-12-30T13:31:04+00:00","description":"AN\u00c1LISES AMBIENTAIS PARA \u00c1REA DA SA\u00daDE AVALIA\u00c7\u00c3O DO AR DE AMBIENTES CLIMATIZADOS desde 1986 TECMA SE PREOCUPANDO EM ATENDER TODOS OS SEGMENTOS DA IND\u00daSTRIA","breadcrumb":{"@id":"https:\/\/www.tecma-tecnologia.com.br\/web\/laboratorio\/segmentos-da-industria\/analises-ambientais-para-area-da-saude\/#breadcrumb"},"inLanguage":"pt-BR","potentialAction":[{"@type":"ReadAction","target":["https:\/\/www.tecma-tecnologia.com.br\/web\/laboratorio\/segmentos-da-industria\/analises-ambientais-para-area-da-saude\/"]}]},{"@type":"BreadcrumbList","@id":"https:\/\/www.tecma-tecnologia.com.br\/web\/laboratorio\/segmentos-da-industria\/analises-ambientais-para-area-da-saude\/#breadcrumb","itemListElement":[{"@type":"ListItem","position":1,"name":"Home","item":"https:\/\/www.tecma-tecnologia.com.br\/web\/"},{"@type":"ListItem","position":2,"name":"Laborat\u00f3rio","item":"https:\/\/www.tecma-tecnologia.com.br\/web\/laboratorio\/"},{"@type":"ListItem","position":3,"name":"Segmentos da Ind\u00fastria","item":"https:\/\/www.tecma-tecnologia.com.br\/web\/laboratorio\/segmentos-da-industria\/"},{"@type":"ListItem","position":4,"name":"An\u00e1lises ambientais para \u00c1rea da Sa\u00fade"}]},{"@type":"WebSite","@id":"https:\/\/www.tecma-tecnologia.com.br\/web\/#website","url":"https:\/\/www.tecma-tecnologia.com.br\/web\/","name":"TECMA Tecnologia","description":"","potentialAction":[{"@type":"SearchAction","target":{"@type":"EntryPoint","urlTemplate":"https:\/\/www.tecma-tecnologia.com.br\/web\/?s={search_term_string}"},"query-input":"required name=search_term_string"}],"inLanguage":"pt-BR"}]}},"_links":{"self":[{"href":"https:\/\/www.tecma-tecnologia.com.br\/web\/wp-json\/wp\/v2\/pages\/743","targetHints":{"allow":["GET"]}}],"collection":[{"href":"https:\/\/www.tecma-tecnologia.com.br\/web\/wp-json\/wp\/v2\/pages"}],"about":[{"href":"https:\/\/www.tecma-tecnologia.com.br\/web\/wp-json\/wp\/v2\/types\/page"}],"author":[{"embeddable":true,"href":"https:\/\/www.tecma-tecnologia.com.br\/web\/wp-json\/wp\/v2\/users\/1"}],"replies":[{"embeddable":true,"href":"https:\/\/www.tecma-tecnologia.com.br\/web\/wp-json\/wp\/v2\/comments?post=743"}],"version-history":[{"count":2,"href":"https:\/\/www.tecma-tecnologia.com.br\/web\/wp-json\/wp\/v2\/pages\/743\/revisions"}],"predecessor-version":[{"id":3371,"href":"https:\/\/www.tecma-tecnologia.com.br\/web\/wp-json\/wp\/v2\/pages\/743\/revisions\/3371"}],"up":[{"embeddable":true,"href":"https:\/\/www.tecma-tecnologia.com.br\/web\/wp-json\/wp\/v2\/pages\/354"}],"wp:attachment":[{"href":"https:\/\/www.tecma-tecnologia.com.br\/web\/wp-json\/wp\/v2\/media?parent=743"}],"curies":[{"name":"wp","href":"https:\/\/api.w.org\/{rel}","templated":true}]}}