{"id":528,"date":"2018-07-21T17:22:23","date_gmt":"2018-07-21T20:22:23","guid":{"rendered":"http:\/\/www.tecma-tecnologia.com.br\/web\/?page_id=528"},"modified":"2024-04-02T11:34:44","modified_gmt":"2024-04-02T14:34:44","slug":"blog-meio-ambiente","status":"publish","type":"page","link":"https:\/\/www.tecma-tecnologia.com.br\/web\/blog-meio-ambiente\/","title":{"rendered":"Blog"},"content":{"rendered":"<p><div class=\"fusion-fullwidth fullwidth-box nonhundred-percent-fullwidth non-hundred-percent-height-scrolling\"  style='background-color: rgba(255,255,255,0);background-position: center center;background-repeat: no-repeat;padding-top:0px;padding-right:0px;padding-bottom:0px;padding-left:0px;margin-bottom: 0px;'><div class=\"fusion-builder-row fusion-row \"><div  class=\"fusion-layout-column fusion_builder_column fusion_builder_column_1_1  fusion-one-full fusion-column-first fusion-column-last 1_1\"  style='margin-top:0px;margin-bottom:20px;'>\n\t\t\t\t\t<div class=\"fusion-column-wrapper\" style=\"padding: 0px 0px 0px 0px;background-position:left top;background-repeat:no-repeat;-webkit-background-size:cover;-moz-background-size:cover;-o-background-size:cover;background-size:cover;\"  data-bg-url=\"\">\n\t\t\t\t\t\t<div class=\"fusion-title title fusion-sep-none fusion-title-size-one\" style=\"margin-top:0px;margin-bottom:31px;\"><h1 class=\"title-heading-left\">BLOG TECMA<\/h1><\/div><div class=\"fusion-clearfix\"><\/div>\n\n\t\t\t\t\t<\/div>\n\t\t\t\t<\/div><\/div><\/div><div class=\"fusion-fullwidth fullwidth-box nonhundred-percent-fullwidth non-hundred-percent-height-scrolling\"  style='background-color: rgba(255,255,255,0);background-position: center center;background-repeat: no-repeat;padding-top:0px;padding-right:0px;padding-bottom:0px;padding-left:0px;'><div class=\"fusion-builder-row fusion-row \"><div  class=\"fusion-layout-column fusion_builder_column fusion_builder_column_1_1  fusion-one-full fusion-column-first fusion-column-last 1_1\"  style='margin-top:0px;margin-bottom:20px;'>\n\t\t\t\t\t<div class=\"fusion-column-wrapper\" style=\"padding: 0px 0px 0px 0px;background-position:left top;background-repeat:no-repeat;-webkit-background-size:cover;-moz-background-size:cover;-o-background-size:cover;background-size:cover;\"  data-bg-url=\"\">\n\t\t\t\t\t\t<div class=\"fusion-blog-shortcode fusion-blog-shortcode-1 fusion-blog-archive fusion-blog-layout-grid-wrapper fusion-blog-infinite #top .fullsize .template-blog .post-title { text-align: left; }\" id=\"noticiaseeventos\"><style type=\"text\/css\">.fusion-blog-shortcode-1 .fusion-blog-layout-grid .fusion-post-grid{padding:20px;}.fusion-blog-shortcode-1 .fusion-posts-container{margin-left: -20px !important; margin-right:-20px !important;}<\/style><div class=\"fusion-posts-container fusion-posts-container-infinite fusion-posts-container-load-more fusion-no-meta-info fusion-blog-layout-grid fusion-blog-layout-grid-2 isotope fusion-blog-equal-heights\" data-pages=\"4\" data-grid-col-space=\"40\" style=\"margin: -20px -20px 0;min-height:500px;\"><article id=\"blog-1-post-4795\" class=\"fusion-post-grid post-4795 post type-post status-publish format-standard has-post-thumbnail hentry category-eventos category-noticias\">\n<div class=\"fusion-post-wrapper\" style=\"background-color:rgba(255,255,255,0);border:1px solid #ebeaea;border-bottom-width:3px;\">\n\n\t\t\t<div class=\"fusion-flexslider flexslider fusion-flexslider-loading fusion-post-slideshow\" style=&quot;border-color:#ebeaea&quot;>\n\t\t<ul class=\"slides\">\n\t\t\t\n\t\t\t\t\t\t\t\t\t\t\t\t\t\t<li>\n\n<div  class=\"fusion-image-wrapper\" aria-haspopup=\"true\">\n\t\n\t\n\t\t<a href=\"https:\/\/www.tecma-tecnologia.com.br\/web\/noticias\/monitoramento-remoto\/\">\n\t\t\t\n\t\t\t\t\t<img fetchpriority=\"high\" decoding=\"async\" width=\"922\" height=\"692\" src=\"https:\/\/www.tecma-tecnologia.com.br\/web\/wp-content\/uploads\/2024\/03\/boia-de-monitoramento.png\" class=\"attachment-full size-full wp-post-image\" alt=\"\" srcset=\"https:\/\/www.tecma-tecnologia.com.br\/web\/wp-content\/uploads\/2024\/03\/boia-de-monitoramento-200x150.png 200w, https:\/\/www.tecma-tecnologia.com.br\/web\/wp-content\/uploads\/2024\/03\/boia-de-monitoramento-400x300.png 400w, https:\/\/www.tecma-tecnologia.com.br\/web\/wp-content\/uploads\/2024\/03\/boia-de-monitoramento-600x450.png 600w, https:\/\/www.tecma-tecnologia.com.br\/web\/wp-content\/uploads\/2024\/03\/boia-de-monitoramento-800x600.png 800w, https:\/\/www.tecma-tecnologia.com.br\/web\/wp-content\/uploads\/2024\/03\/boia-de-monitoramento.png 922w\" sizes=\"(min-width: 2200px) 100vw, (min-width: 712px) 530px, (min-width: 640px) 712px, \" \/>\n\t\n\n\t\t<\/a>\n\n\t\n<\/div>\n<\/li>\n\t\t\t\n\t\t\t\n\t\t\t\t\t\t\t\t\t\t\t\t\t\t\t\t\t\t\t\t\t\t\t\t\t\t\t\t\t\t\t\t\t\t\t\t\t\t\t\t\t\t\t\t\t\t\t\t\t\t\t\t\t\t\t\t\t\t\t\t\t\t\t\t\t\t\t\t<\/ul>\n\t<\/div>\n<div class=\"fusion-post-content-wrapper\" style=\"padding:30px 25px 20px 25px;\"><div class=\"fusion-post-content post-content\"><h2 class=\"blog-shortcode-post-title entry-title\"><a href=\"https:\/\/www.tecma-tecnologia.com.br\/web\/noticias\/monitoramento-remoto\/\">Como a Monitoriza\u00e7\u00e3o Remota Transforma o Controle da Qualidade da \u00c1gua<\/a><\/h2><div class=\"fusion-post-content-container\"><p> Como a Monitoriza\u00e7\u00e3o Remota Transforma o Controle da Qualidade da \u00c1gua Os sensores e dispositivos se aprimoram dia ap\u00f3s [...]<\/p><\/div><\/div><\/div><div class=\"fusion-clearfix\"><\/div><\/div>\n<\/article>\n<article id=\"blog-1-post-4333\" class=\"fusion-post-grid post-4333 post type-post status-publish format-standard has-post-thumbnail hentry category-noticias category-sem-categoria\">\n<div class=\"fusion-post-wrapper\" style=\"background-color:rgba(255,255,255,0);border:1px solid #ebeaea;border-bottom-width:3px;\">\n\n\t\t\t<div class=\"fusion-flexslider flexslider fusion-flexslider-loading fusion-post-slideshow\" style=&quot;border-color:#ebeaea&quot;>\n\t\t<ul class=\"slides\">\n\t\t\t\n\t\t\t\t\t\t\t\t\t\t\t\t\t\t<li>\n\n<div  class=\"fusion-image-wrapper\" aria-haspopup=\"true\">\n\t\n\t\n\t\t<a href=\"https:\/\/www.tecma-tecnologia.com.br\/web\/sem-categoria\/contrato-em-cubatao-a-todo-vapor\/\">\n\t\t\t\n\t\t\t\t\t<img decoding=\"async\" width=\"1056\" height=\"657\" src=\"https:\/\/www.tecma-tecnologia.com.br\/web\/wp-content\/uploads\/2020\/07\/whatsapp-image-2020-07-03-at-151032-600x373.jpeg\" class=\"attachment-full size-full wp-post-image\" alt=\"\" srcset=\"https:\/\/www.tecma-tecnologia.com.br\/web\/wp-content\/uploads\/2020\/07\/whatsapp-image-2020-07-03-at-151032-200x124.jpeg 200w, https:\/\/www.tecma-tecnologia.com.br\/web\/wp-content\/uploads\/2020\/07\/whatsapp-image-2020-07-03-at-151032-400x249.jpeg 400w, https:\/\/www.tecma-tecnologia.com.br\/web\/wp-content\/uploads\/2020\/07\/whatsapp-image-2020-07-03-at-151032-600x373.jpeg 600w, https:\/\/www.tecma-tecnologia.com.br\/web\/wp-content\/uploads\/2020\/07\/whatsapp-image-2020-07-03-at-151032-800x498.jpeg 800w, https:\/\/www.tecma-tecnologia.com.br\/web\/wp-content\/uploads\/2020\/07\/whatsapp-image-2020-07-03-at-151032.jpeg 1056w\" sizes=\"(min-width: 2200px) 100vw, (min-width: 712px) 530px, (min-width: 640px) 712px, \" \/>\n\t\n\n\t\t<\/a>\n\n\t\n<\/div>\n<\/li>\n\t\t\t\n\t\t\t\n\t\t\t\t\t\t\t\t\t\t\t\t\t\t\t\t\t\t\t\t\t\t\t\t\t\t\t\t\t\t\t\t\t\t\t\t\t\t\t\t\t\t\t\t\t\t\t\t\t\t\t\t\t\t\t\t\t\t\t\t\t\t\t\t\t\t\t\t<\/ul>\n\t<\/div>\n<div class=\"fusion-post-content-wrapper\" style=\"padding:30px 25px 20px 25px;\"><div class=\"fusion-post-content post-content\"><h2 class=\"blog-shortcode-post-title entry-title\"><a href=\"https:\/\/www.tecma-tecnologia.com.br\/web\/sem-categoria\/contrato-em-cubatao-a-todo-vapor\/\">Contrato em Cubat\u00e3o a todo vapor<\/a><\/h2><div class=\"fusion-post-content-container\"><p> Equipe TECMA LAB em Cubat\u00e3o a todo Vapor!! Nesse momento t\u00e3o complicado que estamos vivendo, a TECMA LAB inicia [...]<\/p><\/div><\/div><\/div><div class=\"fusion-clearfix\"><\/div><\/div>\n<\/article>\n<article id=\"blog-1-post-3221\" class=\"fusion-post-grid post-3221 post type-post status-publish format-standard has-post-thumbnail hentry category-eventos category-noticias\">\n<div class=\"fusion-post-wrapper\" style=\"background-color:rgba(255,255,255,0);border:1px solid #ebeaea;border-bottom-width:3px;\">\n\n\t\t\t<div class=\"fusion-flexslider flexslider fusion-flexslider-loading fusion-post-slideshow\" style=&quot;border-color:#ebeaea&quot;>\n\t\t<ul class=\"slides\">\n\t\t\t\n\t\t\t\t\t\t\t\t\t\t\t\t\t\t<li>\n\n<div  class=\"fusion-image-wrapper\" aria-haspopup=\"true\">\n\t\n\t\n\t\t<a href=\"https:\/\/www.tecma-tecnologia.com.br\/web\/eventos\/tecnologia-mbr\/\">\n\t\t\t\n\t\t\t\t\t<img decoding=\"async\" width=\"1000\" height=\"667\" src=\"https:\/\/www.tecma-tecnologia.com.br\/web\/wp-content\/uploads\/2019\/08\/dsc-8062-600x400.jpg\" class=\"attachment-full size-full wp-post-image\" alt=\"\" \/>\n\t\n\n\t\t<\/a>\n\n\t\n<\/div>\n<\/li>\n\t\t\t\n\t\t\t\n\t\t\t\t\t\t\t\t\t\t\t\t\t\t\t\t\t\t\t\t\t\t\t\t\t\t\t\t\t\t\t\t\t\t\t\t\t\t\t\t\t\t\t\t\t\t\t\t\t\t\t\t\t\t\t\t\t\t\t\t\t\t\t\t\t\t\t\t<\/ul>\n\t<\/div>\n<div class=\"fusion-post-content-wrapper\" style=\"padding:30px 25px 20px 25px;\"><div class=\"fusion-post-content post-content\"><h2 class=\"blog-shortcode-post-title entry-title\"><a href=\"https:\/\/www.tecma-tecnologia.com.br\/web\/eventos\/tecnologia-mbr\/\">Tecnologia MBR(Membrane Bioreactor)<\/a><\/h2><div class=\"fusion-post-content-container\"><p>    A Tecnologia MBR (Membrane Bioreactor) Biorreatore com membranas \u00e9 um processo de tratamento de \u00e1guas residuais [...]<\/p><\/div><\/div><\/div><div class=\"fusion-clearfix\"><\/div><\/div>\n<\/article>\n<article id=\"blog-1-post-4251\" class=\"fusion-post-grid post-4251 post type-post status-publish format-standard has-post-thumbnail hentry category-eventos category-noticias category-posts\">\n<div class=\"fusion-post-wrapper\" style=\"background-color:rgba(255,255,255,0);border:1px solid #ebeaea;border-bottom-width:3px;\">\n\n\t\t\t<div class=\"fusion-flexslider flexslider fusion-flexslider-loading fusion-post-slideshow\" style=&quot;border-color:#ebeaea&quot;>\n\t\t<ul class=\"slides\">\n\t\t\t\n\t\t\t\t\t\t\t\t\t\t\t\t\t\t<li>\n\n<div  class=\"fusion-image-wrapper\" aria-haspopup=\"true\">\n\t\n\t\n\t\t<a href=\"https:\/\/www.tecma-tecnologia.com.br\/web\/noticias\/reuso-de-agua\/\">\n\t\t\t\n\t\t\t\t\t<img loading=\"lazy\" decoding=\"async\" width=\"1280\" height=\"720\" src=\"https:\/\/www.tecma-tecnologia.com.br\/web\/wp-content\/uploads\/2020\/04\/ewwe-600x338.png\" class=\"attachment-full size-full wp-post-image\" alt=\"\" srcset=\"https:\/\/www.tecma-tecnologia.com.br\/web\/wp-content\/uploads\/2020\/04\/ewwe-200x113.png 200w, https:\/\/www.tecma-tecnologia.com.br\/web\/wp-content\/uploads\/2020\/04\/ewwe-400x225.png 400w, https:\/\/www.tecma-tecnologia.com.br\/web\/wp-content\/uploads\/2020\/04\/ewwe-600x338.png 600w, https:\/\/www.tecma-tecnologia.com.br\/web\/wp-content\/uploads\/2020\/04\/ewwe-800x450.png 800w, https:\/\/www.tecma-tecnologia.com.br\/web\/wp-content\/uploads\/2020\/04\/ewwe-1200x675.png 1200w, https:\/\/www.tecma-tecnologia.com.br\/web\/wp-content\/uploads\/2020\/04\/ewwe.png 1280w\" sizes=\"(min-width: 2200px) 100vw, (min-width: 712px) 530px, (min-width: 640px) 712px, \" \/>\n\t\n\n\t\t<\/a>\n\n\t\n<\/div>\n<\/li>\n\t\t\t\n\t\t\t\n\t\t\t\t\t\t\t\t\t\t\t\t\t\t\t\t\t\t\t\t\t\t\t\t\t\t\t\t\t\t\t\t\t\t\t\t\t\t\t\t\t\t\t\t\t\t\t\t\t\t\t\t\t\t\t\t\t\t\t\t\t\t\t\t\t\t\t\t<\/ul>\n\t<\/div>\n<div class=\"fusion-post-content-wrapper\" style=\"padding:30px 25px 20px 25px;\"><div class=\"fusion-post-content post-content\"><h2 class=\"blog-shortcode-post-title entry-title\"><a href=\"https:\/\/www.tecma-tecnologia.com.br\/web\/noticias\/reuso-de-agua\/\">Re\u00faso de \u00c1gua &#8211; [WEBINAR]<\/a><\/h2><div class=\"fusion-post-content-container\"><p> [WEBINAR] V\u00eddeo Aula com Gandhi Giordano: Re\u00faso de \u00c1gua na Ind\u00fastria  Bem vindos ao webinar ministrado por DSc [...]<\/p><\/div><\/div><\/div><div class=\"fusion-clearfix\"><\/div><\/div>\n<\/article>\n<article id=\"blog-1-post-3201\" class=\"fusion-post-grid post-3201 post type-post status-publish format-standard has-post-thumbnail hentry category-eventos category-noticias\">\n<div class=\"fusion-post-wrapper\" style=\"background-color:rgba(255,255,255,0);border:1px solid #ebeaea;border-bottom-width:3px;\">\n\n\t\t\t<div class=\"fusion-flexslider flexslider fusion-flexslider-loading fusion-post-slideshow\" style=&quot;border-color:#ebeaea&quot;>\n\t\t<ul class=\"slides\">\n\t\t\t\n\t\t\t\t\t\t\t\t\t\t\t\t\t\t<li>\n\n<div  class=\"fusion-image-wrapper\" aria-haspopup=\"true\">\n\t\n\t\n\t\t<a href=\"https:\/\/www.tecma-tecnologia.com.br\/web\/noticias\/a-agua-feita-do-ar-da-amazonia\/\">\n\t\t\t\n\t\t\t\t\t<img loading=\"lazy\" decoding=\"async\" width=\"1920\" height=\"1079\" src=\"https:\/\/www.tecma-tecnologia.com.br\/web\/wp-content\/uploads\/2019\/12\/plant-142101-1920-600x337.jpg\" class=\"attachment-full size-full wp-post-image\" alt=\"\" srcset=\"https:\/\/www.tecma-tecnologia.com.br\/web\/wp-content\/uploads\/2019\/12\/plant-142101-1920-200x112.jpg 200w, https:\/\/www.tecma-tecnologia.com.br\/web\/wp-content\/uploads\/2019\/12\/plant-142101-1920-400x225.jpg 400w, https:\/\/www.tecma-tecnologia.com.br\/web\/wp-content\/uploads\/2019\/12\/plant-142101-1920-600x337.jpg 600w, https:\/\/www.tecma-tecnologia.com.br\/web\/wp-content\/uploads\/2019\/12\/plant-142101-1920-800x450.jpg 800w, https:\/\/www.tecma-tecnologia.com.br\/web\/wp-content\/uploads\/2019\/12\/plant-142101-1920-1200x674.jpg 1200w, https:\/\/www.tecma-tecnologia.com.br\/web\/wp-content\/uploads\/2019\/12\/plant-142101-1920.jpg 1920w\" sizes=\"(min-width: 2200px) 100vw, (min-width: 712px) 530px, (min-width: 640px) 712px, \" \/>\n\t\n\n\t\t<\/a>\n\n\t\n<\/div>\n<\/li>\n\t\t\t\n\t\t\t\n\t\t\t\t\t\t\t\t\t\t\t\t\t\t\t\t\t\t\t\t\t\t\t\t\t\t\t\t\t\t\t\t\t\t\t\t\t\t\t\t\t\t\t\t\t\t\t\t\t\t\t\t\t\t\t\t\t\t\t\t\t\t\t\t\t\t\t\t<\/ul>\n\t<\/div>\n<div class=\"fusion-post-content-wrapper\" style=\"padding:30px 25px 20px 25px;\"><div class=\"fusion-post-content post-content\"><h2 class=\"blog-shortcode-post-title entry-title\"><a href=\"https:\/\/www.tecma-tecnologia.com.br\/web\/noticias\/a-agua-feita-do-ar-da-amazonia\/\">A \u00c1gua feita do ar da Amaz\u00f4nia<\/a><\/h2><div class=\"fusion-post-content-container\"><p> J\u00e1 pensaram em beber uma \u00e1gua feita do ar da Floresta Amaz\u00f4nica? O ar da Amaz\u00f4nia, considerado um dos [...]<\/p><\/div><\/div><\/div><div class=\"fusion-clearfix\"><\/div><\/div>\n<\/article>\n<article id=\"blog-1-post-3131\" class=\"fusion-post-grid post-3131 post type-post status-publish format-standard has-post-thumbnail hentry category-eventos category-noticias\">\n<div class=\"fusion-post-wrapper\" style=\"background-color:rgba(255,255,255,0);border:1px solid #ebeaea;border-bottom-width:3px;\">\n\n\t\t\t<div class=\"fusion-flexslider flexslider fusion-flexslider-loading fusion-post-slideshow\" style=&quot;border-color:#ebeaea&quot;>\n\t\t<ul class=\"slides\">\n\t\t\t\n\t\t\t\t\t\t\t\t\t\t\t\t\t\t<li>\n\n<div  class=\"fusion-image-wrapper\" aria-haspopup=\"true\">\n\t\n\t\n\t\t<a href=\"https:\/\/www.tecma-tecnologia.com.br\/web\/eventos\/estados-indianos-devem-fornecer-ar-e-agua-limpos-ou-pagar-indenizacoes\/\">\n\t\t\t\n\t\t\t\t\t<img loading=\"lazy\" decoding=\"async\" width=\"1920\" height=\"1440\" src=\"https:\/\/www.tecma-tecnologia.com.br\/web\/wp-content\/uploads\/2019\/11\/india-1376294-1920-600x450.jpg\" class=\"attachment-full size-full wp-post-image\" alt=\"\" srcset=\"https:\/\/www.tecma-tecnologia.com.br\/web\/wp-content\/uploads\/2019\/11\/india-1376294-1920-200x150.jpg 200w, https:\/\/www.tecma-tecnologia.com.br\/web\/wp-content\/uploads\/2019\/11\/india-1376294-1920-400x300.jpg 400w, https:\/\/www.tecma-tecnologia.com.br\/web\/wp-content\/uploads\/2019\/11\/india-1376294-1920-600x450.jpg 600w, https:\/\/www.tecma-tecnologia.com.br\/web\/wp-content\/uploads\/2019\/11\/india-1376294-1920-800x600.jpg 800w, https:\/\/www.tecma-tecnologia.com.br\/web\/wp-content\/uploads\/2019\/11\/india-1376294-1920-1200x900.jpg 1200w, https:\/\/www.tecma-tecnologia.com.br\/web\/wp-content\/uploads\/2019\/11\/india-1376294-1920.jpg 1920w\" sizes=\"(min-width: 2200px) 100vw, (min-width: 712px) 530px, (min-width: 640px) 712px, \" \/>\n\t\n\n\t\t<\/a>\n\n\t\n<\/div>\n<\/li>\n\t\t\t\n\t\t\t\n\t\t\t\t\t\t\t\t\t\t\t\t\t\t\t\t\t\t\t\t\t\t\t\t\t\t\t\t\t\t\t\t\t\t\t\t\t\t\t\t\t\t\t\t\t\t\t\t\t\t\t\t\t\t\t\t\t\t\t\t\t\t\t\t\t\t\t\t<\/ul>\n\t<\/div>\n<div class=\"fusion-post-content-wrapper\" style=\"padding:30px 25px 20px 25px;\"><div class=\"fusion-post-content post-content\"><h2 class=\"blog-shortcode-post-title entry-title\"><a href=\"https:\/\/www.tecma-tecnologia.com.br\/web\/eventos\/estados-indianos-devem-fornecer-ar-e-agua-limpos-ou-pagar-indenizacoes\/\">\u00cdndia ou fornece ar e \u00e1gua limpos ou paga popula\u00e7\u00e3o<\/a><\/h2><div class=\"fusion-post-content-container\"><p> A suprema corte indiana declarou que os governos estaduais ter\u00e3o que pagar uma indeniza\u00e7\u00e3o a seus cidad\u00e3os se eles [...]<\/p><\/div><\/div><\/div><div class=\"fusion-clearfix\"><\/div><\/div>\n<\/article>\n<div class=\"fusion-clearfix\"><\/div><\/div><div class=\"pagination infinite-scroll clearfix\"><span class=\"current\">1<\/span><a href=\"https:\/\/www.tecma-tecnologia.com.br\/web\/wp-json\/wp\/v2\/pages\/528\/page\/2\/\" class=\"inactive\">2<\/a><a class=\"pagination-next\" href=\"https:\/\/www.tecma-tecnologia.com.br\/web\/wp-json\/wp\/v2\/pages\/528\/page\/2\/\"><span class=\"page-text\">Next<\/span><span class=\"page-next\"><\/span><\/a><\/div><div class=\"fusion-infinite-scroll-trigger\"><\/div><div class=\"fusion-load-more-button fusion-blog-button fusion-clearfix\">Load More Posts<\/div><\/div><div class=\"fusion-clearfix\"><\/div>\n\n\t\t\t\t\t<\/div>\n\t\t\t\t<\/div><\/div><\/div><\/p>\n","protected":false},"excerpt":{"rendered":"","protected":false},"author":1,"featured_media":0,"parent":0,"menu_order":0,"comment_status":"closed","ping_status":"closed","template":"100-width.php","meta":{"_mi_skip_tracking":false,"spay_email":"","footnotes":""},"class_list":["post-528","page","type-page","status-publish","hentry"],"yoast_head":"<!-- This site is optimized with the Yoast SEO plugin v20.2.1 - https:\/\/yoast.com\/wordpress\/plugins\/seo\/ -->\n<title>Blog - TECMA Tecnologia | Seu espa\u00e7o<\/title>\n<meta name=\"description\" content=\"Blog meio ambiente, Espa\u00e7o onde reuniremos n\u00f3ticias e conte\u00fados t\u00e9cnicos sobre meio ambiente, tratamento de \u00e1gua, Esgoto, saneamento, e engenharia ambiental\" \/>\n<meta name=\"robots\" content=\"index, follow, max-snippet:-1, max-image-preview:large, max-video-preview:-1\" \/>\n<link rel=\"canonical\" href=\"https:\/\/www.tecma-tecnologia.com.br\/web\/blog-meio-ambiente\/\" \/>\n<meta property=\"og:locale\" content=\"pt_BR\" \/>\n<meta property=\"og:type\" content=\"article\" \/>\n<meta property=\"og:title\" content=\"Blog - TECMA Tecnologia | Seu espa\u00e7o\" \/>\n<meta property=\"og:description\" content=\"Blog meio ambiente, Espa\u00e7o onde reuniremos n\u00f3ticias e conte\u00fados t\u00e9cnicos sobre meio ambiente, tratamento de \u00e1gua, Esgoto, saneamento, e engenharia ambiental\" \/>\n<meta property=\"og:url\" content=\"https:\/\/www.tecma-tecnologia.com.br\/web\/blog-meio-ambiente\/\" \/>\n<meta property=\"og:site_name\" content=\"TECMA Tecnologia\" \/>\n<meta property=\"article:modified_time\" content=\"2024-04-02T14:34:44+00:00\" \/>\n<meta name=\"twitter:card\" content=\"summary_large_image\" \/>\n<meta name=\"twitter:label1\" content=\"Est. tempo de leitura\" \/>\n\t<meta name=\"twitter:data1\" content=\"3 minutos\" \/>\n<script type=\"application\/ld+json\" class=\"yoast-schema-graph\">{\"@context\":\"https:\/\/schema.org\",\"@graph\":[{\"@type\":\"WebPage\",\"@id\":\"https:\/\/www.tecma-tecnologia.com.br\/web\/blog-meio-ambiente\/\",\"url\":\"https:\/\/www.tecma-tecnologia.com.br\/web\/blog-meio-ambiente\/\",\"name\":\"Blog - TECMA Tecnologia | Seu espa\u00e7o\",\"isPartOf\":{\"@id\":\"https:\/\/www.tecma-tecnologia.com.br\/web\/#website\"},\"datePublished\":\"2018-07-21T20:22:23+00:00\",\"dateModified\":\"2024-04-02T14:34:44+00:00\",\"description\":\"Blog meio ambiente, Espa\u00e7o onde reuniremos n\u00f3ticias e conte\u00fados t\u00e9cnicos sobre meio ambiente, tratamento de \u00e1gua, Esgoto, saneamento, e engenharia ambiental\",\"breadcrumb\":{\"@id\":\"https:\/\/www.tecma-tecnologia.com.br\/web\/blog-meio-ambiente\/#breadcrumb\"},\"inLanguage\":\"pt-BR\",\"potentialAction\":[{\"@type\":\"ReadAction\",\"target\":[\"https:\/\/www.tecma-tecnologia.com.br\/web\/blog-meio-ambiente\/\"]}]},{\"@type\":\"BreadcrumbList\",\"@id\":\"https:\/\/www.tecma-tecnologia.com.br\/web\/blog-meio-ambiente\/#breadcrumb\",\"itemListElement\":[{\"@type\":\"ListItem\",\"position\":1,\"name\":\"Home\",\"item\":\"https:\/\/www.tecma-tecnologia.com.br\/web\/\"},{\"@type\":\"ListItem\",\"position\":2,\"name\":\"Blog\"}]},{\"@type\":\"WebSite\",\"@id\":\"https:\/\/www.tecma-tecnologia.com.br\/web\/#website\",\"url\":\"https:\/\/www.tecma-tecnologia.com.br\/web\/\",\"name\":\"TECMA Tecnologia\",\"description\":\"\",\"potentialAction\":[{\"@type\":\"SearchAction\",\"target\":{\"@type\":\"EntryPoint\",\"urlTemplate\":\"https:\/\/www.tecma-tecnologia.com.br\/web\/?s={search_term_string}\"},\"query-input\":\"required name=search_term_string\"}],\"inLanguage\":\"pt-BR\"}]}<\/script>\n<!-- \/ Yoast SEO plugin. -->","yoast_head_json":{"title":"Blog - TECMA Tecnologia | Seu espa\u00e7o","description":"Blog meio ambiente, Espa\u00e7o onde reuniremos n\u00f3ticias e conte\u00fados t\u00e9cnicos sobre meio ambiente, tratamento de \u00e1gua, Esgoto, saneamento, e engenharia ambiental","robots":{"index":"index","follow":"follow","max-snippet":"max-snippet:-1","max-image-preview":"max-image-preview:large","max-video-preview":"max-video-preview:-1"},"canonical":"https:\/\/www.tecma-tecnologia.com.br\/web\/blog-meio-ambiente\/","og_locale":"pt_BR","og_type":"article","og_title":"Blog - TECMA Tecnologia | Seu espa\u00e7o","og_description":"Blog meio ambiente, Espa\u00e7o onde reuniremos n\u00f3ticias e conte\u00fados t\u00e9cnicos sobre meio ambiente, tratamento de \u00e1gua, Esgoto, saneamento, e engenharia ambiental","og_url":"https:\/\/www.tecma-tecnologia.com.br\/web\/blog-meio-ambiente\/","og_site_name":"TECMA Tecnologia","article_modified_time":"2024-04-02T14:34:44+00:00","twitter_card":"summary_large_image","twitter_misc":{"Est. tempo de leitura":"3 minutos"},"schema":{"@context":"https:\/\/schema.org","@graph":[{"@type":"WebPage","@id":"https:\/\/www.tecma-tecnologia.com.br\/web\/blog-meio-ambiente\/","url":"https:\/\/www.tecma-tecnologia.com.br\/web\/blog-meio-ambiente\/","name":"Blog - TECMA Tecnologia | Seu espa\u00e7o","isPartOf":{"@id":"https:\/\/www.tecma-tecnologia.com.br\/web\/#website"},"datePublished":"2018-07-21T20:22:23+00:00","dateModified":"2024-04-02T14:34:44+00:00","description":"Blog meio ambiente, Espa\u00e7o onde reuniremos n\u00f3ticias e conte\u00fados t\u00e9cnicos sobre meio ambiente, tratamento de \u00e1gua, Esgoto, saneamento, e engenharia ambiental","breadcrumb":{"@id":"https:\/\/www.tecma-tecnologia.com.br\/web\/blog-meio-ambiente\/#breadcrumb"},"inLanguage":"pt-BR","potentialAction":[{"@type":"ReadAction","target":["https:\/\/www.tecma-tecnologia.com.br\/web\/blog-meio-ambiente\/"]}]},{"@type":"BreadcrumbList","@id":"https:\/\/www.tecma-tecnologia.com.br\/web\/blog-meio-ambiente\/#breadcrumb","itemListElement":[{"@type":"ListItem","position":1,"name":"Home","item":"https:\/\/www.tecma-tecnologia.com.br\/web\/"},{"@type":"ListItem","position":2,"name":"Blog"}]},{"@type":"WebSite","@id":"https:\/\/www.tecma-tecnologia.com.br\/web\/#website","url":"https:\/\/www.tecma-tecnologia.com.br\/web\/","name":"TECMA Tecnologia","description":"","potentialAction":[{"@type":"SearchAction","target":{"@type":"EntryPoint","urlTemplate":"https:\/\/www.tecma-tecnologia.com.br\/web\/?s={search_term_string}"},"query-input":"required name=search_term_string"}],"inLanguage":"pt-BR"}]}},"_links":{"self":[{"href":"https:\/\/www.tecma-tecnologia.com.br\/web\/wp-json\/wp\/v2\/pages\/528","targetHints":{"allow":["GET"]}}],"collection":[{"href":"https:\/\/www.tecma-tecnologia.com.br\/web\/wp-json\/wp\/v2\/pages"}],"about":[{"href":"https:\/\/www.tecma-tecnologia.com.br\/web\/wp-json\/wp\/v2\/types\/page"}],"author":[{"embeddable":true,"href":"https:\/\/www.tecma-tecnologia.com.br\/web\/wp-json\/wp\/v2\/users\/1"}],"replies":[{"embeddable":true,"href":"https:\/\/www.tecma-tecnologia.com.br\/web\/wp-json\/wp\/v2\/comments?post=528"}],"version-history":[{"count":7,"href":"https:\/\/www.tecma-tecnologia.com.br\/web\/wp-json\/wp\/v2\/pages\/528\/revisions"}],"predecessor-version":[{"id":4823,"href":"https:\/\/www.tecma-tecnologia.com.br\/web\/wp-json\/wp\/v2\/pages\/528\/revisions\/4823"}],"wp:attachment":[{"href":"https:\/\/www.tecma-tecnologia.com.br\/web\/wp-json\/wp\/v2\/media?parent=528"}],"curies":[{"name":"wp","href":"https:\/\/api.w.org\/{rel}","templated":true}]}}