{"id":515,"date":"2018-07-21T14:09:28","date_gmt":"2018-07-21T17:09:28","guid":{"rendered":"http:\/\/www.tecma-tecnologia.com.br\/web\/?page_id=515"},"modified":"2019-08-16T17:32:03","modified_gmt":"2019-08-16T20:32:03","slug":"linha-de-produtos-tecma","status":"publish","type":"page","link":"https:\/\/www.tecma-tecnologia.com.br\/web\/solucoes-ambientais\/linha-de-produtos-tecma\/","title":{"rendered":"Linha de Produtos TECMA\u00ae"},"content":{"rendered":"<p><div class=\"fusion-fullwidth fullwidth-box nonhundred-percent-fullwidth non-hundred-percent-height-scrolling\"  style='background-color: rgba(255,255,255,0);background-position: center center;background-repeat: no-repeat;padding-top:0px;padding-right:0px;padding-bottom:0px;padding-left:0px;margin-bottom: 30px;'><div class=\"fusion-builder-row fusion-row \"><div  class=\"fusion-layout-column fusion_builder_column fusion_builder_column_1_4  fusion-one-fourth fusion-column-first fusion-blend-mode 1_4\"  style='margin-top:0px;margin-bottom:20px;'>\n\t\t\t\t\t<div class=\"fusion-column-wrapper\" style=\"background-color:#1eb4c2;padding: 25px 15px 2px 25px;background-position:left top;background-repeat:no-repeat;-webkit-background-size:cover;-moz-background-size:cover;-o-background-size:cover;background-size:cover;\"  data-bg-url=\"\">\n\t\t\t\t\t\t<div class=\"fusion-title title fusion-sep-none fusion-title-size-three\" style=\"margin-top:0px;margin-bottom:31px;\"><h3 class=\"title-heading-left\"><strong><span style=\"color: #ffffff; margin-bottom: -30px;\">SOLU\u00c7\u00d5ES<\/span><\/strong><\/h3><\/div><div class=\"fusion-clearfix\"><\/div>\n\n\t\t\t\t\t<\/div>\n\t\t\t\t<\/div><div  class=\"fusion-layout-column fusion_builder_column fusion_builder_column_3_4  fusion-three-fourth fusion-column-last 3_4\"  style='margin-top:0px;margin-bottom:20px;width:74%'>\n\t\t\t\t\t<div class=\"fusion-column-wrapper\" style=\"border:1px solid #1eb4c2;padding: 25px 15px 0px 25px;background-position:left top;background-repeat:no-repeat;-webkit-background-size:cover;-moz-background-size:cover;-o-background-size:cover;background-size:cover;\"  data-bg-url=\"\">\n\t\t\t\t\t\t<div class=\"fusion-title title fusion-sep-none fusion-title-size-three\" style=\"margin-top:0px;margin-bottom:31px;\"><h3 class=\"title-heading-left\"><span style=\"color: #1eb4c2; line-height: 90%;\">LINHA DE PRODUTOS <strong>TECMA\u00ae<\/strong><\/span><\/h3><\/div><div class=\"fusion-clearfix\"><\/div>\n\n\t\t\t\t\t<\/div>\n\t\t\t\t<\/div><\/div><\/div><div class=\"fusion-fullwidth fullwidth-box nonhundred-percent-fullwidth non-hundred-percent-height-scrolling\"  style='background-color: rgba(255,255,255,0);background-position: center center;background-repeat: no-repeat;padding-top:0px;padding-right:0px;padding-bottom:0px;padding-left:0px;'><div class=\"fusion-builder-row fusion-row \"><div  class=\"fusion-layout-column fusion_builder_column fusion_builder_column_1_1  fusion-one-full fusion-column-first fusion-column-last 1_1\"  style='margin-top:0px;margin-bottom:20px;'>\n\t\t\t\t\t<div class=\"fusion-column-wrapper\" style=\"padding: 0px 0px 0px 0px;background-position:left top;background-repeat:no-repeat;-webkit-background-size:cover;-moz-background-size:cover;-o-background-size:cover;background-size:cover;\"  data-bg-url=\"\">\n\t\t\t\t\t\t<div class=\"fusion-text\"> \r\n          \r\n      <div id=\"produto-container\">\r\n      \r\n      <div class=\"produto-conteudo\">\r\n      <a href=\"https:\/\/www.tecma-tecnologia.com.br\/web\/wp-content\/uploads\/2019\/01\/tecma-epar-rev-00.pdf\" target=\"_blank\"><img decoding=\"async\" class=\"alignleft\" src=\"https:\/\/www.tecma-tecnologia.com.br\/web\/wp-content\/uploads\/2018\/07\/bullet-produtos-1.jpg\" alt=\"\" width=\"23\" height=\"23\" style=\"padding-top:22px;\"\/>\r\n\t  <h4><strong>TECMA\u00aeEPAR + FAD<\/strong><\/h4><\/a>\r\n      <p>Configura\u00e7\u00e3o associada a partir de 2 processos, f\u00edsico-qu\u00edmico e biol\u00f3gico com sistema MBR.\r\n\r\nO exemplo ao lado pode ser aplicado para diversas ind\u00fastrias que gostariam de reutilizar seu efluente tratado e que possuem como caracter\u00edstica, alto teor de gordura, \u00f3leos e graxas  e mat\u00e9ria org\u00e2nica dissolvida.\r\n\r\nA aplica\u00e7\u00e3o dessa configura\u00e7\u00e3o pode se estender para a ind\u00fastria que quiser uma \u00e1gua ultrapura. Nesse caso podemos adicionar mais um polimento com a Unidade de Osmose Reversa, muito aplicado no make-up de Torres de Resfriamento.\r\n<\/p>\r\n      <\/div>\r\n      \r\n      <div class=\"produto-foto\">\r\n      <img decoding=\"async\" src=\"https:\/\/www.tecma-tecnologia.com.br\/web\/wp-content\/uploads\/2018\/12\/epar-fisq-e1578595371656.png\" alt=\"TECMA\u00aeEPAR + FAD\" \/>\r\n      <\/div>\r\n      \r\n      <\/div>\r\n        \r\n          \r\n      <div id=\"produto-container\">\r\n      \r\n      <div class=\"produto-conteudo\">\r\n      <a href=\"https:\/\/www.tecma-tecnologia.com.br\/web\/wp-content\/uploads\/2018\/12\/tecma-or-rev-01.pdf\" target=\"_blank\"><img decoding=\"async\" class=\"alignleft\" src=\"https:\/\/www.tecma-tecnologia.com.br\/web\/wp-content\/uploads\/2018\/07\/bullet-produtos-1.jpg\" alt=\"\" width=\"23\" height=\"23\" style=\"padding-top:22px;\"\/>\r\n\t  <h4><strong>TECMA\u00aeOR<\/strong><\/h4><\/a>\r\n      <p>Foi desenvolvida para atender o mercado de Re\u00faso de \u00c1gua a partir de esgotos ou efluentes industriais. Esse sistema pode ser integrado a outros como a TECMA\u00aeEPAR (Esta\u00e7\u00e3o de Produ\u00e7\u00e3o de \u00c1gua de Re\u00faso) ou TECMA\u00aeUF, onde os efluentes s\u00e3o submetidos a um tratamento por membranas de ultrafiltra\u00e7\u00e3o. Essa integra\u00e7\u00e3o permite a produ\u00e7\u00e3o de uma \u00e1gua n\u00e3o pot\u00e1vel de excelente qualidade, pr\u00f3pria para o Re\u00faso em torres de resfriamento, caldeiras ou em processos produtivos de alguns setores industriais, atendendo ao conceito de descarte zero, onde todos os efluentes gerados s\u00e3o reutilizados no pr\u00f3prio gerador.<\/p>\r\n      <\/div>\r\n      \r\n      <div class=\"produto-foto\">\r\n      <img decoding=\"async\" src=\"https:\/\/www.tecma-tecnologia.com.br\/web\/wp-content\/uploads\/2018\/07\/produtos-02.jpg\" alt=\"TECMA\u00aeOR\" \/>\r\n      <\/div>\r\n      \r\n      <\/div>\r\n        \r\n          \r\n      <div id=\"produto-container\">\r\n      \r\n      <div class=\"produto-conteudo\">\r\n      <a href=\"\" target=\"_blank\"><img decoding=\"async\" class=\"alignleft\" src=\"https:\/\/www.tecma-tecnologia.com.br\/web\/wp-content\/uploads\/2018\/07\/bullet-produtos-1.jpg\" alt=\"\" width=\"23\" height=\"23\" style=\"padding-top:22px;\"\/>\r\n\t  <h4><strong>TECMA\u00aePRESS<\/strong><\/h4><\/a>\r\n      <p>Essa Unidade de Desidrata\u00e7\u00e3o de Lodos \u00e9 realizada atrav\u00e9s de placas filtrantes automatizadas que reduzem o volume do lodo \u00famido. Esse sistema apresenta o maior teor de s\u00f3lidos entre os processos automatizados e mec\u00e2nicos\r\n<\/p>\r\n      <\/div>\r\n      \r\n      <div class=\"produto-foto\">\r\n      <img decoding=\"async\" src=\"https:\/\/www.tecma-tecnologia.com.br\/web\/wp-content\/uploads\/2018\/12\/udl.png\" alt=\"TECMA\u00aePRESS\" \/>\r\n      <\/div>\r\n      \r\n      <\/div>\r\n        \r\n          \r\n      <div id=\"produto-container\">\r\n      \r\n      <div class=\"produto-conteudo\">\r\n      <a href=\"\" target=\"_blank\"><img decoding=\"async\" class=\"alignleft\" src=\"https:\/\/www.tecma-tecnologia.com.br\/web\/wp-content\/uploads\/2018\/07\/bullet-produtos-1.jpg\" alt=\"\" width=\"23\" height=\"23\" style=\"padding-top:22px;\"\/>\r\n\t  <h4><strong>TECMA\u00aeControle de Odores<\/strong><\/h4><\/a>\r\n      <p>Esse sistema compacto de controle de odores foi desenvolvido para controlar os odores em esta\u00e7\u00f5es de tratamento causados principalmente pelas fam\u00edlias de compostos nitrogenados (aminas prim\u00e1rias e secund\u00e1rias, am\u00f4nia, indol), g\u00e1s sulf\u00eddrico (H2S), mercaptanas (R-SH), \u00e1cidos vol\u00e1teis (f\u00f3rmico, propi\u00f4nico, ac\u00e9tico), alde\u00eddo.\r\n<\/p>\r\n      <\/div>\r\n      \r\n      <div class=\"produto-foto\">\r\n      <img decoding=\"async\" src=\"https:\/\/www.tecma-tecnologia.com.br\/web\/wp-content\/uploads\/2018\/12\/controle-de-odores.png\" alt=\"TECMA\u00aeControle de Odores\" \/>\r\n      <\/div>\r\n      \r\n      <\/div>\r\n        \r\n          \r\n      <div id=\"produto-container\">\r\n      \r\n      <div class=\"produto-conteudo\">\r\n      <a href=\"https:\/\/www.tecma-tecnologia.com.br\/web\/wp-content\/uploads\/2018\/12\/tecma-nf-rev-00.pdf\" target=\"_blank\"><img decoding=\"async\" class=\"alignleft\" src=\"https:\/\/www.tecma-tecnologia.com.br\/web\/wp-content\/uploads\/2018\/07\/bullet-produtos-1.jpg\" alt=\"\" width=\"23\" height=\"23\" style=\"padding-top:22px;\"\/>\r\n\t  <h4><strong>TECMA\u00aeNF <\/strong><\/h4><\/a>\r\n      <p>O Sistema TECMA\u00aeNF possui larga aplica\u00e7\u00e3o, podendo ser utilizado no tratamento de \u00e1gua para fins pot\u00e1veis ou em diversos segmentos industriais.\r\nQuando aplicado para fins de potabilidade, remove da \u00e1gua os chamados \u201ccontaminantes emergentes\u201d, que s\u00e3o res\u00edduos de pesticidas, f\u00e1rmacos e horm\u00f4nios, principalmente.\r\nNa \u00e1rea industrial possui extensa aplica\u00e7\u00e3o, removendo subst\u00e2ncias com massa molecular superior a 200 Dalton, incluindo sulfatos, cor, microorganismos, toxicidade, mat\u00e9ria org\u00e2nica recalcitrante, etc.\r\nNo tratamento de lixiviados \u00e9 amplamente empregado na etapa final do processo, garantindo um tratado sem toxicidade e cor.<\/p>\r\n      <\/div>\r\n      \r\n      <div class=\"produto-foto\">\r\n      <img decoding=\"async\" src=\"https:\/\/www.tecma-tecnologia.com.br\/web\/wp-content\/uploads\/2018\/12\/nanofilter.png\" alt=\"TECMA\u00aeNF \" \/>\r\n      <\/div>\r\n      \r\n      <\/div>\r\n        \r\n          \r\n      <div id=\"produto-container\">\r\n      \r\n      <div class=\"produto-conteudo\">\r\n      <a href=\"https:\/\/www.tecma-tecnologia.com.br\/web\/wp-content\/uploads\/2019\/01\/tecma-epar-rev-00.pdf\" target=\"_blank\"><img decoding=\"async\" class=\"alignleft\" src=\"https:\/\/www.tecma-tecnologia.com.br\/web\/wp-content\/uploads\/2018\/07\/bullet-produtos-1.jpg\" alt=\"\" width=\"23\" height=\"23\" style=\"padding-top:22px;\"\/>\r\n\t  <h4><strong>TECMA\u00aeEPAR<\/strong><\/h4><\/a>\r\n      <p>Esta\u00e7\u00e3o de Produ\u00e7\u00e3o de \u00c1gua de Re\u00faso Essa Esta\u00e7\u00e3o Compacta de Tratamento utiliza membranas submersas de ultrafiltra\u00e7\u00e3o capaz de remover, coloides, s\u00f3lidos em suspens\u00e3o, algas, baact\u00e9rias, coliformes, v\u00edrus e outras macromol\u00e9culas, atrav\u00e9s de membranas semiperme\u00e1veis com poros de 0,025 a 0,1 \u03bcm.\r\n\r\nAplica\u00e7\u00e3o: Re\u00faso em condom\u00ednios residenciais e comerciais , hospitais, complexos de escrit\u00f3rios, campos de golfe, restaurantes e lavagens de carros e Shoppings.<\/p>\r\n      <\/div>\r\n      \r\n      <div class=\"produto-foto\">\r\n      <img decoding=\"async\" src=\"https:\/\/www.tecma-tecnologia.com.br\/web\/wp-content\/uploads\/2018\/12\/epar.png\" alt=\"TECMA\u00aeEPAR\" \/>\r\n      <\/div>\r\n      \r\n      <\/div>\r\n        \r\n          \r\n      <div id=\"produto-container\">\r\n      \r\n      <div class=\"produto-conteudo\">\r\n      <a href=\"https:\/\/www.tecma-tecnologia.com.br\/web\/wp-content\/uploads\/2018\/12\/tecma-fad-rev-00.pdf\" target=\"_blank\"><img decoding=\"async\" class=\"alignleft\" src=\"https:\/\/www.tecma-tecnologia.com.br\/web\/wp-content\/uploads\/2018\/07\/bullet-produtos-1.jpg\" alt=\"\" width=\"23\" height=\"23\" style=\"padding-top:22px;\"\/>\r\n\t  <h4><strong>TECMA\u00aeFAD<\/strong><\/h4><\/a>\r\n      <p>Esse sistema compacto de tratamento corrige o pH , utiliza solu\u00e7\u00f5es de coagulantes e floculantes para remover s\u00f3lidos em suspens\u00e3o, metais dissolvidos , \u00f3leos e graxas dentre outros compostos inorg\u00e2nicos e org\u00e2nicos ap\u00f3s a sua rea\u00e7\u00e3o.<\/p>\r\n      <\/div>\r\n      \r\n      <div class=\"produto-foto\">\r\n      <img decoding=\"async\" src=\"https:\/\/www.tecma-tecnologia.com.br\/web\/wp-content\/uploads\/2018\/12\/fad.png\" alt=\"TECMA\u00aeFAD\" \/>\r\n      <\/div>\r\n      \r\n      <\/div>\r\n        \r\n          \r\n      <div id=\"produto-container\">\r\n      \r\n      <div class=\"produto-conteudo\">\r\n      <a href=\"https:\/\/www.tecma-tecnologia.com.br\/web\/wp-content\/uploads\/2018\/12\/tecma-dec-rev-00.pdf\" target=\"_blank\"><img decoding=\"async\" class=\"alignleft\" src=\"https:\/\/www.tecma-tecnologia.com.br\/web\/wp-content\/uploads\/2018\/07\/bullet-produtos-1.jpg\" alt=\"\" width=\"23\" height=\"23\" style=\"padding-top:22px;\"\/>\r\n\t  <h4><strong>TECMA\u00aeFISQDEC<\/strong><\/h4><\/a>\r\n      <p>A Unidade F\u00edsico-Qu\u00edmica por decanta\u00e7\u00e3o foi desenvolvida para atender diversos segmentos industriais, como objetivo de reduzir s\u00f3lidos em suspens\u00e3o na entrada do processo biol\u00f3gico, como gordura, \u00f3leo dissolvido e graxa, al\u00e9m de subst\u00e2ncias como mat\u00e9ria org\u00e2nica coloidal, turbidez, DQO e DBO. A unidade pode ser acoplada com diversos sistemas, ajudando em todo o processo resultando na melhoria de performance da fase biol\u00f3gica.<\/p>\r\n      <\/div>\r\n      \r\n      <div class=\"produto-foto\">\r\n      <img decoding=\"async\" src=\"https:\/\/www.tecma-tecnologia.com.br\/web\/wp-content\/uploads\/2018\/12\/fisq.png\" alt=\"TECMA\u00aeFISQDEC\" \/>\r\n      <\/div>\r\n      \r\n      <\/div>\r\n        \r\n          \r\n      <div id=\"produto-container\">\r\n      \r\n      <div class=\"produto-conteudo\">\r\n      <a href=\"https:\/\/www.tecma-tecnologia.com.br\/web\/wp-content\/uploads\/2019\/05\/tecma-uf-rev-00.pdf\" target=\"_blank\"><img decoding=\"async\" class=\"alignleft\" src=\"https:\/\/www.tecma-tecnologia.com.br\/web\/wp-content\/uploads\/2018\/07\/bullet-produtos-1.jpg\" alt=\"\" width=\"23\" height=\"23\" style=\"padding-top:22px;\"\/>\r\n\t  <h4><strong>TECMA\u00aeUF<\/strong><\/h4><\/a>\r\n      <p>Esse Sistema de Ultrafiltra\u00e7\u00e3o \u00e9 utilizado no tratamento de \u00e1guas subterr\u00e2neas, \u00e1guas de superf\u00edcie, reutiliza\u00e7\u00e3o de \u00e1guas residuais e pr\u00e9-tratamento para a Osmose Reversa. As membranas de HF (fibra \u00f4ca) s\u00e3o capazes de remover, coloides, s\u00f3lidos em suspens\u00e3o, algas, bact\u00e9rias, coliformes, v\u00edrus e outras macromol\u00e9culas, atrav\u00e9s de membranas microporososas envasadas em tubo.\r\n\r\nAplica\u00e7\u00f5es: Abastecimento de \u00e1gua subterr\u00e2nea, Superficial e pr\u00e9-tratamento para OR e NF<\/p>\r\n      <\/div>\r\n      \r\n      <div class=\"produto-foto\">\r\n      <img decoding=\"async\" src=\"https:\/\/www.tecma-tecnologia.com.br\/web\/wp-content\/uploads\/2019\/05\/uf-2.png\" alt=\"TECMA\u00aeUF\" \/>\r\n      <\/div>\r\n      \r\n      <\/div>\r\n        \r\n     \r\n\n<\/div><div class=\"fusion-clearfix\"><\/div>\n\n\t\t\t\t\t<\/div>\n\t\t\t\t<\/div><\/div><\/div><\/p>\n","protected":false},"excerpt":{"rendered":"","protected":false},"author":1,"featured_media":0,"parent":433,"menu_order":0,"comment_status":"closed","ping_status":"closed","template":"","meta":{"_mi_skip_tracking":false,"spay_email":"","footnotes":""},"class_list":["post-515","page","type-page","status-publish","hentry"],"yoast_head":"<!-- This site is optimized with the Yoast SEO plugin v20.2.1 - https:\/\/yoast.com\/wordpress\/plugins\/seo\/ -->\n<title>Linha de Produtos TECMA\u00ae - TECMA Tecnologia<\/title>\n<meta name=\"description\" content=\"Linha de produtos exclusiva para o tratamento de efluentes e re\u00faso de \u00e1gua. Solu\u00e7\u00f5es para Shoppings Center&#039;s, Hospitais, Condom\u00ednios e diversas ind\u00fastrias.\" \/>\n<meta name=\"robots\" content=\"index, follow, max-snippet:-1, max-image-preview:large, max-video-preview:-1\" \/>\n<link rel=\"canonical\" href=\"https:\/\/www.tecma-tecnologia.com.br\/web\/solucoes-ambientais\/linha-de-produtos-tecma\/\" \/>\n<meta property=\"og:locale\" content=\"pt_BR\" \/>\n<meta property=\"og:type\" content=\"article\" \/>\n<meta property=\"og:title\" content=\"Linha de Produtos TECMA\u00ae - TECMA Tecnologia\" \/>\n<meta property=\"og:description\" content=\"Linha de produtos exclusiva para o tratamento de efluentes e re\u00faso de \u00e1gua. Solu\u00e7\u00f5es para Shoppings Center&#039;s, Hospitais, Condom\u00ednios e diversas ind\u00fastrias.\" \/>\n<meta property=\"og:url\" content=\"https:\/\/www.tecma-tecnologia.com.br\/web\/solucoes-ambientais\/linha-de-produtos-tecma\/\" \/>\n<meta property=\"og:site_name\" content=\"TECMA Tecnologia\" \/>\n<meta property=\"article:modified_time\" content=\"2019-08-16T20:32:03+00:00\" \/>\n<meta name=\"twitter:card\" content=\"summary_large_image\" \/>\n<meta name=\"twitter:label1\" content=\"Est. tempo de leitura\" \/>\n\t<meta name=\"twitter:data1\" content=\"3 minutos\" \/>\n<script type=\"application\/ld+json\" class=\"yoast-schema-graph\">{\"@context\":\"https:\/\/schema.org\",\"@graph\":[{\"@type\":\"WebPage\",\"@id\":\"https:\/\/www.tecma-tecnologia.com.br\/web\/solucoes-ambientais\/linha-de-produtos-tecma\/\",\"url\":\"https:\/\/www.tecma-tecnologia.com.br\/web\/solucoes-ambientais\/linha-de-produtos-tecma\/\",\"name\":\"Linha de Produtos TECMA\u00ae - TECMA Tecnologia\",\"isPartOf\":{\"@id\":\"https:\/\/www.tecma-tecnologia.com.br\/web\/#website\"},\"datePublished\":\"2018-07-21T17:09:28+00:00\",\"dateModified\":\"2019-08-16T20:32:03+00:00\",\"description\":\"Linha de produtos exclusiva para o tratamento de efluentes e re\u00faso de \u00e1gua. Solu\u00e7\u00f5es para Shoppings Center's, Hospitais, Condom\u00ednios e diversas ind\u00fastrias.\",\"breadcrumb\":{\"@id\":\"https:\/\/www.tecma-tecnologia.com.br\/web\/solucoes-ambientais\/linha-de-produtos-tecma\/#breadcrumb\"},\"inLanguage\":\"pt-BR\",\"potentialAction\":[{\"@type\":\"ReadAction\",\"target\":[\"https:\/\/www.tecma-tecnologia.com.br\/web\/solucoes-ambientais\/linha-de-produtos-tecma\/\"]}]},{\"@type\":\"BreadcrumbList\",\"@id\":\"https:\/\/www.tecma-tecnologia.com.br\/web\/solucoes-ambientais\/linha-de-produtos-tecma\/#breadcrumb\",\"itemListElement\":[{\"@type\":\"ListItem\",\"position\":1,\"name\":\"Home\",\"item\":\"https:\/\/www.tecma-tecnologia.com.br\/web\/\"},{\"@type\":\"ListItem\",\"position\":2,\"name\":\"Solu\u00e7\u00f5es Ambientais\",\"item\":\"https:\/\/www.tecma-tecnologia.com.br\/web\/solucoes-ambientais\/\"},{\"@type\":\"ListItem\",\"position\":3,\"name\":\"Linha de Produtos TECMA\u00ae\"}]},{\"@type\":\"WebSite\",\"@id\":\"https:\/\/www.tecma-tecnologia.com.br\/web\/#website\",\"url\":\"https:\/\/www.tecma-tecnologia.com.br\/web\/\",\"name\":\"TECMA Tecnologia\",\"description\":\"\",\"potentialAction\":[{\"@type\":\"SearchAction\",\"target\":{\"@type\":\"EntryPoint\",\"urlTemplate\":\"https:\/\/www.tecma-tecnologia.com.br\/web\/?s={search_term_string}\"},\"query-input\":\"required name=search_term_string\"}],\"inLanguage\":\"pt-BR\"}]}<\/script>\n<!-- \/ Yoast SEO plugin. -->","yoast_head_json":{"title":"Linha de Produtos TECMA\u00ae - TECMA Tecnologia","description":"Linha de produtos exclusiva para o tratamento de efluentes e re\u00faso de \u00e1gua. Solu\u00e7\u00f5es para Shoppings Center's, Hospitais, Condom\u00ednios e diversas ind\u00fastrias.","robots":{"index":"index","follow":"follow","max-snippet":"max-snippet:-1","max-image-preview":"max-image-preview:large","max-video-preview":"max-video-preview:-1"},"canonical":"https:\/\/www.tecma-tecnologia.com.br\/web\/solucoes-ambientais\/linha-de-produtos-tecma\/","og_locale":"pt_BR","og_type":"article","og_title":"Linha de Produtos TECMA\u00ae - TECMA Tecnologia","og_description":"Linha de produtos exclusiva para o tratamento de efluentes e re\u00faso de \u00e1gua. Solu\u00e7\u00f5es para Shoppings Center's, Hospitais, Condom\u00ednios e diversas ind\u00fastrias.","og_url":"https:\/\/www.tecma-tecnologia.com.br\/web\/solucoes-ambientais\/linha-de-produtos-tecma\/","og_site_name":"TECMA Tecnologia","article_modified_time":"2019-08-16T20:32:03+00:00","twitter_card":"summary_large_image","twitter_misc":{"Est. tempo de leitura":"3 minutos"},"schema":{"@context":"https:\/\/schema.org","@graph":[{"@type":"WebPage","@id":"https:\/\/www.tecma-tecnologia.com.br\/web\/solucoes-ambientais\/linha-de-produtos-tecma\/","url":"https:\/\/www.tecma-tecnologia.com.br\/web\/solucoes-ambientais\/linha-de-produtos-tecma\/","name":"Linha de Produtos TECMA\u00ae - TECMA Tecnologia","isPartOf":{"@id":"https:\/\/www.tecma-tecnologia.com.br\/web\/#website"},"datePublished":"2018-07-21T17:09:28+00:00","dateModified":"2019-08-16T20:32:03+00:00","description":"Linha de produtos exclusiva para o tratamento de efluentes e re\u00faso de \u00e1gua. Solu\u00e7\u00f5es para Shoppings Center's, Hospitais, Condom\u00ednios e diversas ind\u00fastrias.","breadcrumb":{"@id":"https:\/\/www.tecma-tecnologia.com.br\/web\/solucoes-ambientais\/linha-de-produtos-tecma\/#breadcrumb"},"inLanguage":"pt-BR","potentialAction":[{"@type":"ReadAction","target":["https:\/\/www.tecma-tecnologia.com.br\/web\/solucoes-ambientais\/linha-de-produtos-tecma\/"]}]},{"@type":"BreadcrumbList","@id":"https:\/\/www.tecma-tecnologia.com.br\/web\/solucoes-ambientais\/linha-de-produtos-tecma\/#breadcrumb","itemListElement":[{"@type":"ListItem","position":1,"name":"Home","item":"https:\/\/www.tecma-tecnologia.com.br\/web\/"},{"@type":"ListItem","position":2,"name":"Solu\u00e7\u00f5es Ambientais","item":"https:\/\/www.tecma-tecnologia.com.br\/web\/solucoes-ambientais\/"},{"@type":"ListItem","position":3,"name":"Linha de Produtos TECMA\u00ae"}]},{"@type":"WebSite","@id":"https:\/\/www.tecma-tecnologia.com.br\/web\/#website","url":"https:\/\/www.tecma-tecnologia.com.br\/web\/","name":"TECMA Tecnologia","description":"","potentialAction":[{"@type":"SearchAction","target":{"@type":"EntryPoint","urlTemplate":"https:\/\/www.tecma-tecnologia.com.br\/web\/?s={search_term_string}"},"query-input":"required name=search_term_string"}],"inLanguage":"pt-BR"}]}},"_links":{"self":[{"href":"https:\/\/www.tecma-tecnologia.com.br\/web\/wp-json\/wp\/v2\/pages\/515","targetHints":{"allow":["GET"]}}],"collection":[{"href":"https:\/\/www.tecma-tecnologia.com.br\/web\/wp-json\/wp\/v2\/pages"}],"about":[{"href":"https:\/\/www.tecma-tecnologia.com.br\/web\/wp-json\/wp\/v2\/types\/page"}],"author":[{"embeddable":true,"href":"https:\/\/www.tecma-tecnologia.com.br\/web\/wp-json\/wp\/v2\/users\/1"}],"replies":[{"embeddable":true,"href":"https:\/\/www.tecma-tecnologia.com.br\/web\/wp-json\/wp\/v2\/comments?post=515"}],"version-history":[{"count":0,"href":"https:\/\/www.tecma-tecnologia.com.br\/web\/wp-json\/wp\/v2\/pages\/515\/revisions"}],"up":[{"embeddable":true,"href":"https:\/\/www.tecma-tecnologia.com.br\/web\/wp-json\/wp\/v2\/pages\/433"}],"wp:attachment":[{"href":"https:\/\/www.tecma-tecnologia.com.br\/web\/wp-json\/wp\/v2\/media?parent=515"}],"curies":[{"name":"wp","href":"https:\/\/api.w.org\/{rel}","templated":true}]}}