{"id":509,"date":"2018-07-21T12:08:41","date_gmt":"2018-07-21T15:08:41","guid":{"rendered":"http:\/\/www.tecma-tecnologia.com.br\/web\/?page_id=509"},"modified":"2022-06-28T13:59:10","modified_gmt":"2022-06-28T16:59:10","slug":"trabalhe-conosco","status":"publish","type":"page","link":"https:\/\/www.tecma-tecnologia.com.br\/web\/trabalhe-conosco\/","title":{"rendered":"Trabalhe Conosco"},"content":{"rendered":"<p><div class=\"fusion-fullwidth fullwidth-box nonhundred-percent-fullwidth non-hundred-percent-height-scrolling\"  style='background-color: rgba(255,255,255,0);background-position: center center;background-repeat: no-repeat;padding-top:0px;padding-right:0px;padding-bottom:0px;padding-left:0px;margin-bottom: 0px;'><div class=\"fusion-builder-row fusion-row \"><div  class=\"fusion-layout-column fusion_builder_column fusion_builder_column_1_1  fusion-one-full fusion-column-first fusion-column-last 1_1\"  style='margin-top:0px;margin-bottom:20px;'>\n\t\t\t\t\t<div class=\"fusion-column-wrapper\" style=\"padding: 0px 0px 0px 0px;background-position:left top;background-repeat:no-repeat;-webkit-background-size:cover;-moz-background-size:cover;-o-background-size:cover;background-size:cover;\"  data-bg-url=\"\">\n\t\t\t\t\t\t<div class=\"fusion-title title fusion-sep-none fusion-title-size-one\" style=\"margin-top:0px;margin-bottom:31px;\"><h1 class=\"title-heading-left\">Trabalhe Conosco<\/h1><\/div><div class=\"fusion-clearfix\"><\/div>\n\n\t\t\t\t\t<\/div>\n\t\t\t\t<\/div><\/div><\/div><div class=\"fusion-fullwidth fullwidth-box nonhundred-percent-fullwidth non-hundred-percent-height-scrolling\"  style='background-color: rgba(255,255,255,0);background-position: center center;background-repeat: no-repeat;padding-top:0px;padding-right:0px;padding-bottom:0px;padding-left:0px;'><div class=\"fusion-builder-row fusion-row \"><div  class=\"fusion-layout-column fusion_builder_column fusion_builder_column_2_3  fusion-two-third fusion-column-first 2_3\"  style='margin-top:0px;margin-bottom:20px;width:66.66%;width:calc(66.66% - ( ( 4% ) * 0.6666 ) );margin-right: 4%;'>\n\t\t\t\t\t<div class=\"fusion-column-wrapper\" style=\"padding: 0px 0px 0px 0px;background-position:left top;background-repeat:no-repeat;-webkit-background-size:cover;-moz-background-size:cover;-o-background-size:cover;background-size:cover;\"  data-bg-url=\"\">\n\t\t\t\t\t\t<div class=\"fusion-text\"><p>Banco de Vagas !<\/p>\n<p>Aplique seu CV<\/p>\n<\/div><div class=\"fusion-text\"><h3 class=\"aol-heading\">Apply Online<\/h3>            <form class=\"aol_app_form aol_app_form_1607\" name=\"aol_app_form\" id=\"aol_app_form\" enctype=\"multipart\/form-data\"  data-toggle=\"validator\" action=\"#aol_app_form\">\n                <div class=\"form-group aol-form-group aol-text\" data-field=\"_aol_app_nome\"><label for=\"nome\"><span class=\"required-mark\">*<\/span>Nome<\/label><input type=\"text\" placeholder=\"\" name=\"_aol_app_nome\" class=\"form-control \" id=\"_aol_app_nome\" value=\"\" maxlength=\"\" required><small id=\"helpnome\" class=\"help-block\"><\/small><\/div><div class=\"form-group aol-form-group aol-number\" data-field=\"_aol_app_telefone\"><label for=\"telefone\"><span class=\"required-mark\">*<\/span>Telefone<\/label><input type=\"number\" placeholder=\"\" name=\"_aol_app_telefone\" class=\"form-control \" id=\"_aol_app_telefone\" value=\"\" maxlength=\"\" required><small id=\"helptelefone\" class=\"help-block\"><\/small><\/div><div class=\"form-group aol-form-group aol-text\" data-field=\"_aol_app_cidade\"><label for=\"cidade\"><span class=\"required-mark\">*<\/span>Cidade<\/label><input type=\"text\" placeholder=\"\" name=\"_aol_app_cidade\" class=\"form-control \" id=\"_aol_app_cidade\" value=\"\" maxlength=\"\" required><small id=\"helpcidade\" class=\"help-block\"><\/small><\/div><div class=\"form-group aol-form-group aol-email\" data-field=\"_aol_app_email\"><label for=\"email\"><span class=\"required-mark\">*<\/span>Email<\/label><input type=\"email\" placeholder=\"\" name=\"_aol_app_email\" class=\"form-control \" id=\"_aol_app_email\" value=\"\" maxlength=\"\" required><small id=\"helpemail\" class=\"help-block\"><\/small><\/div><div class=\"form-group aol-form-group aol-file\" data-field=\"_aol_app_upload_cv\"><label for=\"upload_cv\"><span class=\"required-mark\">*<\/span>Upload CV<\/label><input type=\"file\"  name=\"_aol_app_upload_cv\" class=\"form-control \" id=\"_aol_app_upload_cv\" value=\"\" maxlength=\"\" required><small id=\"helpupload_cv\" class=\"help-block\"><\/small><\/div>                <p><small><i>Fields with (*) are compulsory.<\/i><\/small><\/p>\n                 \n                <input type=\"hidden\" name=\"ad_id\" value=\"1607\" >\n                <input type=\"hidden\" name=\"action\" value=\"aol_app_form\" >\n                <input type=\"hidden\" name=\"wp_nonce\" value=\"6376cff193\" >\n                <input type=\"submit\" id=aol_app_submit_button value=\"Enviar\" class=\"btn btn-primary btn-submit button submit fusion-button button-large aol-form-button \"  >                            <\/form>\n            <progress value=\"0\" max=\"100\" style=\"width: 100%\"><\/progress>\n            <p id=\"aol_form_status\"><\/p>\n        \n<\/div><div class=\"fusion-clearfix\"><\/div>\n\n\t\t\t\t\t<\/div>\n\t\t\t\t<\/div><div  class=\"fusion-layout-column fusion_builder_column fusion_builder_column_1_3  fusion-one-third fusion-column-last 1_3\"  style='margin-top:0px;margin-bottom:20px;width:33.33%;width:calc(33.33% - ( ( 4% ) * 0.3333 ) );'>\n\t\t\t\t\t<div class=\"fusion-column-wrapper\" style=\"padding: 0px 0px 0px 0px;background-position:left top;background-repeat:no-repeat;-webkit-background-size:cover;-moz-background-size:cover;-o-background-size:cover;background-size:cover;\"  data-bg-url=\"\">\n\t\t\t\t\t\t<div class=\"fusion-title title fusion-sep-none fusion-title-size-two\" style=\"margin-top:0px;margin-bottom:31px;\"><h2 class=\"title-heading-left\">NOT\u00cdCIAS E EVENTOS<\/h2><\/div><span class=\"fusion-imageframe imageframe-none imageframe-1 hover-type-none\"><img decoding=\"async\" src=\"https:\/\/www.tecma-tecnologia.com.br\/web\/wp-content\/uploads\/2018\/07\/div-news.jpg\" width=\"431\" height=\"32\" alt=\"\" title=\"div-news\" class=\"img-responsive wp-image-453\" srcset=\"https:\/\/www.tecma-tecnologia.com.br\/web\/wp-content\/uploads\/2018\/07\/div-news-200x15.jpg 200w, https:\/\/www.tecma-tecnologia.com.br\/web\/wp-content\/uploads\/2018\/07\/div-news-400x30.jpg 400w, https:\/\/www.tecma-tecnologia.com.br\/web\/wp-content\/uploads\/2018\/07\/div-news.jpg 431w\" sizes=\"(max-width: 800px) 100vw, 400px\" \/><\/span><div class=\"fusion-blog-shortcode fusion-blog-shortcode-1 fusion-blog-archive fusion-blog-layout-medium fusion-blog-no fusion-blog-no-images\" id=\"solucoes-blog\"><div class=\"fusion-posts-container fusion-posts-container-no fusion-no-meta-info\" data-pages=\"7\"><article id=\"blog-1-post-4795\" class=\"fusion-post-medium post-4795 post type-post status-publish format-standard has-post-thumbnail hentry category-eventos category-noticias\">\n<div class=\"fusion-post-content post-content\"><h2 class=\"blog-shortcode-post-title entry-title\"><a href=\"https:\/\/www.tecma-tecnologia.com.br\/web\/noticias\/monitoramento-remoto\/\">Como a Monitoriza\u00e7\u00e3o Remota Transforma o Controle da Qualidade da \u00c1gua<\/a><\/h2><div class=\"fusion-post-content-container\"><p> Como a Monitoriza\u00e7\u00e3o Remota Transforma o Controle da Qualidade [...]<\/p><\/div><\/div><div class=\"fusion-clearfix\"><\/div><\/article>\n<article id=\"blog-1-post-4333\" class=\"fusion-post-medium post-4333 post type-post status-publish format-standard has-post-thumbnail hentry category-noticias category-sem-categoria\">\n<div class=\"fusion-post-content post-content\"><h2 class=\"blog-shortcode-post-title entry-title\"><a href=\"https:\/\/www.tecma-tecnologia.com.br\/web\/sem-categoria\/contrato-em-cubatao-a-todo-vapor\/\">Contrato em Cubat\u00e3o a todo vapor<\/a><\/h2><div class=\"fusion-post-content-container\"><p> Equipe TECMA LAB em Cubat\u00e3o a todo Vapor!! Nesse [...]<\/p><\/div><\/div><div class=\"fusion-clearfix\"><\/div><\/article>\n<article id=\"blog-1-post-3221\" class=\"fusion-post-medium post-3221 post type-post status-publish format-standard has-post-thumbnail hentry category-eventos category-noticias\">\n<div class=\"fusion-post-content post-content\"><h2 class=\"blog-shortcode-post-title entry-title\"><a href=\"https:\/\/www.tecma-tecnologia.com.br\/web\/eventos\/tecnologia-mbr\/\">Tecnologia MBR(Membrane Bioreactor)<\/a><\/h2><div class=\"fusion-post-content-container\"><p>    A Tecnologia MBR (Membrane Bioreactor) Biorreatore [...]<\/p><\/div><\/div><div class=\"fusion-clearfix\"><\/div><\/article>\n<\/div><\/div><div class=\"fusion-widget-area fusion-widget-area-1 fusion-content-widget-area\"><style type=\"text\/css\" scoped=\"scoped\">.fusion-widget-area-1 {padding:0px 0px 0px 0px;}.fusion-widget-area-1 .widget h4 {color:#ffffff;}.fusion-widget-area-1 .widget .heading h4 {color:#ffffff;}<\/style><div id=\"custom_html-10\" class=\"widget_text widget widget_custom_html\" style=\"background-color: #1eb4c2;\"><div class=\"textwidget custom-html-widget\"><div id=\"principaisclientes\" onclick=\"window.open('https:\/\/www.tecma-tecnologia.com.br\/web\/pt\/sobre-nos\/clientes\/','mywindow');\" style=\"cursor: pointer;\">\r\n\t<div class=\"principaisclientes-texto\">\r\n\t\tConhe\u00e7a os nossos principais clientes\r\n\t<\/div>\r\n\t<div class=\"principaisclientes-icone\">\r\n\t\t<img decoding=\"async\" src=\"https:\/\/www.tecma-tecnologia.com.br\/web\/wp-content\/uploads\/2018\/07\/icone-clientes-2.png\" alt=\"Clientes\" width=\"79\" height=\"71\">\r\n\t<\/div>\r\n<\/div>\r\n<\/div><\/div><div class=\"fusion-additional-widget-content\"><\/div><\/div><div class=\"fusion-clearfix\"><\/div>\n\n\t\t\t\t\t<\/div>\n\t\t\t\t<\/div><\/div><\/div><\/p>\n","protected":false},"excerpt":{"rendered":"","protected":false},"author":1,"featured_media":0,"parent":0,"menu_order":0,"comment_status":"closed","ping_status":"closed","template":"100-width.php","meta":{"_mi_skip_tracking":false,"spay_email":"","footnotes":""},"class_list":["post-509","page","type-page","status-publish","hentry"],"yoast_head":"<!-- This site is optimized with the Yoast SEO plugin v20.2.1 - https:\/\/yoast.com\/wordpress\/plugins\/seo\/ -->\n<title>Trabalhe Conosco - TECMA Tecnologia<\/title>\n<meta name=\"robots\" content=\"index, follow, max-snippet:-1, max-image-preview:large, max-video-preview:-1\" \/>\n<link rel=\"canonical\" href=\"https:\/\/www.tecma-tecnologia.com.br\/web\/trabalhe-conosco\/\" \/>\n<meta property=\"og:locale\" content=\"pt_BR\" \/>\n<meta property=\"og:type\" content=\"article\" \/>\n<meta property=\"og:title\" content=\"Trabalhe Conosco - TECMA Tecnologia\" \/>\n<meta property=\"og:url\" content=\"https:\/\/www.tecma-tecnologia.com.br\/web\/trabalhe-conosco\/\" \/>\n<meta property=\"og:site_name\" content=\"TECMA Tecnologia\" \/>\n<meta property=\"article:modified_time\" content=\"2022-06-28T16:59:10+00:00\" \/>\n<meta name=\"twitter:card\" content=\"summary_large_image\" \/>\n<meta name=\"twitter:label1\" content=\"Est. tempo de leitura\" \/>\n\t<meta name=\"twitter:data1\" content=\"2 minutos\" \/>\n<script type=\"application\/ld+json\" class=\"yoast-schema-graph\">{\"@context\":\"https:\/\/schema.org\",\"@graph\":[{\"@type\":\"WebPage\",\"@id\":\"https:\/\/www.tecma-tecnologia.com.br\/web\/trabalhe-conosco\/\",\"url\":\"https:\/\/www.tecma-tecnologia.com.br\/web\/trabalhe-conosco\/\",\"name\":\"Trabalhe Conosco - TECMA Tecnologia\",\"isPartOf\":{\"@id\":\"https:\/\/www.tecma-tecnologia.com.br\/web\/#website\"},\"datePublished\":\"2018-07-21T15:08:41+00:00\",\"dateModified\":\"2022-06-28T16:59:10+00:00\",\"breadcrumb\":{\"@id\":\"https:\/\/www.tecma-tecnologia.com.br\/web\/trabalhe-conosco\/#breadcrumb\"},\"inLanguage\":\"pt-BR\",\"potentialAction\":[{\"@type\":\"ReadAction\",\"target\":[\"https:\/\/www.tecma-tecnologia.com.br\/web\/trabalhe-conosco\/\"]}]},{\"@type\":\"BreadcrumbList\",\"@id\":\"https:\/\/www.tecma-tecnologia.com.br\/web\/trabalhe-conosco\/#breadcrumb\",\"itemListElement\":[{\"@type\":\"ListItem\",\"position\":1,\"name\":\"Home\",\"item\":\"https:\/\/www.tecma-tecnologia.com.br\/web\/\"},{\"@type\":\"ListItem\",\"position\":2,\"name\":\"Trabalhe Conosco\"}]},{\"@type\":\"WebSite\",\"@id\":\"https:\/\/www.tecma-tecnologia.com.br\/web\/#website\",\"url\":\"https:\/\/www.tecma-tecnologia.com.br\/web\/\",\"name\":\"TECMA Tecnologia\",\"description\":\"\",\"potentialAction\":[{\"@type\":\"SearchAction\",\"target\":{\"@type\":\"EntryPoint\",\"urlTemplate\":\"https:\/\/www.tecma-tecnologia.com.br\/web\/?s={search_term_string}\"},\"query-input\":\"required name=search_term_string\"}],\"inLanguage\":\"pt-BR\"}]}<\/script>\n<!-- \/ Yoast SEO plugin. -->","yoast_head_json":{"title":"Trabalhe Conosco - TECMA Tecnologia","robots":{"index":"index","follow":"follow","max-snippet":"max-snippet:-1","max-image-preview":"max-image-preview:large","max-video-preview":"max-video-preview:-1"},"canonical":"https:\/\/www.tecma-tecnologia.com.br\/web\/trabalhe-conosco\/","og_locale":"pt_BR","og_type":"article","og_title":"Trabalhe Conosco - TECMA Tecnologia","og_url":"https:\/\/www.tecma-tecnologia.com.br\/web\/trabalhe-conosco\/","og_site_name":"TECMA Tecnologia","article_modified_time":"2022-06-28T16:59:10+00:00","twitter_card":"summary_large_image","twitter_misc":{"Est. tempo de leitura":"2 minutos"},"schema":{"@context":"https:\/\/schema.org","@graph":[{"@type":"WebPage","@id":"https:\/\/www.tecma-tecnologia.com.br\/web\/trabalhe-conosco\/","url":"https:\/\/www.tecma-tecnologia.com.br\/web\/trabalhe-conosco\/","name":"Trabalhe Conosco - TECMA Tecnologia","isPartOf":{"@id":"https:\/\/www.tecma-tecnologia.com.br\/web\/#website"},"datePublished":"2018-07-21T15:08:41+00:00","dateModified":"2022-06-28T16:59:10+00:00","breadcrumb":{"@id":"https:\/\/www.tecma-tecnologia.com.br\/web\/trabalhe-conosco\/#breadcrumb"},"inLanguage":"pt-BR","potentialAction":[{"@type":"ReadAction","target":["https:\/\/www.tecma-tecnologia.com.br\/web\/trabalhe-conosco\/"]}]},{"@type":"BreadcrumbList","@id":"https:\/\/www.tecma-tecnologia.com.br\/web\/trabalhe-conosco\/#breadcrumb","itemListElement":[{"@type":"ListItem","position":1,"name":"Home","item":"https:\/\/www.tecma-tecnologia.com.br\/web\/"},{"@type":"ListItem","position":2,"name":"Trabalhe Conosco"}]},{"@type":"WebSite","@id":"https:\/\/www.tecma-tecnologia.com.br\/web\/#website","url":"https:\/\/www.tecma-tecnologia.com.br\/web\/","name":"TECMA Tecnologia","description":"","potentialAction":[{"@type":"SearchAction","target":{"@type":"EntryPoint","urlTemplate":"https:\/\/www.tecma-tecnologia.com.br\/web\/?s={search_term_string}"},"query-input":"required name=search_term_string"}],"inLanguage":"pt-BR"}]}},"_links":{"self":[{"href":"https:\/\/www.tecma-tecnologia.com.br\/web\/wp-json\/wp\/v2\/pages\/509","targetHints":{"allow":["GET"]}}],"collection":[{"href":"https:\/\/www.tecma-tecnologia.com.br\/web\/wp-json\/wp\/v2\/pages"}],"about":[{"href":"https:\/\/www.tecma-tecnologia.com.br\/web\/wp-json\/wp\/v2\/types\/page"}],"author":[{"embeddable":true,"href":"https:\/\/www.tecma-tecnologia.com.br\/web\/wp-json\/wp\/v2\/users\/1"}],"replies":[{"embeddable":true,"href":"https:\/\/www.tecma-tecnologia.com.br\/web\/wp-json\/wp\/v2\/comments?post=509"}],"version-history":[{"count":11,"href":"https:\/\/www.tecma-tecnologia.com.br\/web\/wp-json\/wp\/v2\/pages\/509\/revisions"}],"predecessor-version":[{"id":4594,"href":"https:\/\/www.tecma-tecnologia.com.br\/web\/wp-json\/wp\/v2\/pages\/509\/revisions\/4594"}],"wp:attachment":[{"href":"https:\/\/www.tecma-tecnologia.com.br\/web\/wp-json\/wp\/v2\/media?parent=509"}],"curies":[{"name":"wp","href":"https:\/\/api.w.org\/{rel}","templated":true}]}}