{"id":504,"date":"2018-07-21T12:00:11","date_gmt":"2018-07-21T15:00:11","guid":{"rendered":"http:\/\/www.tecma-tecnologia.com.br\/web\/?page_id=504"},"modified":"2024-06-24T15:36:39","modified_gmt":"2024-06-24T18:36:39","slug":"contato","status":"publish","type":"page","link":"https:\/\/www.tecma-tecnologia.com.br\/web\/contato\/","title":{"rendered":"Contato | Solu\u00e7\u00f5es ambientais e an\u00e1lises"},"content":{"rendered":"<p><div class=\"fusion-fullwidth fullwidth-box nonhundred-percent-fullwidth non-hundred-percent-height-scrolling\"  style='background-color: rgba(255,255,255,0);background-position: center center;background-repeat: no-repeat;padding-top:0px;padding-right:0px;padding-bottom:0px;padding-left:0px;margin-bottom: 0px;'><div class=\"fusion-builder-row fusion-row \"><div  class=\"fusion-layout-column fusion_builder_column fusion_builder_column_1_1  fusion-one-full fusion-column-first fusion-column-last 1_1\"  style='margin-top:0px;margin-bottom:20px;'>\n\t\t\t\t\t<div class=\"fusion-column-wrapper\" style=\"padding: 0px 0px 0px 0px;background-position:left top;background-repeat:no-repeat;-webkit-background-size:cover;-moz-background-size:cover;-o-background-size:cover;background-size:cover;\"  data-bg-url=\"\">\n\t\t\t\t\t\t<div class=\"fusion-title title fusion-sep-none fusion-title-size-one\" style=\"margin-top:0px;margin-bottom:31px;\"><h1 class=\"title-heading-left\"><h2>Contato<\/h2><\/h1><\/div><div class=\"fusion-clearfix\"><\/div>\n\n\t\t\t\t\t<\/div>\n\t\t\t\t<\/div><\/div><\/div><div class=\"fusion-fullwidth fullwidth-box nonhundred-percent-fullwidth non-hundred-percent-height-scrolling\"  style='background-color: rgba(255,255,255,0);background-position: center center;background-repeat: no-repeat;padding-top:0px;padding-right:0px;padding-bottom:0px;padding-left:0px;'><div class=\"fusion-builder-row fusion-row \"><div  class=\"fusion-layout-column fusion_builder_column fusion_builder_column_2_3  fusion-two-third fusion-column-first 2_3\"  style='margin-top:0px;margin-bottom:20px;width:66.66%;width:calc(66.66% - ( ( 4% ) * 0.6666 ) );margin-right: 4%;'>\n\t\t\t\t\t<div class=\"fusion-column-wrapper\" style=\"padding: 0px 0px 0px 0px;background-position:left top;background-repeat:no-repeat;-webkit-background-size:cover;-moz-background-size:cover;-o-background-size:cover;background-size:cover;\"  data-bg-url=\"\">\n\t\t\t\t\t\t<div class=\"fusion-text\"><p><strong><span style=\"vertical-align: inherit;\"><span style=\"vertical-align: inherit;\">Conhe\u00e7a a TECMA! Desde 1986 est\u00e1 presente em todo Brasil atrav\u00e9s da sua Equipe de Engenharia e seus laborat\u00f3rios de ensaios , focados no controle da polui\u00e7\u00e3o ambiental.<br \/>\nSolicite seu or\u00e7amento para preenchendo o formul\u00e1rio abaixo.<\/span><\/span><\/strong><\/p>\n<p>&nbsp;<\/p>\n<\/div><div class=\"fusion-text\"><div id=\"sacbox\">\n<div class=\"sacbox-icone\"><img decoding=\"async\" src=\"https:\/\/www.tecma-tecnologia.com.br\/web\/wp-content\/uploads\/2018\/07\/icone-sac.png\" alt=\"SAC\" \/><\/div>\n<div class=\"sacbox-texto\"><strong>SAC (Servi\u00e7o de Atendimento ao Cliente):<\/strong><br \/>\n(21) 2501 3315 | 32787733 | comercial@tecma-tecnologia.com.br<\/div>\n<div class=\"sacbox-texto\"><strong>Contate-nos tamb\u00e9m pelo Whatsapp:<\/strong><br \/>\n(21) 98039-0062<\/div>\n<\/div>\n<\/div><div class=\"fusion-text\"><div id=\"box-formularios\">\n<h4><span style=\"color: #666666;\"><strong>FORMUL\u00c1RIO DE CONTATO<\/strong><\/span><\/h4>\n\t\t\t<link rel=\"stylesheet\" property=\"stylesheet\" href=\"https:\/\/www.tecma-tecnologia.com.br\/web\/wp-content\/plugins\/happyforms\/bundles\/css\/frontend.css\" \/>\n\t\t\t\t<!-- HappyForms CSS variables -->\n\t<style>\n\t#happyforms-1511 {\n\t\t--happyforms-part-title-font-size: 16px;\n--happyforms-part-description-font-size: 14px;\n--happyforms-part-value-font-size: 16px;\n--happyforms-submit-button-font-size: 18px;\n--happyforms-color-primary: #000000;\n--happyforms-color-success-notice: #ebf9f0;\n--happyforms-color-success-notice-text: #1eb452;\n--happyforms-color-error: #ff7550;\n--happyforms-color-error-notice: #ffeeea;\n--happyforms-color-error-notice-text: #f23000;\n--happyforms-color-part-title: #000000;\n--happyforms-color-part-value: #000000;\n--happyforms-color-part-placeholder: #888888;\n--happyforms-color-part-description: #454545;\n--happyforms-color-part-border: #dbdbdb;\n--happyforms-color-part-border-focus: #07a4bc;\n--happyforms-color-part-background: #ffffff;\n--happyforms-color-part-background-focus: #ffffff;\n--happyforms-color-submit-background: #2fa2bf;\n--happyforms-color-submit-background-hover: #2389ce;\n--happyforms-color-submit-border: transparent;\n--happyforms-color-submit-text: #ffffff;\n--happyforms-color-submit-text-hover: #ffffff;\n--happyforms-color-table-row-odd: #fcfcfc;\n--happyforms-color-table-row-even: #efefef;\n--happyforms-color-table-row-odd-text: #000000;\n--happyforms-color-table-row-even-text: #000000;\n--happyforms-color-dropdown-item-bg: #ffffff;\n--happyforms-color-dropdown-item-text: #000000;\n--happyforms-color-dropdown-item-bg-hover: #dbdbdb;\n--happyforms-color-dropdown-item-text-hover: #000000;\n--happyforms-color-divider-hr: #cccccc;\n--happyforms-color-choice-checkmark-bg: #ffffff;\n--happyforms-color-choice-checkmark-bg-focus: #000000;\n--happyforms-color-choice-checkmark-color: #ffffff;\n\t}\n\t<\/style>\n\t<!-- End of HappyForms CSS variables -->\n\t\t<!-- HappyForms Additional CSS -->\n\t<style data-happyforms-additional-css>\n\t\t<\/style>\n\t<!-- End of HappyForms Additional CSS -->\n\t\t\t<link rel=\"stylesheet\" type=\"text\/css\" href=\"https:\/\/www.tecma-tecnologia.com.br\/web\/wp-content\/plugins\/happyforms\/core\/assets\/css\/no-interaction.css\">\n\t\t<div class=\"happyforms-form happyforms-styles 0\" id=\"happyforms-1511\">\n\t\t\n\t<form action=\"\" id=\"happyforms-form-1511\" method=\"post\" novalidate=\"true\" autocomplete=\"off\">\n\t\t\t\t<input type=\"hidden\" name=\"happyforms_random_seed\" value=\"3646029842\" \/>\n\t\t\n\t\t\t<input type=\"hidden\" name=\"action\" value=\"happyforms_message\">\n\t\t\t\t<input type=\"hidden\" name=\"client_referer\" value=\"\">\n\t\t\t\t<input type=\"hidden\" name=\"current_post_id\" value=\"\">\n\t\t\t\t<input type=\"hidden\" name=\"happyforms_form_id\" value=\"1511\" \/>\n\t\t\t\t<input type=\"hidden\" name=\"happyforms_step\" value=\"0\" \/>\n\t\n\t\t<div class=\"happyforms-flex\">\n\t\t\t\t<label for=\"1511-multi_line_text\" class=\"screen-reader-text\">Leave this field blank<\/label>\n\t<input type=\"text\" id=\"1511-multi_line_text\" name=\"1511-multi_line_text\" style=\"display: none;\" tabindex=\"-1\" autocomplete=\"off\" aria-hidden=\"true\">\n\t\t\t\t\t\t\t\t\t\t<div class=\"happyforms-form__part happyforms-part happyforms-part--single_line_text happyforms-part--width-full happyforms-part--label-above\" id=\"happyforms-1511_single_line_text_1-part\" data-happyforms-type=\"single_line_text\" data-happyforms-id=\"single_line_text_1\" data-happyforms-required=\"\">\n\t<div class=\"happyforms-part-wrap\">\n\t\t\n\t\t\t\t\t\t<div class=\"happyforms-part__label-container\">\n\t\t\t\t<label for=\"happyforms-1511_single_line_text_1\" class=\"happyforms-part__label\">\n\t\t\t<span class=\"label\">Nome<\/span>\n\t\t\t\t\t\t\t\t\t\t<span class=\"happyforms-required\"><\/span>\n\t\t\t\t\t\t\t\t\t\t<span class=\"happyforms-optional\">(optional)<\/span>\n\t\t\t\t\t<\/label>\n\t\t\t<\/div>\n\t\t\t\n\t\t\n\t\t<div class=\"happyforms-part__el\">\n\t\t\t\n\t\t\t\n\t\t\t<div class=\"happyforms-input\">\n\t\t\t\t\n\t\t\t\t<input id=\"happyforms-1511_single_line_text_1\" type=\"text\" name=\"1511_single_line_text_1\" value=\"\" placeholder=\"\" autocomplete=\"off\" spellcheck=\"false\"  autocorrect=\"off\" \/>\n\t\t\t\t\t\t\t<\/div>\n\n\t\t\t\n\t\t\t\n\t\t\t\t\t<\/div>\n\t<\/div>\n<\/div>\n<div class=\"happyforms-part--with-autocomplete happyforms-form__part happyforms-part happyforms-part--email happyforms-part--width-full happyforms-part--label-above\" id=\"happyforms-1511_email_2-part\" data-happyforms-type=\"email\" data-happyforms-id=\"email_2\" data-happyforms-required=\"\">\n\t\t<div class=\"happyforms-part-wrap\">\n\t\t\t\t\t\t<div class=\"happyforms-part__label-container\">\n\t\t\t\t<label for=\"happyforms-1511_email_2\" class=\"happyforms-part__label\">\n\t\t\t<span class=\"label\">Email<\/span>\n\t\t\t\t\t\t\t\t\t\t<span class=\"happyforms-required\"><\/span>\n\t\t\t\t\t\t\t\t\t\t<span class=\"happyforms-optional\">(optional)<\/span>\n\t\t\t\t\t<\/label>\n\t\t\t<\/div>\n\t\t\t\n\t\t\n\t\t<div class=\"happyforms-part__el\">\n\t\t\t\n\t\t\t\n\t\t\t<div class=\"happyforms-input\">\n\t\t\t\t<input type=\"email\" name=\"1511_email_2\" id=\"happyforms-1511_email_2\" value=\"\" placeholder=\"\" autocomplete=\"off\" spellcheck=\"false\"  autocorrect=\"off\" \/>\n\t\t\t\t\t\t\t<\/div>\n\n\t\t\t\n\t\t\t\n\t\t\t\t\t<\/div>\n\t<\/div>\n<\/div>\n<div class=\"happyforms-form__part happyforms-part happyforms-part--single_line_text happyforms-part--width-full happyforms-part--label-above\" id=\"happyforms-1511_single_line_text_4-part\" data-happyforms-type=\"single_line_text\" data-happyforms-id=\"single_line_text_4\">\n\t<div class=\"happyforms-part-wrap\">\n\t\t\n\t\t\t\t\t\t<div class=\"happyforms-part__label-container\">\n\t\t\t\t<label for=\"happyforms-1511_single_line_text_4\" class=\"happyforms-part__label\">\n\t\t\t<span class=\"label\">Empresa<\/span>\n\t\t\t\t\t\t\t\t\t\t<span class=\"happyforms-required\"><\/span>\n\t\t\t\t\t\t\t\t\t\t<span class=\"happyforms-optional\">(optional)<\/span>\n\t\t\t\t\t<\/label>\n\t\t\t<\/div>\n\t\t\t\n\t\t\n\t\t<div class=\"happyforms-part__el\">\n\t\t\t\n\t\t\t\n\t\t\t<div class=\"happyforms-input\">\n\t\t\t\t\n\t\t\t\t<input id=\"happyforms-1511_single_line_text_4\" type=\"text\" name=\"1511_single_line_text_4\" value=\"\" placeholder=\"\" autocomplete=\"off\" spellcheck=\"false\"  autocorrect=\"off\" \/>\n\t\t\t\t\t\t\t<\/div>\n\n\t\t\t\n\t\t\t\n\t\t\t\t\t<\/div>\n\t<\/div>\n<\/div>\n<div class=\"happyforms-form__part happyforms-part happyforms-part--multi_line_text happyforms-part--width-full happyforms-part--label-above\" id=\"happyforms-1511_multi_line_text_5-part\" data-happyforms-type=\"multi_line_text\" data-happyforms-id=\"multi_line_text_5\" data-happyforms-required=\"\">\n\t<div class=\"happyforms-part-wrap\">\n\t\t\t\t\t\t<div class=\"happyforms-part__label-container\">\n\t\t\t\t<label for=\"happyforms-1511_multi_line_text_5\" class=\"happyforms-part__label\">\n\t\t\t<span class=\"label\">Coment\u00e1rios<\/span>\n\t\t\t\t\t\t\t\t\t\t<span class=\"happyforms-required\"><\/span>\n\t\t\t\t\t\t\t\t\t\t<span class=\"happyforms-optional\">(optional)<\/span>\n\t\t\t\t\t<\/label>\n\t\t\t<\/div>\n\t\t\t\n\t\t\n\t\t<div class=\"happyforms-part__el\">\n\t\t\t\n\t\t\t\t\t\t<textarea id=\"happyforms-1511_multi_line_text_5\" name=\"1511_multi_line_text_5\" rows=\"5\" placeholder=\"\" autocomplete=\"off\" spellcheck=\"false\" autocorrect=\"off\" ><\/textarea>\n\t\t\t\n\t\t\t\n\t\t\t\t\t<\/div>\n\t<\/div>\n<\/div>\n\t\t\t\t\t\t<div class=\"happyforms-form__part happyforms-part happyforms-part--submit\">\n\t\t<button type=\"submit\" class=\"happyforms-submit happyforms-button--submit \">Enviar<\/button>\n\t<\/div>\t\t<\/div>\n\n\t\t\t<\/form>\n\n\t<\/div>\n<\/div>\n<\/div><div class=\"fusion-clearfix\"><\/div>\n\n\t\t\t\t\t<\/div>\n\t\t\t\t<\/div><div  class=\"fusion-layout-column fusion_builder_column fusion_builder_column_1_3  fusion-one-third fusion-column-last 1_3\"  style='margin-top:0px;margin-bottom:20px;width:33.33%;width:calc(33.33% - ( ( 4% ) * 0.3333 ) );'>\n\t\t\t\t\t<div class=\"fusion-column-wrapper\" style=\"padding: 0px 0px 0px 0px;background-position:left top;background-repeat:no-repeat;-webkit-background-size:cover;-moz-background-size:cover;-o-background-size:cover;background-size:cover;\"  data-bg-url=\"\">\n\t\t\t\t\t\t<div class=\"fusion-title title fusion-sep-none fusion-title-size-two\" style=\"margin-top:0px;margin-bottom:31px;\"><h2 class=\"title-heading-left\">NOT\u00cdCIAS E EVENTOS<\/h2><\/div><span class=\"fusion-imageframe imageframe-none imageframe-1 hover-type-none\"><img decoding=\"async\" src=\"https:\/\/www.tecma-tecnologia.com.br\/web\/wp-content\/uploads\/2018\/07\/div-news.jpg\" width=\"431\" height=\"32\" alt=\"\" title=\"div-news\" class=\"img-responsive wp-image-453\" srcset=\"https:\/\/www.tecma-tecnologia.com.br\/web\/wp-content\/uploads\/2018\/07\/div-news-200x15.jpg 200w, https:\/\/www.tecma-tecnologia.com.br\/web\/wp-content\/uploads\/2018\/07\/div-news-400x30.jpg 400w, https:\/\/www.tecma-tecnologia.com.br\/web\/wp-content\/uploads\/2018\/07\/div-news.jpg 431w\" sizes=\"(max-width: 800px) 100vw, 400px\" \/><\/span><div class=\"fusion-blog-shortcode fusion-blog-shortcode-1 fusion-blog-archive fusion-blog-layout-medium fusion-blog-no fusion-blog-no-images\" id=\"solucoes-blog\"><div class=\"fusion-posts-container fusion-posts-container-no fusion-no-meta-info\" data-pages=\"7\"><article id=\"blog-1-post-4795\" class=\"fusion-post-medium post-4795 post type-post status-publish format-standard has-post-thumbnail hentry category-eventos category-noticias\">\n<div class=\"fusion-post-content post-content\"><h2 class=\"blog-shortcode-post-title entry-title\"><a href=\"https:\/\/www.tecma-tecnologia.com.br\/web\/noticias\/monitoramento-remoto\/\">Como a Monitoriza\u00e7\u00e3o Remota Transforma o Controle da Qualidade da \u00c1gua<\/a><\/h2><div class=\"fusion-post-content-container\"><p> Como a Monitoriza\u00e7\u00e3o Remota Transforma o Controle da Qualidade [...]<\/p><\/div><\/div><div class=\"fusion-clearfix\"><\/div><\/article>\n<article id=\"blog-1-post-4333\" class=\"fusion-post-medium post-4333 post type-post status-publish format-standard has-post-thumbnail hentry category-noticias category-sem-categoria\">\n<div class=\"fusion-post-content post-content\"><h2 class=\"blog-shortcode-post-title entry-title\"><a href=\"https:\/\/www.tecma-tecnologia.com.br\/web\/sem-categoria\/contrato-em-cubatao-a-todo-vapor\/\">Contrato em Cubat\u00e3o a todo vapor<\/a><\/h2><div class=\"fusion-post-content-container\"><p> Equipe TECMA LAB em Cubat\u00e3o a todo Vapor!! Nesse [...]<\/p><\/div><\/div><div class=\"fusion-clearfix\"><\/div><\/article>\n<article id=\"blog-1-post-3221\" class=\"fusion-post-medium post-3221 post type-post status-publish format-standard has-post-thumbnail hentry category-eventos category-noticias\">\n<div class=\"fusion-post-content post-content\"><h2 class=\"blog-shortcode-post-title entry-title\"><a href=\"https:\/\/www.tecma-tecnologia.com.br\/web\/eventos\/tecnologia-mbr\/\">Tecnologia MBR(Membrane Bioreactor)<\/a><\/h2><div class=\"fusion-post-content-container\"><p>    A Tecnologia MBR (Membrane Bioreactor) Biorreatore [...]<\/p><\/div><\/div><div class=\"fusion-clearfix\"><\/div><\/article>\n<\/div><\/div><div class=\"fusion-widget-area fusion-widget-area-1 fusion-content-widget-area\"><style type=\"text\/css\" scoped=\"scoped\">.fusion-widget-area-1 {padding:0px 0px 0px 0px;}.fusion-widget-area-1 .widget h4 {color:#ffffff;}.fusion-widget-area-1 .widget .heading h4 {color:#ffffff;}<\/style><div id=\"custom_html-10\" class=\"widget_text widget widget_custom_html\" style=\"background-color: #1eb4c2;\"><div class=\"textwidget custom-html-widget\"><div id=\"principaisclientes\" onclick=\"window.open('https:\/\/www.tecma-tecnologia.com.br\/web\/pt\/sobre-nos\/clientes\/','mywindow');\" style=\"cursor: pointer;\">\r\n\t<div class=\"principaisclientes-texto\">\r\n\t\tConhe\u00e7a os nossos principais clientes\r\n\t<\/div>\r\n\t<div class=\"principaisclientes-icone\">\r\n\t\t<img decoding=\"async\" src=\"https:\/\/www.tecma-tecnologia.com.br\/web\/wp-content\/uploads\/2018\/07\/icone-clientes-2.png\" alt=\"Clientes\" width=\"79\" height=\"71\">\r\n\t<\/div>\r\n<\/div>\r\n<\/div><\/div><div class=\"fusion-additional-widget-content\"><\/div><\/div><div class=\"fusion-clearfix\"><\/div>\n\n\t\t\t\t\t<\/div>\n\t\t\t\t<\/div><\/div><\/div><div class=\"fusion-fullwidth fullwidth-box nonhundred-percent-fullwidth non-hundred-percent-height-scrolling\"  style='background-color: rgba(255,255,255,0);background-position: center center;background-repeat: no-repeat;padding-top:0px;padding-right:0px;padding-bottom:0px;padding-left:0px;'><div class=\"fusion-builder-row fusion-row \"><div  class=\"fusion-layout-column fusion_builder_column fusion_builder_column_1_1  fusion-one-full fusion-column-first fusion-column-last 1_1\"  style='margin-top:0px;margin-bottom:20px;width:100%'>\n\t\t\t\t\t<div class=\"fusion-column-wrapper\" style=\"padding: 0px 0px 0px 0px;background-position:left top;background-repeat:no-repeat;-webkit-background-size:cover;-moz-background-size:cover;-o-background-size:cover;background-size:cover;\"  data-bg-url=\"\">\n\t\t\t\t\t\t<div class=\"fusion-clearfix\"><\/div>\n\n\t\t\t\t\t<\/div>\n\t\t\t\t<\/div><\/div><\/div><\/p>\n","protected":false},"excerpt":{"rendered":"","protected":false},"author":1,"featured_media":0,"parent":0,"menu_order":0,"comment_status":"closed","ping_status":"closed","template":"100-width.php","meta":{"_mi_skip_tracking":false,"spay_email":"","footnotes":""},"class_list":["post-504","page","type-page","status-publish","hentry"],"yoast_head":"<!-- This site is optimized with the Yoast SEO plugin v20.2.1 - https:\/\/yoast.com\/wordpress\/plugins\/seo\/ -->\n<title>Contato Solu\u00e7\u00f5es ambientais e an\u00e1lises - TECMA Tecnologia | desde 1986<\/title>\n<meta name=\"description\" content=\"contato Solu\u00e7\u00f5es ambientais e an\u00e1lises | Tecma em Solu\u00e7\u00f5es ambientais e para efluentes, al\u00e9m de an\u00e1lises ambientais. entre em contato com a nossa equipe!\" \/>\n<meta name=\"robots\" content=\"index, follow, max-snippet:-1, max-image-preview:large, max-video-preview:-1\" \/>\n<link rel=\"canonical\" href=\"https:\/\/www.tecma-tecnologia.com.br\/web\/contato\/\" \/>\n<meta property=\"og:locale\" content=\"pt_BR\" \/>\n<meta property=\"og:type\" content=\"article\" \/>\n<meta property=\"og:title\" content=\"Contato Solu\u00e7\u00f5es ambientais e an\u00e1lises - TECMA Tecnologia | desde 1986\" \/>\n<meta property=\"og:description\" content=\"contato Solu\u00e7\u00f5es ambientais e an\u00e1lises | Tecma em Solu\u00e7\u00f5es ambientais e para efluentes, al\u00e9m de an\u00e1lises ambientais. entre em contato com a nossa equipe!\" \/>\n<meta property=\"og:url\" content=\"https:\/\/www.tecma-tecnologia.com.br\/web\/contato\/\" \/>\n<meta property=\"og:site_name\" content=\"TECMA Tecnologia\" \/>\n<meta property=\"article:modified_time\" content=\"2024-06-24T18:36:39+00:00\" \/>\n<meta property=\"og:image\" content=\"https:\/\/www.tecma-tecnologia.com.br\/web\/wp-content\/uploads\/2018\/07\/icone-sac.png\" \/>\n<meta name=\"twitter:card\" content=\"summary_large_image\" \/>\n<meta name=\"twitter:label1\" content=\"Est. tempo de leitura\" \/>\n\t<meta name=\"twitter:data1\" content=\"3 minutos\" \/>\n<script type=\"application\/ld+json\" class=\"yoast-schema-graph\">{\"@context\":\"https:\/\/schema.org\",\"@graph\":[{\"@type\":\"WebPage\",\"@id\":\"https:\/\/www.tecma-tecnologia.com.br\/web\/contato\/\",\"url\":\"https:\/\/www.tecma-tecnologia.com.br\/web\/contato\/\",\"name\":\"Contato Solu\u00e7\u00f5es ambientais e an\u00e1lises - TECMA Tecnologia | desde 1986\",\"isPartOf\":{\"@id\":\"https:\/\/www.tecma-tecnologia.com.br\/web\/#website\"},\"datePublished\":\"2018-07-21T15:00:11+00:00\",\"dateModified\":\"2024-06-24T18:36:39+00:00\",\"description\":\"contato Solu\u00e7\u00f5es ambientais e an\u00e1lises | Tecma em Solu\u00e7\u00f5es ambientais e para efluentes, al\u00e9m de an\u00e1lises ambientais. entre em contato com a nossa equipe!\",\"breadcrumb\":{\"@id\":\"https:\/\/www.tecma-tecnologia.com.br\/web\/contato\/#breadcrumb\"},\"inLanguage\":\"pt-BR\",\"potentialAction\":[{\"@type\":\"ReadAction\",\"target\":[\"https:\/\/www.tecma-tecnologia.com.br\/web\/contato\/\"]}]},{\"@type\":\"BreadcrumbList\",\"@id\":\"https:\/\/www.tecma-tecnologia.com.br\/web\/contato\/#breadcrumb\",\"itemListElement\":[{\"@type\":\"ListItem\",\"position\":1,\"name\":\"Home\",\"item\":\"https:\/\/www.tecma-tecnologia.com.br\/web\/\"},{\"@type\":\"ListItem\",\"position\":2,\"name\":\"Contato | Solu\u00e7\u00f5es ambientais e an\u00e1lises\"}]},{\"@type\":\"WebSite\",\"@id\":\"https:\/\/www.tecma-tecnologia.com.br\/web\/#website\",\"url\":\"https:\/\/www.tecma-tecnologia.com.br\/web\/\",\"name\":\"TECMA Tecnologia\",\"description\":\"\",\"potentialAction\":[{\"@type\":\"SearchAction\",\"target\":{\"@type\":\"EntryPoint\",\"urlTemplate\":\"https:\/\/www.tecma-tecnologia.com.br\/web\/?s={search_term_string}\"},\"query-input\":\"required name=search_term_string\"}],\"inLanguage\":\"pt-BR\"}]}<\/script>\n<!-- \/ Yoast SEO plugin. -->","yoast_head_json":{"title":"Contato Solu\u00e7\u00f5es ambientais e an\u00e1lises - TECMA Tecnologia | desde 1986","description":"contato Solu\u00e7\u00f5es ambientais e an\u00e1lises | Tecma em Solu\u00e7\u00f5es ambientais e para efluentes, al\u00e9m de an\u00e1lises ambientais. entre em contato com a nossa equipe!","robots":{"index":"index","follow":"follow","max-snippet":"max-snippet:-1","max-image-preview":"max-image-preview:large","max-video-preview":"max-video-preview:-1"},"canonical":"https:\/\/www.tecma-tecnologia.com.br\/web\/contato\/","og_locale":"pt_BR","og_type":"article","og_title":"Contato Solu\u00e7\u00f5es ambientais e an\u00e1lises - TECMA Tecnologia | desde 1986","og_description":"contato Solu\u00e7\u00f5es ambientais e an\u00e1lises | Tecma em Solu\u00e7\u00f5es ambientais e para efluentes, al\u00e9m de an\u00e1lises ambientais. entre em contato com a nossa equipe!","og_url":"https:\/\/www.tecma-tecnologia.com.br\/web\/contato\/","og_site_name":"TECMA Tecnologia","article_modified_time":"2024-06-24T18:36:39+00:00","og_image":[{"url":"https:\/\/www.tecma-tecnologia.com.br\/web\/wp-content\/uploads\/2018\/07\/icone-sac.png"}],"twitter_card":"summary_large_image","twitter_misc":{"Est. tempo de leitura":"3 minutos"},"schema":{"@context":"https:\/\/schema.org","@graph":[{"@type":"WebPage","@id":"https:\/\/www.tecma-tecnologia.com.br\/web\/contato\/","url":"https:\/\/www.tecma-tecnologia.com.br\/web\/contato\/","name":"Contato Solu\u00e7\u00f5es ambientais e an\u00e1lises - TECMA Tecnologia | desde 1986","isPartOf":{"@id":"https:\/\/www.tecma-tecnologia.com.br\/web\/#website"},"datePublished":"2018-07-21T15:00:11+00:00","dateModified":"2024-06-24T18:36:39+00:00","description":"contato Solu\u00e7\u00f5es ambientais e an\u00e1lises | Tecma em Solu\u00e7\u00f5es ambientais e para efluentes, al\u00e9m de an\u00e1lises ambientais. entre em contato com a nossa equipe!","breadcrumb":{"@id":"https:\/\/www.tecma-tecnologia.com.br\/web\/contato\/#breadcrumb"},"inLanguage":"pt-BR","potentialAction":[{"@type":"ReadAction","target":["https:\/\/www.tecma-tecnologia.com.br\/web\/contato\/"]}]},{"@type":"BreadcrumbList","@id":"https:\/\/www.tecma-tecnologia.com.br\/web\/contato\/#breadcrumb","itemListElement":[{"@type":"ListItem","position":1,"name":"Home","item":"https:\/\/www.tecma-tecnologia.com.br\/web\/"},{"@type":"ListItem","position":2,"name":"Contato | Solu\u00e7\u00f5es ambientais e an\u00e1lises"}]},{"@type":"WebSite","@id":"https:\/\/www.tecma-tecnologia.com.br\/web\/#website","url":"https:\/\/www.tecma-tecnologia.com.br\/web\/","name":"TECMA Tecnologia","description":"","potentialAction":[{"@type":"SearchAction","target":{"@type":"EntryPoint","urlTemplate":"https:\/\/www.tecma-tecnologia.com.br\/web\/?s={search_term_string}"},"query-input":"required name=search_term_string"}],"inLanguage":"pt-BR"}]}},"_links":{"self":[{"href":"https:\/\/www.tecma-tecnologia.com.br\/web\/wp-json\/wp\/v2\/pages\/504","targetHints":{"allow":["GET"]}}],"collection":[{"href":"https:\/\/www.tecma-tecnologia.com.br\/web\/wp-json\/wp\/v2\/pages"}],"about":[{"href":"https:\/\/www.tecma-tecnologia.com.br\/web\/wp-json\/wp\/v2\/types\/page"}],"author":[{"embeddable":true,"href":"https:\/\/www.tecma-tecnologia.com.br\/web\/wp-json\/wp\/v2\/users\/1"}],"replies":[{"embeddable":true,"href":"https:\/\/www.tecma-tecnologia.com.br\/web\/wp-json\/wp\/v2\/comments?post=504"}],"version-history":[{"count":8,"href":"https:\/\/www.tecma-tecnologia.com.br\/web\/wp-json\/wp\/v2\/pages\/504\/revisions"}],"predecessor-version":[{"id":4863,"href":"https:\/\/www.tecma-tecnologia.com.br\/web\/wp-json\/wp\/v2\/pages\/504\/revisions\/4863"}],"wp:attachment":[{"href":"https:\/\/www.tecma-tecnologia.com.br\/web\/wp-json\/wp\/v2\/media?parent=504"}],"curies":[{"name":"wp","href":"https:\/\/api.w.org\/{rel}","templated":true}]}}