{"id":414,"date":"2018-07-20T18:20:09","date_gmt":"2018-07-20T21:20:09","guid":{"rendered":"http:\/\/www.tecma-tecnologia.com.br\/web\/?page_id=414"},"modified":"2019-12-30T10:00:44","modified_gmt":"2019-12-30T13:00:44","slug":"solucoes-para-industrias","status":"publish","type":"page","link":"https:\/\/www.tecma-tecnologia.com.br\/web\/laboratorio\/segmentos-da-industria\/solucoes-para-industrias\/","title":{"rendered":"Industriais"},"content":{"rendered":"<p><div class=\"fusion-fullwidth fullwidth-box nonhundred-percent-fullwidth non-hundred-percent-height-scrolling\"  style='background-color: rgba(255,255,255,0);background-position: center center;background-repeat: no-repeat;padding-top:0px;padding-right:0px;padding-bottom:0px;padding-left:0px;'><div class=\"fusion-builder-row fusion-row \"><div  class=\"fusion-layout-column fusion_builder_column fusion_builder_column_2_3  fusion-two-third fusion-column-first 2_3\"  style='margin-top:0px;margin-bottom:0px;width:66.66%;width:calc(66.66% - ( ( 4% ) * 0.6666 ) );margin-right: 4%;'>\n\t\t\t\t\t<div class=\"fusion-column-wrapper\" style=\"padding: 0px 0px 0px 0px;background-position:left top;background-repeat:no-repeat;-webkit-background-size:cover;-moz-background-size:cover;-o-background-size:cover;background-size:cover;\"  data-bg-url=\"\">\n\t\t\t\t\t\t<div class=\"fusion-title title fusion-sep-none fusion-title-size-one\" style=\"margin-top:0px;margin-bottom:31px;\"><h1 class=\"title-heading-left\"><span style=\"vertical-align: inherit;\"><span style=\"vertical-align: inherit;\">Segmentos\u00a0<\/span><\/span><\/h1><\/div><div class=\"fusion-clearfix\"><\/div>\n\n\t\t\t\t\t<\/div>\n\t\t\t\t<\/div><div  class=\"fusion-layout-column fusion_builder_column fusion_builder_column_1_3  fusion-one-third fusion-column-last 1_3\"  style='margin-top:0px;margin-bottom:0px;width:33.33%;width:calc(33.33% - ( ( 4% ) * 0.3333 ) );'>\n\t\t\t\t\t<div class=\"fusion-column-wrapper\" style=\"padding: 15px 0px 0px 0px;background-position:left top;background-repeat:no-repeat;-webkit-background-size:cover;-moz-background-size:cover;-o-background-size:cover;background-size:cover;\"  data-bg-url=\"\">\n\t\t\t\t\t\t<div class=\"fusion-title title fusion-sep-none fusion-title-size-four\" style=\"margin-top:0px;margin-bottom:31px;\"><h4 class=\"title-heading-left\"><p style=\"text-align: left;\"><strong>INDUSTRIAIS<\/strong><\/p><\/h4><\/div><div class=\"fusion-clearfix\"><\/div>\n\n\t\t\t\t\t<\/div>\n\t\t\t\t<\/div><div  class=\"fusion-layout-column fusion_builder_column fusion_builder_column_1_1  fusion-one-full fusion-column-first fusion-column-last 1_1\"  style='margin-top:0px;margin-bottom:20px;'>\n\t\t\t\t\t<div class=\"fusion-column-wrapper\" style=\"padding: 0px 0px 0px 0px;background-position:left top;background-repeat:no-repeat;-webkit-background-size:cover;-moz-background-size:cover;-o-background-size:cover;background-size:cover;\"  data-bg-url=\"\">\n\t\t\t\t\t\t<div class=\"imageframe-align-center\"><span class=\"fusion-imageframe imageframe-none imageframe-1 hover-type-none\"><img fetchpriority=\"high\" fetchpriority=\"high\" decoding=\"async\" src=\"https:\/\/www.tecma-tecnologia.com.br\/web\/wp-content\/uploads\/2018\/07\/industriais.jpg\" width=\"835\" height=\"277\" alt=\"Industriais\" title=\"industriais\" class=\"img-responsive wp-image-416\" srcset=\"https:\/\/www.tecma-tecnologia.com.br\/web\/wp-content\/uploads\/2018\/07\/industriais-200x66.jpg 200w, https:\/\/www.tecma-tecnologia.com.br\/web\/wp-content\/uploads\/2018\/07\/industriais-400x133.jpg 400w, https:\/\/www.tecma-tecnologia.com.br\/web\/wp-content\/uploads\/2018\/07\/industriais-600x199.jpg 600w, https:\/\/www.tecma-tecnologia.com.br\/web\/wp-content\/uploads\/2018\/07\/industriais-800x265.jpg 800w, https:\/\/www.tecma-tecnologia.com.br\/web\/wp-content\/uploads\/2018\/07\/industriais.jpg 835w\" sizes=\"(max-width: 800px) 100vw, 835px\" \/><\/span><\/div><div class=\"fusion-clearfix\"><\/div>\n\n\t\t\t\t\t<\/div>\n\t\t\t\t<\/div><\/div><\/div><div class=\"fusion-fullwidth fullwidth-box nonhundred-percent-fullwidth non-hundred-percent-height-scrolling\"  style='background-color: rgba(255,255,255,0);background-position: center center;background-repeat: no-repeat;padding-top:0px;padding-right:0px;padding-bottom:0px;padding-left:0px;'><div class=\"fusion-builder-row fusion-row \"><div  class=\"fusion-layout-column fusion_builder_column fusion_builder_column_3_4  fusion-three-fourth fusion-column-first 3_4\"  style='margin-top:0px;margin-bottom:20px;width:75%;width:calc(75% - ( ( 4% ) * 0.75 ) );margin-right: 4%;'>\n\t\t\t\t\t<div class=\"fusion-column-wrapper\" style=\"padding: 0px 0px 0px 0px;background-position:left top;background-repeat:no-repeat;-webkit-background-size:cover;-moz-background-size:cover;-o-background-size:cover;background-size:cover;\"  data-bg-url=\"\">\n\t\t\t\t\t\t<div class=\"fusion-text\"><h4><span style=\"vertical-align: inherit;\"><span style=\"vertical-align: inherit;\">AN\u00c1LISES AMBIENTAIS PARA AS INDUSTRIAS<\/span><\/span><\/h4>\n<p><strong><span style=\"vertical-align: inherit;\"><span style=\"vertical-align: inherit;\">MONITORAMENTO DOS EFLUENTES<\/span><\/span><\/strong><\/p>\n<p><span style=\"vertical-align: inherit;\"><span style=\"vertical-align: inherit;\">Os efluentes gerados pelas ind\u00fastrias e os esgotos sanit\u00e1rios devem ser tratados pela ETE e ETEI para a aten\u00e7\u00e3o nos sistemas h\u00eddricos, atendendo os limites de freq\u00fc\u00eancia dos mesmos. <\/span><span style=\"vertical-align: inherit;\">O monitoramento da qualidade dos fluidos f\u00edsicos e qu\u00edmicos e microbiol\u00f3gicos por laborat\u00f3rio de acordo com os requisitos do INMETRO de qualidade da ISO 17025.<\/span><\/span><\/p>\n<p><strong><span style=\"vertical-align: inherit;\"><span style=\"vertical-align: inherit;\">Rio de Janeiro &#8211; INEA<\/span><\/span><\/strong><\/p>\n<ul>\n<li><span style=\"vertical-align: inherit;\"><span style=\"vertical-align: inherit;\">DZ 215 &#8211; R-4 &#8211; Controle de carga org\u00e2nica em efluentes de origem sanit\u00e1ria<\/span><\/span><\/li>\n<li><span style=\"vertical-align: inherit;\"><span style=\"vertical-align: inherit;\">DZ 205 &#8211; R-6 &#8211; Controle de carga org\u00e2nica em efluentes industriais<\/span><\/span><\/li>\n<li><span style=\"vertical-align: inherit;\"><span style=\"vertical-align: inherit;\">202 &#8211; R-10 &#8211; Direitos e padr\u00f5es para lan\u00e7amento de efluentes l\u00edquidos<\/span><\/span><\/li>\n<li><span style=\"vertical-align: inherit;\"><span style=\"vertical-align: inherit;\">NT 213 &#8211; R 4 &#8211; Padr\u00f5es para o controle da toxicidade em efluentes<\/span><\/span><\/li>\n<li><span style=\"vertical-align: inherit;\"><span style=\"vertical-align: inherit;\">942.- R-7 &#8211; Programa de autocontrole de efluentes l\u00edquidos &#8211; \u00c1gua Procon<\/span><\/span><\/li>\n<\/ul>\n<p><strong>\u00a0<\/strong><strong><span style=\"vertical-align: inherit;\"><span style=\"vertical-align: inherit;\">Clique <\/span><\/span><u><span style=\"vertical-align: inherit;\"><span style=\"vertical-align: inherit;\">aqui<\/span><\/span><\/u><span style=\"vertical-align: inherit;\"><span style=\"vertical-align: inherit;\"> para saber mais sobre o monitoramento do PROCON \u00c1GUA &#8211; DZ 942.R-7 &#8211; Diretriz do Programa de Autocontrole de Efluentes L\u00edquidos<\/span><\/span><\/strong><\/p>\n<p><strong><span style=\"vertical-align: inherit;\"><span style=\"vertical-align: inherit;\">\u00c1GUA POT\u00c1VEL (BEBEDOURO) <\/span><\/span><\/strong><\/p>\n<p><span style=\"vertical-align: inherit;\"><span style=\"vertical-align: inherit;\">A \u00e1gua \u00e9 mantida pelas concession\u00e1rias e fica sujeita a mudan\u00e7as nos padr\u00f5es de potabilidade devido a longa dura\u00e7\u00e3o das redes de transporte at\u00e9 resid\u00eancias, condom\u00ednios, empresas e hospitais onde \u00e9 armazenada e consumida.<\/span><\/span><\/p>\n<p><span style=\"vertical-align: inherit;\"><span style=\"vertical-align: inherit;\">Para avaliar a qualidade da \u00e1gua antes do consumo s\u00e3o experientes alguns ensaios:<\/span><\/span><\/p>\n<ul>\n<li><span style=\"vertical-align: inherit;\"><span style=\"vertical-align: inherit;\">Ensaios microbiol\u00f3gicos<\/span><\/span><\/li>\n<li><span style=\"vertical-align: inherit;\"><span style=\"vertical-align: inherit;\">Ensaios F\u00edsico-Qu\u00edmicos<\/span><\/span><\/li>\n<\/ul>\n<p><strong><span style=\"vertical-align: inherit;\"><span style=\"vertical-align: inherit;\">Legisla\u00e7\u00e3o:<\/span><\/span><\/strong><\/p>\n<p><span style=\"vertical-align: inherit;\"><span style=\"vertical-align: inherit;\">Portaria de Consolida\u00e7\u00e3o N\u00ba05 de 28\/09\/2017 &#8211; Consolida\u00e7\u00e3o das normas sobre a\u00e7\u00f5es e servi\u00e7os de sa\u00fade do sistema \u00fanico de sa\u00fade. <\/span><span style=\"vertical-align: inherit;\">ANEXO XX DO CONTROLE DA VIGIL\u00c2NCIA DA QUALIDADE DA \u00c1GUA PARA CONSUMO HUMANO E SEDE PADR\u00c3O DE POTABILIADE (Origem: PRT MS \/ GM 2914\/2011)<\/span><\/span><\/p>\n<p><strong><span style=\"vertical-align: inherit;\"><span style=\"vertical-align: inherit;\">\u00c1GUA SUBTERR\u00c2NEA (PO\u00c7OS)<\/span><\/span><\/strong><\/p>\n<p><span style=\"vertical-align: inherit;\"><span style=\"vertical-align: inherit;\">\u00c1gua, que \u00e9 um processo para a vida e para o consumo, higiene pessoal, prepara\u00e7\u00e3o de alimentos e aplica\u00e7\u00f5es industriais, por exemplo.<\/span><\/span><\/p>\n<ul>\n<li><span style=\"vertical-align: inherit;\"><span style=\"vertical-align: inherit;\">Ensaios microbiol\u00f3gicos<\/span><\/span><\/li>\n<li><span style=\"vertical-align: inherit;\"><span style=\"vertical-align: inherit;\">Ensaios F\u00edsico-Qu\u00edmicos<\/span><\/span><\/li>\n<\/ul>\n<p><strong><span style=\"vertical-align: inherit;\"><span style=\"vertical-align: inherit;\">Legisla\u00e7\u00e3o:<\/span><\/span><\/strong><\/p>\n<p>Portaria de Consolida\u00e7\u00e3o N\u00ba05 de 28\/09\/2017\u00a0\u2013 Consolida\u00e7\u00e3o das normas sobre as a\u00e7\u00f5es e os servi\u00e7os de sa\u00fade do sistema \u00fanico de sa\u00fade. ANEXO XX DO CONTROLE DE DA VIGIL\u00c2NCIA DA QUALIDADE DA \u00c1GUA PARA CONSUMO HUMANO E SEU PADR\u00c3O DE POTABILIADE (Origem: PRT MS\/GM 2914\/2011)<\/p>\n<p><span style=\"vertical-align: inherit;\"><span style=\"vertical-align: inherit;\">Decreto N\u00ba 12.486, de 20 de Outubro de 1978 &#8211; NTA 60 &#8211; Normas T\u00e9cnicas relativas a alimentos e bebidas<\/span><\/span><\/p>\n<p><span style=\"vertical-align: inherit;\"><span style=\"vertical-align: inherit;\">Resolu\u00e7\u00e3o Conama 396 &#8211; Propriedades e condi\u00e7\u00f5es ambientais para o enquadramento das \u00e1guas e outras provid\u00eancias.<\/span><\/span><\/p>\n<p><strong><span style=\"vertical-align: inherit;\"><span style=\"vertical-align: inherit;\">\u00c1GUA PURIFICADA<\/span><\/span><\/strong><\/p>\n<p><span style=\"vertical-align: inherit;\"><span style=\"vertical-align: inherit;\">Uma \u00e1gua purificada \u00e9 resultante de processos de filtra\u00e7\u00e3o, destila\u00e7\u00e3o, desioniza\u00e7\u00e3o e osmose reversa, por exemplo. <\/span><span style=\"vertical-align: inherit;\">Os dom\u00ednios s\u00e3o atividades em laborat\u00f3rio, produ\u00e7\u00e3o de medicamentos, cosm\u00e9ticos e preparo de solu\u00e7\u00f5es qu\u00edmicas.<\/span><\/span><\/p>\n<p><span style=\"vertical-align: inherit;\"><span style=\"vertical-align: inherit;\">Alguns ensaios de monitoramento:<\/span><\/span><\/p>\n<ul>\n<li><span style=\"vertical-align: inherit;\"><span style=\"vertical-align: inherit;\">Bact\u00e9rias Heterotr\u00f3ficas<\/span><\/span><\/li>\n<li><span style=\"vertical-align: inherit;\"><span style=\"vertical-align: inherit;\">Coliformes totais e E.coli (qualitativo)<\/span><\/span><\/li>\n<li><span style=\"vertical-align: inherit;\"><span style=\"vertical-align: inherit;\">Condutividade<\/span><\/span><\/li>\n<li><span style=\"vertical-align: inherit;\"><span style=\"vertical-align: inherit;\">Dureza<\/span><\/span><\/li>\n<li><span style=\"vertical-align: inherit;\"><span style=\"vertical-align: inherit;\">Cloretos<\/span><\/span><\/li>\n<li><span style=\"vertical-align: inherit;\"><span style=\"vertical-align: inherit;\">Nitrato<\/span><\/span><\/li>\n<li><span style=\"vertical-align: inherit;\"><span style=\"vertical-align: inherit;\">Sulfato<\/span><\/span><\/li>\n<li><span style=\"vertical-align: inherit;\"><span style=\"vertical-align: inherit;\">pH<\/span><\/span><\/li>\n<li><span style=\"vertical-align: inherit;\"><span style=\"vertical-align: inherit;\">Am\u00f4nio<\/span><\/span><\/li>\n<\/ul>\n<p><strong><span style=\"vertical-align: inherit;\"><span style=\"vertical-align: inherit;\">Legisla\u00e7\u00e3o:<\/span><\/span><\/strong><span style=\"vertical-align: inherit;\"><span style=\"vertical-align: inherit;\"> \u00a0Farmacopeia Brasileira e outras<\/span><\/span><\/p>\n<p>Sigam a <a href=\"https:\/\/www.tecma-tecnologia.com.br\/web\/\">Tecma<\/a> em todas as nossas plataformas<\/p>\n<p><a href=\"https:\/\/www.instagram.com\/tecmatecnologia\/\">INSTAGRAM TECMA<\/a><\/p>\n<p><a href=\"https:\/\/web.facebook.com\/tecmatecnologia\/?_rdc=1&amp;_rdr\">FACEBOOK TECMA<\/a><\/p>\n<p><a href=\"https:\/\/www.linkedin.com\/company\/934510\/\">LINKEDIN TECMA<\/a><\/p>\n<\/div><div class=\"fusion-clearfix\"><\/div>\n\n\t\t\t\t\t<\/div>\n\t\t\t\t<\/div><div  class=\"fusion-layout-column fusion_builder_column fusion_builder_column_1_4  fusion-one-fourth fusion-column-last 1_4\"  style='margin-top:20px;margin-bottom:20px;width:25%;width:calc(25% - ( ( 4% ) * 0.25 ) );'>\n\t\t\t\t\t<div class=\"fusion-column-wrapper\" style=\"padding: 0px 0px 0px 0px;background-position:left top;background-repeat:no-repeat;-webkit-background-size:cover;-moz-background-size:cover;-o-background-size:cover;background-size:cover;\"  data-bg-url=\"\">\n\t\t\t\t\t\t<div class=\"fusion-widget-area fusion-widget-area-1 fusion-content-widget-area\"><style type=\"text\/css\" scoped=\"scoped\">.fusion-widget-area-1 {padding:0px 0px 0px 0px;}.fusion-widget-area-1 .widget h4 {color:#1eb4c2;}.fusion-widget-area-1 .widget .heading h4 {color:#1eb4c2;}<\/style><div id=\"nav_menu-12\" class=\"widget widget_nav_menu\"><div class=\"menu-segmentos-da-industria-laboratorio-container\"><ul id=\"menu-segmentos-da-industria-laboratorio\" class=\"menu\"><li id=\"menu-item-429\" class=\"menu-item menu-item-type-post_type menu-item-object-page menu-item-429\"><a href=\"https:\/\/www.tecma-tecnologia.com.br\/web\/laboratorio\/segmentos-da-industria\/solucoes-para-industrias\/\">INDUSTRIAIS<\/a><\/li>\n<li id=\"menu-item-771\" class=\"menu-item menu-item-type-post_type menu-item-object-page menu-item-771\"><a href=\"https:\/\/www.tecma-tecnologia.com.br\/web\/laboratorio\/segmentos-da-industria\/analises-ambientais-para-area-da-saude\/\">SA\u00daDE<\/a><\/li>\n<li id=\"menu-item-770\" class=\"menu-item menu-item-type-post_type menu-item-object-page menu-item-770\"><a href=\"https:\/\/www.tecma-tecnologia.com.br\/web\/laboratorio\/segmentos-da-industria\/seguranca-ocupacional\/\">SEGURAN\u00c7A OCUPACIONAL<\/a><\/li>\n<li id=\"menu-item-769\" class=\"menu-item menu-item-type-post_type menu-item-object-page menu-item-769\"><a href=\"https:\/\/www.tecma-tecnologia.com.br\/web\/laboratorio\/segmentos-da-industria\/shoppings\/\">SHOPPINGS<\/a><\/li>\n<li id=\"menu-item-768\" class=\"menu-item menu-item-type-post_type menu-item-object-page menu-item-768\"><a href=\"https:\/\/www.tecma-tecnologia.com.br\/web\/laboratorio\/segmentos-da-industria\/hoteis-meio-ambiente\/\">HOT\u00c9IS<\/a><\/li>\n<li id=\"menu-item-767\" class=\"menu-item menu-item-type-post_type menu-item-object-page menu-item-767\"><a href=\"https:\/\/www.tecma-tecnologia.com.br\/web\/laboratorio\/segmentos-da-industria\/aterros-sanitarios\/\">ATERROS SANIT\u00c1RIOS<\/a><\/li>\n<li id=\"menu-item-766\" class=\"menu-item menu-item-type-post_type menu-item-object-page menu-item-766\"><a href=\"https:\/\/www.tecma-tecnologia.com.br\/web\/laboratorio\/segmentos-da-industria\/agua-para-amassamento-de-concreto\/\">CONSTRU\u00c7\u00c3O CIVIL<\/a><\/li>\n<li id=\"menu-item-774\" class=\"menu-item menu-item-type-post_type menu-item-object-page menu-item-774\"><a href=\"https:\/\/www.tecma-tecnologia.com.br\/web\/laboratorio\/segmentos-da-industria\/consultorias-ambientais\/\">CONSULTORIAS AMBIENTAIS<\/a><\/li>\n<li id=\"menu-item-765\" class=\"menu-item menu-item-type-post_type menu-item-object-page menu-item-765\"><a href=\"https:\/\/www.tecma-tecnologia.com.br\/web\/laboratorio\/segmentos-da-industria\/solucoes-ambientais-prefeituras\/\">GEST\u00c3O P\u00daBLICA<\/a><\/li>\n<\/ul><\/div><\/div><div class=\"fusion-additional-widget-content\"><\/div><\/div><div class=\"fusion-clearfix\"><\/div>\n\n\t\t\t\t\t<\/div>\n\t\t\t\t<\/div><\/div><\/div><\/p>\n","protected":false},"excerpt":{"rendered":"","protected":false},"author":1,"featured_media":0,"parent":354,"menu_order":0,"comment_status":"closed","ping_status":"closed","template":"","meta":{"_mi_skip_tracking":false,"spay_email":"","footnotes":""},"class_list":["post-414","page","type-page","status-publish","hentry"],"yoast_head":"<!-- This site is optimized with the Yoast SEO plugin v20.2.1 - https:\/\/yoast.com\/wordpress\/plugins\/seo\/ -->\n<title>Solu\u00e7\u00f5es para Ind\u00fastrias - TECMA Tecnologia em meio Ambiente<\/title>\n<meta name=\"description\" content=\"Solu\u00e7\u00f5es para Ind\u00fastrias | TECMA Expert em An\u00e1lises ambientais para ind\u00fastrias e monitoramento dos efluentes, desde 1986 refer\u00eancia em seu segmento.\" \/>\n<meta name=\"robots\" content=\"index, follow, max-snippet:-1, max-image-preview:large, max-video-preview:-1\" \/>\n<link rel=\"canonical\" href=\"https:\/\/www.tecma-tecnologia.com.br\/web\/laboratorio\/segmentos-da-industria\/solucoes-para-industrias\/\" \/>\n<meta property=\"og:locale\" content=\"pt_BR\" \/>\n<meta property=\"og:type\" content=\"article\" \/>\n<meta property=\"og:title\" content=\"Solu\u00e7\u00f5es para Ind\u00fastrias - TECMA Tecnologia em meio Ambiente\" \/>\n<meta property=\"og:description\" content=\"Solu\u00e7\u00f5es para Ind\u00fastrias | TECMA Expert em An\u00e1lises ambientais para ind\u00fastrias e monitoramento dos efluentes, desde 1986 refer\u00eancia em seu segmento.\" \/>\n<meta property=\"og:url\" content=\"https:\/\/www.tecma-tecnologia.com.br\/web\/laboratorio\/segmentos-da-industria\/solucoes-para-industrias\/\" \/>\n<meta property=\"og:site_name\" content=\"TECMA Tecnologia\" \/>\n<meta property=\"article:modified_time\" content=\"2019-12-30T13:00:44+00:00\" \/>\n<meta name=\"twitter:card\" content=\"summary_large_image\" \/>\n<meta name=\"twitter:label1\" content=\"Est. tempo de leitura\" \/>\n\t<meta name=\"twitter:data1\" content=\"6 minutos\" \/>\n<script type=\"application\/ld+json\" class=\"yoast-schema-graph\">{\"@context\":\"https:\/\/schema.org\",\"@graph\":[{\"@type\":\"WebPage\",\"@id\":\"https:\/\/www.tecma-tecnologia.com.br\/web\/laboratorio\/segmentos-da-industria\/solucoes-para-industrias\/\",\"url\":\"https:\/\/www.tecma-tecnologia.com.br\/web\/laboratorio\/segmentos-da-industria\/solucoes-para-industrias\/\",\"name\":\"Solu\u00e7\u00f5es para Ind\u00fastrias - TECMA Tecnologia em meio Ambiente\",\"isPartOf\":{\"@id\":\"https:\/\/www.tecma-tecnologia.com.br\/web\/#website\"},\"datePublished\":\"2018-07-20T21:20:09+00:00\",\"dateModified\":\"2019-12-30T13:00:44+00:00\",\"description\":\"Solu\u00e7\u00f5es para Ind\u00fastrias | TECMA Expert em An\u00e1lises ambientais para ind\u00fastrias e monitoramento dos efluentes, desde 1986 refer\u00eancia em seu segmento.\",\"breadcrumb\":{\"@id\":\"https:\/\/www.tecma-tecnologia.com.br\/web\/laboratorio\/segmentos-da-industria\/solucoes-para-industrias\/#breadcrumb\"},\"inLanguage\":\"pt-BR\",\"potentialAction\":[{\"@type\":\"ReadAction\",\"target\":[\"https:\/\/www.tecma-tecnologia.com.br\/web\/laboratorio\/segmentos-da-industria\/solucoes-para-industrias\/\"]}]},{\"@type\":\"BreadcrumbList\",\"@id\":\"https:\/\/www.tecma-tecnologia.com.br\/web\/laboratorio\/segmentos-da-industria\/solucoes-para-industrias\/#breadcrumb\",\"itemListElement\":[{\"@type\":\"ListItem\",\"position\":1,\"name\":\"Home\",\"item\":\"https:\/\/www.tecma-tecnologia.com.br\/web\/\"},{\"@type\":\"ListItem\",\"position\":2,\"name\":\"Laborat\u00f3rio\",\"item\":\"https:\/\/www.tecma-tecnologia.com.br\/web\/laboratorio\/\"},{\"@type\":\"ListItem\",\"position\":3,\"name\":\"Segmentos da Ind\u00fastria\",\"item\":\"https:\/\/www.tecma-tecnologia.com.br\/web\/laboratorio\/segmentos-da-industria\/\"},{\"@type\":\"ListItem\",\"position\":4,\"name\":\"Industriais\"}]},{\"@type\":\"WebSite\",\"@id\":\"https:\/\/www.tecma-tecnologia.com.br\/web\/#website\",\"url\":\"https:\/\/www.tecma-tecnologia.com.br\/web\/\",\"name\":\"TECMA Tecnologia\",\"description\":\"\",\"potentialAction\":[{\"@type\":\"SearchAction\",\"target\":{\"@type\":\"EntryPoint\",\"urlTemplate\":\"https:\/\/www.tecma-tecnologia.com.br\/web\/?s={search_term_string}\"},\"query-input\":\"required name=search_term_string\"}],\"inLanguage\":\"pt-BR\"}]}<\/script>\n<!-- \/ Yoast SEO plugin. -->","yoast_head_json":{"title":"Solu\u00e7\u00f5es para Ind\u00fastrias - TECMA Tecnologia em meio Ambiente","description":"Solu\u00e7\u00f5es para Ind\u00fastrias | TECMA Expert em An\u00e1lises ambientais para ind\u00fastrias e monitoramento dos efluentes, desde 1986 refer\u00eancia em seu segmento.","robots":{"index":"index","follow":"follow","max-snippet":"max-snippet:-1","max-image-preview":"max-image-preview:large","max-video-preview":"max-video-preview:-1"},"canonical":"https:\/\/www.tecma-tecnologia.com.br\/web\/laboratorio\/segmentos-da-industria\/solucoes-para-industrias\/","og_locale":"pt_BR","og_type":"article","og_title":"Solu\u00e7\u00f5es para Ind\u00fastrias - TECMA Tecnologia em meio Ambiente","og_description":"Solu\u00e7\u00f5es para Ind\u00fastrias | TECMA Expert em An\u00e1lises ambientais para ind\u00fastrias e monitoramento dos efluentes, desde 1986 refer\u00eancia em seu segmento.","og_url":"https:\/\/www.tecma-tecnologia.com.br\/web\/laboratorio\/segmentos-da-industria\/solucoes-para-industrias\/","og_site_name":"TECMA Tecnologia","article_modified_time":"2019-12-30T13:00:44+00:00","twitter_card":"summary_large_image","twitter_misc":{"Est. tempo de leitura":"6 minutos"},"schema":{"@context":"https:\/\/schema.org","@graph":[{"@type":"WebPage","@id":"https:\/\/www.tecma-tecnologia.com.br\/web\/laboratorio\/segmentos-da-industria\/solucoes-para-industrias\/","url":"https:\/\/www.tecma-tecnologia.com.br\/web\/laboratorio\/segmentos-da-industria\/solucoes-para-industrias\/","name":"Solu\u00e7\u00f5es para Ind\u00fastrias - TECMA Tecnologia em meio Ambiente","isPartOf":{"@id":"https:\/\/www.tecma-tecnologia.com.br\/web\/#website"},"datePublished":"2018-07-20T21:20:09+00:00","dateModified":"2019-12-30T13:00:44+00:00","description":"Solu\u00e7\u00f5es para Ind\u00fastrias | TECMA Expert em An\u00e1lises ambientais para ind\u00fastrias e monitoramento dos efluentes, desde 1986 refer\u00eancia em seu segmento.","breadcrumb":{"@id":"https:\/\/www.tecma-tecnologia.com.br\/web\/laboratorio\/segmentos-da-industria\/solucoes-para-industrias\/#breadcrumb"},"inLanguage":"pt-BR","potentialAction":[{"@type":"ReadAction","target":["https:\/\/www.tecma-tecnologia.com.br\/web\/laboratorio\/segmentos-da-industria\/solucoes-para-industrias\/"]}]},{"@type":"BreadcrumbList","@id":"https:\/\/www.tecma-tecnologia.com.br\/web\/laboratorio\/segmentos-da-industria\/solucoes-para-industrias\/#breadcrumb","itemListElement":[{"@type":"ListItem","position":1,"name":"Home","item":"https:\/\/www.tecma-tecnologia.com.br\/web\/"},{"@type":"ListItem","position":2,"name":"Laborat\u00f3rio","item":"https:\/\/www.tecma-tecnologia.com.br\/web\/laboratorio\/"},{"@type":"ListItem","position":3,"name":"Segmentos da Ind\u00fastria","item":"https:\/\/www.tecma-tecnologia.com.br\/web\/laboratorio\/segmentos-da-industria\/"},{"@type":"ListItem","position":4,"name":"Industriais"}]},{"@type":"WebSite","@id":"https:\/\/www.tecma-tecnologia.com.br\/web\/#website","url":"https:\/\/www.tecma-tecnologia.com.br\/web\/","name":"TECMA Tecnologia","description":"","potentialAction":[{"@type":"SearchAction","target":{"@type":"EntryPoint","urlTemplate":"https:\/\/www.tecma-tecnologia.com.br\/web\/?s={search_term_string}"},"query-input":"required name=search_term_string"}],"inLanguage":"pt-BR"}]}},"_links":{"self":[{"href":"https:\/\/www.tecma-tecnologia.com.br\/web\/wp-json\/wp\/v2\/pages\/414","targetHints":{"allow":["GET"]}}],"collection":[{"href":"https:\/\/www.tecma-tecnologia.com.br\/web\/wp-json\/wp\/v2\/pages"}],"about":[{"href":"https:\/\/www.tecma-tecnologia.com.br\/web\/wp-json\/wp\/v2\/types\/page"}],"author":[{"embeddable":true,"href":"https:\/\/www.tecma-tecnologia.com.br\/web\/wp-json\/wp\/v2\/users\/1"}],"replies":[{"embeddable":true,"href":"https:\/\/www.tecma-tecnologia.com.br\/web\/wp-json\/wp\/v2\/comments?post=414"}],"version-history":[{"count":1,"href":"https:\/\/www.tecma-tecnologia.com.br\/web\/wp-json\/wp\/v2\/pages\/414\/revisions"}],"predecessor-version":[{"id":3328,"href":"https:\/\/www.tecma-tecnologia.com.br\/web\/wp-json\/wp\/v2\/pages\/414\/revisions\/3328"}],"up":[{"embeddable":true,"href":"https:\/\/www.tecma-tecnologia.com.br\/web\/wp-json\/wp\/v2\/pages\/354"}],"wp:attachment":[{"href":"https:\/\/www.tecma-tecnologia.com.br\/web\/wp-json\/wp\/v2\/media?parent=414"}],"curies":[{"name":"wp","href":"https:\/\/api.w.org\/{rel}","templated":true}]}}