{"id":3472,"date":"2020-01-03T14:15:17","date_gmt":"2020-01-03T17:15:17","guid":{"rendered":"http:\/\/www.tecma-tecnologia.com.br\/web\/?page_id=3472"},"modified":"2020-01-03T14:15:17","modified_gmt":"2020-01-03T17:15:17","slug":"tratamento-de-agua","status":"publish","type":"page","link":"https:\/\/www.tecma-tecnologia.com.br\/web\/tratamento-de-agua\/","title":{"rendered":"Tratamento de \u00e1gua"},"content":{"rendered":"<div class=\"fusion-fullwidth fullwidth-box nonhundred-percent-fullwidth non-hundred-percent-height-scrolling\"  style='background-color: rgba(255,255,255,0);background-position: center center;background-repeat: no-repeat;padding-top:0px;padding-right:0px;padding-bottom:0px;padding-left:0px;'><div class=\"fusion-builder-row fusion-row \"><div  class=\"fusion-layout-column fusion_builder_column fusion_builder_column_1_4  fusion-one-fourth fusion-column-first 1_4\"  style='margin-top:0px;margin-bottom:20px;width:25%;width:calc(25% - ( ( 4% ) * 0.25 ) );margin-right: 4%;'>\n\t\t\t\t\t<div class=\"fusion-column-wrapper\" style=\"background-position:left top;background-repeat:no-repeat;-webkit-background-size:cover;-moz-background-size:cover;-o-background-size:cover;background-size:cover;\"  data-bg-url=\"\">\n\t\t\t\t\t\t<div class=\"fusion-widget-area fusion-widget-area-1 fusion-content-widget-area\"><style type=\"text\/css\" scoped=\"scoped\">.fusion-widget-area-1 {padding:0px 0px 0px 0px;}.fusion-widget-area-1 .widget h4 {color:#1eb4c2;}.fusion-widget-area-1 .widget .heading h4 {color:#1eb4c2;}<\/style><div id=\"nav_menu-6\" class=\"widget widget_nav_menu\"><div class=\"menu-solucoes-container\"><ul id=\"menu-solucoes\" class=\"menu\"><li id=\"menu-item-276\" class=\"menu-item menu-item-type-post_type menu-item-object-page menu-item-276\"><a href=\"https:\/\/www.tecma-tecnologia.com.br\/web\/solucoes-ambientais\/estacao-de-tratamento-de-esgoto\/\">ESGOTO SANIT\u00c1RIO<\/a><\/li>\n<li id=\"menu-item-277\" class=\"menu-item menu-item-type-custom menu-item-object-custom menu-item-277\"><a href=\"https:\/\/www.tecma-tecnologia.com.br\/web\/engenharia\/efluentes-industriais\/\">EFLUENTES INDUSTRIAIS<\/a><\/li>\n<li id=\"menu-item-278\" class=\"menu-item menu-item-type-custom menu-item-object-custom menu-item-278\"><a href=\"https:\/\/www.tecma-tecnologia.com.br\/web\/engenharia\/tratamento-de-agua\/\">TRATAMENTO DE \u00c1GUA<\/a><\/li>\n<li id=\"menu-item-279\" class=\"menu-item menu-item-type-custom menu-item-object-custom menu-item-279\"><a href=\"https:\/\/www.tecma-tecnologia.com.br\/web\/solucoes-ambientais\/reuso-de-agua\/\">RE\u00daSO DE \u00c1GUA<\/a><\/li>\n<li id=\"menu-item-280\" class=\"menu-item menu-item-type-custom menu-item-object-custom menu-item-280\"><a href=\"https:\/\/www.tecma-tecnologia.com.br\/web\/solucoes-ambientais\/linha-de-produtos-tecma\/\">LINHA DE PRODUTOS TECMA\u00ae<\/a><\/li>\n<\/ul><\/div><\/div><div class=\"fusion-additional-widget-content\"><\/div><\/div><div class=\"fusion-clearfix\"><\/div>\n\n\t\t\t\t\t<\/div>\n\t\t\t\t<\/div><div  class=\"fusion-layout-column fusion_builder_column fusion_builder_column_3_4  fusion-three-fourth fusion-column-last 3_4\"  style='margin-top:0px;margin-bottom:20px;width:75%;width:calc(75% - ( ( 4% ) * 0.75 ) );'>\n\t\t\t\t\t<div class=\"fusion-column-wrapper\" style=\"background-position:left top;background-repeat:no-repeat;-webkit-background-size:cover;-moz-background-size:cover;-o-background-size:cover;background-size:cover;\"  data-bg-url=\"\">\n\t\t\t\t\t\t<div class=\"fusion-text\"><p>Ainda existe uma certa d\u00favida quanto ao senso comum sobre como podemos reciclar as \u00e1guas residu\u00e1rias, advindas de chuveiros, das \u00e1guas de lavagem, do esgoto sanit\u00e1rio, de processos industriais e qual o uso que podemos destinar a essa \u00e1gua recuperada.<\/p>\n<p>A \u00e1gua reciclada pode satisfazer a maioria das demandas de \u00e1gua, contanto que ela seja adequadamente tratada garantindo a qualidade apropriada para um determinado uso.<\/p>\n<p>Alguns tipos de usos para essa \u00e1gua Reciclada:<\/p>\n<ul>\n<li>Agricultura<\/li>\n<li>Parques p\u00fablicos<\/li>\n<li>Irriga\u00e7\u00e3o<\/li>\n<li>Descarga em bacias sanit\u00e1rias<\/li>\n<li>Controle de Poeira<\/li>\n<li>Lagos Artificiais<\/li>\n<li>\u00c1gua de Resfriamento para Usinas de Energia e refinariais de Petr\u00f3leo<\/li>\n<li>Atividades da Constru\u00e7\u00e3o Civil<\/li>\n<li>Mistura de Concreto<\/li>\n<\/ul>\n<p>A implanta\u00e7\u00e3o do re\u00faso \u00e9 feita com a instala\u00e7\u00e3o de unidades necess\u00e1rias ao polimento, tais como: sistemas de filtra\u00e7\u00e3o em membrana; oxida\u00e7\u00e3o qu\u00edmica; desinfec\u00e7\u00e3o; etc\u2026<\/p>\n<p>\u2192 Saber escolher o melhor processo para cada origem \u00e9 primordial para ter sucesso, proporcionando ao seu empreendimento, a vaz\u00e3o requerida, livre de odores e com a \u00f3tima qualidade.<\/p>\n<p>Existem no mercado muitas siglas para determinadas origens. Podemos citar:<\/p>\n<ul>\n<li>ETAC \u2013 Esta\u00e7\u00e3o de Tratamento para \u00c1guas Cinzas<\/li>\n<li>EPAR \u2013 Esta\u00e7\u00e3o de Produ\u00e7\u00e3o de \u00c1gua para o Re\u00faso<\/li>\n<li>ETAR \u2013 Esta\u00e7\u00e3o de Tratamento de \u00c1gua para o Re\u00faso<\/li>\n<\/ul>\n<\/div><div class=\"fusion-clearfix\"><\/div>\n\n\t\t\t\t\t<\/div>\n\t\t\t\t<\/div><\/div><\/div>\n","protected":false},"excerpt":{"rendered":"","protected":false},"author":3,"featured_media":0,"parent":0,"menu_order":0,"comment_status":"closed","ping_status":"closed","template":"","meta":{"_mi_skip_tracking":false,"spay_email":"","footnotes":""},"class_list":["post-3472","page","type-page","status-publish","hentry"],"yoast_head":"<!-- This site is optimized with the Yoast SEO plugin v20.2.1 - https:\/\/yoast.com\/wordpress\/plugins\/seo\/ -->\n<title>Tratamento de \u00e1gua - TECMA Tecnologia<\/title>\n<meta name=\"robots\" content=\"index, follow, max-snippet:-1, max-image-preview:large, max-video-preview:-1\" \/>\n<link rel=\"canonical\" href=\"https:\/\/www.tecma-tecnologia.com.br\/web\/tratamento-de-agua\/\" \/>\n<meta property=\"og:locale\" content=\"pt_BR\" \/>\n<meta property=\"og:type\" content=\"article\" \/>\n<meta property=\"og:title\" content=\"Tratamento de \u00e1gua - TECMA Tecnologia\" \/>\n<meta property=\"og:url\" content=\"https:\/\/www.tecma-tecnologia.com.br\/web\/tratamento-de-agua\/\" \/>\n<meta property=\"og:site_name\" content=\"TECMA Tecnologia\" \/>\n<meta name=\"twitter:card\" content=\"summary_large_image\" \/>\n<meta name=\"twitter:label1\" content=\"Est. tempo de leitura\" \/>\n\t<meta name=\"twitter:data1\" content=\"2 minutos\" \/>\n<script type=\"application\/ld+json\" class=\"yoast-schema-graph\">{\"@context\":\"https:\/\/schema.org\",\"@graph\":[{\"@type\":\"WebPage\",\"@id\":\"https:\/\/www.tecma-tecnologia.com.br\/web\/tratamento-de-agua\/\",\"url\":\"https:\/\/www.tecma-tecnologia.com.br\/web\/tratamento-de-agua\/\",\"name\":\"Tratamento de \u00e1gua - TECMA Tecnologia\",\"isPartOf\":{\"@id\":\"https:\/\/www.tecma-tecnologia.com.br\/web\/#website\"},\"datePublished\":\"2020-01-03T17:15:17+00:00\",\"dateModified\":\"2020-01-03T17:15:17+00:00\",\"breadcrumb\":{\"@id\":\"https:\/\/www.tecma-tecnologia.com.br\/web\/tratamento-de-agua\/#breadcrumb\"},\"inLanguage\":\"pt-BR\",\"potentialAction\":[{\"@type\":\"ReadAction\",\"target\":[\"https:\/\/www.tecma-tecnologia.com.br\/web\/tratamento-de-agua\/\"]}]},{\"@type\":\"BreadcrumbList\",\"@id\":\"https:\/\/www.tecma-tecnologia.com.br\/web\/tratamento-de-agua\/#breadcrumb\",\"itemListElement\":[{\"@type\":\"ListItem\",\"position\":1,\"name\":\"Home\",\"item\":\"https:\/\/www.tecma-tecnologia.com.br\/web\/\"},{\"@type\":\"ListItem\",\"position\":2,\"name\":\"Tratamento de \u00e1gua\"}]},{\"@type\":\"WebSite\",\"@id\":\"https:\/\/www.tecma-tecnologia.com.br\/web\/#website\",\"url\":\"https:\/\/www.tecma-tecnologia.com.br\/web\/\",\"name\":\"TECMA Tecnologia\",\"description\":\"\",\"potentialAction\":[{\"@type\":\"SearchAction\",\"target\":{\"@type\":\"EntryPoint\",\"urlTemplate\":\"https:\/\/www.tecma-tecnologia.com.br\/web\/?s={search_term_string}\"},\"query-input\":\"required name=search_term_string\"}],\"inLanguage\":\"pt-BR\"}]}<\/script>\n<!-- \/ Yoast SEO plugin. -->","yoast_head_json":{"title":"Tratamento de \u00e1gua - TECMA Tecnologia","robots":{"index":"index","follow":"follow","max-snippet":"max-snippet:-1","max-image-preview":"max-image-preview:large","max-video-preview":"max-video-preview:-1"},"canonical":"https:\/\/www.tecma-tecnologia.com.br\/web\/tratamento-de-agua\/","og_locale":"pt_BR","og_type":"article","og_title":"Tratamento de \u00e1gua - TECMA Tecnologia","og_url":"https:\/\/www.tecma-tecnologia.com.br\/web\/tratamento-de-agua\/","og_site_name":"TECMA Tecnologia","twitter_card":"summary_large_image","twitter_misc":{"Est. tempo de leitura":"2 minutos"},"schema":{"@context":"https:\/\/schema.org","@graph":[{"@type":"WebPage","@id":"https:\/\/www.tecma-tecnologia.com.br\/web\/tratamento-de-agua\/","url":"https:\/\/www.tecma-tecnologia.com.br\/web\/tratamento-de-agua\/","name":"Tratamento de \u00e1gua - TECMA Tecnologia","isPartOf":{"@id":"https:\/\/www.tecma-tecnologia.com.br\/web\/#website"},"datePublished":"2020-01-03T17:15:17+00:00","dateModified":"2020-01-03T17:15:17+00:00","breadcrumb":{"@id":"https:\/\/www.tecma-tecnologia.com.br\/web\/tratamento-de-agua\/#breadcrumb"},"inLanguage":"pt-BR","potentialAction":[{"@type":"ReadAction","target":["https:\/\/www.tecma-tecnologia.com.br\/web\/tratamento-de-agua\/"]}]},{"@type":"BreadcrumbList","@id":"https:\/\/www.tecma-tecnologia.com.br\/web\/tratamento-de-agua\/#breadcrumb","itemListElement":[{"@type":"ListItem","position":1,"name":"Home","item":"https:\/\/www.tecma-tecnologia.com.br\/web\/"},{"@type":"ListItem","position":2,"name":"Tratamento de \u00e1gua"}]},{"@type":"WebSite","@id":"https:\/\/www.tecma-tecnologia.com.br\/web\/#website","url":"https:\/\/www.tecma-tecnologia.com.br\/web\/","name":"TECMA Tecnologia","description":"","potentialAction":[{"@type":"SearchAction","target":{"@type":"EntryPoint","urlTemplate":"https:\/\/www.tecma-tecnologia.com.br\/web\/?s={search_term_string}"},"query-input":"required name=search_term_string"}],"inLanguage":"pt-BR"}]}},"_links":{"self":[{"href":"https:\/\/www.tecma-tecnologia.com.br\/web\/wp-json\/wp\/v2\/pages\/3472","targetHints":{"allow":["GET"]}}],"collection":[{"href":"https:\/\/www.tecma-tecnologia.com.br\/web\/wp-json\/wp\/v2\/pages"}],"about":[{"href":"https:\/\/www.tecma-tecnologia.com.br\/web\/wp-json\/wp\/v2\/types\/page"}],"author":[{"embeddable":true,"href":"https:\/\/www.tecma-tecnologia.com.br\/web\/wp-json\/wp\/v2\/users\/3"}],"replies":[{"embeddable":true,"href":"https:\/\/www.tecma-tecnologia.com.br\/web\/wp-json\/wp\/v2\/comments?post=3472"}],"version-history":[{"count":1,"href":"https:\/\/www.tecma-tecnologia.com.br\/web\/wp-json\/wp\/v2\/pages\/3472\/revisions"}],"predecessor-version":[{"id":3473,"href":"https:\/\/www.tecma-tecnologia.com.br\/web\/wp-json\/wp\/v2\/pages\/3472\/revisions\/3473"}],"wp:attachment":[{"href":"https:\/\/www.tecma-tecnologia.com.br\/web\/wp-json\/wp\/v2\/media?parent=3472"}],"curies":[{"name":"wp","href":"https:\/\/api.w.org\/{rel}","templated":true}]}}