{"id":287,"date":"2018-07-20T12:10:30","date_gmt":"2018-07-20T15:10:30","guid":{"rendered":"http:\/\/www.tecma-tecnologia.com.br\/web\/?page_id=287"},"modified":"2022-03-03T09:59:10","modified_gmt":"2022-03-03T12:59:10","slug":"sobre-nos-tecma-tecnologia","status":"publish","type":"page","link":"https:\/\/www.tecma-tecnologia.com.br\/web\/sobre-nos-tecma-tecnologia\/","title":{"rendered":"Sobre n\u00f3s"},"content":{"rendered":"<p><div class=\"fusion-fullwidth fullwidth-box nonhundred-percent-fullwidth non-hundred-percent-height-scrolling\"  style='background-color: rgba(255,255,255,0);background-position: center center;background-repeat: no-repeat;padding-top:0px;padding-right:0px;padding-bottom:0px;padding-left:0px;'><div class=\"fusion-builder-row fusion-row \"><div  class=\"fusion-layout-column fusion_builder_column fusion_builder_column_1_1  fusion-one-full fusion-column-first fusion-column-last 1_1\"  style='margin-top:0px;margin-bottom:20px;'>\n\t\t\t\t\t<div class=\"fusion-column-wrapper\" style=\"padding: 0px 0px 0px 0px;background-position:left top;background-repeat:no-repeat;-webkit-background-size:cover;-moz-background-size:cover;-o-background-size:cover;background-size:cover;\"  data-bg-url=\"\">\n\t\t\t\t\t\t<div class=\"fusion-title title fusion-sep-none fusion-title-size-one\" style=\"margin-top:0px;margin-bottom:31px;\"><h1 class=\"title-heading-left\">Sobre n\u00f3s<\/h1><\/div><span style=\"margin-right:25px;float:left;\" class=\"fusion-imageframe imageframe-none imageframe-1 hover-type-none\"><img fetchpriority=\"high\" fetchpriority=\"high\" decoding=\"async\" src=\"https:\/\/www.tecma-tecnologia.com.br\/web\/wp-content\/uploads\/2018\/12\/sobre-nos-3.png\" width=\"1500\" height=\"500\" alt=\"\" title=\"SOBRE NO\u0301S (3)\" class=\"img-responsive wp-image-1211\" srcset=\"https:\/\/www.tecma-tecnologia.com.br\/web\/wp-content\/uploads\/2018\/12\/sobre-nos-3-200x67.png 200w, https:\/\/www.tecma-tecnologia.com.br\/web\/wp-content\/uploads\/2018\/12\/sobre-nos-3-400x133.png 400w, https:\/\/www.tecma-tecnologia.com.br\/web\/wp-content\/uploads\/2018\/12\/sobre-nos-3-600x200.png 600w, https:\/\/www.tecma-tecnologia.com.br\/web\/wp-content\/uploads\/2018\/12\/sobre-nos-3-800x267.png 800w, https:\/\/www.tecma-tecnologia.com.br\/web\/wp-content\/uploads\/2018\/12\/sobre-nos-3-1200x400.png 1200w, https:\/\/www.tecma-tecnologia.com.br\/web\/wp-content\/uploads\/2018\/12\/sobre-nos-3.png 1500w\" sizes=\"(max-width: 800px) 100vw, 1200px\" \/><\/span><div class=\"fusion-clearfix\"><\/div>\n\n\t\t\t\t\t<\/div>\n\t\t\t\t<\/div><\/div><\/div><div class=\"fusion-fullwidth fullwidth-box nonhundred-percent-fullwidth non-hundred-percent-height-scrolling\"  style='background-color: rgba(255,255,255,0);background-position: center center;background-repeat: no-repeat;padding-top:0px;padding-right:0px;padding-bottom:0px;padding-left:0px;'><div class=\"fusion-builder-row fusion-row \"><div  class=\"fusion-layout-column fusion_builder_column fusion_builder_column_3_4  fusion-three-fourth fusion-column-first 3_4\"  style='margin-top:0px;margin-bottom:20px;width:75%;width:calc(75% - ( ( 4% ) * 0.75 ) );margin-right: 4%;'>\n\t\t\t\t\t<div class=\"fusion-column-wrapper\" style=\"padding: 0px 0px 0px 0px;background-position:left top;background-repeat:no-repeat;-webkit-background-size:cover;-moz-background-size:cover;-o-background-size:cover;background-size:cover;\"  data-bg-url=\"\">\n\t\t\t\t\t\t<div class=\"fusion-text\"><p><span style=\"vertical-align: inherit;\"><span style=\"vertical-align: inherit;\">A <strong>TECMA TECNOLOGIA EM MEIO AMBIENTE<\/strong> \u00e9 uma empresa brasileira de capital privado fundada em janeiro de 1986 que atua no mercado ambiental atrav\u00e9s das nossas 2 \u00e1reas operacionais.<\/span><\/span><\/p>\n<p><strong><span style=\"vertical-align: inherit;\"><span style=\"vertical-align: inherit;\">Laborat\u00f3rios de Ensaios<\/span><\/span><\/strong><span style=\"vertical-align: inherit;\"><span style=\"vertical-align: inherit;\"> &#8211; Capacitados para atender os mais diversos grupos atrav\u00e9s dos ensaios laboratoriais, monitoramentos e diagn\u00f3sticos ambientais. <\/span><span style=\"vertical-align: inherit;\">Somos credenciados pelo INEA Instituto Estadual do Ambiente desde 1988, sob o Certificado CCL N\u00ba IN024080 e tamb\u00e9m acreditado pela Cgcre sob o Certificado CRL 0200. <\/span><span style=\"vertical-align: inherit;\">Os nossos laborat\u00f3rios e servi\u00e7os de Amostragem foram desenvolvidos com base nos requisitos da Norma ABNT NBR ISO \/ IEC 17.025 que s\u00e3o os requisitos gerais para a realiza\u00e7\u00e3o de uma pesquisa de laborat\u00f3rio, obedecer aos princ\u00edpios de qualidade, Confiabilidade e Confidencialidade.<\/span><\/span><\/p>\n<p><span style=\"vertical-align: inherit;\"><span style=\"vertical-align: inherit;\">O escopo do credito encontra-se dispon\u00edvel no site www.inmetro.gov.br\/laboratorios\/rble\/.<\/span><\/span><\/p>\n<p><span style=\"vertical-align: inherit;\"><span style=\"vertical-align: inherit;\">Este padr\u00e3o de trabalho incorpora um sistema de qualidade que contempla o uso de calibra\u00e7\u00f5es RBC, sele\u00e7\u00e3o de fornecedores, uso de padr\u00f5es de rastreabilidade internacional, controles interlaboratoriais, controle de datas, calibra\u00e7\u00e3o de calibra\u00e7\u00e3o, valida\u00e7\u00e3o de c\u00e1lculos, c\u00e1lculo de incerteza, entre outros. Quando se trata de um complemento de custos quando comparados a laborat\u00f3rios que n\u00e3o possuem este sistema de qualidade.<\/span><\/span><\/p>\n<p><strong><span style=\"vertical-align: inherit;\"><span style=\"vertical-align: inherit;\">Engenharia de Processos<\/span><\/span><\/strong><span style=\"vertical-align: inherit;\"><span style=\"vertical-align: inherit;\"> &#8211; Uma equipe de Engenharia oferece uma combina\u00e7\u00e3o de design, tecnologia robusta e capacidade de convers\u00e3o em mais de 32 anos de trabalho. <\/span><span style=\"vertical-align: inherit;\">Com mais de duas gera\u00e7\u00f5es de plantas implant\u00e1veis \u200b\u200bde cada vez mais contribu\u00edram para cada vez mais para o controle ambiental no Brasil e no Mundo.Com o suporte do Laborat\u00f3rio de Ensaios, desenvolvendo a tecnologia como um neg\u00f3cio para suas demandas nos mais variados segmentos industriais.<\/span><\/span><\/p>\n<p><span style=\"vertical-align: inherit;\"><span style=\"vertical-align: inherit;\">Atuam de forma t\u00e9cnica, clara e objetiva em solu\u00e7\u00f5es mais confi\u00e1veis, robustas e economicamente vi\u00e1veis \u200b\u200bpara o resultado.<\/span><\/span><\/p>\n<p>Sigam a <a href=\"https:\/\/www.tecma-tecnologia.com.br\/web\/\">Tecma<\/a> em todas as nossas plataformas<\/p>\n<p><a href=\"https:\/\/www.instagram.com\/tecmatecnologia\/\">INSTAGRAM TECMA<\/a><\/p>\n<p><a href=\"https:\/\/web.facebook.com\/tecmatecnologia\/?_rdc=1&amp;_rdr\">FACEBOOK TECMA<\/a><\/p>\n<p><a href=\"https:\/\/www.linkedin.com\/company\/934510\/\">LINKEDIN TECMA<\/a><\/p>\n<\/div><div class=\"fusion-clearfix\"><\/div>\n\n\t\t\t\t\t<\/div>\n\t\t\t\t<\/div><div  class=\"fusion-layout-column fusion_builder_column fusion_builder_column_1_4  fusion-one-fourth fusion-column-last 1_4\"  style='margin-top:20px;margin-bottom:20px;width:25%;width:calc(25% - ( ( 4% ) * 0.25 ) );'>\n\t\t\t\t\t<div class=\"fusion-column-wrapper\" style=\"padding: 0px 0px 0px 0px;background-position:left top;background-repeat:no-repeat;-webkit-background-size:cover;-moz-background-size:cover;-o-background-size:cover;background-size:cover;\"  data-bg-url=\"\">\n\t\t\t\t\t\t<div class=\"fusion-widget-area fusion-widget-area-1 fusion-content-widget-area\"><style type=\"text\/css\" scoped=\"scoped\">.fusion-widget-area-1 {padding:0px 0px 0px 0px;}.fusion-widget-area-1 .widget h4 {color:#ffffff;}.fusion-widget-area-1 .widget .heading h4 {color:#ffffff;}<\/style><div id=\"nav_menu-2\" class=\"widget widget_nav_menu\"><div class=\"menu-sobre-nos-container\"><ul id=\"menu-sobre-nos\" class=\"menu\"><li id=\"menu-item-138\" class=\"menu-item menu-item-type-post_type menu-item-object-page menu-item-138\"><a href=\"https:\/\/www.tecma-tecnologia.com.br\/web\/sobre-nos-tecma-tecnologia\/nossa-historia\/\">NOSSA HIST\u00d3RIA<\/a><\/li>\n<li id=\"menu-item-144\" class=\"menu-item menu-item-type-post_type menu-item-object-page menu-item-144\"><a href=\"https:\/\/www.tecma-tecnologia.com.br\/web\/sobre-nos-tecma-tecnologia\/o-que-fazemos-empresa-tecma\/\">O QUE FAZEMOS<\/a><\/li>\n<li id=\"menu-item-139\" class=\"menu-item menu-item-type-post_type menu-item-object-page menu-item-139\"><a href=\"https:\/\/www.tecma-tecnologia.com.br\/web\/sobre-nos-tecma-tecnologia\/clientes\/\">CLIENTES<\/a><\/li>\n<\/ul><\/div><\/div><div class=\"fusion-additional-widget-content\"><\/div><\/div><div class=\"fusion-widget-area fusion-widget-area-2 fusion-content-widget-area\"><style type=\"text\/css\" scoped=\"scoped\">.fusion-widget-area-2 {padding:0px 0px 0px 0px;}.fusion-widget-area-2 .widget h4 {color:#ffffff;}.fusion-widget-area-2 .widget .heading h4 {color:#ffffff;}<\/style><div id=\"custom_html-3\" class=\"widget_text widget widget_custom_html\" style=\"padding: 5px 20px 20px 20px;background-color: #1eb4c2;\"><div class=\"heading\"><h4 class=\"widget-title\">Entre em contato conosco<\/h4><\/div><div class=\"textwidget custom-html-widget\"><a href=\"https:\/\/www.tecma-tecnologia.com.br\/web\/pt\/contato\/\"><i class=\"fab fa-whatsapp\" style=\"color:#ffffff;font-size:24px;\"><\/i><\/a><\/div><\/div><div class=\"fusion-additional-widget-content\"><\/div><\/div><div class=\"fusion-clearfix\"><\/div>\n\n\t\t\t\t\t<\/div>\n\t\t\t\t<\/div><\/div><\/div><\/p>\n","protected":false},"excerpt":{"rendered":"","protected":false},"author":1,"featured_media":0,"parent":0,"menu_order":0,"comment_status":"closed","ping_status":"closed","template":"100-width.php","meta":{"_mi_skip_tracking":false,"spay_email":"","footnotes":""},"class_list":["post-287","page","type-page","status-publish","hentry"],"yoast_head":"<!-- This site is optimized with the Yoast SEO plugin v20.2.1 - https:\/\/yoast.com\/wordpress\/plugins\/seo\/ -->\n<title>Sobre n\u00f3s - TECMA Tecnologia<\/title>\n<meta name=\"description\" content=\"A TECMA tecnologia \u00e9 uma empresa brasileira fundada em janeiro de 1986 que atua no mercado ambiental atrav\u00e9s das nossas 2 \u00e1reas operacionais.!\" \/>\n<meta name=\"robots\" content=\"index, follow, max-snippet:-1, max-image-preview:large, max-video-preview:-1\" \/>\n<link rel=\"canonical\" href=\"https:\/\/www.tecma-tecnologia.com.br\/web\/sobre-nos-tecma-tecnologia\/\" \/>\n<meta property=\"og:locale\" content=\"pt_BR\" \/>\n<meta property=\"og:type\" content=\"article\" \/>\n<meta property=\"og:title\" content=\"Sobre n\u00f3s - TECMA Tecnologia\" \/>\n<meta property=\"og:description\" content=\"A TECMA tecnologia \u00e9 uma empresa brasileira fundada em janeiro de 1986 que atua no mercado ambiental atrav\u00e9s das nossas 2 \u00e1reas operacionais.!\" \/>\n<meta property=\"og:url\" content=\"https:\/\/www.tecma-tecnologia.com.br\/web\/sobre-nos-tecma-tecnologia\/\" \/>\n<meta property=\"og:site_name\" content=\"TECMA Tecnologia\" \/>\n<meta property=\"article:modified_time\" content=\"2022-03-03T12:59:10+00:00\" \/>\n<meta name=\"twitter:card\" content=\"summary_large_image\" \/>\n<meta name=\"twitter:label1\" content=\"Est. tempo de leitura\" \/>\n\t<meta name=\"twitter:data1\" content=\"3 minutos\" \/>\n<script type=\"application\/ld+json\" class=\"yoast-schema-graph\">{\"@context\":\"https:\/\/schema.org\",\"@graph\":[{\"@type\":\"WebPage\",\"@id\":\"https:\/\/www.tecma-tecnologia.com.br\/web\/sobre-nos-tecma-tecnologia\/\",\"url\":\"https:\/\/www.tecma-tecnologia.com.br\/web\/sobre-nos-tecma-tecnologia\/\",\"name\":\"Sobre n\u00f3s - TECMA Tecnologia\",\"isPartOf\":{\"@id\":\"https:\/\/www.tecma-tecnologia.com.br\/web\/#website\"},\"datePublished\":\"2018-07-20T15:10:30+00:00\",\"dateModified\":\"2022-03-03T12:59:10+00:00\",\"description\":\"A TECMA tecnologia \u00e9 uma empresa brasileira fundada em janeiro de 1986 que atua no mercado ambiental atrav\u00e9s das nossas 2 \u00e1reas operacionais.!\",\"breadcrumb\":{\"@id\":\"https:\/\/www.tecma-tecnologia.com.br\/web\/sobre-nos-tecma-tecnologia\/#breadcrumb\"},\"inLanguage\":\"pt-BR\",\"potentialAction\":[{\"@type\":\"ReadAction\",\"target\":[\"https:\/\/www.tecma-tecnologia.com.br\/web\/sobre-nos-tecma-tecnologia\/\"]}]},{\"@type\":\"BreadcrumbList\",\"@id\":\"https:\/\/www.tecma-tecnologia.com.br\/web\/sobre-nos-tecma-tecnologia\/#breadcrumb\",\"itemListElement\":[{\"@type\":\"ListItem\",\"position\":1,\"name\":\"Home\",\"item\":\"https:\/\/www.tecma-tecnologia.com.br\/web\/\"},{\"@type\":\"ListItem\",\"position\":2,\"name\":\"Sobre n\u00f3s\"}]},{\"@type\":\"WebSite\",\"@id\":\"https:\/\/www.tecma-tecnologia.com.br\/web\/#website\",\"url\":\"https:\/\/www.tecma-tecnologia.com.br\/web\/\",\"name\":\"TECMA Tecnologia\",\"description\":\"\",\"potentialAction\":[{\"@type\":\"SearchAction\",\"target\":{\"@type\":\"EntryPoint\",\"urlTemplate\":\"https:\/\/www.tecma-tecnologia.com.br\/web\/?s={search_term_string}\"},\"query-input\":\"required name=search_term_string\"}],\"inLanguage\":\"pt-BR\"}]}<\/script>\n<!-- \/ Yoast SEO plugin. -->","yoast_head_json":{"title":"Sobre n\u00f3s - TECMA Tecnologia","description":"A TECMA tecnologia \u00e9 uma empresa brasileira fundada em janeiro de 1986 que atua no mercado ambiental atrav\u00e9s das nossas 2 \u00e1reas operacionais.!","robots":{"index":"index","follow":"follow","max-snippet":"max-snippet:-1","max-image-preview":"max-image-preview:large","max-video-preview":"max-video-preview:-1"},"canonical":"https:\/\/www.tecma-tecnologia.com.br\/web\/sobre-nos-tecma-tecnologia\/","og_locale":"pt_BR","og_type":"article","og_title":"Sobre n\u00f3s - TECMA Tecnologia","og_description":"A TECMA tecnologia \u00e9 uma empresa brasileira fundada em janeiro de 1986 que atua no mercado ambiental atrav\u00e9s das nossas 2 \u00e1reas operacionais.!","og_url":"https:\/\/www.tecma-tecnologia.com.br\/web\/sobre-nos-tecma-tecnologia\/","og_site_name":"TECMA Tecnologia","article_modified_time":"2022-03-03T12:59:10+00:00","twitter_card":"summary_large_image","twitter_misc":{"Est. tempo de leitura":"3 minutos"},"schema":{"@context":"https:\/\/schema.org","@graph":[{"@type":"WebPage","@id":"https:\/\/www.tecma-tecnologia.com.br\/web\/sobre-nos-tecma-tecnologia\/","url":"https:\/\/www.tecma-tecnologia.com.br\/web\/sobre-nos-tecma-tecnologia\/","name":"Sobre n\u00f3s - TECMA Tecnologia","isPartOf":{"@id":"https:\/\/www.tecma-tecnologia.com.br\/web\/#website"},"datePublished":"2018-07-20T15:10:30+00:00","dateModified":"2022-03-03T12:59:10+00:00","description":"A TECMA tecnologia \u00e9 uma empresa brasileira fundada em janeiro de 1986 que atua no mercado ambiental atrav\u00e9s das nossas 2 \u00e1reas operacionais.!","breadcrumb":{"@id":"https:\/\/www.tecma-tecnologia.com.br\/web\/sobre-nos-tecma-tecnologia\/#breadcrumb"},"inLanguage":"pt-BR","potentialAction":[{"@type":"ReadAction","target":["https:\/\/www.tecma-tecnologia.com.br\/web\/sobre-nos-tecma-tecnologia\/"]}]},{"@type":"BreadcrumbList","@id":"https:\/\/www.tecma-tecnologia.com.br\/web\/sobre-nos-tecma-tecnologia\/#breadcrumb","itemListElement":[{"@type":"ListItem","position":1,"name":"Home","item":"https:\/\/www.tecma-tecnologia.com.br\/web\/"},{"@type":"ListItem","position":2,"name":"Sobre n\u00f3s"}]},{"@type":"WebSite","@id":"https:\/\/www.tecma-tecnologia.com.br\/web\/#website","url":"https:\/\/www.tecma-tecnologia.com.br\/web\/","name":"TECMA Tecnologia","description":"","potentialAction":[{"@type":"SearchAction","target":{"@type":"EntryPoint","urlTemplate":"https:\/\/www.tecma-tecnologia.com.br\/web\/?s={search_term_string}"},"query-input":"required name=search_term_string"}],"inLanguage":"pt-BR"}]}},"_links":{"self":[{"href":"https:\/\/www.tecma-tecnologia.com.br\/web\/wp-json\/wp\/v2\/pages\/287","targetHints":{"allow":["GET"]}}],"collection":[{"href":"https:\/\/www.tecma-tecnologia.com.br\/web\/wp-json\/wp\/v2\/pages"}],"about":[{"href":"https:\/\/www.tecma-tecnologia.com.br\/web\/wp-json\/wp\/v2\/types\/page"}],"author":[{"embeddable":true,"href":"https:\/\/www.tecma-tecnologia.com.br\/web\/wp-json\/wp\/v2\/users\/1"}],"replies":[{"embeddable":true,"href":"https:\/\/www.tecma-tecnologia.com.br\/web\/wp-json\/wp\/v2\/comments?post=287"}],"version-history":[{"count":2,"href":"https:\/\/www.tecma-tecnologia.com.br\/web\/wp-json\/wp\/v2\/pages\/287\/revisions"}],"predecessor-version":[{"id":4494,"href":"https:\/\/www.tecma-tecnologia.com.br\/web\/wp-json\/wp\/v2\/pages\/287\/revisions\/4494"}],"wp:attachment":[{"href":"https:\/\/www.tecma-tecnologia.com.br\/web\/wp-json\/wp\/v2\/media?parent=287"}],"curies":[{"name":"wp","href":"https:\/\/api.w.org\/{rel}","templated":true}]}}