{"id":267,"date":"2018-07-18T22:05:13","date_gmt":"2018-07-19T01:05:13","guid":{"rendered":"http:\/\/www.tecma-tecnologia.com.br\/web\/?page_id=267"},"modified":"2022-01-17T11:49:06","modified_gmt":"2022-01-17T14:49:06","slug":"reuso-de-agua","status":"publish","type":"page","link":"https:\/\/www.tecma-tecnologia.com.br\/web\/solucoes-ambientais\/reuso-de-agua\/","title":{"rendered":"Re\u00faso de \u00c1gua"},"content":{"rendered":"<p><div class=\"fusion-fullwidth fullwidth-box nonhundred-percent-fullwidth non-hundred-percent-height-scrolling\"  style='background-color: rgba(255,255,255,0);background-position: center center;background-repeat: no-repeat;padding-top:0px;padding-right:0px;padding-bottom:0px;padding-left:0px;'><div class=\"fusion-builder-row fusion-row \"><div  class=\"fusion-layout-column fusion_builder_column fusion_builder_column_1_1  fusion-one-full fusion-column-first fusion-column-last 1_1\"  style='margin-top:0px;margin-bottom:20px;'>\n\t\t\t\t\t<div class=\"fusion-column-wrapper\" style=\"padding: 0px 0px 0px 0px;background-position:left top;background-repeat:no-repeat;-webkit-background-size:cover;-moz-background-size:cover;-o-background-size:cover;background-size:cover;\"  data-bg-url=\"\">\n\t\t\t\t\t\t<div class=\"fusion-title title fusion-sep-none fusion-title-size-one\" style=\"margin-top:0px;margin-bottom:31px;\"><h1 class=\"title-heading-left\"><h1>Re\u00faso de \u00c1gua<\/h1><\/h1><\/div><span class=\"fusion-imageframe imageframe-none imageframe-1 hover-type-none\"><img fetchpriority=\"high\" fetchpriority=\"high\" decoding=\"async\" src=\"https:\/\/www.tecma-tecnologia.com.br\/web\/wp-content\/uploads\/2019\/11\/whatsapp-image-2019-10-24-at-173525-2-e1573237881337.jpeg\" width=\"1166\" height=\"567\" alt=\"reusodeagua\" title=\"Re\u00faso de \u00c1gua\" class=\"img-responsive wp-image-2917\" srcset=\"https:\/\/www.tecma-tecnologia.com.br\/web\/wp-content\/uploads\/2019\/11\/whatsapp-image-2019-10-24-at-173525-2-e1573237881337-700x340.jpeg 700w, https:\/\/www.tecma-tecnologia.com.br\/web\/wp-content\/uploads\/2019\/11\/whatsapp-image-2019-10-24-at-173525-2-e1573237881337.jpeg 1166w\" sizes=\"(max-width: 1166px) 100vw, 1166px\" \/><\/span><div class=\"fusion-clearfix\"><\/div>\n\n\t\t\t\t\t<\/div>\n\t\t\t\t<\/div><\/div><\/div><div class=\"fusion-fullwidth fullwidth-box nonhundred-percent-fullwidth non-hundred-percent-height-scrolling\"  style='background-color: rgba(255,255,255,0);background-position: center center;background-repeat: no-repeat;padding-top:0px;padding-right:0px;padding-bottom:0px;padding-left:0px;'><div class=\"fusion-builder-row fusion-row \"><div  class=\"fusion-layout-column fusion_builder_column fusion_builder_column_1_1  fusion-one-full fusion-column-first fusion-column-last 1_1\"  style='margin-top:0px;margin-bottom:20px;'>\n\t\t\t\t\t<div class=\"fusion-column-wrapper\" style=\"padding: 20px 0px 0px 0px;background-position:left top;background-repeat:no-repeat;-webkit-background-size:cover;-moz-background-size:cover;-o-background-size:cover;background-size:cover;\"  data-bg-url=\"\">\n\t\t\t\t\t\t<div class=\"fusion-text\"><h2>O Re\u00faso de \u00c1gua tem sido cada vez mais adotado no Brasil, principalmente para redu\u00e7\u00e3o de custos na tarifa de \u00e1gua e esgoto e na recupera\u00e7\u00e3o de bacias subterr\u00e2neas e superficiais. Sua utiliza\u00e7\u00e3o tem sido descarga de bacia sanit\u00e1ria, no make-up de torres de resfriamento, jardins, lavagem de carros em diversos segmentos da ind\u00fastria e do com\u00e9rcio.<\/h2>\n<\/div><div class=\"fusion-builder-row fusion-builder-row-inner fusion-row \"><div  class=\"fusion-layout-column fusion_builder_column fusion_builder_column_1_2  fusion-one-half fusion-column-first 1_2\"  style='margin-top: 0px;margin-bottom: 20px;width:50%;width:calc(50% - ( ( 4% ) * 0.5 ) );margin-right:4%;'>\n\t\t\t\t\t<div class=\"fusion-column-wrapper\" style=\"padding: 0px 0px 0px 0px;background-position:left top;background-repeat:no-repeat;-webkit-background-size:cover;-moz-background-size:cover;-o-background-size:cover;background-size:cover;\"  data-bg-url=\"\">\n\t\t\t\t\t\t<div class=\"fusion-text\"><h2>Re\u00faso para Ind\u00fastrias<\/h2>\n<p>As t\u00e9cnicas de re\u00faso de \u00e1gua dependem da tipologia do efluente industrial. A utiliza\u00e7\u00e3o da \u00e1gua reciclada determinar\u00e1 o grau de tratamento e o fluxo de processo que deve ser aplicado.<\/p>\n<p>A tecnologia de <a href=\"https:\/\/www.tecma-tecnologia.com.br\/web\/solucoes-ambientais\/reuso-de-agua\/tratamento-por-membranas\/\"><strong>membranas<\/strong> <\/a>\u00e9 a mais utilizada nas ind\u00fastrias, ela proporciona seguran\u00e7a operacional e uma \u00e1gua de excelente qualidade. Todas elas podem ser aplicadas em um sistema j\u00e1 existente. Um dos processos mais aplicados hoje em dia \u00e9 o MBR(membrane bioreactor) ou biorreator por membranas que substituem a fase de decanta\u00e7\u00e3o secund\u00e1ria do processo de lodos ativados e proporcionam uma qualidade de efluente tratado livre de bact\u00e9rias e germes, permitindo sua reutiliza\u00e7\u00e3o em irriga\u00e7\u00f5es, \u00e1guas para lavagem, recarga de bacias sanit\u00e1rias dentre v\u00e1rias outras aplica\u00e7\u00f5es. Existem v\u00e1rios tipos de membranas aplicados na tecnologia<strong> <a href=\"https:\/\/www.tecma-tecnologia.com.br\/web\/eventos\/tecnologia-mbr\/\">MBR<\/a><\/strong>.<\/p>\n<ul>\n<li>Tubulares<\/li>\n<li>Placa Plana<\/li>\n<li>Fibra Oca<\/li>\n<\/ul>\n<p>Confira abaixo um exemplo de membranas flatsheet de UF usadas em um sistema MBR(Membrane Bioreactor) com tanque de extra\u00e7\u00e3o em uma ind\u00fastria Aliment\u00edcia.<\/p>\n<p style=\"text-align: left;\"><div class=\"wonderplugin-video\" style=\"width:600px;height:400px;position:relative;display:block;background-color:#000;overflow:hidden;max-width:100%;margin:0 auto;\" data-aspectratio=\"1.5\"><div class=\"wpve-videoplayer\" style=\"display:block;position:relative;width:100%;height:100%;\" data-mp4=\"https:\/\/www.tecma-tecnologia.com.br\/web\/wp-content\/uploads\/2018\/12\/mbr.mp4\" data-skinfolder=\"https:\/\/www.tecma-tecnologia.com.br\/web\/wp-content\/plugins\/wonderplugin-video-embed\/engine\/\" data-playbutton=\"https:\/\/www.tecma-tecnologia.com.br\/web\/wp-content\/plugins\/wonderplugin-video-embed\/engine\/playvideo-64-64-0.png\"><\/div><\/div><\/p>\n<h3>Re\u00faso para \u00c1guas Cinzas e Negras<\/h3>\n<p>No caso das \u00e1guas cinzas, a origem do efluente s\u00e3o as \u00e1guas residuais, n\u00e3o industriais, advindas de chuveiros, m\u00e1quinas de lavar, sempre oriundas de processos dom\u00e9sticos. A aten\u00e7\u00e3o que deve se dar a esse tipo de efluente \u00e9 a contamina\u00e7\u00e3o com diferentes tipos de subst\u00e2ncias sol\u00faveis e insol\u00faveis e deve ser tratada adequadamente. Contaminantes em \u00e1gua cinza incluem restos de alimentos, gordura, fios de cabelos e uma gama de produtos de limpeza dom\u00e9stica.<\/p>\n<ul>\n<li>Tratamentos biol\u00f3gicos s\u00e3o usados \u200b\u200bcomo tratamento de \u00e1guas cinzas para remover mat\u00e9ria biol\u00f3gica dissolvida e suspensa, seguida de ultrafiltra\u00e7\u00e3o para evitar a passagem de part\u00edculas, bact\u00e9rias e v\u00edrus. Por fim, a \u00e1gua cinza pode ser desinfetada com ultravioleta e \/ ou clora\u00e7\u00e3o, para garantir a desinfec\u00e7\u00e3o residual no ponto de uso.<\/li>\n<li>Tratamentos f\u00edsico-qu\u00edmicos seguidos de membranas de nanofiltra\u00e7\u00e3o ou osmose reversa tamb\u00e9m podem ser empregados como rota tecnol\u00f3gica.<\/li>\n<\/ul>\n<p>As \u00e1guas negras s\u00e3o oriundas de esgoto sanit\u00e1rio e cont\u00e9m maior concentra\u00e7\u00e3o de mat\u00e9ria org\u00e2nica sol\u00favel.\u00a0 O tratamento biol\u00f3gico dos efluentes seguido de ultrafiltra\u00e7\u00e3o em membranas possibilita\u00a0 o re\u00faso dos efluentes sanit\u00e1rios.Nesses casos a melhor reutiliza\u00e7\u00e3o \u00e9 para bacias sanit\u00e1rias e irriga\u00e7\u00e3o. No caso de re\u00faso em torres de resfriamento, o mais adequado \u00e9 o sistema de osmose reversa antecedida por uma ultrafiltra\u00e7\u00e3o.<\/p>\n<h2><\/h2>\n<\/div>\n\n\t\t\t\t\t<\/div>\n\t\t\t\t<\/div><div  class=\"fusion-layout-column fusion_builder_column fusion_builder_column_1_2  fusion-one-half fusion-column-last 1_2\"  style='margin-top: 0px;margin-bottom: 20px;width:50%;width:calc(50% - ( ( 4% ) * 0.5 ) );'>\n\t\t\t\t\t<div class=\"fusion-column-wrapper\" style=\"padding: 0px 0px 0px 0px;background-position:left top;background-repeat:no-repeat;-webkit-background-size:cover;-moz-background-size:cover;-o-background-size:cover;background-size:cover;\"  data-bg-url=\"\">\n\t\t\t\t\t\t<div class=\"fusion-text\"><h2>Re\u00faso para Torres de Resfriamento<\/h2>\n<p>Identificando o material usado na Torre de resfriamento, temperatura, vaz\u00e3o e dura\u00e7\u00e3o de opera\u00e7\u00e3o podemos exigir a qualidade da \u00e1gua requerida mediante impacto na torre. Por exemplo, em materiais como a\u00e7o inox 304 o teor de cloro \u00e9 fator limitante, j\u00e1 em materiais de fibra esse par\u00e2metro n\u00e3o \u00e9 problema.<\/p>\n<p>Estabelecer os ciclos de concentra\u00e7\u00e3o tamb\u00e9m \u00e9 importante.\u00a0 Cada ciclo de concentra\u00e7\u00e3o aumentar\u00e1 a concentra\u00e7\u00e3o de s\u00f3lidos totais, condutividade e cloreto,e em algum momento esses par\u00e2metros podem afetar o sistema.<\/p>\n<p>Abaixo listamos uma avalia\u00e7\u00e3o de componentes que podem influenciar na qualidade da \u00e1gua.<\/p>\n<ul>\n<li>Os sais de c\u00e1lcio precipitam inversamente proporcional a temperatura da \u00e1gua. O magn\u00e9sio combinado com a s\u00edlica podem resultar em silicato de magn\u00e9sio no trocador de calor<\/li>\n<li>O Controle da Alcalinidade pode monitorar o carbonato de C\u00e1lcio<\/li>\n<li>A s\u00edlica pode produzir incrusta\u00e7\u00e3o dif\u00edceis de remover<\/li>\n<li>A corros\u00e3o do a\u00e7o inox 304SS pode ocorrer dependendo da concentra\u00e7\u00e3o de cloretos. Os dep\u00f3sitos de biomassa podem causar furos r\u00e1pidos<\/li>\n<li>Controle de s\u00f3lidos em suspens\u00e3o \u00e9 importante para identifica\u00e7\u00e3o de corros\u00e3o ou por subprodutos. Os s\u00f3lidos suspensos podem aderir aos biofilmes e causar corros\u00e3o e sub-dep\u00f3sitos.<\/li>\n<li>O fosfato em concentra\u00e7\u00f5es superiores a 20mg\/L combinadas com altas concentra\u00e7\u00f5es de c\u00e1lcio podem gerar fosfato de c\u00e1lcio, agindo como nutriente para biofilmes<\/li>\n<li>O Cloreto \u00e9 corrosivo para a maioria dos metais. O limite de concentra\u00e7\u00e3o de 300 ppm para a\u00e7o inox e acima de 1.000 ppm para outros metais.<\/li>\n<li>O ferro pode combinar com o fosfato\u00a0 e desativar pol\u00edmeros usados para inibir o fosfato de c\u00e1lcio<\/li>\n<li>DBO e org\u00e2nicos refletem a demanda para o biocida oxidante.<\/li>\n<li>Metais pesados como cobre e n\u00edquel podem prender o a\u00e7o, causando corros\u00e3o galv\u00e2nica nos tubos de troca de calor<\/li>\n<\/ul>\n<p>Para o Re\u00faso em Torres de Resfriamento adotamos um sistema de ultrafiltra\u00e7\u00e3o, seguido de osmose reversa.<\/p>\n<\/div><span class=\"fusion-imageframe imageframe-none imageframe-2 hover-type-none\"><img decoding=\"async\" src=\"https:\/\/www.tecma-tecnologia.com.br\/web\/wp-content\/uploads\/2019\/11\/whatsapp-image-2019-10-24-at-173527-e1573238196742.jpeg\" width=\"557\" height=\"980\" alt=\"omose reversa\" title=\"WhatsApp Image 2019-10-24 at 17.35.27\" class=\"img-responsive wp-image-2918\"\/><\/span>\n\n\t\t\t\t\t<\/div>\n\t\t\t\t<\/div><\/div><div class=\"fusion-clearfix\"><\/div>\n\n\t\t\t\t\t<\/div>\n\t\t\t\t<\/div><\/div><\/div><\/p>\n","protected":false},"excerpt":{"rendered":"","protected":false},"author":1,"featured_media":0,"parent":433,"menu_order":0,"comment_status":"closed","ping_status":"closed","template":"","meta":{"_mi_skip_tracking":false,"spay_email":"","footnotes":""},"class_list":["post-267","page","type-page","status-publish","hentry"],"yoast_head":"<!-- This site is optimized with the Yoast SEO plugin v20.2.1 - https:\/\/yoast.com\/wordpress\/plugins\/seo\/ -->\n<title>Re\u00faso de \u00c1gua- Solu\u00e7\u00f5es em Membranas - TECMA Tecnologia<\/title>\n<meta name=\"description\" content=\"Re\u00faso de \u00e1gua - As melhores solu\u00e7\u00f5es para a Ind\u00fastria. Reduza sua conta de \u00e1gua com nossas solu\u00e7\u00f5es em membranas.\" \/>\n<meta name=\"robots\" content=\"index, follow, max-snippet:-1, max-image-preview:large, max-video-preview:-1\" \/>\n<link rel=\"canonical\" href=\"https:\/\/www.tecma-tecnologia.com.br\/web\/solucoes-ambientais\/reuso-de-agua\/\" \/>\n<meta property=\"og:locale\" content=\"pt_BR\" \/>\n<meta property=\"og:type\" content=\"article\" \/>\n<meta property=\"og:title\" content=\"Re\u00faso de \u00c1gua- Solu\u00e7\u00f5es em Membranas - TECMA Tecnologia\" \/>\n<meta property=\"og:description\" content=\"Re\u00faso de \u00e1gua - As melhores solu\u00e7\u00f5es para a Ind\u00fastria. Reduza sua conta de \u00e1gua com nossas solu\u00e7\u00f5es em membranas.\" \/>\n<meta property=\"og:url\" content=\"https:\/\/www.tecma-tecnologia.com.br\/web\/solucoes-ambientais\/reuso-de-agua\/\" \/>\n<meta property=\"og:site_name\" content=\"TECMA Tecnologia\" \/>\n<meta property=\"article:modified_time\" content=\"2022-01-17T14:49:06+00:00\" \/>\n<meta name=\"twitter:card\" content=\"summary_large_image\" \/>\n<meta name=\"twitter:label1\" content=\"Est. tempo de leitura\" \/>\n\t<meta name=\"twitter:data1\" content=\"6 minutos\" \/>\n<script type=\"application\/ld+json\" class=\"yoast-schema-graph\">{\"@context\":\"https:\/\/schema.org\",\"@graph\":[{\"@type\":\"WebPage\",\"@id\":\"https:\/\/www.tecma-tecnologia.com.br\/web\/solucoes-ambientais\/reuso-de-agua\/\",\"url\":\"https:\/\/www.tecma-tecnologia.com.br\/web\/solucoes-ambientais\/reuso-de-agua\/\",\"name\":\"Re\u00faso de \u00c1gua- Solu\u00e7\u00f5es em Membranas - TECMA Tecnologia\",\"isPartOf\":{\"@id\":\"https:\/\/www.tecma-tecnologia.com.br\/web\/#website\"},\"datePublished\":\"2018-07-19T01:05:13+00:00\",\"dateModified\":\"2022-01-17T14:49:06+00:00\",\"description\":\"Re\u00faso de \u00e1gua - As melhores solu\u00e7\u00f5es para a Ind\u00fastria. Reduza sua conta de \u00e1gua com nossas solu\u00e7\u00f5es em membranas.\",\"breadcrumb\":{\"@id\":\"https:\/\/www.tecma-tecnologia.com.br\/web\/solucoes-ambientais\/reuso-de-agua\/#breadcrumb\"},\"inLanguage\":\"pt-BR\",\"potentialAction\":[{\"@type\":\"ReadAction\",\"target\":[\"https:\/\/www.tecma-tecnologia.com.br\/web\/solucoes-ambientais\/reuso-de-agua\/\"]}]},{\"@type\":\"BreadcrumbList\",\"@id\":\"https:\/\/www.tecma-tecnologia.com.br\/web\/solucoes-ambientais\/reuso-de-agua\/#breadcrumb\",\"itemListElement\":[{\"@type\":\"ListItem\",\"position\":1,\"name\":\"Home\",\"item\":\"https:\/\/www.tecma-tecnologia.com.br\/web\/\"},{\"@type\":\"ListItem\",\"position\":2,\"name\":\"Solu\u00e7\u00f5es Ambientais\",\"item\":\"https:\/\/www.tecma-tecnologia.com.br\/web\/solucoes-ambientais\/\"},{\"@type\":\"ListItem\",\"position\":3,\"name\":\"Re\u00faso de \u00c1gua\"}]},{\"@type\":\"WebSite\",\"@id\":\"https:\/\/www.tecma-tecnologia.com.br\/web\/#website\",\"url\":\"https:\/\/www.tecma-tecnologia.com.br\/web\/\",\"name\":\"TECMA Tecnologia\",\"description\":\"\",\"potentialAction\":[{\"@type\":\"SearchAction\",\"target\":{\"@type\":\"EntryPoint\",\"urlTemplate\":\"https:\/\/www.tecma-tecnologia.com.br\/web\/?s={search_term_string}\"},\"query-input\":\"required name=search_term_string\"}],\"inLanguage\":\"pt-BR\"}]}<\/script>\n<!-- \/ Yoast SEO plugin. -->","yoast_head_json":{"title":"Re\u00faso de \u00c1gua- Solu\u00e7\u00f5es em Membranas - TECMA Tecnologia","description":"Re\u00faso de \u00e1gua - As melhores solu\u00e7\u00f5es para a Ind\u00fastria. Reduza sua conta de \u00e1gua com nossas solu\u00e7\u00f5es em membranas.","robots":{"index":"index","follow":"follow","max-snippet":"max-snippet:-1","max-image-preview":"max-image-preview:large","max-video-preview":"max-video-preview:-1"},"canonical":"https:\/\/www.tecma-tecnologia.com.br\/web\/solucoes-ambientais\/reuso-de-agua\/","og_locale":"pt_BR","og_type":"article","og_title":"Re\u00faso de \u00c1gua- Solu\u00e7\u00f5es em Membranas - TECMA Tecnologia","og_description":"Re\u00faso de \u00e1gua - As melhores solu\u00e7\u00f5es para a Ind\u00fastria. Reduza sua conta de \u00e1gua com nossas solu\u00e7\u00f5es em membranas.","og_url":"https:\/\/www.tecma-tecnologia.com.br\/web\/solucoes-ambientais\/reuso-de-agua\/","og_site_name":"TECMA Tecnologia","article_modified_time":"2022-01-17T14:49:06+00:00","twitter_card":"summary_large_image","twitter_misc":{"Est. tempo de leitura":"6 minutos"},"schema":{"@context":"https:\/\/schema.org","@graph":[{"@type":"WebPage","@id":"https:\/\/www.tecma-tecnologia.com.br\/web\/solucoes-ambientais\/reuso-de-agua\/","url":"https:\/\/www.tecma-tecnologia.com.br\/web\/solucoes-ambientais\/reuso-de-agua\/","name":"Re\u00faso de \u00c1gua- Solu\u00e7\u00f5es em Membranas - TECMA Tecnologia","isPartOf":{"@id":"https:\/\/www.tecma-tecnologia.com.br\/web\/#website"},"datePublished":"2018-07-19T01:05:13+00:00","dateModified":"2022-01-17T14:49:06+00:00","description":"Re\u00faso de \u00e1gua - As melhores solu\u00e7\u00f5es para a Ind\u00fastria. Reduza sua conta de \u00e1gua com nossas solu\u00e7\u00f5es em membranas.","breadcrumb":{"@id":"https:\/\/www.tecma-tecnologia.com.br\/web\/solucoes-ambientais\/reuso-de-agua\/#breadcrumb"},"inLanguage":"pt-BR","potentialAction":[{"@type":"ReadAction","target":["https:\/\/www.tecma-tecnologia.com.br\/web\/solucoes-ambientais\/reuso-de-agua\/"]}]},{"@type":"BreadcrumbList","@id":"https:\/\/www.tecma-tecnologia.com.br\/web\/solucoes-ambientais\/reuso-de-agua\/#breadcrumb","itemListElement":[{"@type":"ListItem","position":1,"name":"Home","item":"https:\/\/www.tecma-tecnologia.com.br\/web\/"},{"@type":"ListItem","position":2,"name":"Solu\u00e7\u00f5es Ambientais","item":"https:\/\/www.tecma-tecnologia.com.br\/web\/solucoes-ambientais\/"},{"@type":"ListItem","position":3,"name":"Re\u00faso de \u00c1gua"}]},{"@type":"WebSite","@id":"https:\/\/www.tecma-tecnologia.com.br\/web\/#website","url":"https:\/\/www.tecma-tecnologia.com.br\/web\/","name":"TECMA Tecnologia","description":"","potentialAction":[{"@type":"SearchAction","target":{"@type":"EntryPoint","urlTemplate":"https:\/\/www.tecma-tecnologia.com.br\/web\/?s={search_term_string}"},"query-input":"required name=search_term_string"}],"inLanguage":"pt-BR"}]}},"_links":{"self":[{"href":"https:\/\/www.tecma-tecnologia.com.br\/web\/wp-json\/wp\/v2\/pages\/267","targetHints":{"allow":["GET"]}}],"collection":[{"href":"https:\/\/www.tecma-tecnologia.com.br\/web\/wp-json\/wp\/v2\/pages"}],"about":[{"href":"https:\/\/www.tecma-tecnologia.com.br\/web\/wp-json\/wp\/v2\/types\/page"}],"author":[{"embeddable":true,"href":"https:\/\/www.tecma-tecnologia.com.br\/web\/wp-json\/wp\/v2\/users\/1"}],"replies":[{"embeddable":true,"href":"https:\/\/www.tecma-tecnologia.com.br\/web\/wp-json\/wp\/v2\/comments?post=267"}],"version-history":[{"count":12,"href":"https:\/\/www.tecma-tecnologia.com.br\/web\/wp-json\/wp\/v2\/pages\/267\/revisions"}],"predecessor-version":[{"id":4476,"href":"https:\/\/www.tecma-tecnologia.com.br\/web\/wp-json\/wp\/v2\/pages\/267\/revisions\/4476"}],"up":[{"embeddable":true,"href":"https:\/\/www.tecma-tecnologia.com.br\/web\/wp-json\/wp\/v2\/pages\/433"}],"wp:attachment":[{"href":"https:\/\/www.tecma-tecnologia.com.br\/web\/wp-json\/wp\/v2\/media?parent=267"}],"curies":[{"name":"wp","href":"https:\/\/api.w.org\/{rel}","templated":true}]}}