{"id":252,"date":"2018-07-18T21:46:36","date_gmt":"2018-07-19T00:46:36","guid":{"rendered":"http:\/\/www.tecma-tecnologia.com.br\/web\/?page_id=252"},"modified":"2019-12-26T14:30:43","modified_gmt":"2019-12-26T17:30:43","slug":"retrofit","status":"publish","type":"page","link":"https:\/\/www.tecma-tecnologia.com.br\/web\/engenharia-ambiental\/retrofit\/","title":{"rendered":"Retrofit em Plantas de Tratamento"},"content":{"rendered":"<p><div class=\"fusion-fullwidth fullwidth-box nonhundred-percent-fullwidth non-hundred-percent-height-scrolling\"  style='background-color: rgba(255,255,255,0);background-position: center center;background-repeat: no-repeat;padding-top:0px;padding-right:0px;padding-bottom:0px;padding-left:0px;'><div class=\"fusion-builder-row fusion-row \"><div  class=\"fusion-layout-column fusion_builder_column fusion_builder_column_1_2  fusion-one-half fusion-column-first 1_2\"  style='margin-top:0px;margin-bottom:0px;width:50%;width:calc(50% - ( ( 4% ) * 0.5 ) );margin-right: 4%;'>\n\t\t\t\t\t<div class=\"fusion-column-wrapper\" style=\"padding: 0px 0px 0px 0px;background-position:left top;background-repeat:no-repeat;-webkit-background-size:cover;-moz-background-size:cover;-o-background-size:cover;background-size:cover;\"  data-bg-url=\"\">\n\t\t\t\t\t\t<div class=\"fusion-title title fusion-sep-none fusion-title-size-one\" style=\"margin-top:0px;margin-bottom:31px;\"><h1 class=\"title-heading-left\">Servi\u00e7os de Engenharia<\/h1><\/div><div class=\"fusion-clearfix\"><\/div>\n\n\t\t\t\t\t<\/div>\n\t\t\t\t<\/div><div  class=\"fusion-layout-column fusion_builder_column fusion_builder_column_1_2  fusion-one-half fusion-column-last 1_2\"  style='margin-top:0px;margin-bottom:0px;width:50%;width:calc(50% - ( ( 4% ) * 0.5 ) );'>\n\t\t\t\t\t<div class=\"fusion-column-wrapper\" style=\"padding: 15px 0px 0px 0px;background-position:left top;background-repeat:no-repeat;-webkit-background-size:cover;-moz-background-size:cover;-o-background-size:cover;background-size:cover;\"  data-bg-url=\"\">\n\t\t\t\t\t\t<div class=\"fusion-title title fusion-sep-none fusion-title-size-four\" style=\"margin-top:0px;margin-bottom:31px;\"><h4 class=\"title-heading-left\"><p style=\"text-align: left;\"><strong>RETROFIT EM PLANTAS DE TRATAMENTO<\/strong><\/p><\/h4><\/div><div class=\"fusion-clearfix\"><\/div>\n\n\t\t\t\t\t<\/div>\n\t\t\t\t<\/div><div  class=\"fusion-layout-column fusion_builder_column fusion_builder_column_1_1  fusion-one-full fusion-column-first fusion-column-last 1_1\"  style='margin-top:0px;margin-bottom:20px;'>\n\t\t\t\t\t<div class=\"fusion-column-wrapper\" style=\"padding: 0px 0px 0px 0px;background-position:left top;background-repeat:no-repeat;-webkit-background-size:cover;-moz-background-size:cover;-o-background-size:cover;background-size:cover;\"  data-bg-url=\"\">\n\t\t\t\t\t\t<div class=\"imageframe-align-center\"><span class=\"fusion-imageframe imageframe-none imageframe-1 hover-type-none\"><img fetchpriority=\"high\" fetchpriority=\"high\" decoding=\"async\" src=\"https:\/\/www.tecma-tecnologia.com.br\/web\/wp-content\/uploads\/2018\/12\/retrofit.png\" width=\"820\" height=\"312\" alt=\"\" title=\"retrofit\" class=\"img-responsive wp-image-1197\" srcset=\"https:\/\/www.tecma-tecnologia.com.br\/web\/wp-content\/uploads\/2018\/12\/retrofit-200x76.png 200w, https:\/\/www.tecma-tecnologia.com.br\/web\/wp-content\/uploads\/2018\/12\/retrofit-400x152.png 400w, https:\/\/www.tecma-tecnologia.com.br\/web\/wp-content\/uploads\/2018\/12\/retrofit-600x228.png 600w, https:\/\/www.tecma-tecnologia.com.br\/web\/wp-content\/uploads\/2018\/12\/retrofit-800x304.png 800w, https:\/\/www.tecma-tecnologia.com.br\/web\/wp-content\/uploads\/2018\/12\/retrofit.png 820w\" sizes=\"(max-width: 800px) 100vw, 820px\" \/><\/span><\/div><div class=\"fusion-clearfix\"><\/div>\n\n\t\t\t\t\t<\/div>\n\t\t\t\t<\/div><\/div><\/div><div class=\"fusion-fullwidth fullwidth-box nonhundred-percent-fullwidth non-hundred-percent-height-scrolling\"  style='background-color: rgba(255,255,255,0);background-position: center center;background-repeat: no-repeat;padding-top:0px;padding-right:0px;padding-bottom:0px;padding-left:0px;'><div class=\"fusion-builder-row fusion-row \"><div  class=\"fusion-layout-column fusion_builder_column fusion_builder_column_3_4  fusion-three-fourth fusion-column-first 3_4\"  style='margin-top:0px;margin-bottom:20px;width:75%;width:calc(75% - ( ( 4% ) * 0.75 ) );margin-right: 4%;'>\n\t\t\t\t\t<div class=\"fusion-column-wrapper\" style=\"padding: 0px 0px 0px 0px;background-position:left top;background-repeat:no-repeat;-webkit-background-size:cover;-moz-background-size:cover;-o-background-size:cover;background-size:cover;\"  data-bg-url=\"\">\n\t\t\t\t\t\t<div class=\"fusion-text\"><h3><span style=\"vertical-align: inherit;\"><span style=\"vertical-align: inherit;\">Retrofit n\u00e3o se trata apenas de uma reconstru\u00e7\u00e3o ou restaura\u00e7\u00e3o, mas de aperfei\u00e7oar o ambiente sem perder sua ess\u00eancia, de preservar sua hist\u00f3ria e revaloriz\u00e1-lo.<\/span><\/span><\/h3>\n<p>A necessidade de modernizar a planta de tratamento pode decorrer do crescimento da ind\u00fastria, na mudan\u00e7a dos insumos para fabrica\u00e7\u00e3o do produto, na inser\u00e7\u00e3o de novos componentes\/novos produtos fabricados pela a mesma ind\u00fastria, pela decis\u00e3o de reutilizar a \u00e1gua tratada nas torres de resfriamento ou na pr\u00f3pria produ\u00e7\u00e3o da f\u00e1brica visando redu\u00e7\u00e3o de custos para atendimento a novas classes do corpo receptor ou at\u00e9 mesmo para automatizar sua planta de tratamento.<\/p>\n<p>A TECMA tem vasta experi\u00eancia em Retrofit, a \u00e1rea de projetos vem implantando esta\u00e7\u00f5es de tratamento desde 1986, alinhando as opera\u00e7\u00f5es unit\u00e1rias existentes as novas tecnologias utilizadas no mundo, visando sempre qualidade t\u00e9cnica e um projeto financeiramente vi\u00e1vel.<\/p>\n<p>Nossa capacidade de customizar sistemas de tratamento vem da sinergia entre a \u00e1rea de projetos e a \u00e1rea de processos, contamos com profissionais muito experientes, trabalhando a mais de 30 anos no setor, al\u00e9m de nossos processos internos de an\u00e1lise cr\u00edtica que v\u00e3o desde o Planto de Trabalho Estrat\u00e9gico, a reuni\u00e3o de brainstorming inicial, at\u00e9 o as built do projeto.<\/p>\n<p>Veja nossa galeria de projetos de Retrofit <a href=\"https:\/\/www.tecma-tecnologia.com.br\/web\/pt\/projetos\/\"><u>aqui<\/u><\/a><\/p>\n<p>Sigam a <a href=\"https:\/\/www.tecma-tecnologia.com.br\/web\/\">Tecma<\/a> em todas as nossas plataformas<\/p>\n<p><a href=\"https:\/\/www.instagram.com\/tecmatecnologia\/\">INSTAGRAM TECMA<\/a><\/p>\n<p><a href=\"https:\/\/web.facebook.com\/tecmatecnologia\/?_rdc=1&amp;_rdr\">FACEBOOK TECMA<\/a><\/p>\n<p><a href=\"https:\/\/www.linkedin.com\/company\/934510\/\">LINKEDIN TECMA<\/a><\/p>\n<\/div><div class=\"fusion-clearfix\"><\/div>\n\n\t\t\t\t\t<\/div>\n\t\t\t\t<\/div><div  class=\"fusion-layout-column fusion_builder_column fusion_builder_column_1_4  fusion-one-fourth fusion-column-last 1_4\"  style='margin-top:20px;margin-bottom:20px;width:25%;width:calc(25% - ( ( 4% ) * 0.25 ) );'>\n\t\t\t\t\t<div class=\"fusion-column-wrapper\" style=\"padding: 0px 0px 0px 0px;background-position:left top;background-repeat:no-repeat;-webkit-background-size:cover;-moz-background-size:cover;-o-background-size:cover;background-size:cover;\"  data-bg-url=\"\">\n\t\t\t\t\t\t<span class=\"fusion-imageframe imageframe-none imageframe-2 hover-type-none\"><img decoding=\"async\" src=\"https:\/\/www.tecma-tecnologia.com.br\/web\/wp-content\/uploads\/2018\/07\/oem-div1.jpg\" width=\"170\" height=\"52\" alt=\"\" title=\"oem-div1\" class=\"img-responsive wp-image-249\"\/><\/span><div class=\"fusion-title title fusion-sep-none fusion-title-center fusion-title-size-three\" style=\"margin-top:0px;margin-bottom:31px;\"><h3 class=\"title-heading-center\"><a href=\"https:\/\/www.tecma-tecnologia.com.br\/web\/engenharia\/tratamento-de-efluentes\/operacao\/\"><span style=\"font-size: 18px;\">SERVI\u00c7OS DE OPERA\u00c7\u00c3O E MANUTEN\u00c7\u00c3O<\/span><\/a><\/h3><\/div><span class=\"fusion-imageframe imageframe-none imageframe-3 hover-type-none\" id=\"quote-bottom2\"><img decoding=\"async\" src=\"https:\/\/www.tecma-tecnologia.com.br\/web\/wp-content\/uploads\/2018\/07\/monitoramentos-div2.jpg\" width=\"\" height=\"\" alt=\"\" title=\"\" class=\"img-responsive\"\/><\/span><div class=\"fusion-title title fusion-sep-none fusion-title-center fusion-title-size-three\" style=\"margin-top:0px;margin-bottom:31px;\"><h3 class=\"title-heading-center\"><a href=\"https:\/\/www.tecma-tecnologia.com.br\/web\/engenharia\/tratamento-de-efluentes\/offsite-2\/\"><span style=\"font-size: 18px; margin-top: -20px !important; margin-bottom: 31px;\">TRATAMENTO DE EFLUENTES OFFSITE<\/span><\/a><\/h3><\/div><span class=\"fusion-imageframe imageframe-none imageframe-4 hover-type-none\" id=\"quote-bottom\"><img decoding=\"async\" src=\"https:\/\/www.tecma-tecnologia.com.br\/web\/wp-content\/uploads\/2018\/07\/monitoramentos-div2.jpg\" width=\"\" height=\"\" alt=\"\" title=\"\" class=\"img-responsive\"\/><\/span><div class=\"fusion-clearfix\"><\/div>\n\n\t\t\t\t\t<\/div>\n\t\t\t\t<\/div><\/div><\/div><\/p>\n","protected":false},"excerpt":{"rendered":"","protected":false},"author":1,"featured_media":0,"parent":178,"menu_order":0,"comment_status":"closed","ping_status":"closed","template":"","meta":{"_mi_skip_tracking":false,"spay_email":"","footnotes":""},"class_list":["post-252","page","type-page","status-publish","hentry"],"yoast_head":"<!-- This site is optimized with the Yoast SEO plugin v20.2.1 - https:\/\/yoast.com\/wordpress\/plugins\/seo\/ -->\n<title>Retrofit - TECMA Tecnologia - Plantas de Tratamento<\/title>\n<meta name=\"description\" content=\"O Retrofit em plantas de tratamento \u00e9 necess\u00e1rio para atender as novas demandas da f\u00e1brica ou para adapta\u00e7\u00e3o da planta para o re\u00faso.\" \/>\n<meta name=\"robots\" content=\"index, follow, max-snippet:-1, max-image-preview:large, max-video-preview:-1\" \/>\n<link rel=\"canonical\" href=\"https:\/\/www.tecma-tecnologia.com.br\/web\/engenharia-ambiental\/retrofit\/\" \/>\n<meta property=\"og:locale\" content=\"pt_BR\" \/>\n<meta property=\"og:type\" content=\"article\" \/>\n<meta property=\"og:title\" content=\"Retrofit - TECMA Tecnologia - Plantas de Tratamento\" \/>\n<meta property=\"og:description\" content=\"O Retrofit em plantas de tratamento \u00e9 necess\u00e1rio para atender as novas demandas da f\u00e1brica ou para adapta\u00e7\u00e3o da planta para o re\u00faso.\" \/>\n<meta property=\"og:url\" content=\"https:\/\/www.tecma-tecnologia.com.br\/web\/engenharia-ambiental\/retrofit\/\" \/>\n<meta property=\"og:site_name\" content=\"TECMA Tecnologia\" \/>\n<meta property=\"article:modified_time\" content=\"2019-12-26T17:30:43+00:00\" \/>\n<meta name=\"twitter:card\" content=\"summary_large_image\" \/>\n<meta name=\"twitter:label1\" content=\"Est. tempo de leitura\" \/>\n\t<meta name=\"twitter:data1\" content=\"6 minutos\" \/>\n<script type=\"application\/ld+json\" class=\"yoast-schema-graph\">{\"@context\":\"https:\/\/schema.org\",\"@graph\":[{\"@type\":\"WebPage\",\"@id\":\"https:\/\/www.tecma-tecnologia.com.br\/web\/engenharia-ambiental\/retrofit\/\",\"url\":\"https:\/\/www.tecma-tecnologia.com.br\/web\/engenharia-ambiental\/retrofit\/\",\"name\":\"Retrofit - TECMA Tecnologia - Plantas de Tratamento\",\"isPartOf\":{\"@id\":\"https:\/\/www.tecma-tecnologia.com.br\/web\/#website\"},\"datePublished\":\"2018-07-19T00:46:36+00:00\",\"dateModified\":\"2019-12-26T17:30:43+00:00\",\"description\":\"O Retrofit em plantas de tratamento \u00e9 necess\u00e1rio para atender as novas demandas da f\u00e1brica ou para adapta\u00e7\u00e3o da planta para o re\u00faso.\",\"breadcrumb\":{\"@id\":\"https:\/\/www.tecma-tecnologia.com.br\/web\/engenharia-ambiental\/retrofit\/#breadcrumb\"},\"inLanguage\":\"pt-BR\",\"potentialAction\":[{\"@type\":\"ReadAction\",\"target\":[\"https:\/\/www.tecma-tecnologia.com.br\/web\/engenharia-ambiental\/retrofit\/\"]}]},{\"@type\":\"BreadcrumbList\",\"@id\":\"https:\/\/www.tecma-tecnologia.com.br\/web\/engenharia-ambiental\/retrofit\/#breadcrumb\",\"itemListElement\":[{\"@type\":\"ListItem\",\"position\":1,\"name\":\"Home\",\"item\":\"https:\/\/www.tecma-tecnologia.com.br\/web\/\"},{\"@type\":\"ListItem\",\"position\":2,\"name\":\"Servi\u00e7os de Engenharia Ambiental\",\"item\":\"https:\/\/www.tecma-tecnologia.com.br\/web\/engenharia-ambiental\/\"},{\"@type\":\"ListItem\",\"position\":3,\"name\":\"Retrofit em Plantas de Tratamento\"}]},{\"@type\":\"WebSite\",\"@id\":\"https:\/\/www.tecma-tecnologia.com.br\/web\/#website\",\"url\":\"https:\/\/www.tecma-tecnologia.com.br\/web\/\",\"name\":\"TECMA Tecnologia\",\"description\":\"\",\"potentialAction\":[{\"@type\":\"SearchAction\",\"target\":{\"@type\":\"EntryPoint\",\"urlTemplate\":\"https:\/\/www.tecma-tecnologia.com.br\/web\/?s={search_term_string}\"},\"query-input\":\"required name=search_term_string\"}],\"inLanguage\":\"pt-BR\"}]}<\/script>\n<!-- \/ Yoast SEO plugin. -->","yoast_head_json":{"title":"Retrofit - TECMA Tecnologia - Plantas de Tratamento","description":"O Retrofit em plantas de tratamento \u00e9 necess\u00e1rio para atender as novas demandas da f\u00e1brica ou para adapta\u00e7\u00e3o da planta para o re\u00faso.","robots":{"index":"index","follow":"follow","max-snippet":"max-snippet:-1","max-image-preview":"max-image-preview:large","max-video-preview":"max-video-preview:-1"},"canonical":"https:\/\/www.tecma-tecnologia.com.br\/web\/engenharia-ambiental\/retrofit\/","og_locale":"pt_BR","og_type":"article","og_title":"Retrofit - TECMA Tecnologia - Plantas de Tratamento","og_description":"O Retrofit em plantas de tratamento \u00e9 necess\u00e1rio para atender as novas demandas da f\u00e1brica ou para adapta\u00e7\u00e3o da planta para o re\u00faso.","og_url":"https:\/\/www.tecma-tecnologia.com.br\/web\/engenharia-ambiental\/retrofit\/","og_site_name":"TECMA Tecnologia","article_modified_time":"2019-12-26T17:30:43+00:00","twitter_card":"summary_large_image","twitter_misc":{"Est. tempo de leitura":"6 minutos"},"schema":{"@context":"https:\/\/schema.org","@graph":[{"@type":"WebPage","@id":"https:\/\/www.tecma-tecnologia.com.br\/web\/engenharia-ambiental\/retrofit\/","url":"https:\/\/www.tecma-tecnologia.com.br\/web\/engenharia-ambiental\/retrofit\/","name":"Retrofit - TECMA Tecnologia - Plantas de Tratamento","isPartOf":{"@id":"https:\/\/www.tecma-tecnologia.com.br\/web\/#website"},"datePublished":"2018-07-19T00:46:36+00:00","dateModified":"2019-12-26T17:30:43+00:00","description":"O Retrofit em plantas de tratamento \u00e9 necess\u00e1rio para atender as novas demandas da f\u00e1brica ou para adapta\u00e7\u00e3o da planta para o re\u00faso.","breadcrumb":{"@id":"https:\/\/www.tecma-tecnologia.com.br\/web\/engenharia-ambiental\/retrofit\/#breadcrumb"},"inLanguage":"pt-BR","potentialAction":[{"@type":"ReadAction","target":["https:\/\/www.tecma-tecnologia.com.br\/web\/engenharia-ambiental\/retrofit\/"]}]},{"@type":"BreadcrumbList","@id":"https:\/\/www.tecma-tecnologia.com.br\/web\/engenharia-ambiental\/retrofit\/#breadcrumb","itemListElement":[{"@type":"ListItem","position":1,"name":"Home","item":"https:\/\/www.tecma-tecnologia.com.br\/web\/"},{"@type":"ListItem","position":2,"name":"Servi\u00e7os de Engenharia Ambiental","item":"https:\/\/www.tecma-tecnologia.com.br\/web\/engenharia-ambiental\/"},{"@type":"ListItem","position":3,"name":"Retrofit em Plantas de Tratamento"}]},{"@type":"WebSite","@id":"https:\/\/www.tecma-tecnologia.com.br\/web\/#website","url":"https:\/\/www.tecma-tecnologia.com.br\/web\/","name":"TECMA Tecnologia","description":"","potentialAction":[{"@type":"SearchAction","target":{"@type":"EntryPoint","urlTemplate":"https:\/\/www.tecma-tecnologia.com.br\/web\/?s={search_term_string}"},"query-input":"required name=search_term_string"}],"inLanguage":"pt-BR"}]}},"_links":{"self":[{"href":"https:\/\/www.tecma-tecnologia.com.br\/web\/wp-json\/wp\/v2\/pages\/252","targetHints":{"allow":["GET"]}}],"collection":[{"href":"https:\/\/www.tecma-tecnologia.com.br\/web\/wp-json\/wp\/v2\/pages"}],"about":[{"href":"https:\/\/www.tecma-tecnologia.com.br\/web\/wp-json\/wp\/v2\/types\/page"}],"author":[{"embeddable":true,"href":"https:\/\/www.tecma-tecnologia.com.br\/web\/wp-json\/wp\/v2\/users\/1"}],"replies":[{"embeddable":true,"href":"https:\/\/www.tecma-tecnologia.com.br\/web\/wp-json\/wp\/v2\/comments?post=252"}],"version-history":[{"count":3,"href":"https:\/\/www.tecma-tecnologia.com.br\/web\/wp-json\/wp\/v2\/pages\/252\/revisions"}],"predecessor-version":[{"id":3319,"href":"https:\/\/www.tecma-tecnologia.com.br\/web\/wp-json\/wp\/v2\/pages\/252\/revisions\/3319"}],"up":[{"embeddable":true,"href":"https:\/\/www.tecma-tecnologia.com.br\/web\/wp-json\/wp\/v2\/pages\/178"}],"wp:attachment":[{"href":"https:\/\/www.tecma-tecnologia.com.br\/web\/wp-json\/wp\/v2\/media?parent=252"}],"curies":[{"name":"wp","href":"https:\/\/api.w.org\/{rel}","templated":true}]}}