{"id":234,"date":"2018-07-18T21:28:55","date_gmt":"2018-07-19T00:28:55","guid":{"rendered":"http:\/\/www.tecma-tecnologia.com.br\/web\/?page_id=234"},"modified":"2025-03-21T16:48:03","modified_gmt":"2025-03-21T19:48:03","slug":"tratamento-de-efluentes","status":"publish","type":"page","link":"https:\/\/www.tecma-tecnologia.com.br\/web\/tratamento-de-efluentes\/","title":{"rendered":"Servi\u00e7os de Opera\u00e7\u00e3o e Manuten\u00e7\u00e3o"},"content":{"rendered":"<p><div class=\"fusion-fullwidth fullwidth-box nonhundred-percent-fullwidth non-hundred-percent-height-scrolling\"  style='background-color: rgba(255,255,255,0);background-position: center center;background-repeat: no-repeat;padding-top:0px;padding-right:0px;padding-bottom:0px;padding-left:0px;'><div class=\"fusion-builder-row fusion-row \"><div  class=\"fusion-layout-column fusion_builder_column fusion_builder_column_1_1  fusion-one-full fusion-column-first fusion-column-last 1_1\"  style='margin-top:0px;margin-bottom:20px;'>\n\t\t\t\t\t<div class=\"fusion-column-wrapper\" style=\"padding: 0px 0px 0px 0px;background-position:left top;background-repeat:no-repeat;-webkit-background-size:cover;-moz-background-size:cover;-o-background-size:cover;background-size:cover;\"  data-bg-url=\"\">\n\t\t\t\t\t\t<div class=\"imageframe-align-center\"><span class=\"fusion-imageframe imageframe-none imageframe-1 hover-type-none\"><img fetchpriority=\"high\" fetchpriority=\"high\" decoding=\"async\" src=\"https:\/\/www.tecma-tecnologia.com.br\/web\/wp-content\/uploads\/2018\/07\/offsite.jpg\" width=\"835\" height=\"279\" alt=\"\" title=\"offsite\" class=\"img-responsive wp-image-182\" srcset=\"https:\/\/www.tecma-tecnologia.com.br\/web\/wp-content\/uploads\/2018\/07\/offsite-200x67.jpg 200w, https:\/\/www.tecma-tecnologia.com.br\/web\/wp-content\/uploads\/2018\/07\/offsite-400x134.jpg 400w, https:\/\/www.tecma-tecnologia.com.br\/web\/wp-content\/uploads\/2018\/07\/offsite-600x200.jpg 600w, https:\/\/www.tecma-tecnologia.com.br\/web\/wp-content\/uploads\/2018\/07\/offsite-800x267.jpg 800w, https:\/\/www.tecma-tecnologia.com.br\/web\/wp-content\/uploads\/2018\/07\/offsite.jpg 835w\" sizes=\"(max-width: 800px) 100vw, 835px\" \/><\/span><\/div><div class=\"fusion-clearfix\"><\/div>\n\n\t\t\t\t\t<\/div>\n\t\t\t\t<\/div><\/div><\/div><div class=\"fusion-fullwidth fullwidth-box nonhundred-percent-fullwidth non-hundred-percent-height-scrolling\"  style='background-color: rgba(255,255,255,0);background-position: center center;background-repeat: no-repeat;padding-top:0px;padding-right:0px;padding-bottom:0px;padding-left:0px;'><div class=\"fusion-builder-row fusion-row \"><div  class=\"fusion-layout-column fusion_builder_column fusion_builder_column_3_4  fusion-three-fourth fusion-column-first 3_4\"  style='margin-top:0px;margin-bottom:20px;width:75%;width:calc(75% - ( ( 4% ) * 0.75 ) );margin-right: 4%;'>\n\t\t\t\t\t<div class=\"fusion-column-wrapper\" style=\"padding: 0px 0px 0px 0px;background-position:left top;background-repeat:no-repeat;-webkit-background-size:cover;-moz-background-size:cover;-o-background-size:cover;background-size:cover;\"  data-bg-url=\"\">\n\t\t\t\t\t\t<div class=\"fusion-text\"><h3>O Tratamento de efluentes requer conhecimento em processos, equipamentos e dados laboratoriais para uma opera\u00e7\u00e3o e manuten\u00e7\u00e3o efetiva.<\/h3>\n<p>A rotina de uma esta\u00e7\u00e3o de tratamento de efluentes \u00e9 bastante din\u00e2mica, a equipe de opera\u00e7\u00e3o deve estar atenta a todos os sinais que possam interferir nos processos de tratamento. As constantes realiza\u00e7\u00f5es de an\u00e1lises laboratoriais em cada etapa de processo de uma esta\u00e7\u00e3o de tratamento traz seguran\u00e7a operacional, principalmente em rela\u00e7\u00e3o ao consumo de nutrientes e outros insumos que impactam diretamente na qualidade do efluente tratado.<\/p>\n<p>As dosagem \u00f3timas de nitrog\u00eanio e f\u00f3sforo em processos de lodos ativados podem ser facilmente simuladas em laborat\u00f3rio. Outra possibilidade \u00e9 realizar uma avalia\u00e7\u00e3o preliminar a partir de c\u00e1lculos estequiom\u00e9tricos com base na composi\u00e7\u00e3o m\u00e9dia das c\u00e9lulas que formam a biomassa.<\/p>\n<p>\u21d2 Confira nosso Blog T\u00e9cnico as caracter\u00edsticas dos efluentes por tipologia industrial<\/p>\n<h4>A TECMA oferece os seguintes servi\u00e7os para a opera\u00e7\u00e3o e manuten\u00e7\u00e3o das esta\u00e7\u00f5es de tratamento de efluentes :<\/h4>\n<ul>\n<li>Diagn\u00f3sticos de performance para otimiza\u00e7\u00e3o da planta de tratamento;<\/li>\n<li>Supervis\u00e3o remota online;<\/li>\n<li>Frequentes auditorias t\u00e9cnicas nos sites;<\/li>\n<li>Elabora\u00e7\u00e3o de planos de a\u00e7\u00e3o para otimiza\u00e7\u00e3o das plantas de tratamento;<\/li>\n<li>Comissionamento das plantas de Tratamento;<\/li>\n<li>Treinamentos t\u00e9cnicos operacionais;<\/li>\n<li>Manuten\u00e7\u00e3o dos equipamentos;<\/li>\n<li>Gest\u00e3o de insumos (produtos qu\u00edmicos);<\/li>\n<li>Gest\u00e3o de res\u00edduos;<\/li>\n<li>An\u00e1lises laboratoriais com laborat\u00f3rios pr\u00f3prios certificados pela CGCRE.<\/li>\n<\/ul>\n<p>O tratamento de efluentes requer conhecimento t\u00e9cnico operacional n\u00e3o s\u00f3 perante as opera\u00e7\u00f5es unit\u00e1rias da planta de Tratamento, mas muitas vezes da produ\u00e7\u00e3o da f\u00e1brica. As constantes diversifica\u00e7\u00f5es de produtos que s\u00e3o adicionadas nas f\u00e1bricas pode requerer profundas mudan\u00e7as na rotina operacional, alterando o consumo de produtos qu\u00edmicos, altera\u00e7\u00e3o de coagulantes, adi\u00e7\u00e3o de outros insumos para readequar a planta de tratamento ou at\u00e9 mesmo um <a href=\"https:\/\/www.tecma-tecnologia.com.br\/web\/engenharia\/tratamento-de-efluentes\/retrofit\/\">retrofit<\/a>.<\/p>\n<\/div><div class=\"fusion-text\"><h3><strong>Supervis\u00e3o e Suporte T\u00e9cnico Remoto<\/strong><\/h3>\n<\/div><div class=\"fusion-builder-row fusion-builder-row-inner fusion-row \"><div  class=\"fusion-layout-column fusion_builder_column fusion_builder_column_1_1  fusion-one-full fusion-column-first fusion-column-last 1_1\"  style='margin-top: 0px;margin-bottom: 20px;'>\n\t\t\t\t\t<div class=\"fusion-column-wrapper\" style=\"padding: 0px 0px 0px 0px;background-position:left top;background-repeat:no-repeat;-webkit-background-size:cover;-moz-background-size:cover;-o-background-size:cover;background-size:cover;\"  data-bg-url=\"\">\n\t\t\t\t\t\t<span class=\"fusion-imageframe imageframe-none imageframe-2 hover-type-none\"><img decoding=\"async\" src=\"https:\/\/www.tecma-tecnologia.com.br\/web\/wp-content\/uploads\/2018\/12\/supervisorio2.png\" width=\"1409\" height=\"792\" alt=\"\" title=\"supervis\u00f3rio2\" class=\"img-responsive wp-image-1327\" srcset=\"https:\/\/www.tecma-tecnologia.com.br\/web\/wp-content\/uploads\/2018\/12\/supervisorio2-200x112.png 200w, https:\/\/www.tecma-tecnologia.com.br\/web\/wp-content\/uploads\/2018\/12\/supervisorio2-400x225.png 400w, https:\/\/www.tecma-tecnologia.com.br\/web\/wp-content\/uploads\/2018\/12\/supervisorio2-600x337.png 600w, https:\/\/www.tecma-tecnologia.com.br\/web\/wp-content\/uploads\/2018\/12\/supervisorio2-800x450.png 800w, https:\/\/www.tecma-tecnologia.com.br\/web\/wp-content\/uploads\/2018\/12\/supervisorio2-1200x675.png 1200w, https:\/\/www.tecma-tecnologia.com.br\/web\/wp-content\/uploads\/2018\/12\/supervisorio2.png 1409w\" sizes=\"(max-width: 800px) 100vw, 1409px\" \/><\/span><div class=\"fusion-sep-clear\"><\/div><div class=\"fusion-separator fusion-full-width-sep sep-none\" style=\"margin-left: auto;margin-right: auto;margin-top:;\"><\/div>\n\n\t\t\t\t\t<\/div>\n\t\t\t\t<\/div><div  class=\"fusion-layout-column fusion_builder_column fusion_builder_column_1_1  fusion-one-full fusion-column-first fusion-column-last 1_1\"  style='margin-top: 0px;margin-bottom: 20px;'>\n\t\t\t\t\t<div class=\"fusion-column-wrapper\" style=\"padding: 0px 0px 0px 0px;background-position:left top;background-repeat:no-repeat;-webkit-background-size:cover;-moz-background-size:cover;-o-background-size:cover;background-size:cover;\"  data-bg-url=\"\">\n\t\t\t\t\t\t<div class=\"fusion-text\"><p><strong>Tranquilidade na Opera\u00e7\u00e3o da sua Planta de Tratamento<\/strong><\/p>\n<ul>\n<li>Especialistas de plant\u00e3o 24 horas por dia, 7 dias por semana<\/li>\n<li>Intera\u00e7\u00e3o online com a equipe de campo<\/li>\n<li>Dados protegidos criptografado<\/li>\n<\/ul>\n<\/div>\n\n\t\t\t\t\t<\/div>\n\t\t\t\t<\/div><\/div><div class=\"fusion-sep-clear\"><\/div><div class=\"fusion-separator fusion-full-width-sep sep-none\" style=\"margin-left: auto;margin-right: auto;margin-top:;\"><\/div><div class=\"fusion-builder-row fusion-builder-row-inner fusion-row \"><div  class=\"fusion-layout-column fusion_builder_column fusion_builder_column_1_1  fusion-one-full fusion-column-first fusion-column-last 1_1\"  style='margin-top: 0px;margin-bottom: 20px;'>\n\t\t\t\t\t<div class=\"fusion-column-wrapper\" style=\"padding: 0px 0px 0px 0px;background-position:left top;background-repeat:no-repeat;-webkit-background-size:cover;-moz-background-size:cover;-o-background-size:cover;background-size:cover;\"  data-bg-url=\"\">\n\t\t\t\t\t\t\n\n\t\t\t\t\t<\/div>\n\t\t\t\t<\/div><div  class=\"fusion-layout-column fusion_builder_column fusion_builder_column_1_1  fusion-one-full fusion-column-first fusion-column-last 1_1\"  style='margin-top: 0px;margin-bottom: 20px;'>\n\t\t\t\t\t<div class=\"fusion-column-wrapper\" style=\"padding: 0px 0px 0px 0px;background-position:left top;background-repeat:no-repeat;-webkit-background-size:cover;-moz-background-size:cover;-o-background-size:cover;background-size:cover;\"  data-bg-url=\"\">\n\t\t\t\t\t\t<span class=\"fusion-imageframe imageframe-none imageframe-3 hover-type-none\"><img decoding=\"async\" src=\"https:\/\/www.tecma-tecnologia.com.br\/web\/wp-content\/uploads\/2018\/12\/supervisorio3.png\" width=\"1259\" height=\"777\" alt=\"\" title=\"superviso\u0301rio3\" class=\"img-responsive wp-image-1330\" srcset=\"https:\/\/www.tecma-tecnologia.com.br\/web\/wp-content\/uploads\/2018\/12\/supervisorio3-200x123.png 200w, https:\/\/www.tecma-tecnologia.com.br\/web\/wp-content\/uploads\/2018\/12\/supervisorio3-400x247.png 400w, https:\/\/www.tecma-tecnologia.com.br\/web\/wp-content\/uploads\/2018\/12\/supervisorio3-600x370.png 600w, https:\/\/www.tecma-tecnologia.com.br\/web\/wp-content\/uploads\/2018\/12\/supervisorio3-800x494.png 800w, https:\/\/www.tecma-tecnologia.com.br\/web\/wp-content\/uploads\/2018\/12\/supervisorio3-1200x741.png 1200w, https:\/\/www.tecma-tecnologia.com.br\/web\/wp-content\/uploads\/2018\/12\/supervisorio3.png 1259w\" sizes=\"(max-width: 800px) 100vw, 1259px\" \/><\/span><div class=\"fusion-sep-clear\"><\/div><div class=\"fusion-separator fusion-full-width-sep sep-none\" style=\"margin-left: auto;margin-right: auto;margin-top:;\"><\/div><div class=\"fusion-text\"><p><strong>Alertas de Manuten\u00e7\u00e3o<\/strong><\/p>\n<ul>\n<li>Invent\u00e1rio de pe\u00e7as de reposi\u00e7\u00e3o<\/li>\n<li>Sistema de hiberna\u00e7\u00e3o e procedimentos de desligamento emergencial<\/li>\n<li>Procedimentos de manuten\u00e7\u00e3o e solu\u00e7\u00e3o de problemas<\/li>\n<\/ul>\n<\/div><div class=\"fusion-sep-clear\"><\/div><div class=\"fusion-separator fusion-full-width-sep sep-none\" style=\"margin-left: auto;margin-right: auto;margin-top:;\"><\/div>\n\n\t\t\t\t\t<\/div>\n\t\t\t\t<\/div><\/div><div class=\"fusion-text\"><p>A a\u00e7\u00e3o preventiva e frequentes auditorias t\u00e9cnicas s\u00e3o primordiais para evitar desvios ao longo da produ\u00e7\u00e3o. Uma a\u00e7\u00e3o corretiva \u00e9 sempre mais dispendioso em todos os aspectos, principalmente financeiro, do que seguir nosso protocolo de a\u00e7\u00e3o preventiva.<\/p>\n<p>Em parceria com o laborat\u00f3rio da TECMA, a equipe de O&amp;M utiliza-se de um Laborat\u00f3rio confi\u00e1vel e certificado pela CGCRE para o gerenciamento dos resultados, sempre trabalhando a interpreta\u00e7\u00e3o e investiga\u00e7\u00e3o dos relat\u00f3rios de ensaios. As contamina\u00e7\u00f5es nas amostras s\u00e3o recorrentes e o avaliador dos resultados precisa ter conhecimento apurado para discernir sobre os laudos e tomar as provid\u00eancias adequadas.<\/p>\n<p>A TECMA al\u00e9m de realizar os relat\u00f3rios de ensaios, possui equipe de treinamento e supervis\u00e3o t\u00e9cnica experiente que auxiliam no trabalho preventivo e corretivo da sua planta de Tratamento, dando apoio t\u00e9cnico aos operadores aumentando a capacidade resolutiva das eventuais mudan\u00e7as de cen\u00e1rio.<\/p>\n<\/div><div class=\"fusion-clearfix\"><\/div>\n\n\t\t\t\t\t<\/div>\n\t\t\t\t<\/div><div  class=\"fusion-layout-column fusion_builder_column fusion_builder_column_1_4  fusion-one-fourth fusion-column-last 1_4\"  style='margin-top:20px;margin-bottom:20px;width:25%;width:calc(25% - ( ( 4% ) * 0.25 ) );'>\n\t\t\t\t\t<div class=\"fusion-column-wrapper\" style=\"padding: 0px 0px 0px 0px;background-position:left top;background-repeat:no-repeat;-webkit-background-size:cover;-moz-background-size:cover;-o-background-size:cover;background-size:cover;\"  data-bg-url=\"\">\n\t\t\t\t\t\t<span class=\"fusion-imageframe imageframe-none imageframe-4 hover-type-none\"><img loading=\"lazy\" loading=\"lazy\" decoding=\"async\" src=\"https:\/\/www.tecma-tecnologia.com.br\/web\/wp-content\/uploads\/2018\/07\/oem-div1.jpg\" width=\"170\" height=\"52\" alt=\"\" title=\"oem-div1\" class=\"img-responsive wp-image-249\"\/><\/span><div class=\"fusion-title title fusion-sep-none fusion-title-center fusion-title-size-three\" style=\"margin-top:0px;margin-bottom:31px;\"><h3 class=\"title-heading-center\"><a href=\"https:\/\/www.tecma-tecnologia.com.br\/web\/engenharia\/tratamento-de-efluentes\/retrofit\/\"><span style=\"font-size: 18px;\">RETROFIT EM PLANTAS DE TRATAMENTO<\/span><\/a><\/h3><\/div><span class=\"fusion-imageframe imageframe-none imageframe-5 hover-type-none\" id=\"quote-bottom2\"><img decoding=\"async\" src=\"https:\/\/www.tecma-tecnologia.com.br\/web\/wp-content\/uploads\/2018\/07\/monitoramentos-div2.jpg\" width=\"\" height=\"\" alt=\"\" title=\"\" class=\"img-responsive\"\/><\/span><div class=\"fusion-title title fusion-sep-none fusion-title-center fusion-title-size-three\" style=\"margin-top:0px;margin-bottom:31px;\"><h3 class=\"title-heading-center\"><a href=\"https:\/\/www.tecma-tecnologia.com.br\/web\/engenharia\/tratamento-de-efluentes\/offsite-2\/\"><span style=\"font-size: 18px; margin-top: -20px !important; margin-bottom: 31px;\">TRATAMENTO DE EFLUENTES OFFSITE<\/span><\/a><\/h3><\/div><span class=\"fusion-imageframe imageframe-none imageframe-6 hover-type-none\" id=\"quote-bottom\"><img decoding=\"async\" src=\"https:\/\/www.tecma-tecnologia.com.br\/web\/wp-content\/uploads\/2018\/07\/monitoramentos-div2.jpg\" width=\"\" height=\"\" alt=\"\" title=\"\" class=\"img-responsive\"\/><\/span><div class=\"fusion-sep-clear\"><\/div><div class=\"fusion-separator fusion-full-width-sep sep-none\" style=\"margin-left: auto;margin-right: auto;margin-top:;\"><\/div><div class=\"fusion-clearfix\"><\/div>\n\n\t\t\t\t\t<\/div>\n\t\t\t\t<\/div><\/div><\/div><\/p>\n","protected":false},"excerpt":{"rendered":"","protected":false},"author":1,"featured_media":0,"parent":0,"menu_order":0,"comment_status":"closed","ping_status":"closed","template":"","meta":{"_mi_skip_tracking":false,"spay_email":"","footnotes":""},"class_list":["post-234","page","type-page","status-publish","hentry"],"yoast_head":"<!-- This site is optimized with the Yoast SEO plugin v20.2.1 - https:\/\/yoast.com\/wordpress\/plugins\/seo\/ -->\n<title>Tratamento de Efluentes - Opera\u00e7\u00e3o e Manuten\u00e7\u00e3o - TECMA Tecnologia<\/title>\n<meta name=\"description\" content=\"A opera\u00e7\u00e3o de uma Esta\u00e7\u00e3o de Tratamento de Efluentes requer conhecimento t\u00e9cnico das opera\u00e7\u00f5es unit\u00e1rias e da unidade produtiva da f\u00e1brica.\" \/>\n<meta name=\"robots\" content=\"index, follow, max-snippet:-1, max-image-preview:large, max-video-preview:-1\" \/>\n<link rel=\"canonical\" href=\"https:\/\/www.tecma-tecnologia.com.br\/web\/tratamento-de-efluentes\/\" \/>\n<meta property=\"og:locale\" content=\"pt_BR\" \/>\n<meta property=\"og:type\" content=\"article\" \/>\n<meta property=\"og:title\" content=\"Tratamento de Efluentes - Opera\u00e7\u00e3o e Manuten\u00e7\u00e3o - TECMA Tecnologia\" \/>\n<meta property=\"og:description\" content=\"A opera\u00e7\u00e3o de uma Esta\u00e7\u00e3o de Tratamento de Efluentes requer conhecimento t\u00e9cnico das opera\u00e7\u00f5es unit\u00e1rias e da unidade produtiva da f\u00e1brica.\" \/>\n<meta property=\"og:url\" content=\"https:\/\/www.tecma-tecnologia.com.br\/web\/tratamento-de-efluentes\/\" \/>\n<meta property=\"og:site_name\" content=\"TECMA Tecnologia\" \/>\n<meta property=\"article:modified_time\" content=\"2025-03-21T19:48:03+00:00\" \/>\n<meta name=\"twitter:card\" content=\"summary_large_image\" \/>\n<meta name=\"twitter:label1\" content=\"Est. tempo de leitura\" \/>\n\t<meta name=\"twitter:data1\" content=\"6 minutos\" \/>\n<script type=\"application\/ld+json\" class=\"yoast-schema-graph\">{\"@context\":\"https:\/\/schema.org\",\"@graph\":[{\"@type\":\"WebPage\",\"@id\":\"https:\/\/www.tecma-tecnologia.com.br\/web\/tratamento-de-efluentes\/\",\"url\":\"https:\/\/www.tecma-tecnologia.com.br\/web\/tratamento-de-efluentes\/\",\"name\":\"Tratamento de Efluentes - Opera\u00e7\u00e3o e Manuten\u00e7\u00e3o - TECMA Tecnologia\",\"isPartOf\":{\"@id\":\"https:\/\/www.tecma-tecnologia.com.br\/web\/#website\"},\"datePublished\":\"2018-07-19T00:28:55+00:00\",\"dateModified\":\"2025-03-21T19:48:03+00:00\",\"description\":\"A opera\u00e7\u00e3o de uma Esta\u00e7\u00e3o de Tratamento de Efluentes requer conhecimento t\u00e9cnico das opera\u00e7\u00f5es unit\u00e1rias e da unidade produtiva da f\u00e1brica.\",\"breadcrumb\":{\"@id\":\"https:\/\/www.tecma-tecnologia.com.br\/web\/tratamento-de-efluentes\/#breadcrumb\"},\"inLanguage\":\"pt-BR\",\"potentialAction\":[{\"@type\":\"ReadAction\",\"target\":[\"https:\/\/www.tecma-tecnologia.com.br\/web\/tratamento-de-efluentes\/\"]}]},{\"@type\":\"BreadcrumbList\",\"@id\":\"https:\/\/www.tecma-tecnologia.com.br\/web\/tratamento-de-efluentes\/#breadcrumb\",\"itemListElement\":[{\"@type\":\"ListItem\",\"position\":1,\"name\":\"Home\",\"item\":\"https:\/\/www.tecma-tecnologia.com.br\/web\/\"},{\"@type\":\"ListItem\",\"position\":2,\"name\":\"Servi\u00e7os de Opera\u00e7\u00e3o e Manuten\u00e7\u00e3o\"}]},{\"@type\":\"WebSite\",\"@id\":\"https:\/\/www.tecma-tecnologia.com.br\/web\/#website\",\"url\":\"https:\/\/www.tecma-tecnologia.com.br\/web\/\",\"name\":\"TECMA Tecnologia\",\"description\":\"\",\"potentialAction\":[{\"@type\":\"SearchAction\",\"target\":{\"@type\":\"EntryPoint\",\"urlTemplate\":\"https:\/\/www.tecma-tecnologia.com.br\/web\/?s={search_term_string}\"},\"query-input\":\"required name=search_term_string\"}],\"inLanguage\":\"pt-BR\"}]}<\/script>\n<!-- \/ Yoast SEO plugin. -->","yoast_head_json":{"title":"Tratamento de Efluentes - Opera\u00e7\u00e3o e Manuten\u00e7\u00e3o - TECMA Tecnologia","description":"A opera\u00e7\u00e3o de uma Esta\u00e7\u00e3o de Tratamento de Efluentes requer conhecimento t\u00e9cnico das opera\u00e7\u00f5es unit\u00e1rias e da unidade produtiva da f\u00e1brica.","robots":{"index":"index","follow":"follow","max-snippet":"max-snippet:-1","max-image-preview":"max-image-preview:large","max-video-preview":"max-video-preview:-1"},"canonical":"https:\/\/www.tecma-tecnologia.com.br\/web\/tratamento-de-efluentes\/","og_locale":"pt_BR","og_type":"article","og_title":"Tratamento de Efluentes - Opera\u00e7\u00e3o e Manuten\u00e7\u00e3o - TECMA Tecnologia","og_description":"A opera\u00e7\u00e3o de uma Esta\u00e7\u00e3o de Tratamento de Efluentes requer conhecimento t\u00e9cnico das opera\u00e7\u00f5es unit\u00e1rias e da unidade produtiva da f\u00e1brica.","og_url":"https:\/\/www.tecma-tecnologia.com.br\/web\/tratamento-de-efluentes\/","og_site_name":"TECMA Tecnologia","article_modified_time":"2025-03-21T19:48:03+00:00","twitter_card":"summary_large_image","twitter_misc":{"Est. tempo de leitura":"6 minutos"},"schema":{"@context":"https:\/\/schema.org","@graph":[{"@type":"WebPage","@id":"https:\/\/www.tecma-tecnologia.com.br\/web\/tratamento-de-efluentes\/","url":"https:\/\/www.tecma-tecnologia.com.br\/web\/tratamento-de-efluentes\/","name":"Tratamento de Efluentes - Opera\u00e7\u00e3o e Manuten\u00e7\u00e3o - TECMA Tecnologia","isPartOf":{"@id":"https:\/\/www.tecma-tecnologia.com.br\/web\/#website"},"datePublished":"2018-07-19T00:28:55+00:00","dateModified":"2025-03-21T19:48:03+00:00","description":"A opera\u00e7\u00e3o de uma Esta\u00e7\u00e3o de Tratamento de Efluentes requer conhecimento t\u00e9cnico das opera\u00e7\u00f5es unit\u00e1rias e da unidade produtiva da f\u00e1brica.","breadcrumb":{"@id":"https:\/\/www.tecma-tecnologia.com.br\/web\/tratamento-de-efluentes\/#breadcrumb"},"inLanguage":"pt-BR","potentialAction":[{"@type":"ReadAction","target":["https:\/\/www.tecma-tecnologia.com.br\/web\/tratamento-de-efluentes\/"]}]},{"@type":"BreadcrumbList","@id":"https:\/\/www.tecma-tecnologia.com.br\/web\/tratamento-de-efluentes\/#breadcrumb","itemListElement":[{"@type":"ListItem","position":1,"name":"Home","item":"https:\/\/www.tecma-tecnologia.com.br\/web\/"},{"@type":"ListItem","position":2,"name":"Servi\u00e7os de Opera\u00e7\u00e3o e Manuten\u00e7\u00e3o"}]},{"@type":"WebSite","@id":"https:\/\/www.tecma-tecnologia.com.br\/web\/#website","url":"https:\/\/www.tecma-tecnologia.com.br\/web\/","name":"TECMA Tecnologia","description":"","potentialAction":[{"@type":"SearchAction","target":{"@type":"EntryPoint","urlTemplate":"https:\/\/www.tecma-tecnologia.com.br\/web\/?s={search_term_string}"},"query-input":"required name=search_term_string"}],"inLanguage":"pt-BR"}]}},"_links":{"self":[{"href":"https:\/\/www.tecma-tecnologia.com.br\/web\/wp-json\/wp\/v2\/pages\/234","targetHints":{"allow":["GET"]}}],"collection":[{"href":"https:\/\/www.tecma-tecnologia.com.br\/web\/wp-json\/wp\/v2\/pages"}],"about":[{"href":"https:\/\/www.tecma-tecnologia.com.br\/web\/wp-json\/wp\/v2\/types\/page"}],"author":[{"embeddable":true,"href":"https:\/\/www.tecma-tecnologia.com.br\/web\/wp-json\/wp\/v2\/users\/1"}],"replies":[{"embeddable":true,"href":"https:\/\/www.tecma-tecnologia.com.br\/web\/wp-json\/wp\/v2\/comments?post=234"}],"version-history":[{"count":7,"href":"https:\/\/www.tecma-tecnologia.com.br\/web\/wp-json\/wp\/v2\/pages\/234\/revisions"}],"predecessor-version":[{"id":4927,"href":"https:\/\/www.tecma-tecnologia.com.br\/web\/wp-json\/wp\/v2\/pages\/234\/revisions\/4927"}],"wp:attachment":[{"href":"https:\/\/www.tecma-tecnologia.com.br\/web\/wp-json\/wp\/v2\/media?parent=234"}],"curies":[{"name":"wp","href":"https:\/\/api.w.org\/{rel}","templated":true}]}}