{"id":222,"date":"2018-07-18T21:06:25","date_gmt":"2018-07-19T00:06:25","guid":{"rendered":"http:\/\/www.tecma-tecnologia.com.br\/web\/?page_id=222"},"modified":"2025-03-21T16:35:02","modified_gmt":"2025-03-21T19:35:02","slug":"monitoramentos-ambientais","status":"publish","type":"page","link":"https:\/\/www.tecma-tecnologia.com.br\/web\/solucoes-ambientais\/monitoramentos-ambientais\/","title":{"rendered":"Monitoramentos Ambientais"},"content":{"rendered":"<p><div class=\"fusion-fullwidth fullwidth-box nonhundred-percent-fullwidth non-hundred-percent-height-scrolling\"  style='background-color: rgba(255,255,255,0);background-position: center center;background-repeat: no-repeat;padding-top:0px;padding-right:0px;padding-bottom:0px;padding-left:0px;'><div class=\"fusion-builder-row fusion-row \"><div  class=\"fusion-layout-column fusion_builder_column fusion_builder_column_1_1  fusion-one-full fusion-column-first fusion-column-last 1_1\"  style='margin-top:0px;margin-bottom:20px;'>\n\t\t\t\t\t<div class=\"fusion-column-wrapper\" style=\"padding: 0px 0px 0px 0px;background-position:left top;background-repeat:no-repeat;-webkit-background-size:cover;-moz-background-size:cover;-o-background-size:cover;background-size:cover;\"  data-bg-url=\"\">\n\t\t\t\t\t\t<div class=\"fusion-title title fusion-sep-none fusion-title-size-one\" style=\"margin-top:0px;margin-bottom:31px;\"><h1 class=\"title-heading-left\"><h3>Monitoramentos Ambientais<\/h3><\/h1><\/div><div class=\"imageframe-align-center\"><span class=\"fusion-imageframe imageframe-none imageframe-1 hover-type-none\"><img fetchpriority=\"high\" fetchpriority=\"high\" decoding=\"async\" src=\"https:\/\/www.tecma-tecnologia.com.br\/web\/wp-content\/uploads\/2018\/07\/monitoramentos-ambientais.jpg\" width=\"835\" height=\"279\" alt=\"Monitoramentos Ambientais\" title=\"monitoramentos-ambientais\" class=\"img-responsive wp-image-223\" srcset=\"https:\/\/www.tecma-tecnologia.com.br\/web\/wp-content\/uploads\/2018\/07\/monitoramentos-ambientais-200x67.jpg 200w, https:\/\/www.tecma-tecnologia.com.br\/web\/wp-content\/uploads\/2018\/07\/monitoramentos-ambientais-400x134.jpg 400w, https:\/\/www.tecma-tecnologia.com.br\/web\/wp-content\/uploads\/2018\/07\/monitoramentos-ambientais-600x200.jpg 600w, https:\/\/www.tecma-tecnologia.com.br\/web\/wp-content\/uploads\/2018\/07\/monitoramentos-ambientais-800x267.jpg 800w, https:\/\/www.tecma-tecnologia.com.br\/web\/wp-content\/uploads\/2018\/07\/monitoramentos-ambientais.jpg 835w\" sizes=\"(max-width: 800px) 100vw, 835px\" \/><\/span><\/div><div class=\"fusion-clearfix\"><\/div>\n\n\t\t\t\t\t<\/div>\n\t\t\t\t<\/div><\/div><\/div><div class=\"fusion-fullwidth fullwidth-box nonhundred-percent-fullwidth non-hundred-percent-height-scrolling\"  style='background-color: rgba(255,255,255,0);background-position: center center;background-repeat: no-repeat;padding-top:0px;padding-right:0px;padding-bottom:0px;padding-left:0px;'><div class=\"fusion-builder-row fusion-row \"><div  class=\"fusion-layout-column fusion_builder_column fusion_builder_column_3_4  fusion-three-fourth fusion-column-first 3_4\"  style='margin-top:0px;margin-bottom:20px;width:75%;width:calc(75% - ( ( 4% ) * 0.75 ) );margin-right: 4%;'>\n\t\t\t\t\t<div class=\"fusion-column-wrapper\" style=\"padding: 20px 0px 0px 0px;background-position:left top;background-repeat:no-repeat;-webkit-background-size:cover;-moz-background-size:cover;-o-background-size:cover;background-size:cover;\"  data-bg-url=\"\">\n\t\t\t\t\t\t<div class=\"fusion-text\"><h4>Monitoramento ambientais s\u00e3o conjuntos de dados de coleta, estudos, e das vari\u00e1veis ambientais com o objetivo de avaliar tanto quantitativamente quanto qualitativamente a qualidade e as condi\u00e7\u00f5es dos recursos envolvidos a fim de medir os impactos e riscos ambientais em uma determinada fonte poluidora.<\/h4>\n<p>O setor de engenharia ambiental sempre em parceria com nosso laborat\u00f3rio acreditado pela CGCRE vem gerenciando as atividades de monitoramento ambiental desenvolvendo as seguintes atividades<\/p>\n<h4><strong>\u2192 Programas de monitoramento de po\u00e7os artesianos, lagoas, lagunas, riachos, a\u00e7udes<\/strong><\/h4>\n<p><img loading=\"lazy\" decoding=\"async\" class=\"alignnone size-full wp-image-1194\" src=\"https:\/\/www.tecma-tecnologia.com.br\/web\/wp-content\/uploads\/2018\/12\/monitoramento-de-passivos.png\" alt=\"\" width=\"820\" height=\"312\" srcset=\"https:\/\/www.tecma-tecnologia.com.br\/web\/wp-content\/uploads\/2018\/12\/monitoramento-de-passivos-200x76.png 200w, https:\/\/www.tecma-tecnologia.com.br\/web\/wp-content\/uploads\/2018\/12\/monitoramento-de-passivos-300x114.png 300w, https:\/\/www.tecma-tecnologia.com.br\/web\/wp-content\/uploads\/2018\/12\/monitoramento-de-passivos-400x152.png 400w, https:\/\/www.tecma-tecnologia.com.br\/web\/wp-content\/uploads\/2018\/12\/monitoramento-de-passivos-600x228.png 600w, https:\/\/www.tecma-tecnologia.com.br\/web\/wp-content\/uploads\/2018\/12\/monitoramento-de-passivos-700x266.png 700w, https:\/\/www.tecma-tecnologia.com.br\/web\/wp-content\/uploads\/2018\/12\/monitoramento-de-passivos-768x292.png 768w, https:\/\/www.tecma-tecnologia.com.br\/web\/wp-content\/uploads\/2018\/12\/monitoramento-de-passivos-800x304.png 800w, https:\/\/www.tecma-tecnologia.com.br\/web\/wp-content\/uploads\/2018\/12\/monitoramento-de-passivos.png 820w\" sizes=\"(max-width: 820px) 100vw, 820px\" \/><\/p>\n<\/div><div class=\"fusion-text\"><p>Normas e legisla\u00e7\u00f5es pertinentes:<\/p>\n<ul>\n<li>NBR \/NBR13895 \u2013 Constru\u00e7\u00e3o de Po\u00e7os de monitoramento e amostragem<\/li>\n<li>ABNT\/NBR 15.492 \u2013 Sondagem de reconhecimento para fins de qualidade ambiental &#8211; Procedimento<\/li>\n<li>ABNT\/NBR 15.495 &#8211; Po\u00e7os de monitoramento de \u00e1guas subterr\u00e2neas em aq\u00fc\u00edferos granulados &#8211; Parte 1: Projeto e constru\u00e7\u00e3o<\/li>\n<li>ABNT\/NBR 15515 \u2013 Passivo Ambiental em Solo e \u00e1gua subterr\u00e2nea. Parte 2:Investiga\u00e7\u00e3o confirmat\u00f3ria<\/li>\n<li>ABNT\/NBR 15847- Amostragem de \u00e1gua subterr\u00e2nea em po\u00e7os de monitoramento \u2013 M\u00e9todo de Purga<\/li>\n<li>ABNT\/NBR 15935 &#8211; Investiga\u00e7\u00f5es ambientais \u2014 Aplica\u00e7\u00e3o de m\u00e9todos geof\u00edsicos<\/li>\n<li>ABNT\/NBR 16210 &#8211; Modelo conceitual no gerenciamento de \u00e1reas contaminadas &#8211; Procedimento<\/li>\n<\/ul>\n<\/div><div class=\"fusion-text\"><h4><strong>\u2192 Plano de Monitoramento para Esta\u00e7\u00f5es de Tratamento<\/strong><\/h4>\n<p><img loading=\"lazy\" decoding=\"async\" class=\"alignnone size-full wp-image-1215\" src=\"https:\/\/www.tecma-tecnologia.com.br\/web\/wp-content\/uploads\/2018\/12\/equipamento-de-nanofiltracao.jpg\" alt=\"\" width=\"3872\" height=\"2592\" srcset=\"https:\/\/www.tecma-tecnologia.com.br\/web\/wp-content\/uploads\/2018\/12\/equipamento-de-nanofiltracao-200x134.jpg 200w, https:\/\/www.tecma-tecnologia.com.br\/web\/wp-content\/uploads\/2018\/12\/equipamento-de-nanofiltracao-300x201.jpg 300w, https:\/\/www.tecma-tecnologia.com.br\/web\/wp-content\/uploads\/2018\/12\/equipamento-de-nanofiltracao-400x268.jpg 400w, https:\/\/www.tecma-tecnologia.com.br\/web\/wp-content\/uploads\/2018\/12\/equipamento-de-nanofiltracao-600x402.jpg 600w, https:\/\/www.tecma-tecnologia.com.br\/web\/wp-content\/uploads\/2018\/12\/equipamento-de-nanofiltracao-700x469.jpg 700w, https:\/\/www.tecma-tecnologia.com.br\/web\/wp-content\/uploads\/2018\/12\/equipamento-de-nanofiltracao-768x514.jpg 768w, https:\/\/www.tecma-tecnologia.com.br\/web\/wp-content\/uploads\/2018\/12\/equipamento-de-nanofiltracao-800x536.jpg 800w, https:\/\/www.tecma-tecnologia.com.br\/web\/wp-content\/uploads\/2018\/12\/equipamento-de-nanofiltracao-1024x685.jpg 1024w, https:\/\/www.tecma-tecnologia.com.br\/web\/wp-content\/uploads\/2018\/12\/equipamento-de-nanofiltracao-1200x803.jpg 1200w, https:\/\/www.tecma-tecnologia.com.br\/web\/wp-content\/uploads\/2018\/12\/equipamento-de-nanofiltracao.jpg 3872w\" sizes=\"(max-width: 3872px) 100vw, 3872px\" \/><\/p>\n<p>Nosso trabalho \u00e9 preventivo, se antecipe aos resultados.<\/p>\n<p>O relat\u00f3rio de ensaios n\u00e3o \u00e9 preventivo, \u00e9 necess\u00e1rio se antecipar a qualquer desvio da qualidade do seu efluente. O treinamento t\u00e9cnico\u00a0e a supervis\u00e3o\u00a0s\u00e3o fundamentais.<\/p>\n<p><strong>Conhe\u00e7a nossos planos de monitoramento para sua esta\u00e7\u00e3o de tratamento<\/strong><\/p>\n<\/div>\n<div class=\"table-1\">\n<table width=\"100%\">\n<thead>\n<tr>\n<th style=\"text-align: left;\" align=\"left\"><strong>PLANO B\u00c1SICO<\/strong><\/th>\n<th style=\"text-align: left;\" align=\"left\"><strong>PLANO PLUS<\/strong><\/th>\n<th style=\"text-align: left;\" align=\"left\"><strong>PLANO PERFORMANCE<\/strong><\/th>\n<\/tr>\n<\/thead>\n<tbody>\n<tr>\n<td style=\"text-align: left;\" align=\"left\">\n<p style=\"text-align: left;\">Relat\u00f3rio de Ensaios<\/p>\n<p style=\"text-align: left;\">Interpreta\u00e7\u00e3o de Resultados<\/p>\n<p style=\"text-align: left;\">Gerenciamento de Resultados no sistema INEA<\/p>\n<\/td>\n<td style=\"text-align: left;\" align=\"left\">Plano B\u00e1sico +<\/p>\n<p>Treinamento e certifica\u00e7\u00e3o de operadores<\/p>\n<p>Supervis\u00e3o T\u00e9cnica<\/p>\n<p>Relat\u00f3rio de Supervis\u00e3o com indicadores<\/td>\n<td style=\"text-align: center;\" align=\"left\">\n<p style=\"text-align: left;\">Plano Plus +<\/p>\n<p style=\"text-align: left;\">Opera\u00e7\u00e3o\u00a0pela Equipe TECMA<\/p>\n<p style=\"text-align: left;\">Manuten\u00e7\u00e3o da sua ETE<\/p>\n<p style=\"text-align: left;\">Gest\u00e3o de insumos e res\u00edduos<\/p>\n<p style=\"text-align: left;\">Indicadores de Performance<\/p>\n<\/td>\n<\/tr>\n<\/tbody>\n<\/table>\n<\/div>\n<div class=\"fusion-text\"><h4><strong>Programas de monitoramento de esta\u00e7\u00f5es de tratamento de efluentes industriais e esgotos sanit\u00e1rios e esta\u00e7\u00f5es de tratamento de \u00e1gua<\/strong><\/h4>\n<ul>\n<li>DZ-942.R-7 \u2013 Diretriz do Programa de Autocontrole de Efluentes<\/li>\n<li>NT-202.R10 \u201cCrit\u00e9rios e Padr\u00f5es para Lan\u00e7amento de Eflue e Efluentes L\u00edquidos\u201d (1986)<\/li>\n<li>NT-213.R-4 \u2013 Crit\u00e9rios e Padr\u00f5es para Controle da role da Toxicidade em Efluentes L\u00edquidos Industriais<\/li>\n<li>DZ-205.R6 \u2013 Diretriz de Controle de Carga Org\u00e2nica em Efluentes de Origem Industrial<\/li>\n<\/ul>\n<\/div><div class=\"fusion-text\"><h4><strong>\u2192 Programas de monitoramento de lixiviados e solubilizados<\/strong><\/h4>\n<p><img loading=\"lazy\" decoding=\"async\" class=\"alignnone size-full wp-image-1216\" src=\"https:\/\/www.tecma-tecnologia.com.br\/web\/wp-content\/uploads\/2018\/12\/Amostragem-de-lixiviados-1.png\" alt=\"\" width=\"820\" height=\"312\" srcset=\"https:\/\/www.tecma-tecnologia.com.br\/web\/wp-content\/uploads\/2018\/12\/Amostragem-de-lixiviados-1-200x76.png 200w, https:\/\/www.tecma-tecnologia.com.br\/web\/wp-content\/uploads\/2018\/12\/Amostragem-de-lixiviados-1-300x114.png 300w, https:\/\/www.tecma-tecnologia.com.br\/web\/wp-content\/uploads\/2018\/12\/Amostragem-de-lixiviados-1-400x152.png 400w, https:\/\/www.tecma-tecnologia.com.br\/web\/wp-content\/uploads\/2018\/12\/Amostragem-de-lixiviados-1-600x228.png 600w, https:\/\/www.tecma-tecnologia.com.br\/web\/wp-content\/uploads\/2018\/12\/Amostragem-de-lixiviados-1-700x266.png 700w, https:\/\/www.tecma-tecnologia.com.br\/web\/wp-content\/uploads\/2018\/12\/Amostragem-de-lixiviados-1-768x292.png 768w, https:\/\/www.tecma-tecnologia.com.br\/web\/wp-content\/uploads\/2018\/12\/Amostragem-de-lixiviados-1-800x304.png 800w, https:\/\/www.tecma-tecnologia.com.br\/web\/wp-content\/uploads\/2018\/12\/Amostragem-de-lixiviados-1.png 820w\" sizes=\"(max-width: 820px) 100vw, 820px\" \/><\/p>\n<p>A TECMA atrav\u00e9s dos resultados obtidos na an\u00e1lise \u00e9 poss\u00edvel caracterizar os res\u00edduos qu\u00edmicos orientando na correta destina\u00e7\u00e3o final, de acordo com a ABNT NBR 10.004.<\/p>\n<\/div><div class=\"fusion-text\"><h4><strong>\u2192 Programas de monitoramento da qualidade do ar em ambientes climatizados<\/strong><\/h4>\n<p><img loading=\"lazy\" decoding=\"async\" class=\"alignnone size-full wp-image-1203\" src=\"https:\/\/www.tecma-tecnologia.com.br\/web\/wp-content\/uploads\/2018\/12\/analise-da-qualidade-do-ar-interior-1.png\" alt=\"\" width=\"820\" height=\"312\" srcset=\"https:\/\/www.tecma-tecnologia.com.br\/web\/wp-content\/uploads\/2018\/12\/analise-da-qualidade-do-ar-interior-1-200x76.png 200w, https:\/\/www.tecma-tecnologia.com.br\/web\/wp-content\/uploads\/2018\/12\/analise-da-qualidade-do-ar-interior-1-300x114.png 300w, https:\/\/www.tecma-tecnologia.com.br\/web\/wp-content\/uploads\/2018\/12\/analise-da-qualidade-do-ar-interior-1-400x152.png 400w, https:\/\/www.tecma-tecnologia.com.br\/web\/wp-content\/uploads\/2018\/12\/analise-da-qualidade-do-ar-interior-1-600x228.png 600w, https:\/\/www.tecma-tecnologia.com.br\/web\/wp-content\/uploads\/2018\/12\/analise-da-qualidade-do-ar-interior-1-700x266.png 700w, https:\/\/www.tecma-tecnologia.com.br\/web\/wp-content\/uploads\/2018\/12\/analise-da-qualidade-do-ar-interior-1-768x292.png 768w, https:\/\/www.tecma-tecnologia.com.br\/web\/wp-content\/uploads\/2018\/12\/analise-da-qualidade-do-ar-interior-1-800x304.png 800w, https:\/\/www.tecma-tecnologia.com.br\/web\/wp-content\/uploads\/2018\/12\/analise-da-qualidade-do-ar-interior-1.png 820w\" sizes=\"(max-width: 820px) 100vw, 820px\" \/><\/p>\n<p>Normas e legisla\u00e7\u00f5es pertinentes:<\/p>\n<ul>\n<li>ANVISA &#8211; RESOLU\u00c7\u00c3O-RE N\u00ba 9, DE 16 DE JANEIRO DE 2003 NR09<\/li>\n<li>RE\/ANVISA n\u00ba 176, de 24 de outubro de 2000, sobre Padr\u00f5es Referenciais de Qualidade do Ar Interior em Ambientes Climatizados Artificialmente de Uso P\u00fablico e Coletivo<\/li>\n<li>Portaria GM\/MS n.\u00ba 3.523, de 28 de agosto de 1998;<\/li>\n<li>Portaria n\u00ba 354, de 11 de agosto de 2006 (*) (Republicada no DOU de 21.08.06 e retificada no DOU de 29.08.06) Aprova e promulga o Regimento Interno da Ag\u00eancia Nacional de Vigil\u00e2ncia Sanit\u00e1ria \u2013 ANVISA e da outras provid\u00eancias.<\/li>\n<\/ul>\n<\/div><div class=\"fusion-clearfix\"><\/div>\n\n\t\t\t\t\t<\/div>\n\t\t\t\t<\/div><div  class=\"fusion-layout-column fusion_builder_column fusion_builder_column_1_4  fusion-one-fourth fusion-column-last 1_4\"  style='margin-top:20px;margin-bottom:20px;width:25%;width:calc(25% - ( ( 4% ) * 0.25 ) );'>\n\t\t\t\t\t<div class=\"fusion-column-wrapper\" style=\"padding: 0px 0px 0px 0px;background-position:left top;background-repeat:no-repeat;-webkit-background-size:cover;-moz-background-size:cover;-o-background-size:cover;background-size:cover;\"  data-bg-url=\"\">\n\t\t\t\t\t\t<span class=\"fusion-imageframe imageframe-none imageframe-2 hover-type-none\"><img decoding=\"async\" src=\"https:\/\/www.tecma-tecnologia.com.br\/web\/wp-content\/uploads\/2018\/07\/monitoramentos-div1.jpg\" width=\"202\" height=\"51\" alt=\"\" title=\"monitoramentos-div1\" class=\"img-responsive wp-image-228\" srcset=\"https:\/\/www.tecma-tecnologia.com.br\/web\/wp-content\/uploads\/2018\/07\/monitoramentos-div1-200x50.jpg 200w, https:\/\/www.tecma-tecnologia.com.br\/web\/wp-content\/uploads\/2018\/07\/monitoramentos-div1.jpg 202w\" sizes=\"(max-width: 800px) 100vw, 202px\" \/><\/span><div class=\"fusion-title title fusion-sep-none fusion-title-center fusion-title-size-three\" style=\"margin-top:0px;margin-bottom:31px;\"><h3 class=\"title-heading-center\"><span style=\"font-size: 18px;\"><a href=\"https:\/\/www.tecma-tecnologia.com.br\/web\/pt\/solucoes\/diagnosticos-ambientais\/\">DIAGN\u00d3STICOS AMBIENTAIS E ESTUDOS DE TRATABILIDADE<\/a><\/span><\/h3><\/div><span class=\"fusion-imageframe imageframe-none imageframe-3 hover-type-none\" id=\"quote-bottom\"><img decoding=\"async\" src=\"https:\/\/www.tecma-tecnologia.com.br\/web\/wp-content\/uploads\/2018\/07\/monitoramentos-div2.jpg\" width=\"\" height=\"\" alt=\"\" title=\"\" class=\"img-responsive\"\/><\/span><span style=\"border:1px solid #00bcd4;\" class=\"fusion-imageframe imageframe-none imageframe-4 hover-type-none fusion-animated fusion-no-small-visibility fusion-no-medium-visibility\" data-animationType=\"fadeInLeft\" data-animationDuration=\"0.3\" data-animationOffset=\"100%\"><a class=\"fusion-no-lightbox\" href=\"https:\/\/www.tecma-tecnologia.com.br\/web\/projetos\/prefeitura-do-rio-de-janeiro\/\" target=\"_self\" aria-label=\"FACEBOOK POST LAGOA\"><img decoding=\"async\" src=\"https:\/\/www.tecma-tecnologia.com.br\/web\/wp-content\/uploads\/2018\/12\/facebook-post-lagoa.png\" width=\"940\" height=\"788\" alt=\"\" class=\"img-responsive wp-image-1204\" srcset=\"https:\/\/www.tecma-tecnologia.com.br\/web\/wp-content\/uploads\/2018\/12\/facebook-post-lagoa-200x168.png 200w, https:\/\/www.tecma-tecnologia.com.br\/web\/wp-content\/uploads\/2018\/12\/facebook-post-lagoa-400x335.png 400w, https:\/\/www.tecma-tecnologia.com.br\/web\/wp-content\/uploads\/2018\/12\/facebook-post-lagoa-600x503.png 600w, https:\/\/www.tecma-tecnologia.com.br\/web\/wp-content\/uploads\/2018\/12\/facebook-post-lagoa-800x671.png 800w, https:\/\/www.tecma-tecnologia.com.br\/web\/wp-content\/uploads\/2018\/12\/facebook-post-lagoa.png 940w\" sizes=\"(max-width: 800px) 100vw, 400px\" \/><\/a><\/span><div class=\"fusion-clearfix\"><\/div>\n\n\t\t\t\t\t<\/div>\n\t\t\t\t<\/div><\/div><\/div><\/p>\n","protected":false},"excerpt":{"rendered":"","protected":false},"author":1,"featured_media":0,"parent":433,"menu_order":0,"comment_status":"closed","ping_status":"closed","template":"","meta":{"_mi_skip_tracking":false,"spay_email":"","footnotes":""},"class_list":["post-222","page","type-page","status-publish","hentry"],"yoast_head":"<!-- This site is optimized with the Yoast SEO plugin v20.2.1 - https:\/\/yoast.com\/wordpress\/plugins\/seo\/ -->\n<title>Monitoramentos Ambientais - TECMA Tecnologia<\/title>\n<meta name=\"description\" content=\"A TECMA realiza monitoramentos ambientais em \u00e1guas, efluentes, solos, ar, assim como servi\u00e7os de passivos ambientais.Confira nossos servi\u00e7os ambientais.\" \/>\n<meta name=\"robots\" content=\"index, follow, max-snippet:-1, max-image-preview:large, max-video-preview:-1\" \/>\n<link rel=\"canonical\" href=\"https:\/\/www.tecma-tecnologia.com.br\/web\/solucoes-ambientais\/monitoramentos-ambientais\/\" \/>\n<meta property=\"og:locale\" content=\"pt_BR\" \/>\n<meta property=\"og:type\" content=\"article\" \/>\n<meta property=\"og:title\" content=\"Monitoramentos Ambientais - TECMA Tecnologia\" \/>\n<meta property=\"og:description\" content=\"A TECMA realiza monitoramentos ambientais em \u00e1guas, efluentes, solos, ar, assim como servi\u00e7os de passivos ambientais.Confira nossos servi\u00e7os ambientais.\" \/>\n<meta property=\"og:url\" content=\"https:\/\/www.tecma-tecnologia.com.br\/web\/solucoes-ambientais\/monitoramentos-ambientais\/\" \/>\n<meta property=\"og:site_name\" content=\"TECMA Tecnologia\" \/>\n<meta property=\"article:modified_time\" content=\"2025-03-21T19:35:02+00:00\" \/>\n<meta property=\"og:image\" content=\"https:\/\/www.tecma-tecnologia.com.br\/web\/wp-content\/uploads\/2018\/12\/monitoramento-de-passivos.png\" \/>\n<meta name=\"twitter:card\" content=\"summary_large_image\" \/>\n<meta name=\"twitter:label1\" content=\"Est. tempo de leitura\" \/>\n\t<meta name=\"twitter:data1\" content=\"6 minutos\" \/>\n<script type=\"application\/ld+json\" class=\"yoast-schema-graph\">{\"@context\":\"https:\/\/schema.org\",\"@graph\":[{\"@type\":\"WebPage\",\"@id\":\"https:\/\/www.tecma-tecnologia.com.br\/web\/solucoes-ambientais\/monitoramentos-ambientais\/\",\"url\":\"https:\/\/www.tecma-tecnologia.com.br\/web\/solucoes-ambientais\/monitoramentos-ambientais\/\",\"name\":\"Monitoramentos Ambientais - TECMA Tecnologia\",\"isPartOf\":{\"@id\":\"https:\/\/www.tecma-tecnologia.com.br\/web\/#website\"},\"datePublished\":\"2018-07-19T00:06:25+00:00\",\"dateModified\":\"2025-03-21T19:35:02+00:00\",\"description\":\"A TECMA realiza monitoramentos ambientais em \u00e1guas, efluentes, solos, ar, assim como servi\u00e7os de passivos ambientais.Confira nossos servi\u00e7os ambientais.\",\"breadcrumb\":{\"@id\":\"https:\/\/www.tecma-tecnologia.com.br\/web\/solucoes-ambientais\/monitoramentos-ambientais\/#breadcrumb\"},\"inLanguage\":\"pt-BR\",\"potentialAction\":[{\"@type\":\"ReadAction\",\"target\":[\"https:\/\/www.tecma-tecnologia.com.br\/web\/solucoes-ambientais\/monitoramentos-ambientais\/\"]}]},{\"@type\":\"BreadcrumbList\",\"@id\":\"https:\/\/www.tecma-tecnologia.com.br\/web\/solucoes-ambientais\/monitoramentos-ambientais\/#breadcrumb\",\"itemListElement\":[{\"@type\":\"ListItem\",\"position\":1,\"name\":\"Home\",\"item\":\"https:\/\/www.tecma-tecnologia.com.br\/web\/\"},{\"@type\":\"ListItem\",\"position\":2,\"name\":\"Solu\u00e7\u00f5es Ambientais\",\"item\":\"https:\/\/www.tecma-tecnologia.com.br\/web\/solucoes-ambientais\/\"},{\"@type\":\"ListItem\",\"position\":3,\"name\":\"Monitoramentos Ambientais\"}]},{\"@type\":\"WebSite\",\"@id\":\"https:\/\/www.tecma-tecnologia.com.br\/web\/#website\",\"url\":\"https:\/\/www.tecma-tecnologia.com.br\/web\/\",\"name\":\"TECMA Tecnologia\",\"description\":\"\",\"potentialAction\":[{\"@type\":\"SearchAction\",\"target\":{\"@type\":\"EntryPoint\",\"urlTemplate\":\"https:\/\/www.tecma-tecnologia.com.br\/web\/?s={search_term_string}\"},\"query-input\":\"required name=search_term_string\"}],\"inLanguage\":\"pt-BR\"}]}<\/script>\n<!-- \/ Yoast SEO plugin. -->","yoast_head_json":{"title":"Monitoramentos Ambientais - TECMA Tecnologia","description":"A TECMA realiza monitoramentos ambientais em \u00e1guas, efluentes, solos, ar, assim como servi\u00e7os de passivos ambientais.Confira nossos servi\u00e7os ambientais.","robots":{"index":"index","follow":"follow","max-snippet":"max-snippet:-1","max-image-preview":"max-image-preview:large","max-video-preview":"max-video-preview:-1"},"canonical":"https:\/\/www.tecma-tecnologia.com.br\/web\/solucoes-ambientais\/monitoramentos-ambientais\/","og_locale":"pt_BR","og_type":"article","og_title":"Monitoramentos Ambientais - TECMA Tecnologia","og_description":"A TECMA realiza monitoramentos ambientais em \u00e1guas, efluentes, solos, ar, assim como servi\u00e7os de passivos ambientais.Confira nossos servi\u00e7os ambientais.","og_url":"https:\/\/www.tecma-tecnologia.com.br\/web\/solucoes-ambientais\/monitoramentos-ambientais\/","og_site_name":"TECMA Tecnologia","article_modified_time":"2025-03-21T19:35:02+00:00","og_image":[{"url":"https:\/\/www.tecma-tecnologia.com.br\/web\/wp-content\/uploads\/2018\/12\/monitoramento-de-passivos.png"}],"twitter_card":"summary_large_image","twitter_misc":{"Est. tempo de leitura":"6 minutos"},"schema":{"@context":"https:\/\/schema.org","@graph":[{"@type":"WebPage","@id":"https:\/\/www.tecma-tecnologia.com.br\/web\/solucoes-ambientais\/monitoramentos-ambientais\/","url":"https:\/\/www.tecma-tecnologia.com.br\/web\/solucoes-ambientais\/monitoramentos-ambientais\/","name":"Monitoramentos Ambientais - TECMA Tecnologia","isPartOf":{"@id":"https:\/\/www.tecma-tecnologia.com.br\/web\/#website"},"datePublished":"2018-07-19T00:06:25+00:00","dateModified":"2025-03-21T19:35:02+00:00","description":"A TECMA realiza monitoramentos ambientais em \u00e1guas, efluentes, solos, ar, assim como servi\u00e7os de passivos ambientais.Confira nossos servi\u00e7os ambientais.","breadcrumb":{"@id":"https:\/\/www.tecma-tecnologia.com.br\/web\/solucoes-ambientais\/monitoramentos-ambientais\/#breadcrumb"},"inLanguage":"pt-BR","potentialAction":[{"@type":"ReadAction","target":["https:\/\/www.tecma-tecnologia.com.br\/web\/solucoes-ambientais\/monitoramentos-ambientais\/"]}]},{"@type":"BreadcrumbList","@id":"https:\/\/www.tecma-tecnologia.com.br\/web\/solucoes-ambientais\/monitoramentos-ambientais\/#breadcrumb","itemListElement":[{"@type":"ListItem","position":1,"name":"Home","item":"https:\/\/www.tecma-tecnologia.com.br\/web\/"},{"@type":"ListItem","position":2,"name":"Solu\u00e7\u00f5es Ambientais","item":"https:\/\/www.tecma-tecnologia.com.br\/web\/solucoes-ambientais\/"},{"@type":"ListItem","position":3,"name":"Monitoramentos Ambientais"}]},{"@type":"WebSite","@id":"https:\/\/www.tecma-tecnologia.com.br\/web\/#website","url":"https:\/\/www.tecma-tecnologia.com.br\/web\/","name":"TECMA Tecnologia","description":"","potentialAction":[{"@type":"SearchAction","target":{"@type":"EntryPoint","urlTemplate":"https:\/\/www.tecma-tecnologia.com.br\/web\/?s={search_term_string}"},"query-input":"required name=search_term_string"}],"inLanguage":"pt-BR"}]}},"_links":{"self":[{"href":"https:\/\/www.tecma-tecnologia.com.br\/web\/wp-json\/wp\/v2\/pages\/222","targetHints":{"allow":["GET"]}}],"collection":[{"href":"https:\/\/www.tecma-tecnologia.com.br\/web\/wp-json\/wp\/v2\/pages"}],"about":[{"href":"https:\/\/www.tecma-tecnologia.com.br\/web\/wp-json\/wp\/v2\/types\/page"}],"author":[{"embeddable":true,"href":"https:\/\/www.tecma-tecnologia.com.br\/web\/wp-json\/wp\/v2\/users\/1"}],"replies":[{"embeddable":true,"href":"https:\/\/www.tecma-tecnologia.com.br\/web\/wp-json\/wp\/v2\/comments?post=222"}],"version-history":[{"count":3,"href":"https:\/\/www.tecma-tecnologia.com.br\/web\/wp-json\/wp\/v2\/pages\/222\/revisions"}],"predecessor-version":[{"id":4925,"href":"https:\/\/www.tecma-tecnologia.com.br\/web\/wp-json\/wp\/v2\/pages\/222\/revisions\/4925"}],"up":[{"embeddable":true,"href":"https:\/\/www.tecma-tecnologia.com.br\/web\/wp-json\/wp\/v2\/pages\/433"}],"wp:attachment":[{"href":"https:\/\/www.tecma-tecnologia.com.br\/web\/wp-json\/wp\/v2\/media?parent=222"}],"curies":[{"name":"wp","href":"https:\/\/api.w.org\/{rel}","templated":true}]}}