{"id":203,"date":"2018-07-09T21:46:55","date_gmt":"2018-07-10T00:46:55","guid":{"rendered":"http:\/\/www.tecma-tecnologia.com.br\/web\/?page_id=203"},"modified":"2024-04-02T15:59:08","modified_gmt":"2024-04-02T18:59:08","slug":"efluentes-industriais","status":"publish","type":"page","link":"https:\/\/www.tecma-tecnologia.com.br\/web\/engenharia\/efluentes-industriais\/","title":{"rendered":"Tratamento de Efluentes Industriais"},"content":{"rendered":"<p><div class=\"fusion-fullwidth fullwidth-box nonhundred-percent-fullwidth non-hundred-percent-height-scrolling\"  style='background-color: rgba(255,255,255,0);background-position: center center;background-repeat: no-repeat;padding-top:0px;padding-right:0px;padding-bottom:0px;padding-left:0px;'><div class=\"fusion-builder-row fusion-row \"><div  class=\"fusion-layout-column fusion_builder_column fusion_builder_column_1_1  fusion-one-full fusion-column-first fusion-column-last 1_1\"  style='margin-top:0px;margin-bottom:20px;'>\n\t\t\t\t\t<div class=\"fusion-column-wrapper\" style=\"padding: 0px 0px 0px 0px;background-position:left top;background-repeat:no-repeat;-webkit-background-size:cover;-moz-background-size:cover;-o-background-size:cover;background-size:cover;\"  data-bg-url=\"\">\n\t\t\t\t\t\t<div class=\"fusion-title title fusion-sep-none fusion-title-size-one\" style=\"margin-top:0px;margin-bottom:31px;\"><h1 class=\"title-heading-left\"><h3>Tratamento Efluentes Industriais<\/h3><\/h1><\/div><div class=\"imageframe-align-center\"><span class=\"fusion-imageframe imageframe-none imageframe-1 hover-type-none\"><img fetchpriority=\"high\" fetchpriority=\"high\" decoding=\"async\" src=\"https:\/\/www.tecma-tecnologia.com.br\/web\/wp-content\/uploads\/2018\/12\/sistemas-de-tratamento-1.png\" width=\"1500\" height=\"500\" alt=\"\" title=\"Sistemas de Tratamento (1)\" class=\"img-responsive wp-image-1412\" srcset=\"https:\/\/www.tecma-tecnologia.com.br\/web\/wp-content\/uploads\/2018\/12\/sistemas-de-tratamento-1-200x67.png 200w, https:\/\/www.tecma-tecnologia.com.br\/web\/wp-content\/uploads\/2018\/12\/sistemas-de-tratamento-1-400x133.png 400w, https:\/\/www.tecma-tecnologia.com.br\/web\/wp-content\/uploads\/2018\/12\/sistemas-de-tratamento-1-600x200.png 600w, https:\/\/www.tecma-tecnologia.com.br\/web\/wp-content\/uploads\/2018\/12\/sistemas-de-tratamento-1-800x267.png 800w, https:\/\/www.tecma-tecnologia.com.br\/web\/wp-content\/uploads\/2018\/12\/sistemas-de-tratamento-1-1200x400.png 1200w, https:\/\/www.tecma-tecnologia.com.br\/web\/wp-content\/uploads\/2018\/12\/sistemas-de-tratamento-1.png 1500w\" sizes=\"(max-width: 800px) 100vw, 1200px\" \/><\/span><\/div><div class=\"fusion-clearfix\"><\/div>\n\n\t\t\t\t\t<\/div>\n\t\t\t\t<\/div><\/div><\/div><div class=\"fusion-fullwidth fullwidth-box nonhundred-percent-fullwidth non-hundred-percent-height-scrolling\"  style='background-color: rgba(255,255,255,0);background-position: center center;background-repeat: no-repeat;padding-top:0px;padding-right:0px;padding-bottom:0px;padding-left:0px;'><div class=\"fusion-builder-row fusion-row \"><div  class=\"fusion-layout-column fusion_builder_column fusion_builder_column_1_1  fusion-one-full fusion-column-first fusion-column-last 1_1\"  style='margin-top:0px;margin-bottom:20px;'>\n\t\t\t\t\t<div class=\"fusion-column-wrapper\" style=\"padding: 0px 0px 0px 0px;background-position:left top;background-repeat:no-repeat;-webkit-background-size:cover;-moz-background-size:cover;-o-background-size:cover;background-size:cover;\"  data-bg-url=\"\">\n\t\t\t\t\t\t<div class=\"fusion-text\"><h4>Esta\u00e7\u00f5es de Tratamento de Efluentes Industriais<\/h4>\n<p>A <strong>TECMA\u00a0<\/strong>desenvolve equipamentos e esta\u00e7\u00f5es de tratamento para as mais diversas matrizes industriais, atrav\u00e9s da sua equipe de processos e de projetos com foco no mercado de \u00e1guas e efluentes desde 1986.<\/p>\n<p>Uma Esta\u00e7\u00e3o de Tratamento de Efluentes pode ser composta por diferentes processos de tratamento dependendo da necessidade e dos limites estabelecidos pelo \u00f3rg\u00e3o ambiental.<\/p>\n<p>\u21d2 Os efluentes l\u00edquidos possuem caracter\u00edsticas muito espec\u00edficas, de modo que cada tipologia industrial necessita ser caracterizada para o correto dimensionamento da esta\u00e7\u00e3o de tratamento.<\/p>\n<p>Os <a href=\"https:\/\/www.tecma-tecnologia.com.br\/web\/posts\/industria-de-bebidas\/\">Estudos de Tratabilidade<\/a> fazem parte da caracteriza\u00e7\u00e3o dos efluentes l\u00edquidos industriais. Novas tecnologias e processos s\u00e3o testados para o correto desenvolvimento do fluxo de processo que ser\u00e1 aplicado a determinado efluente. Toda a efici\u00eancia da esta\u00e7\u00e3o de tratamento \u00e9 previamente estudada !!!<\/p>\n<p>\u21d2 O registro de informa\u00e7\u00f5es, dados e observa\u00e7\u00f5es acerca do estudo \u00e9 fundamental para a especifica\u00e7\u00e3o de equipamentos e para os c\u00e1lculos inseridos no projeto.<\/p>\n<p>Al\u00e9m dos Efluentes Industriais a TECMA projeta e constr\u00f3i sISTEMAS de Tratamento para:<\/p>\n<ul>\n<li><a href=\"https:\/\/www.tecma-tecnologia.com.br\/web\/estacao-de-tratamento-de-agua\/\">Abastecimento e tratamento de \u00e1gua pot\u00e1vel &#8211; ETA<\/a><\/li>\n<li><a href=\"https:\/\/www.tecma-tecnologia.com.br\/web\/solucoes\/estacao-de-tratamento-de-esgoto-sanitario\/\">Esta\u00e7\u00f5es de Tratamento de Esgoto Sanit\u00e1rio- ETE<\/a><\/li>\n<li><a href=\"https:\/\/www.tecma-tecnologia.com.br\/web\/solucoes\/reuso-de-agua\/\">Re\u00faso de \u00c1gua<\/a><\/li>\n<li>Controle de Odores<\/li>\n<\/ul>\n<p>Hoje oferecemos uma <a href=\"https:\/\/www.tecma-tecnologia.com.br\/web\/solucoes-ambientais\/linha-de-produtos-tecma\/\">linha de produtos<\/a> que podem constituir seu sistema de tratamento. Oferecemos tamb\u00e9m plantas em<a href=\"https:\/\/www.tecma-tecnologia.com.br\/web\/tratamento-de-efluentes-em-conteiner\/\"><em> cont\u00eainer <\/em><\/a>\u00a0que s\u00e3o sistemas de tratamento compactos dentro de um ou mais cont\u00eaineres com objetivo de ser uma solu\u00e7\u00e3o m\u00f3vel e <em>plug and play<\/em> .<\/p>\n<p>Nosso objetivo \u00e9 oferecer ao cliente a op\u00e7\u00e3o da customiza\u00e7\u00e3o , quando envolve uma grande mobiliza\u00e7\u00e3o da equipe de gerenciamento de projetos e da engenharia de processos, quanto solu\u00e7\u00f5es compactas em nossa linha de produtos, na qual padronizamos etapas do processos de tratamento em cada produto.<\/p>\n<\/div><span class=\"fusion-imageframe imageframe-none imageframe-2 hover-type-none\"><a class=\"fusion-no-lightbox\" href=\"https:\/\/www.tecma-tecnologia.com.br\/web\/sistemas-de-tratamento\/\" target=\"_self\"><img decoding=\"async\" src=\"https:\/\/www.tecma-tecnologia.com.br\/web\/wp-content\/uploads\/2018\/12\/banner-linha-de-produtos-tecma.png\" width=\"\" height=\"\" alt=\"produtos TECMA\" class=\"img-responsive\"\/><\/a><\/span><div class=\"fusion-clearfix\"><\/div>\n\n\t\t\t\t\t<\/div>\n\t\t\t\t<\/div><div id=\"blackandwhite\" class=\"fusion-layout-column fusion_builder_column fusion_builder_column_1_4  fusion-one-fourth fusion-column-first 1_4\"  style='margin-top:0px;margin-bottom:0px;'>\n\t\t\t\t\t<div class=\"fusion-column-wrapper\" style=\"padding: 0px 0px 0px 0px;background-position:left top;background-repeat:no-repeat;-webkit-background-size:cover;-moz-background-size:cover;-o-background-size:cover;background-size:cover;\"  data-bg-url=\"\">\n\t\t\t\t\t\t<div class=\"imageframe-align-center\"><span style=\"border:1px solid #ffffff;\" class=\"fusion-imageframe imageframe-none imageframe-3 hover-type-none darken\"><a class=\"fusion-no-lightbox\" href=\"https:\/\/www.tecma-tecnologia.com.br\/web\/pt\/engenharia\/sistemas-de-tratamento\/industria-alimenticia\/\" target=\"_self\" aria-label=\"Ind\u00fastria Aliment\u00edcia\"><img decoding=\"async\" src=\"https:\/\/www.tecma-tecnologia.com.br\/web\/wp-content\/uploads\/2018\/07\/industria-alimenticia.jpg\" width=\"207\" height=\"185\" alt=\"Ind\u00fastria Aliment\u00edcia\" class=\"img-responsive wp-image-316\" srcset=\"https:\/\/www.tecma-tecnologia.com.br\/web\/wp-content\/uploads\/2018\/07\/industria-alimenticia-200x179.jpg 200w, https:\/\/www.tecma-tecnologia.com.br\/web\/wp-content\/uploads\/2018\/07\/industria-alimenticia.jpg 207w\" sizes=\"(max-width: 800px) 100vw, 207px\" \/><\/a><\/span><\/div><div class=\"fusion-clearfix\"><\/div>\n\n\t\t\t\t\t<\/div>\n\t\t\t\t<\/div><div  class=\"fusion-layout-column fusion_builder_column fusion_builder_column_1_4  fusion-one-fourth 1_4\"  style='margin-top:0px;margin-bottom:0px;'>\n\t\t\t\t\t<div class=\"fusion-column-wrapper\" style=\"padding: 0px 0px 0px 0px;background-position:left top;background-repeat:no-repeat;-webkit-background-size:cover;-moz-background-size:cover;-o-background-size:cover;background-size:cover;\"  data-bg-url=\"\">\n\t\t\t\t\t\t<div class=\"imageframe-align-center\"><span style=\"border:1px solid #ffffff;\" class=\"fusion-imageframe imageframe-none imageframe-4 hover-type-none\" id=\"blackandwhite\"><a class=\"fusion-no-lightbox\" href=\"https:\/\/www.tecma-tecnologia.com.br\/web\/pt\/engenharia\/sistemas-de-tratamento\/industria-farmaceutica\/\" target=\"_self\" aria-label=\"segmentos-bt02\"><img decoding=\"async\" src=\"https:\/\/www.tecma-tecnologia.com.br\/web\/wp-content\/uploads\/2018\/07\/segmentos-bt02-1.jpg\" width=\"207\" height=\"185\" alt=\"\" class=\"img-responsive wp-image-317\" srcset=\"https:\/\/www.tecma-tecnologia.com.br\/web\/wp-content\/uploads\/2018\/07\/segmentos-bt02-1-200x179.jpg 200w, https:\/\/www.tecma-tecnologia.com.br\/web\/wp-content\/uploads\/2018\/07\/segmentos-bt02-1.jpg 207w\" sizes=\"(max-width: 800px) 100vw, 207px\" \/><\/a><\/span><\/div><div class=\"fusion-clearfix\"><\/div>\n\n\t\t\t\t\t<\/div>\n\t\t\t\t<\/div><div  class=\"fusion-layout-column fusion_builder_column fusion_builder_column_1_4  fusion-one-fourth 1_4\"  style='margin-top:0px;margin-bottom:0px;'>\n\t\t\t\t\t<div class=\"fusion-column-wrapper\" style=\"padding: 0px 0px 0px 0px;background-position:left top;background-repeat:no-repeat;-webkit-background-size:cover;-moz-background-size:cover;-o-background-size:cover;background-size:cover;\"  data-bg-url=\"\">\n\t\t\t\t\t\t<div class=\"imageframe-align-center\"><span style=\"border:1px solid #ffffff;\" class=\"fusion-imageframe imageframe-none imageframe-5 hover-type-none\" id=\"blackandwhite\"><a class=\"fusion-no-lightbox\" href=\"https:\/\/www.tecma-tecnologia.com.br\/web\/pt\/engenharia\/sistemas-de-tratamento\/mineracao\/\" target=\"_self\" aria-label=\"segmentos-bt03\"><img loading=\"lazy\" loading=\"lazy\" decoding=\"async\" src=\"https:\/\/www.tecma-tecnologia.com.br\/web\/wp-content\/uploads\/2018\/07\/segmentos-bt03-1.jpg\" width=\"206\" height=\"185\" alt=\"\" class=\"img-responsive wp-image-318\" srcset=\"https:\/\/www.tecma-tecnologia.com.br\/web\/wp-content\/uploads\/2018\/07\/segmentos-bt03-1-200x180.jpg 200w, https:\/\/www.tecma-tecnologia.com.br\/web\/wp-content\/uploads\/2018\/07\/segmentos-bt03-1.jpg 206w\" sizes=\"auto, (max-width: 800px) 100vw, 206px\" \/><\/a><\/span><\/div><div class=\"fusion-clearfix\"><\/div>\n\n\t\t\t\t\t<\/div>\n\t\t\t\t<\/div><div  class=\"fusion-layout-column fusion_builder_column fusion_builder_column_1_4  fusion-one-fourth fusion-column-last 1_4\"  style='margin-top:0px;margin-bottom:0px;'>\n\t\t\t\t\t<div class=\"fusion-column-wrapper\" style=\"padding: 0px 0px 0px 0px;background-position:left top;background-repeat:no-repeat;-webkit-background-size:cover;-moz-background-size:cover;-o-background-size:cover;background-size:cover;\"  data-bg-url=\"\">\n\t\t\t\t\t\t<div class=\"imageframe-align-center\"><span style=\"border:1px solid #ffffff;\" class=\"fusion-imageframe imageframe-none imageframe-6 hover-type-none\" id=\"blackandwhite\"><a class=\"fusion-no-lightbox\" href=\"https:\/\/www.tecma-tecnologia.com.br\/web\/pt\/engenharia\/sistemas-de-tratamento\/logistica\/\" target=\"_self\" aria-label=\"segmentos-bt04\"><img loading=\"lazy\" loading=\"lazy\" decoding=\"async\" src=\"https:\/\/www.tecma-tecnologia.com.br\/web\/wp-content\/uploads\/2018\/07\/segmentos-bt04-1.jpg\" width=\"207\" height=\"185\" alt=\"\" class=\"img-responsive wp-image-319\" srcset=\"https:\/\/www.tecma-tecnologia.com.br\/web\/wp-content\/uploads\/2018\/07\/segmentos-bt04-1-200x179.jpg 200w, https:\/\/www.tecma-tecnologia.com.br\/web\/wp-content\/uploads\/2018\/07\/segmentos-bt04-1.jpg 207w\" sizes=\"auto, (max-width: 800px) 100vw, 207px\" \/><\/a><\/span><\/div><div class=\"fusion-clearfix\"><\/div>\n\n\t\t\t\t\t<\/div>\n\t\t\t\t<\/div><div  class=\"fusion-layout-column fusion_builder_column fusion_builder_column_1_4  fusion-one-fourth fusion-column-first 1_4\"  style='margin-top:0px;margin-bottom:20px;'>\n\t\t\t\t\t<div class=\"fusion-column-wrapper\" style=\"padding: 0px 0px 0px 0px;background-position:left top;background-repeat:no-repeat;-webkit-background-size:cover;-moz-background-size:cover;-o-background-size:cover;background-size:cover;\"  data-bg-url=\"\">\n\t\t\t\t\t\t<div class=\"imageframe-align-center\"><span style=\"border:1px solid #ffffff;\" class=\"fusion-imageframe imageframe-none imageframe-7 hover-type-none\" id=\"blackandwhite\"><a class=\"fusion-no-lightbox\" href=\"https:\/\/www.tecma-tecnologia.com.br\/web\/pt\/engenharia\/sistemas-de-tratamento\/aterro-sanitario\/\" target=\"_self\" aria-label=\"segmentos-bt05\"><img loading=\"lazy\" loading=\"lazy\" decoding=\"async\" src=\"https:\/\/www.tecma-tecnologia.com.br\/web\/wp-content\/uploads\/2018\/07\/segmentos-bt05-1.jpg\" width=\"207\" height=\"185\" alt=\"\" class=\"img-responsive wp-image-320\" srcset=\"https:\/\/www.tecma-tecnologia.com.br\/web\/wp-content\/uploads\/2018\/07\/segmentos-bt05-1-200x179.jpg 200w, https:\/\/www.tecma-tecnologia.com.br\/web\/wp-content\/uploads\/2018\/07\/segmentos-bt05-1.jpg 207w\" sizes=\"auto, (max-width: 800px) 100vw, 207px\" \/><\/a><\/span><\/div><div class=\"fusion-clearfix\"><\/div>\n\n\t\t\t\t\t<\/div>\n\t\t\t\t<\/div><div  class=\"fusion-layout-column fusion_builder_column fusion_builder_column_1_4  fusion-one-fourth 1_4\"  style='margin-top:0px;margin-bottom:20px;'>\n\t\t\t\t\t<div class=\"fusion-column-wrapper\" style=\"padding: 0px 0px 0px 0px;background-position:left top;background-repeat:no-repeat;-webkit-background-size:cover;-moz-background-size:cover;-o-background-size:cover;background-size:cover;\"  data-bg-url=\"\">\n\t\t\t\t\t\t<div class=\"imageframe-align-center\"><span style=\"border:1px solid #ffffff;\" class=\"fusion-imageframe imageframe-none imageframe-8 hover-type-none\" id=\"blackandwhite\"><a class=\"fusion-no-lightbox\" href=\"https:\/\/www.tecma-tecnologia.com.br\/web\/pt\/engenharia\/sistemas-de-tratamento\/reuso\/\" target=\"_self\" aria-label=\"segmentos-bt06\"><img loading=\"lazy\" loading=\"lazy\" decoding=\"async\" src=\"https:\/\/www.tecma-tecnologia.com.br\/web\/wp-content\/uploads\/2018\/07\/segmentos-bt06-1.jpg\" width=\"207\" height=\"185\" alt=\"\" class=\"img-responsive wp-image-321\" srcset=\"https:\/\/www.tecma-tecnologia.com.br\/web\/wp-content\/uploads\/2018\/07\/segmentos-bt06-1-200x179.jpg 200w, https:\/\/www.tecma-tecnologia.com.br\/web\/wp-content\/uploads\/2018\/07\/segmentos-bt06-1.jpg 207w\" sizes=\"auto, (max-width: 800px) 100vw, 207px\" \/><\/a><\/span><\/div><div class=\"fusion-clearfix\"><\/div>\n\n\t\t\t\t\t<\/div>\n\t\t\t\t<\/div><div  class=\"fusion-layout-column fusion_builder_column fusion_builder_column_1_4  fusion-one-fourth 1_4\"  style='margin-top:0px;margin-bottom:20px;'>\n\t\t\t\t\t<div class=\"fusion-column-wrapper\" style=\"padding: 0px 0px 0px 0px;background-position:left top;background-repeat:no-repeat;-webkit-background-size:cover;-moz-background-size:cover;-o-background-size:cover;background-size:cover;\"  data-bg-url=\"\">\n\t\t\t\t\t\t<div class=\"imageframe-align-center\"><span style=\"border:1px solid #ffffff;\" class=\"fusion-imageframe imageframe-none imageframe-9 hover-type-none\" id=\"blackandwhite\"><a class=\"fusion-no-lightbox\" href=\"https:\/\/www.tecma-tecnologia.com.br\/web\/pt\/engenharia\/sistemas-de-tratamento\/industria-quimica\/\" target=\"_self\" aria-label=\"segmentos-bt07\"><img loading=\"lazy\" loading=\"lazy\" decoding=\"async\" src=\"https:\/\/www.tecma-tecnologia.com.br\/web\/wp-content\/uploads\/2018\/07\/segmentos-bt07-1.jpg\" width=\"206\" height=\"185\" alt=\"\" class=\"img-responsive wp-image-322\" srcset=\"https:\/\/www.tecma-tecnologia.com.br\/web\/wp-content\/uploads\/2018\/07\/segmentos-bt07-1-200x180.jpg 200w, https:\/\/www.tecma-tecnologia.com.br\/web\/wp-content\/uploads\/2018\/07\/segmentos-bt07-1.jpg 206w\" sizes=\"auto, (max-width: 800px) 100vw, 206px\" \/><\/a><\/span><\/div><div class=\"fusion-clearfix\"><\/div>\n\n\t\t\t\t\t<\/div>\n\t\t\t\t<\/div><div  class=\"fusion-layout-column fusion_builder_column fusion_builder_column_1_4  fusion-one-fourth fusion-column-last 1_4\"  style='margin-top:0px;margin-bottom:20px;'>\n\t\t\t\t\t<div class=\"fusion-column-wrapper\" style=\"padding: 0px 0px 0px 0px;background-position:left top;background-repeat:no-repeat;-webkit-background-size:cover;-moz-background-size:cover;-o-background-size:cover;background-size:cover;\"  data-bg-url=\"\">\n\t\t\t\t\t\t<div class=\"imageframe-align-center\"><span style=\"border:1px solid #ffffff;\" class=\"fusion-imageframe imageframe-none imageframe-10 hover-type-none\" id=\"blackandwhite\"><a class=\"fusion-no-lightbox\" href=\"https:\/\/www.tecma-tecnologia.com.br\/web\/pt\/engenharia\/sistemas-de-tratamento\/texteis\/\" target=\"_self\" aria-label=\"segmentos-bt08\"><img loading=\"lazy\" loading=\"lazy\" decoding=\"async\" src=\"https:\/\/www.tecma-tecnologia.com.br\/web\/wp-content\/uploads\/2018\/07\/segmentos-bt08-1.jpg\" width=\"207\" height=\"185\" alt=\"\" class=\"img-responsive wp-image-323\" srcset=\"https:\/\/www.tecma-tecnologia.com.br\/web\/wp-content\/uploads\/2018\/07\/segmentos-bt08-1-200x179.jpg 200w, https:\/\/www.tecma-tecnologia.com.br\/web\/wp-content\/uploads\/2018\/07\/segmentos-bt08-1.jpg 207w\" sizes=\"auto, (max-width: 800px) 100vw, 207px\" \/><\/a><\/span><\/div><div class=\"fusion-clearfix\"><\/div>\n\n\t\t\t\t\t<\/div>\n\t\t\t\t<\/div><\/div><\/div><\/p>\n","protected":false},"excerpt":{"rendered":"","protected":false},"author":1,"featured_media":0,"parent":373,"menu_order":0,"comment_status":"closed","ping_status":"closed","template":"","meta":{"_mi_skip_tracking":false,"spay_email":"","footnotes":""},"class_list":["post-203","page","type-page","status-publish","hentry"],"yoast_head":"<!-- This site is optimized with the Yoast SEO plugin v20.2.1 - https:\/\/yoast.com\/wordpress\/plugins\/seo\/ -->\n<title>Tratamento de Efluentes Industriais - TECMA Tecnologia<\/title>\n<meta name=\"description\" content=\"A TECMA oferece diversas solu\u00e7\u00f5es para o tratamento de efluentes industriais. Conhe\u00e7a todas as nossas solu\u00e7\u00f5es e estudos de caso para cada ind\u00fastria.\" \/>\n<meta name=\"robots\" content=\"index, follow, max-snippet:-1, max-image-preview:large, max-video-preview:-1\" \/>\n<link rel=\"canonical\" href=\"https:\/\/www.tecma-tecnologia.com.br\/web\/engenharia\/efluentes-industriais\/\" \/>\n<meta property=\"og:locale\" content=\"pt_BR\" \/>\n<meta property=\"og:type\" content=\"article\" \/>\n<meta property=\"og:title\" content=\"Tratamento de Efluentes Industriais - TECMA Tecnologia\" \/>\n<meta property=\"og:description\" content=\"A TECMA oferece diversas solu\u00e7\u00f5es para o tratamento de efluentes industriais. Conhe\u00e7a todas as nossas solu\u00e7\u00f5es e estudos de caso para cada ind\u00fastria.\" \/>\n<meta property=\"og:url\" content=\"https:\/\/www.tecma-tecnologia.com.br\/web\/engenharia\/efluentes-industriais\/\" \/>\n<meta property=\"og:site_name\" content=\"TECMA Tecnologia\" \/>\n<meta property=\"article:modified_time\" content=\"2024-04-02T18:59:08+00:00\" \/>\n<meta name=\"twitter:card\" content=\"summary_large_image\" \/>\n<meta name=\"twitter:label1\" content=\"Est. tempo de leitura\" \/>\n\t<meta name=\"twitter:data1\" content=\"5 minutos\" \/>\n<script type=\"application\/ld+json\" class=\"yoast-schema-graph\">{\"@context\":\"https:\/\/schema.org\",\"@graph\":[{\"@type\":\"WebPage\",\"@id\":\"https:\/\/www.tecma-tecnologia.com.br\/web\/engenharia\/efluentes-industriais\/\",\"url\":\"https:\/\/www.tecma-tecnologia.com.br\/web\/engenharia\/efluentes-industriais\/\",\"name\":\"Tratamento de Efluentes Industriais - TECMA Tecnologia\",\"isPartOf\":{\"@id\":\"https:\/\/www.tecma-tecnologia.com.br\/web\/#website\"},\"datePublished\":\"2018-07-10T00:46:55+00:00\",\"dateModified\":\"2024-04-02T18:59:08+00:00\",\"description\":\"A TECMA oferece diversas solu\u00e7\u00f5es para o tratamento de efluentes industriais. Conhe\u00e7a todas as nossas solu\u00e7\u00f5es e estudos de caso para cada ind\u00fastria.\",\"breadcrumb\":{\"@id\":\"https:\/\/www.tecma-tecnologia.com.br\/web\/engenharia\/efluentes-industriais\/#breadcrumb\"},\"inLanguage\":\"pt-BR\",\"potentialAction\":[{\"@type\":\"ReadAction\",\"target\":[\"https:\/\/www.tecma-tecnologia.com.br\/web\/engenharia\/efluentes-industriais\/\"]}]},{\"@type\":\"BreadcrumbList\",\"@id\":\"https:\/\/www.tecma-tecnologia.com.br\/web\/engenharia\/efluentes-industriais\/#breadcrumb\",\"itemListElement\":[{\"@type\":\"ListItem\",\"position\":1,\"name\":\"Home\",\"item\":\"https:\/\/www.tecma-tecnologia.com.br\/web\/\"},{\"@type\":\"ListItem\",\"position\":2,\"name\":\"Engenharia\",\"item\":\"https:\/\/www.tecma-tecnologia.com.br\/web\/engenharia\/\"},{\"@type\":\"ListItem\",\"position\":3,\"name\":\"Tratamento de Efluentes Industriais\"}]},{\"@type\":\"WebSite\",\"@id\":\"https:\/\/www.tecma-tecnologia.com.br\/web\/#website\",\"url\":\"https:\/\/www.tecma-tecnologia.com.br\/web\/\",\"name\":\"TECMA Tecnologia\",\"description\":\"\",\"potentialAction\":[{\"@type\":\"SearchAction\",\"target\":{\"@type\":\"EntryPoint\",\"urlTemplate\":\"https:\/\/www.tecma-tecnologia.com.br\/web\/?s={search_term_string}\"},\"query-input\":\"required name=search_term_string\"}],\"inLanguage\":\"pt-BR\"}]}<\/script>\n<!-- \/ Yoast SEO plugin. -->","yoast_head_json":{"title":"Tratamento de Efluentes Industriais - TECMA Tecnologia","description":"A TECMA oferece diversas solu\u00e7\u00f5es para o tratamento de efluentes industriais. Conhe\u00e7a todas as nossas solu\u00e7\u00f5es e estudos de caso para cada ind\u00fastria.","robots":{"index":"index","follow":"follow","max-snippet":"max-snippet:-1","max-image-preview":"max-image-preview:large","max-video-preview":"max-video-preview:-1"},"canonical":"https:\/\/www.tecma-tecnologia.com.br\/web\/engenharia\/efluentes-industriais\/","og_locale":"pt_BR","og_type":"article","og_title":"Tratamento de Efluentes Industriais - TECMA Tecnologia","og_description":"A TECMA oferece diversas solu\u00e7\u00f5es para o tratamento de efluentes industriais. Conhe\u00e7a todas as nossas solu\u00e7\u00f5es e estudos de caso para cada ind\u00fastria.","og_url":"https:\/\/www.tecma-tecnologia.com.br\/web\/engenharia\/efluentes-industriais\/","og_site_name":"TECMA Tecnologia","article_modified_time":"2024-04-02T18:59:08+00:00","twitter_card":"summary_large_image","twitter_misc":{"Est. tempo de leitura":"5 minutos"},"schema":{"@context":"https:\/\/schema.org","@graph":[{"@type":"WebPage","@id":"https:\/\/www.tecma-tecnologia.com.br\/web\/engenharia\/efluentes-industriais\/","url":"https:\/\/www.tecma-tecnologia.com.br\/web\/engenharia\/efluentes-industriais\/","name":"Tratamento de Efluentes Industriais - TECMA Tecnologia","isPartOf":{"@id":"https:\/\/www.tecma-tecnologia.com.br\/web\/#website"},"datePublished":"2018-07-10T00:46:55+00:00","dateModified":"2024-04-02T18:59:08+00:00","description":"A TECMA oferece diversas solu\u00e7\u00f5es para o tratamento de efluentes industriais. Conhe\u00e7a todas as nossas solu\u00e7\u00f5es e estudos de caso para cada ind\u00fastria.","breadcrumb":{"@id":"https:\/\/www.tecma-tecnologia.com.br\/web\/engenharia\/efluentes-industriais\/#breadcrumb"},"inLanguage":"pt-BR","potentialAction":[{"@type":"ReadAction","target":["https:\/\/www.tecma-tecnologia.com.br\/web\/engenharia\/efluentes-industriais\/"]}]},{"@type":"BreadcrumbList","@id":"https:\/\/www.tecma-tecnologia.com.br\/web\/engenharia\/efluentes-industriais\/#breadcrumb","itemListElement":[{"@type":"ListItem","position":1,"name":"Home","item":"https:\/\/www.tecma-tecnologia.com.br\/web\/"},{"@type":"ListItem","position":2,"name":"Engenharia","item":"https:\/\/www.tecma-tecnologia.com.br\/web\/engenharia\/"},{"@type":"ListItem","position":3,"name":"Tratamento de Efluentes Industriais"}]},{"@type":"WebSite","@id":"https:\/\/www.tecma-tecnologia.com.br\/web\/#website","url":"https:\/\/www.tecma-tecnologia.com.br\/web\/","name":"TECMA Tecnologia","description":"","potentialAction":[{"@type":"SearchAction","target":{"@type":"EntryPoint","urlTemplate":"https:\/\/www.tecma-tecnologia.com.br\/web\/?s={search_term_string}"},"query-input":"required name=search_term_string"}],"inLanguage":"pt-BR"}]}},"_links":{"self":[{"href":"https:\/\/www.tecma-tecnologia.com.br\/web\/wp-json\/wp\/v2\/pages\/203","targetHints":{"allow":["GET"]}}],"collection":[{"href":"https:\/\/www.tecma-tecnologia.com.br\/web\/wp-json\/wp\/v2\/pages"}],"about":[{"href":"https:\/\/www.tecma-tecnologia.com.br\/web\/wp-json\/wp\/v2\/types\/page"}],"author":[{"embeddable":true,"href":"https:\/\/www.tecma-tecnologia.com.br\/web\/wp-json\/wp\/v2\/users\/1"}],"replies":[{"embeddable":true,"href":"https:\/\/www.tecma-tecnologia.com.br\/web\/wp-json\/wp\/v2\/comments?post=203"}],"version-history":[{"count":6,"href":"https:\/\/www.tecma-tecnologia.com.br\/web\/wp-json\/wp\/v2\/pages\/203\/revisions"}],"predecessor-version":[{"id":4836,"href":"https:\/\/www.tecma-tecnologia.com.br\/web\/wp-json\/wp\/v2\/pages\/203\/revisions\/4836"}],"up":[{"embeddable":true,"href":"https:\/\/www.tecma-tecnologia.com.br\/web\/wp-json\/wp\/v2\/pages\/373"}],"wp:attachment":[{"href":"https:\/\/www.tecma-tecnologia.com.br\/web\/wp-json\/wp\/v2\/media?parent=203"}],"curies":[{"name":"wp","href":"https:\/\/api.w.org\/{rel}","templated":true}]}}