{"id":195,"date":"2018-07-09T21:27:57","date_gmt":"2018-07-10T00:27:57","guid":{"rendered":"http:\/\/www.tecma-tecnologia.com.br\/web\/?page_id=195"},"modified":"2020-01-03T23:09:48","modified_gmt":"2020-01-04T02:09:48","slug":"tratamento-de-agua","status":"publish","type":"page","link":"https:\/\/www.tecma-tecnologia.com.br\/web\/engenharia\/tratamento-de-agua\/","title":{"rendered":"Tratamento de \u00c1gua"},"content":{"rendered":"<p><div class=\"fusion-fullwidth fullwidth-box nonhundred-percent-fullwidth non-hundred-percent-height-scrolling\"  style='background-color: rgba(255,255,255,0);background-position: center center;background-repeat: no-repeat;padding-top:0px;padding-right:0px;padding-bottom:0px;padding-left:0px;'><div class=\"fusion-builder-row fusion-row \"><div  class=\"fusion-layout-column fusion_builder_column fusion_builder_column_1_1  fusion-one-full fusion-column-first fusion-column-last 1_1\"  style='margin-top:0px;margin-bottom:20px;'>\n\t\t\t\t\t<div class=\"fusion-column-wrapper\" style=\"padding: 0px 0px 0px 0px;background-position:left top;background-repeat:no-repeat;-webkit-background-size:cover;-moz-background-size:cover;-o-background-size:cover;background-size:cover;\"  data-bg-url=\"\">\n\t\t\t\t\t\t<div class=\"fusion-title title fusion-sep-none fusion-title-size-one\" style=\"margin-top:0px;margin-bottom:31px;\"><h1 class=\"title-heading-left\"><h1>Tratamento de \u00c1gua<\/h1><\/h1><\/div><div class=\"imageframe-align-center\"><span class=\"fusion-imageframe imageframe-none imageframe-1 hover-type-none\"><\/span><\/div><div class=\"fusion-clearfix\"><\/div>\n\n\t\t\t\t\t<\/div>\n\t\t\t\t<\/div><\/div><\/div><div class=\"fusion-fullwidth fullwidth-box nonhundred-percent-fullwidth non-hundred-percent-height-scrolling\"  style='background-color: rgba(255,255,255,0);background-position: center center;background-repeat: no-repeat;padding-top:0px;padding-right:0px;padding-bottom:0px;padding-left:0px;'><div class=\"fusion-builder-row fusion-row \"><div  class=\"fusion-layout-column fusion_builder_column fusion_builder_column_3_4  fusion-three-fourth fusion-column-first 3_4\"  style='margin-top:0px;margin-bottom:20px;width:75%;width:calc(75% - ( ( 4% ) * 0.75 ) );margin-right: 4%;'>\n\t\t\t\t\t<div class=\"fusion-column-wrapper\" style=\"padding: 0px 0px 0px 0px;background-position:left top;background-repeat:no-repeat;-webkit-background-size:cover;-moz-background-size:cover;-o-background-size:cover;background-size:cover;\"  data-bg-url=\"\">\n\t\t\t\t\t\t<div class=\"fusion-text\"><h4>As esta\u00e7\u00f5es de tratamento de \u00e1gua s\u00e3o destinadas ao abastecimento de \u00e1gua pot\u00e1vel para uma determinada popula\u00e7\u00e3o., por\u00e9m existem varia\u00e7\u00f5es chamadas de \u00e1guas cinzas e \u00e1guas negras que se diferenciam da \u00e1gua pot\u00e1vel.<\/h4>\n<p>As fontes geradoras de \u00e1gua pot\u00e1vel podem ter origem doce, salina e\/ou salobra. As diversas origens das fontes geradoras de \u00e1gua pot\u00e1vel apresentam caracter\u00edstica diferentes em sua composi\u00e7\u00e3o, assim como o processo aplicado para o tratamento da \u00e1gua.<\/p>\n<p>Podemos citar como fonte geradora:<\/p>\n<ul>\n<li>\u00c1gua doce subterr\u00e2nea - Po\u00e7os subterr\u00e2neos<\/li>\n<li>\u00c1gua doce\u00a0 superficial - Rios e lagos<\/li>\n<li>*\u00c1gua Salobra - Lagoas, Ba\u00edas<\/li>\n<li>*\u00c1gua Salina - Oceanos, mares e ba\u00edas<\/li>\n<\/ul>\n<p>Para implantar uma esta\u00e7\u00e3o de tratamento de \u00e1gua \u00e9 necess\u00e1rio um estudo preliminar da fonte geradora antes de come\u00e7ar o projeto b\u00e1sico.<\/p>\n<p><strong>\u21d2\u00a0 A TECMA possui laborat\u00f3rios de ensaios que determinam as caracter\u00edsticas f\u00edsico-qu\u00edmicas e microbiol\u00f3gicas da \u00e1gua. Confira nossos <a href=\"https:\/\/www.tecma-tecnologia.com.br\/web\/laboratorio\/ensaios-ambientais\/\">servi\u00e7os laboratoriais<\/a><\/strong><\/p>\n<p>S\u00e3o necess\u00e1rios diversos est\u00e1gios para o tratamento de \u00e1gua doce. Podemos citar:<\/p>\n<p id=\"tw-target-text\" class=\"tw-data-text tw-text-large tw-ta\" dir=\"ltr\" data-placeholder=\"Tradu\u00e7\u00e3o\"><span lang=\"pt\" tabindex=\"0\">(1) capta\u00e7\u00e3o; (2) tratamento preliminar; (3) adi\u00e7\u00e3o de produtos qu\u00edmicos; (4) coagula\u00e7\u00e3o e flocula\u00e7\u00e3o; (5) sedimenta\u00e7\u00e3o; (6) filtra\u00e7\u00e3o; (7) desinfe\u00e7\u00e3o (8) corre\u00e7\u00e3o de pH; (9) desidrata\u00e7\u00e3o do lodo (10) armazenamento; (11)\u00a0 distribui\u00e7\u00e3o.<\/span><\/p>\n<p>*As \u00e1guas salobras e salinas apresentam concentra\u00e7\u00e3o de 500 a 50.000 ppm de sal, sendo necess\u00e1rio a dessaliniza\u00e7\u00e3o para realizar o tratamento para fins pot\u00e1veis.<\/p>\n<p>A TECMA possui solu\u00e7\u00f5es customizadas para o Tratamento de \u00c1gua e um laborat\u00f3rio completo para estudo e an\u00e1lise da fonte geradora de \u00e1gua.<\/p>\n<p>\u21d2 <strong>Confira esse <a href=\"https:\/\/materiais.tecma-tecnologia.com.br\/9867393b7921fad2f3cd\">projeto<\/a> realizado para uma ind\u00fastria de minera\u00e7\u00e3o para o abastecimento de \u00e1gua em locais remotos!!<\/strong><\/p>\n<p>\u00c1guas Cinzas<\/p>\n<p>S\u00e3o classificadas como \u00e1guas residuais, n\u00e3o industriais, advindas de chuveiros, m\u00e1quinas de lavar, sempre oriundas de processos dom\u00e9sticos. A aten\u00e7\u00e3o que deve se dar a esse tipo de efluente \u00e9 a contamina\u00e7\u00e3o com diferentes tipos de subst\u00e2ncias sol\u00faveis e insol\u00faveis e deve ser tratada adequadamente. Contaminantes em \u00e1gua cinza incluem restos de alimentos, gordura, fios de cabelos e uma gama de produtos de limpeza dom\u00e9stica.<\/p>\n<p>\u00c1guas Negras<\/p>\n<p>S\u00e3o oriundas de esgoto sanit\u00e1rio e ou industrias. O tratamento biol\u00f3gico dos efluentes seguido de ultrafiltra\u00e7\u00e3o em membranas possibilita\u00a0 o re\u00faso dos efluentes industriais e\/ou sanit\u00e1rios. Nesses casos a melhor reutiliza\u00e7\u00e3o \u00e9 para bacias sanit\u00e1rias. No caso de re\u00faso em torres de resfriamento, o mais adequado \u00e9 o sistema de osmose reversa antecedida por uma ultrafiltra\u00e7\u00e3o.<\/p>\n<p>\u2192 Clique <a href=\"https:\/\/www.tecma-tecnologia.com.br\/web\/solucoes-ambientais\/reuso-de-agua\/\"><strong>Aqui<\/strong><\/a> para saber mais sobre \u00c1guas Cinzas, Negras e Re\u00faso de \u00c1gua<\/p>\n<\/div><div class=\"fusion-clearfix\"><\/div>\n\n\t\t\t\t\t<\/div>\n\t\t\t\t<\/div><div  class=\"fusion-layout-column fusion_builder_column fusion_builder_column_1_4  fusion-one-fourth fusion-column-last 1_4\"  style='margin-top:20px;margin-bottom:20px;width:25%;width:calc(25% - ( ( 4% ) * 0.25 ) );'>\n\t\t\t\t\t<div class=\"fusion-column-wrapper\" style=\"padding: 0px 0px 0px 0px;background-position:left top;background-repeat:no-repeat;-webkit-background-size:cover;-moz-background-size:cover;-o-background-size:cover;background-size:cover;\"  data-bg-url=\"\">\n\t\t\t\t\t\t<div class=\"fusion-widget-area fusion-widget-area-1 fusion-content-widget-area\"><style type=\"text\/css\" scoped=\"scoped\">.fusion-widget-area-1 {padding:0px 0px 0px 0px;}.fusion-widget-area-1 .widget h4 {color:#ffffff;}.fusion-widget-area-1 .widget .heading h4 {color:#ffffff;}<\/style><div id=\"custom_html-3\" class=\"widget_text widget widget_custom_html\" style=\"padding: 5px 20px 20px 20px;background-color: #1eb4c2;\"><div class=\"heading\"><h4 class=\"widget-title\">Entre em contato conosco<\/h4><\/div><div class=\"textwidget custom-html-widget\"><a href=\"https:\/\/www.tecma-tecnologia.com.br\/web\/pt\/contato\/\"><i class=\"fab fa-whatsapp\" style=\"color:#ffffff;font-size:24px;\"><\/i><\/a><\/div><\/div><div class=\"fusion-additional-widget-content\"><\/div><\/div><div class=\"fusion-clearfix\"><\/div>\n\n\t\t\t\t\t<\/div>\n\t\t\t\t<\/div><\/div><\/div><\/p>\n","protected":false},"excerpt":{"rendered":"","protected":false},"author":1,"featured_media":0,"parent":373,"menu_order":0,"comment_status":"closed","ping_status":"closed","template":"","meta":{"_mi_skip_tracking":false,"spay_email":"","footnotes":""},"class_list":["post-195","page","type-page","status-publish","hentry"],"yoast_head":"<!-- This site is optimized with the Yoast SEO plugin v20.2.1 - https:\/\/yoast.com\/wordpress\/plugins\/seo\/ -->\n<title>Tratamento de \u00c1gua - TECMA Tecnologia - Solu\u00e7\u00f5es ambientais<\/title>\n<meta name=\"description\" content=\"Saber escolher o melhor processo para cada tipo de efluente \u00e9 primordial para ter sucesso. Saiba quais s\u00e3o os tipos de tratamento de \u00e1gua para o re\u00faso.\" \/>\n<meta name=\"robots\" content=\"index, follow, max-snippet:-1, max-image-preview:large, max-video-preview:-1\" \/>\n<link rel=\"canonical\" href=\"https:\/\/www.tecma-tecnologia.com.br\/web\/engenharia\/tratamento-de-agua\/\" \/>\n<meta property=\"og:locale\" content=\"pt_BR\" \/>\n<meta property=\"og:type\" content=\"article\" \/>\n<meta property=\"og:title\" content=\"Tratamento de \u00c1gua - TECMA Tecnologia - Solu\u00e7\u00f5es ambientais\" \/>\n<meta property=\"og:description\" content=\"Saber escolher o melhor processo para cada tipo de efluente \u00e9 primordial para ter sucesso. Saiba quais s\u00e3o os tipos de tratamento de \u00e1gua para o re\u00faso.\" \/>\n<meta property=\"og:url\" content=\"https:\/\/www.tecma-tecnologia.com.br\/web\/engenharia\/tratamento-de-agua\/\" \/>\n<meta property=\"og:site_name\" content=\"TECMA Tecnologia\" \/>\n<meta property=\"article:modified_time\" content=\"2020-01-04T02:09:48+00:00\" \/>\n<meta name=\"twitter:card\" content=\"summary_large_image\" \/>\n<meta name=\"twitter:label1\" content=\"Est. tempo de leitura\" \/>\n\t<meta name=\"twitter:data1\" content=\"5 minutos\" \/>\n<script type=\"application\/ld+json\" class=\"yoast-schema-graph\">{\"@context\":\"https:\/\/schema.org\",\"@graph\":[{\"@type\":\"WebPage\",\"@id\":\"https:\/\/www.tecma-tecnologia.com.br\/web\/engenharia\/tratamento-de-agua\/\",\"url\":\"https:\/\/www.tecma-tecnologia.com.br\/web\/engenharia\/tratamento-de-agua\/\",\"name\":\"Tratamento de \u00c1gua - TECMA Tecnologia - Solu\u00e7\u00f5es ambientais\",\"isPartOf\":{\"@id\":\"https:\/\/www.tecma-tecnologia.com.br\/web\/#website\"},\"datePublished\":\"2018-07-10T00:27:57+00:00\",\"dateModified\":\"2020-01-04T02:09:48+00:00\",\"description\":\"Saber escolher o melhor processo para cada tipo de efluente \u00e9 primordial para ter sucesso. Saiba quais s\u00e3o os tipos de tratamento de \u00e1gua para o re\u00faso.\",\"breadcrumb\":{\"@id\":\"https:\/\/www.tecma-tecnologia.com.br\/web\/engenharia\/tratamento-de-agua\/#breadcrumb\"},\"inLanguage\":\"pt-BR\",\"potentialAction\":[{\"@type\":\"ReadAction\",\"target\":[\"https:\/\/www.tecma-tecnologia.com.br\/web\/engenharia\/tratamento-de-agua\/\"]}]},{\"@type\":\"BreadcrumbList\",\"@id\":\"https:\/\/www.tecma-tecnologia.com.br\/web\/engenharia\/tratamento-de-agua\/#breadcrumb\",\"itemListElement\":[{\"@type\":\"ListItem\",\"position\":1,\"name\":\"Home\",\"item\":\"https:\/\/www.tecma-tecnologia.com.br\/web\/\"},{\"@type\":\"ListItem\",\"position\":2,\"name\":\"Engenharia\",\"item\":\"https:\/\/www.tecma-tecnologia.com.br\/web\/engenharia\/\"},{\"@type\":\"ListItem\",\"position\":3,\"name\":\"Tratamento de \u00c1gua\"}]},{\"@type\":\"WebSite\",\"@id\":\"https:\/\/www.tecma-tecnologia.com.br\/web\/#website\",\"url\":\"https:\/\/www.tecma-tecnologia.com.br\/web\/\",\"name\":\"TECMA Tecnologia\",\"description\":\"\",\"potentialAction\":[{\"@type\":\"SearchAction\",\"target\":{\"@type\":\"EntryPoint\",\"urlTemplate\":\"https:\/\/www.tecma-tecnologia.com.br\/web\/?s={search_term_string}\"},\"query-input\":\"required name=search_term_string\"}],\"inLanguage\":\"pt-BR\"}]}<\/script>\n<!-- \/ Yoast SEO plugin. -->","yoast_head_json":{"title":"Tratamento de \u00c1gua - TECMA Tecnologia - Solu\u00e7\u00f5es ambientais","description":"Saber escolher o melhor processo para cada tipo de efluente \u00e9 primordial para ter sucesso. Saiba quais s\u00e3o os tipos de tratamento de \u00e1gua para o re\u00faso.","robots":{"index":"index","follow":"follow","max-snippet":"max-snippet:-1","max-image-preview":"max-image-preview:large","max-video-preview":"max-video-preview:-1"},"canonical":"https:\/\/www.tecma-tecnologia.com.br\/web\/engenharia\/tratamento-de-agua\/","og_locale":"pt_BR","og_type":"article","og_title":"Tratamento de \u00c1gua - TECMA Tecnologia - Solu\u00e7\u00f5es ambientais","og_description":"Saber escolher o melhor processo para cada tipo de efluente \u00e9 primordial para ter sucesso. Saiba quais s\u00e3o os tipos de tratamento de \u00e1gua para o re\u00faso.","og_url":"https:\/\/www.tecma-tecnologia.com.br\/web\/engenharia\/tratamento-de-agua\/","og_site_name":"TECMA Tecnologia","article_modified_time":"2020-01-04T02:09:48+00:00","twitter_card":"summary_large_image","twitter_misc":{"Est. tempo de leitura":"5 minutos"},"schema":{"@context":"https:\/\/schema.org","@graph":[{"@type":"WebPage","@id":"https:\/\/www.tecma-tecnologia.com.br\/web\/engenharia\/tratamento-de-agua\/","url":"https:\/\/www.tecma-tecnologia.com.br\/web\/engenharia\/tratamento-de-agua\/","name":"Tratamento de \u00c1gua - TECMA Tecnologia - Solu\u00e7\u00f5es ambientais","isPartOf":{"@id":"https:\/\/www.tecma-tecnologia.com.br\/web\/#website"},"datePublished":"2018-07-10T00:27:57+00:00","dateModified":"2020-01-04T02:09:48+00:00","description":"Saber escolher o melhor processo para cada tipo de efluente \u00e9 primordial para ter sucesso. Saiba quais s\u00e3o os tipos de tratamento de \u00e1gua para o re\u00faso.","breadcrumb":{"@id":"https:\/\/www.tecma-tecnologia.com.br\/web\/engenharia\/tratamento-de-agua\/#breadcrumb"},"inLanguage":"pt-BR","potentialAction":[{"@type":"ReadAction","target":["https:\/\/www.tecma-tecnologia.com.br\/web\/engenharia\/tratamento-de-agua\/"]}]},{"@type":"BreadcrumbList","@id":"https:\/\/www.tecma-tecnologia.com.br\/web\/engenharia\/tratamento-de-agua\/#breadcrumb","itemListElement":[{"@type":"ListItem","position":1,"name":"Home","item":"https:\/\/www.tecma-tecnologia.com.br\/web\/"},{"@type":"ListItem","position":2,"name":"Engenharia","item":"https:\/\/www.tecma-tecnologia.com.br\/web\/engenharia\/"},{"@type":"ListItem","position":3,"name":"Tratamento de \u00c1gua"}]},{"@type":"WebSite","@id":"https:\/\/www.tecma-tecnologia.com.br\/web\/#website","url":"https:\/\/www.tecma-tecnologia.com.br\/web\/","name":"TECMA Tecnologia","description":"","potentialAction":[{"@type":"SearchAction","target":{"@type":"EntryPoint","urlTemplate":"https:\/\/www.tecma-tecnologia.com.br\/web\/?s={search_term_string}"},"query-input":"required name=search_term_string"}],"inLanguage":"pt-BR"}]}},"_links":{"self":[{"href":"https:\/\/www.tecma-tecnologia.com.br\/web\/wp-json\/wp\/v2\/pages\/195","targetHints":{"allow":["GET"]}}],"collection":[{"href":"https:\/\/www.tecma-tecnologia.com.br\/web\/wp-json\/wp\/v2\/pages"}],"about":[{"href":"https:\/\/www.tecma-tecnologia.com.br\/web\/wp-json\/wp\/v2\/types\/page"}],"author":[{"embeddable":true,"href":"https:\/\/www.tecma-tecnologia.com.br\/web\/wp-json\/wp\/v2\/users\/1"}],"replies":[{"embeddable":true,"href":"https:\/\/www.tecma-tecnologia.com.br\/web\/wp-json\/wp\/v2\/comments?post=195"}],"version-history":[{"count":5,"href":"https:\/\/www.tecma-tecnologia.com.br\/web\/wp-json\/wp\/v2\/pages\/195\/revisions"}],"predecessor-version":[{"id":3516,"href":"https:\/\/www.tecma-tecnologia.com.br\/web\/wp-json\/wp\/v2\/pages\/195\/revisions\/3516"}],"up":[{"embeddable":true,"href":"https:\/\/www.tecma-tecnologia.com.br\/web\/wp-json\/wp\/v2\/pages\/373"}],"wp:attachment":[{"href":"https:\/\/www.tecma-tecnologia.com.br\/web\/wp-json\/wp\/v2\/media?parent=195"}],"curies":[{"name":"wp","href":"https:\/\/api.w.org\/{rel}","templated":true}]}}