{"id":167,"date":"2018-07-09T20:11:36","date_gmt":"2018-07-09T23:11:36","guid":{"rendered":"http:\/\/www.tecma-tecnologia.com.br\/web\/?page_id=167"},"modified":"2021-01-29T18:14:55","modified_gmt":"2021-01-29T21:14:55","slug":"politicas-implantadas-meio-ambiente","status":"publish","type":"page","link":"https:\/\/www.tecma-tecnologia.com.br\/web\/laboratorio\/setor-qualidade\/politicas-implantadas-meio-ambiente\/","title":{"rendered":"Pol\u00edticas Implantadas"},"content":{"rendered":"<p><div class=\"fusion-fullwidth fullwidth-box nonhundred-percent-fullwidth non-hundred-percent-height-scrolling\"  style='background-color: rgba(255,255,255,0);background-position: center center;background-repeat: no-repeat;padding-top:0px;padding-right:0px;padding-bottom:0px;padding-left:0px;'><div class=\"fusion-builder-row fusion-row \"><div  class=\"fusion-layout-column fusion_builder_column fusion_builder_column_1_1  fusion-one-full fusion-column-first fusion-column-last 1_1\"  style='margin-top:0px;margin-bottom:20px;'>\n\t\t\t\t\t<div class=\"fusion-column-wrapper\" style=\"padding: 0px 0px 0px 0px;background-position:left top;background-repeat:no-repeat;-webkit-background-size:cover;-moz-background-size:cover;-o-background-size:cover;background-size:cover;\"  data-bg-url=\"\">\n\t\t\t\t\t\t<div class=\"fusion-title title fusion-sep-none fusion-title-size-one\" style=\"margin-top:0px;margin-bottom:31px;\"><h1 class=\"title-heading-left\">Qualidade<\/h1><\/div><div class=\"imageframe-align-center\"><span class=\"fusion-imageframe imageframe-none imageframe-1 hover-type-none\"><img fetchpriority=\"high\" fetchpriority=\"high\" decoding=\"async\" src=\"https:\/\/www.tecma-tecnologia.com.br\/web\/wp-content\/uploads\/2018\/07\/qualidade.jpg\" width=\"1087\" height=\"279\" alt=\"Qualidade\" title=\"Qualidade\" class=\"img-responsive wp-image-155\" srcset=\"https:\/\/www.tecma-tecnologia.com.br\/web\/wp-content\/uploads\/2018\/07\/qualidade-200x51.jpg 200w, https:\/\/www.tecma-tecnologia.com.br\/web\/wp-content\/uploads\/2018\/07\/qualidade-400x103.jpg 400w, https:\/\/www.tecma-tecnologia.com.br\/web\/wp-content\/uploads\/2018\/07\/qualidade-600x154.jpg 600w, https:\/\/www.tecma-tecnologia.com.br\/web\/wp-content\/uploads\/2018\/07\/qualidade-800x205.jpg 800w, https:\/\/www.tecma-tecnologia.com.br\/web\/wp-content\/uploads\/2018\/07\/qualidade.jpg 1087w\" sizes=\"(max-width: 800px) 100vw, 1087px\" \/><\/span><\/div><div class=\"fusion-clearfix\"><\/div>\n\n\t\t\t\t\t<\/div>\n\t\t\t\t<\/div><\/div><\/div><div class=\"fusion-fullwidth fullwidth-box nonhundred-percent-fullwidth non-hundred-percent-height-scrolling\"  style='background-color: rgba(255,255,255,0);background-position: center center;background-repeat: no-repeat;padding-top:0px;padding-right:0px;padding-bottom:0px;padding-left:0px;'><div class=\"fusion-builder-row fusion-row \"><div  class=\"fusion-layout-column fusion_builder_column fusion_builder_column_3_4  fusion-three-fourth fusion-column-first 3_4\"  style='margin-top:0px;margin-bottom:20px;width:75%;width:calc(75% - ( ( 4% ) * 0.75 ) );margin-right: 4%;'>\n\t\t\t\t\t<div class=\"fusion-column-wrapper\" style=\"padding: 0px 0px 0px 0px;background-position:left top;background-repeat:no-repeat;-webkit-background-size:cover;-moz-background-size:cover;-o-background-size:cover;background-size:cover;\"  data-bg-url=\"\">\n\t\t\t\t\t\t<div class=\"fusion-text\"><h4><span style=\"vertical-align: inherit;\">POL\u00cdTICA DE QUALIDADE<\/span><\/h4>\n<p>Estamos comprometidos em nos tornar a melhor e mais completa empresa no controle da polui\u00e7\u00e3o ambiental usando a nossa experi\u00eancia t\u00e9cnica para desenvolver novas tecnologias e solu\u00e7\u00f5es de qualidade com o melhor atendimento aos nossos clientes, visando sempre a melhoria cont\u00ednua do nosso sistema de gest\u00e3o da qualidade, atrav\u00e9s dos seguintes objetivos:<br \/>\n\u2022 Atendimento \u00e0s legisla\u00e7\u00f5es pertinentes;<br \/>\n\u2022 Melhoria cont\u00ednua de nosso Sistema de Gest\u00e3o de Qualidade;<br \/>\n\u2022 Aumento cont\u00ednuo da satisfa\u00e7\u00e3o de nossos clientes;<br \/>\n\u2022 Fortalecimento da capacita\u00e7\u00e3o de nossos colaboradores para realiza\u00e7\u00e3o de suas atividades;<br \/>\n\u2022 Honrar os compromissos assumidos com os clientes;<br \/>\n\u2022 Desenvolver Tecnologia atrav\u00e9s do nosso Laborat\u00f3rio;<br \/>\n\u2022 Honrar os compromissos assumidos com os clientes;<br \/>\n\u2022 Realiza\u00e7\u00e3o das atividades, principalmente dos itens de ensaio, conforme requisitos da Norma NBR<br \/>\nISO\/IEC 17025:2017<\/p>\n<p><strong>DIREITO DE PROPRIEDADE DO CLIENTE E CONFIDENCIALIDADE DAS INFORMA\u00c7\u00d5ES<\/strong><br \/>\nA TECMA compromete-se a guardar sigilo das informa\u00e7\u00f5es e\/ou documenta\u00e7\u00f5es confidenciais de seus clientes, n\u00e3o compartilhando e\/ou divulgando tais informa\u00e7\u00f5es, independente do meio, sem\u00a0 autoriza\u00e7\u00e3o.<\/p>\n<p><strong>CONFIAN\u00c7A, IMPARCIALIDADE E INTEGRIDADE PROFISSIONAL<\/strong><br \/>\nA TECMA compromete-se a conduzir suas atividades de modo imparcial e independente, cumprindo as leis, normas e regulamentos aplic\u00e1veis, atuando de forma legal, honesta e transparente.<\/p>\n<p><strong>COMERCIAL<\/strong><br \/>\n\u00c9 compromisso da TECMA analisar criticamente e de forma eficiente todo pedido de cliente que origine um contrato de ensaio, levando sempre em considera\u00e7\u00e3o os aspectos legais e os recursos do laborat\u00f3rio (f\u00edsicos e de pessoal).<\/p>\n<p><strong>AQUISI\u00c7\u00c3O DE SERVI\u00c7OS E SUPRIMENTOS \u00a0 \u00a0 \u00a0 \u00a0 \u00a0 \u00a0 \u00a0 \u00a0 \u00a0 \u00a0 \u00a0 \u00a0 \u00a0 \u00a0 \u00a0 \u00a0 \u00a0 \u00a0 \u00a0 \u00a0 \u00a0 \u00a0 \u00a0 \u00a0 \u00a0 \u00a0 \u00a0 \u00a0 \u00a0 \u00a0 \u00a0 \u00a0 \u00a0 \u00a0 \u00a0 \u00a0 \u00a0 \u00a0 \u00a0 \u00a0 \u00a0 \u00a0 \u00a0 \u00a0 \u00a0 \u00a0 \u00a0 \u00a0 \u00a0 \u00a0 \u00a0 \u00a0 \u00a0 \u00a0 \u00a0 \u00a0 \u00a0 \u00a0 \u00a0 \u00a0 \u00a0 \u00a0 \u00a0 \u00a0 \u00a0 \u00a0 \u00a0 \u00a0 \u00a0 \u00a0 \u00a0 \u00a0 \u00a0 \u00a0<\/strong>\u00c9 compromisso da TECMA selecionar de forma adequada os fornecedores e prestadores de servi\u00e7o<br \/>\nde forma a assegurar que os servi\u00e7os e insumos adquiridos por toda a empresa n\u00e3o afetem a qualidade dos servi\u00e7os.<\/p>\n<h4><span style=\"vertical-align: inherit;\"><span style=\"vertical-align: inherit;\">POL\u00cdTICA DE CONDUTA<\/span><\/span><\/h4>\n<p><span style=\"vertical-align: inherit;\"><span style=\"vertical-align: inherit;\">A pol\u00edtica de conduta da TECMA \u00e9 baseada no c\u00f3digo interno da empresa que tem como principais valores:<\/span><\/span><\/p>\n<ul>\n<li><span style=\"vertical-align: inherit;\"><span style=\"vertical-align: inherit;\">\u00a0Compromisso com a qualidade, com a seguran\u00e7a e meio ambiente, com a sa\u00fade n\u00e3o trablho e com a responsabilidade social<\/span><\/span><\/li>\n<li><span style=\"vertical-align: inherit;\"><span style=\"vertical-align: inherit;\">\u00a0Respeito Profissional<\/span><\/span><\/li>\n<li><span style=\"vertical-align: inherit;\"><span style=\"vertical-align: inherit;\">\u00a0Comprometimento com imagem do neg\u00f3cio<\/span><\/span><\/li>\n<\/ul>\n<p><span style=\"vertical-align: inherit;\"><span style=\"vertical-align: inherit;\">To keep the behavior and values \u200b\u200ba TECMA tem como base assistenciais de leis internacionais e nacionais<\/span><\/span><\/p>\n<p><a name=\"_Toc489352219\"><\/a><strong><span style=\"vertical-align: inherit;\"><span style=\"vertical-align: inherit;\">Defini\u00e7\u00f5es de leis internacionais<\/span><\/span><\/strong><\/p>\n<ul>\n<li><span style=\"vertical-align: inherit;\"><span style=\"vertical-align: inherit;\">FCPA (Lei de Pr\u00e1ticas Corruptas no Estrangeiro) &#8211; lei federal americana criada em 1977 para combater a corrup\u00e7\u00e3o internacional internacional, com dois princ\u00edpios b\u00e1sicos: a quest\u00e3o da luta contra o suborno e a privacidade nos registros cont\u00e1beis. <\/span><span style=\"vertical-align: inherit;\">Lei de Pr\u00e1ticas Corruptas Estrangeiras dos Estados Unidos da Am\u00e9rica<\/span><\/span><\/li>\n<li><span style=\"vertical-align: inherit;\"><span style=\"vertical-align: inherit;\">Lei de Suborno do Reino Unido &#8211; legisla\u00e7\u00e3o brit\u00e2nica criada em 2010 para combater a corrup\u00e7\u00e3o, se aplica empresas com sede no Reino Unido e empresas que realizam neg\u00f3cios com companhias brit\u00e2nicas. <\/span><span style=\"vertical-align: inherit;\">Lei AntiSuborno do Reino Unido.<\/span><\/span><\/li>\n<\/ul>\n<p><a name=\"_Toc489352220\"><\/a><span style=\"vertical-align: inherit;\"><span style=\"vertical-align: inherit;\">De leis nacionais<\/span><\/span><\/p>\n<ul>\n<li><span style=\"vertical-align: inherit;\"><span style=\"vertical-align: inherit;\">Lei Anticorrup\u00e7\u00e3o n\u00ba 12.846 \/ 2013 &#8211; lei brasileira que disp\u00f5e sobre a responsabiliza\u00e7\u00e3o administrativa e de pessoas jur\u00eddicas pela pr\u00e1tica de governo contra a administra\u00e7\u00e3o p\u00fablica, nacional ou estrangeira e outras provid\u00eancias. <\/span><span style=\"vertical-align: inherit;\">Em vigor desde 29 de janeiro de 2014 e regulamentada pelo Decreto n\u00ba 8.420 \/ 2015.<\/span><\/span><\/li>\n<li><span style=\"vertical-align: inherit;\"><span style=\"vertical-align: inherit;\">Decreto n\u00ba 8.420 \/ 2015 &#8211; detalha os pontos da Lei 12.846 \/ 2013, tais como as suas aplica\u00e7\u00f5es e os crit\u00e9rios de c\u00e1lculo das multas administrativas impostas; <\/span><span style=\"vertical-align: inherit;\">os par\u00e2metros para avalia\u00e7\u00e3o do Programa de Integridade da Pessoa Jur\u00eddica; <\/span><span style=\"vertical-align: inherit;\">as regras de Acordo de Leni\u00eancia; <\/span><span style=\"vertical-align: inherit;\">As regras para a forma\u00e7\u00e3o e an\u00e1lise judicial de empresas inid\u00f4neas &#8211; CEIS e de empresas punidas &#8211; CNEP.<\/span><\/span><\/li>\n<li><span style=\"vertical-align: inherit;\"><span style=\"vertical-align: inherit;\">Lei de Preven\u00e7\u00e3o \u00e0 Lavagem de Dinheiro n\u00ba 9.613 \/ 1998 (Lei das Leis n \u00b0 12.683 \/ 1998) &#8211; lei brasileira que disp\u00f5e sobre os Crimes de Lavagem ou oculta\u00e7\u00e3o de bens, direitos e valores.<\/span><\/span><\/li>\n<\/ul>\n<\/div><div class=\"fusion-clearfix\"><\/div>\n\n\t\t\t\t\t<\/div>\n\t\t\t\t<\/div><div  class=\"fusion-layout-column fusion_builder_column fusion_builder_column_1_4  fusion-one-fourth fusion-column-last 1_4\"  style='margin-top:20px;margin-bottom:20px;width:25%;width:calc(25% - ( ( 4% ) * 0.25 ) );'>\n\t\t\t\t\t<div class=\"fusion-column-wrapper\" style=\"padding: 0px 0px 0px 0px;background-position:left top;background-repeat:no-repeat;-webkit-background-size:cover;-moz-background-size:cover;-o-background-size:cover;background-size:cover;\"  data-bg-url=\"\">\n\t\t\t\t\t\t<div class=\"fusion-widget-area fusion-widget-area-1 fusion-content-widget-area\"><style type=\"text\/css\" scoped=\"scoped\">.fusion-widget-area-1 {padding:0px 0px 0px 0px;}.fusion-widget-area-1 .widget h4 {color:#ffffff;}.fusion-widget-area-1 .widget .heading h4 {color:#ffffff;}<\/style><div id=\"nav_menu-3\" class=\"widget widget_nav_menu\"><div class=\"menu-qualidade-container\"><ul id=\"menu-qualidade\" class=\"menu\"><li id=\"menu-item-176\" class=\"menu-item menu-item-type-post_type menu-item-object-page menu-item-176\"><a href=\"https:\/\/www.tecma-tecnologia.com.br\/web\/laboratorio\/setor-qualidade\/\">QUALIDADE<\/a><\/li>\n<li id=\"menu-item-174\" class=\"menu-item menu-item-type-post_type menu-item-object-page menu-item-174\"><a href=\"https:\/\/www.tecma-tecnologia.com.br\/web\/laboratorio\/setor-qualidade\/normativas-e-acreditacoes\/\">NORMATIVAS E ACREDITA\u00c7\u00d5ES<\/a><\/li>\n<li id=\"menu-item-175\" class=\"menu-item menu-item-type-post_type menu-item-object-page menu-item-175\"><a href=\"https:\/\/www.tecma-tecnologia.com.br\/web\/laboratorio\/setor-qualidade\/politicas-implantadas-meio-ambiente\/\">POL\u00cdTICAS IMPLANTADAS<\/a><\/li>\n<\/ul><\/div><\/div><div class=\"fusion-additional-widget-content\"><\/div><\/div><div class=\"fusion-widget-area fusion-widget-area-2 fusion-content-widget-area\"><style type=\"text\/css\" scoped=\"scoped\">.fusion-widget-area-2 {padding:0px 0px 0px 0px;}.fusion-widget-area-2 .widget h4 {color:#ffffff;}.fusion-widget-area-2 .widget .heading h4 {color:#ffffff;}<\/style><div id=\"custom_html-3\" class=\"widget_text widget widget_custom_html\" style=\"padding: 5px 20px 20px 20px;background-color: #1eb4c2;\"><div class=\"heading\"><h4 class=\"widget-title\">Entre em contato conosco<\/h4><\/div><div class=\"textwidget custom-html-widget\"><a href=\"https:\/\/www.tecma-tecnologia.com.br\/web\/pt\/contato\/\"><i class=\"fab fa-whatsapp\" style=\"color:#ffffff;font-size:24px;\"><\/i><\/a><\/div><\/div><div class=\"fusion-additional-widget-content\"><\/div><\/div><div class=\"fusion-clearfix\"><\/div>\n\n\t\t\t\t\t<\/div>\n\t\t\t\t<\/div><\/div><\/div><\/p>\n","protected":false},"excerpt":{"rendered":"","protected":false},"author":1,"featured_media":0,"parent":149,"menu_order":0,"comment_status":"closed","ping_status":"closed","template":"100-width.php","meta":{"_mi_skip_tracking":false,"spay_email":"","footnotes":""},"class_list":["post-167","page","type-page","status-publish","hentry"],"yoast_head":"<!-- This site is optimized with the Yoast SEO plugin v20.2.1 - https:\/\/yoast.com\/wordpress\/plugins\/seo\/ -->\n<title>Pol\u00edticas Implantadas - TECMA Tecnologia Meio Ambiente<\/title>\n<meta name=\"description\" content=\"Pol\u00edticas ambientais implantadas TECMA | Estamos comprometidos em nos tornar a melhor e mais completa empresa no controle da polui\u00e7\u00e3o ambiental.\" \/>\n<meta name=\"robots\" content=\"index, follow, max-snippet:-1, max-image-preview:large, max-video-preview:-1\" \/>\n<link rel=\"canonical\" href=\"https:\/\/www.tecma-tecnologia.com.br\/web\/laboratorio\/setor-qualidade\/politicas-implantadas-meio-ambiente\/\" \/>\n<meta property=\"og:locale\" content=\"pt_BR\" \/>\n<meta property=\"og:type\" content=\"article\" \/>\n<meta property=\"og:title\" content=\"Pol\u00edticas Implantadas - TECMA Tecnologia Meio Ambiente\" \/>\n<meta property=\"og:description\" content=\"Pol\u00edticas ambientais implantadas TECMA | Estamos comprometidos em nos tornar a melhor e mais completa empresa no controle da polui\u00e7\u00e3o ambiental.\" \/>\n<meta property=\"og:url\" content=\"https:\/\/www.tecma-tecnologia.com.br\/web\/laboratorio\/setor-qualidade\/politicas-implantadas-meio-ambiente\/\" \/>\n<meta property=\"og:site_name\" content=\"TECMA Tecnologia\" \/>\n<meta property=\"article:modified_time\" content=\"2021-01-29T21:14:55+00:00\" \/>\n<meta name=\"twitter:card\" content=\"summary_large_image\" \/>\n<meta name=\"twitter:label1\" content=\"Est. tempo de leitura\" \/>\n\t<meta name=\"twitter:data1\" content=\"4 minutos\" \/>\n<script type=\"application\/ld+json\" class=\"yoast-schema-graph\">{\"@context\":\"https:\/\/schema.org\",\"@graph\":[{\"@type\":\"WebPage\",\"@id\":\"https:\/\/www.tecma-tecnologia.com.br\/web\/laboratorio\/setor-qualidade\/politicas-implantadas-meio-ambiente\/\",\"url\":\"https:\/\/www.tecma-tecnologia.com.br\/web\/laboratorio\/setor-qualidade\/politicas-implantadas-meio-ambiente\/\",\"name\":\"Pol\u00edticas Implantadas - TECMA Tecnologia Meio Ambiente\",\"isPartOf\":{\"@id\":\"https:\/\/www.tecma-tecnologia.com.br\/web\/#website\"},\"datePublished\":\"2018-07-09T23:11:36+00:00\",\"dateModified\":\"2021-01-29T21:14:55+00:00\",\"description\":\"Pol\u00edticas ambientais implantadas TECMA | Estamos comprometidos em nos tornar a melhor e mais completa empresa no controle da polui\u00e7\u00e3o ambiental.\",\"breadcrumb\":{\"@id\":\"https:\/\/www.tecma-tecnologia.com.br\/web\/laboratorio\/setor-qualidade\/politicas-implantadas-meio-ambiente\/#breadcrumb\"},\"inLanguage\":\"pt-BR\",\"potentialAction\":[{\"@type\":\"ReadAction\",\"target\":[\"https:\/\/www.tecma-tecnologia.com.br\/web\/laboratorio\/setor-qualidade\/politicas-implantadas-meio-ambiente\/\"]}]},{\"@type\":\"BreadcrumbList\",\"@id\":\"https:\/\/www.tecma-tecnologia.com.br\/web\/laboratorio\/setor-qualidade\/politicas-implantadas-meio-ambiente\/#breadcrumb\",\"itemListElement\":[{\"@type\":\"ListItem\",\"position\":1,\"name\":\"Home\",\"item\":\"https:\/\/www.tecma-tecnologia.com.br\/web\/\"},{\"@type\":\"ListItem\",\"position\":2,\"name\":\"Laborat\u00f3rio\",\"item\":\"https:\/\/www.tecma-tecnologia.com.br\/web\/laboratorio\/\"},{\"@type\":\"ListItem\",\"position\":3,\"name\":\"Setor Qualidade\",\"item\":\"https:\/\/www.tecma-tecnologia.com.br\/web\/laboratorio\/setor-qualidade\/\"},{\"@type\":\"ListItem\",\"position\":4,\"name\":\"Pol\u00edticas Implantadas\"}]},{\"@type\":\"WebSite\",\"@id\":\"https:\/\/www.tecma-tecnologia.com.br\/web\/#website\",\"url\":\"https:\/\/www.tecma-tecnologia.com.br\/web\/\",\"name\":\"TECMA Tecnologia\",\"description\":\"\",\"potentialAction\":[{\"@type\":\"SearchAction\",\"target\":{\"@type\":\"EntryPoint\",\"urlTemplate\":\"https:\/\/www.tecma-tecnologia.com.br\/web\/?s={search_term_string}\"},\"query-input\":\"required name=search_term_string\"}],\"inLanguage\":\"pt-BR\"}]}<\/script>\n<!-- \/ Yoast SEO plugin. -->","yoast_head_json":{"title":"Pol\u00edticas Implantadas - TECMA Tecnologia Meio Ambiente","description":"Pol\u00edticas ambientais implantadas TECMA | Estamos comprometidos em nos tornar a melhor e mais completa empresa no controle da polui\u00e7\u00e3o ambiental.","robots":{"index":"index","follow":"follow","max-snippet":"max-snippet:-1","max-image-preview":"max-image-preview:large","max-video-preview":"max-video-preview:-1"},"canonical":"https:\/\/www.tecma-tecnologia.com.br\/web\/laboratorio\/setor-qualidade\/politicas-implantadas-meio-ambiente\/","og_locale":"pt_BR","og_type":"article","og_title":"Pol\u00edticas Implantadas - TECMA Tecnologia Meio Ambiente","og_description":"Pol\u00edticas ambientais implantadas TECMA | Estamos comprometidos em nos tornar a melhor e mais completa empresa no controle da polui\u00e7\u00e3o ambiental.","og_url":"https:\/\/www.tecma-tecnologia.com.br\/web\/laboratorio\/setor-qualidade\/politicas-implantadas-meio-ambiente\/","og_site_name":"TECMA Tecnologia","article_modified_time":"2021-01-29T21:14:55+00:00","twitter_card":"summary_large_image","twitter_misc":{"Est. tempo de leitura":"4 minutos"},"schema":{"@context":"https:\/\/schema.org","@graph":[{"@type":"WebPage","@id":"https:\/\/www.tecma-tecnologia.com.br\/web\/laboratorio\/setor-qualidade\/politicas-implantadas-meio-ambiente\/","url":"https:\/\/www.tecma-tecnologia.com.br\/web\/laboratorio\/setor-qualidade\/politicas-implantadas-meio-ambiente\/","name":"Pol\u00edticas Implantadas - TECMA Tecnologia Meio Ambiente","isPartOf":{"@id":"https:\/\/www.tecma-tecnologia.com.br\/web\/#website"},"datePublished":"2018-07-09T23:11:36+00:00","dateModified":"2021-01-29T21:14:55+00:00","description":"Pol\u00edticas ambientais implantadas TECMA | Estamos comprometidos em nos tornar a melhor e mais completa empresa no controle da polui\u00e7\u00e3o ambiental.","breadcrumb":{"@id":"https:\/\/www.tecma-tecnologia.com.br\/web\/laboratorio\/setor-qualidade\/politicas-implantadas-meio-ambiente\/#breadcrumb"},"inLanguage":"pt-BR","potentialAction":[{"@type":"ReadAction","target":["https:\/\/www.tecma-tecnologia.com.br\/web\/laboratorio\/setor-qualidade\/politicas-implantadas-meio-ambiente\/"]}]},{"@type":"BreadcrumbList","@id":"https:\/\/www.tecma-tecnologia.com.br\/web\/laboratorio\/setor-qualidade\/politicas-implantadas-meio-ambiente\/#breadcrumb","itemListElement":[{"@type":"ListItem","position":1,"name":"Home","item":"https:\/\/www.tecma-tecnologia.com.br\/web\/"},{"@type":"ListItem","position":2,"name":"Laborat\u00f3rio","item":"https:\/\/www.tecma-tecnologia.com.br\/web\/laboratorio\/"},{"@type":"ListItem","position":3,"name":"Setor Qualidade","item":"https:\/\/www.tecma-tecnologia.com.br\/web\/laboratorio\/setor-qualidade\/"},{"@type":"ListItem","position":4,"name":"Pol\u00edticas Implantadas"}]},{"@type":"WebSite","@id":"https:\/\/www.tecma-tecnologia.com.br\/web\/#website","url":"https:\/\/www.tecma-tecnologia.com.br\/web\/","name":"TECMA Tecnologia","description":"","potentialAction":[{"@type":"SearchAction","target":{"@type":"EntryPoint","urlTemplate":"https:\/\/www.tecma-tecnologia.com.br\/web\/?s={search_term_string}"},"query-input":"required name=search_term_string"}],"inLanguage":"pt-BR"}]}},"_links":{"self":[{"href":"https:\/\/www.tecma-tecnologia.com.br\/web\/wp-json\/wp\/v2\/pages\/167","targetHints":{"allow":["GET"]}}],"collection":[{"href":"https:\/\/www.tecma-tecnologia.com.br\/web\/wp-json\/wp\/v2\/pages"}],"about":[{"href":"https:\/\/www.tecma-tecnologia.com.br\/web\/wp-json\/wp\/v2\/types\/page"}],"author":[{"embeddable":true,"href":"https:\/\/www.tecma-tecnologia.com.br\/web\/wp-json\/wp\/v2\/users\/1"}],"replies":[{"embeddable":true,"href":"https:\/\/www.tecma-tecnologia.com.br\/web\/wp-json\/wp\/v2\/comments?post=167"}],"version-history":[{"count":2,"href":"https:\/\/www.tecma-tecnologia.com.br\/web\/wp-json\/wp\/v2\/pages\/167\/revisions"}],"predecessor-version":[{"id":4399,"href":"https:\/\/www.tecma-tecnologia.com.br\/web\/wp-json\/wp\/v2\/pages\/167\/revisions\/4399"}],"up":[{"embeddable":true,"href":"https:\/\/www.tecma-tecnologia.com.br\/web\/wp-json\/wp\/v2\/pages\/149"}],"wp:attachment":[{"href":"https:\/\/www.tecma-tecnologia.com.br\/web\/wp-json\/wp\/v2\/media?parent=167"}],"curies":[{"name":"wp","href":"https:\/\/api.w.org\/{rel}","templated":true}]}}