{"id":149,"date":"2018-07-09T19:57:33","date_gmt":"2018-07-09T22:57:33","guid":{"rendered":"http:\/\/www.tecma-tecnologia.com.br\/web\/?page_id=149"},"modified":"2022-03-03T09:54:10","modified_gmt":"2022-03-03T12:54:10","slug":"setor-qualidade","status":"publish","type":"page","link":"https:\/\/www.tecma-tecnologia.com.br\/web\/laboratorio\/setor-qualidade\/","title":{"rendered":"Setor Qualidade"},"content":{"rendered":"<p><div class=\"fusion-fullwidth fullwidth-box nonhundred-percent-fullwidth non-hundred-percent-height-scrolling\"  style='background-color: rgba(255,255,255,0);background-position: center center;background-repeat: no-repeat;padding-top:0px;padding-right:0px;padding-bottom:0px;padding-left:0px;'><div class=\"fusion-builder-row fusion-row \"><div  class=\"fusion-layout-column fusion_builder_column fusion_builder_column_1_1  fusion-one-full fusion-column-first fusion-column-last 1_1\"  style='margin-top:0px;margin-bottom:20px;'>\n\t\t\t\t\t<div class=\"fusion-column-wrapper\" style=\"padding: 0px 0px 0px 0px;background-position:left top;background-repeat:no-repeat;-webkit-background-size:cover;-moz-background-size:cover;-o-background-size:cover;background-size:cover;\"  data-bg-url=\"\">\n\t\t\t\t\t\t<div class=\"fusion-title title fusion-sep-none fusion-title-size-one\" style=\"margin-top:0px;margin-bottom:31px;\"><h1 class=\"title-heading-left\">Qualidade<\/h1><\/div><div class=\"imageframe-align-center\"><span class=\"fusion-imageframe imageframe-none imageframe-1 hover-type-none\"><img fetchpriority=\"high\" fetchpriority=\"high\" decoding=\"async\" src=\"https:\/\/www.tecma-tecnologia.com.br\/web\/wp-content\/uploads\/2018\/07\/qualidade.jpg\" width=\"1087\" height=\"279\" alt=\"Qualidade\" title=\"Qualidade\" class=\"img-responsive wp-image-155\" srcset=\"https:\/\/www.tecma-tecnologia.com.br\/web\/wp-content\/uploads\/2018\/07\/qualidade-200x51.jpg 200w, https:\/\/www.tecma-tecnologia.com.br\/web\/wp-content\/uploads\/2018\/07\/qualidade-400x103.jpg 400w, https:\/\/www.tecma-tecnologia.com.br\/web\/wp-content\/uploads\/2018\/07\/qualidade-600x154.jpg 600w, https:\/\/www.tecma-tecnologia.com.br\/web\/wp-content\/uploads\/2018\/07\/qualidade-800x205.jpg 800w, https:\/\/www.tecma-tecnologia.com.br\/web\/wp-content\/uploads\/2018\/07\/qualidade.jpg 1087w\" sizes=\"(max-width: 800px) 100vw, 1087px\" \/><\/span><\/div><div class=\"fusion-clearfix\"><\/div>\n\n\t\t\t\t\t<\/div>\n\t\t\t\t<\/div><\/div><\/div><div class=\"fusion-fullwidth fullwidth-box nonhundred-percent-fullwidth non-hundred-percent-height-scrolling\"  style='background-color: rgba(255,255,255,0);background-position: center center;background-repeat: no-repeat;padding-top:0px;padding-right:0px;padding-bottom:0px;padding-left:0px;'><div class=\"fusion-builder-row fusion-row \"><div  class=\"fusion-layout-column fusion_builder_column fusion_builder_column_3_4  fusion-three-fourth fusion-column-first 3_4\"  style='margin-top:20px;margin-bottom:20px;width:75%;width:calc(75% - ( ( 4% ) * 0.75 ) );margin-right: 4%;'>\n\t\t\t\t\t<div class=\"fusion-column-wrapper\" style=\"padding: 0px 0px 0px 0px;background-position:left top;background-repeat:no-repeat;-webkit-background-size:cover;-moz-background-size:cover;-o-background-size:cover;background-size:cover;\"  data-bg-url=\"\">\n\t\t\t\t\t\t<div class=\"fusion-text\"><p>O setor de Qualidade da TECMA \u00e9 respons\u00e1vel pelo monitoramento e controle de desempenho e avalia\u00e7\u00e3o de todos os processos envolvidos na Companhia.<\/p>\n<p>Os procedimentos gerenciais e as instru\u00e7\u00f5es t\u00e9cnicas formuladas pelo Departamento de Qualidade da empresa d\u00e3o garantia para o perfeito entendimento e execu\u00e7\u00e3o dos processos desenvolvidos por cada \u00e1rea da companhia.<\/p>\n<p>A Acredita\u00e7\u00e3o do laborat\u00f3rio (ABNT NBR ISO\/IEC 17025:2017) garante a emiss\u00e3o dos resultados confi\u00e1veis e compet\u00eancia em realizar ensaios laboratoriais, incluindo a amostragem.<\/p>\n<p>A TECMA visando sempre a preocupa\u00e7\u00e3o com a verdade e com o destino da informa\u00e7\u00e3o e com os erros de medi\u00e7\u00e3o apresenta resultados confi\u00e1veis, consistentes, coerentes, tecnicamente v\u00e1lidos, apresentados com n\u00edveis de incertezas adequados para os nossos clientes.<\/p>\n<p>Confira <em><strong><a href=\"http:\/\/www.inmetro.gov.br\/laboratorios\/rble\/docs\/crl0200.pdf\">aqui<\/a> <\/strong><\/em>o nosso escopo de Acredita\u00e7\u00e3o.<\/p>\n<\/div><div class=\"fusion-clearfix\"><\/div>\n\n\t\t\t\t\t<\/div>\n\t\t\t\t<\/div><div  class=\"fusion-layout-column fusion_builder_column fusion_builder_column_1_4  fusion-one-fourth fusion-column-last 1_4\"  style='margin-top:0px;margin-bottom:20px;width:25%;width:calc(25% - ( ( 4% ) * 0.25 ) );'>\n\t\t\t\t\t<div class=\"fusion-column-wrapper\" style=\"padding: 0px 0px 0px 0px;background-position:left top;background-repeat:no-repeat;-webkit-background-size:cover;-moz-background-size:cover;-o-background-size:cover;background-size:cover;\"  data-bg-url=\"\">\n\t\t\t\t\t\t<div class=\"fusion-widget-area fusion-widget-area-1 fusion-content-widget-area\"><style type=\"text\/css\" scoped=\"scoped\">.fusion-widget-area-1 {padding:0px 0px 0px 0px;}.fusion-widget-area-1 .widget h4 {color:#ffffff;}.fusion-widget-area-1 .widget .heading h4 {color:#ffffff;}<\/style><div id=\"nav_menu-3\" class=\"widget widget_nav_menu\"><div class=\"menu-qualidade-container\"><ul id=\"menu-qualidade\" class=\"menu\"><li id=\"menu-item-176\" class=\"menu-item menu-item-type-post_type menu-item-object-page menu-item-176\"><a href=\"https:\/\/www.tecma-tecnologia.com.br\/web\/laboratorio\/setor-qualidade\/\">QUALIDADE<\/a><\/li>\n<li id=\"menu-item-174\" class=\"menu-item menu-item-type-post_type menu-item-object-page menu-item-174\"><a href=\"https:\/\/www.tecma-tecnologia.com.br\/web\/laboratorio\/setor-qualidade\/normativas-e-acreditacoes\/\">NORMATIVAS E ACREDITA\u00c7\u00d5ES<\/a><\/li>\n<li id=\"menu-item-175\" class=\"menu-item menu-item-type-post_type menu-item-object-page menu-item-175\"><a href=\"https:\/\/www.tecma-tecnologia.com.br\/web\/laboratorio\/setor-qualidade\/politicas-implantadas-meio-ambiente\/\">POL\u00cdTICAS IMPLANTADAS<\/a><\/li>\n<\/ul><\/div><\/div><div class=\"fusion-additional-widget-content\"><\/div><\/div><div class=\"fusion-widget-area fusion-widget-area-2 fusion-content-widget-area\"><style type=\"text\/css\" scoped=\"scoped\">.fusion-widget-area-2 {padding:0px 0px 0px 0px;}.fusion-widget-area-2 .widget h4 {color:#ffffff;}.fusion-widget-area-2 .widget .heading h4 {color:#ffffff;}<\/style><div id=\"custom_html-3\" class=\"widget_text widget widget_custom_html\" style=\"padding: 5px 20px 20px 20px;background-color: #1eb4c2;\"><div class=\"heading\"><h4 class=\"widget-title\">Entre em contato conosco<\/h4><\/div><div class=\"textwidget custom-html-widget\"><a href=\"https:\/\/www.tecma-tecnologia.com.br\/web\/pt\/contato\/\"><i class=\"fab fa-whatsapp\" style=\"color:#ffffff;font-size:24px;\"><\/i><\/a><\/div><\/div><div class=\"fusion-additional-widget-content\"><\/div><\/div><div class=\"fusion-clearfix\"><\/div>\n\n\t\t\t\t\t<\/div>\n\t\t\t\t<\/div><\/div><\/div><\/p>\n","protected":false},"excerpt":{"rendered":"","protected":false},"author":1,"featured_media":0,"parent":377,"menu_order":0,"comment_status":"closed","ping_status":"closed","template":"100-width.php","meta":{"_mi_skip_tracking":false,"spay_email":"","footnotes":""},"class_list":["post-149","page","type-page","status-publish","hentry"],"yoast_head":"<!-- This site is optimized with the Yoast SEO plugin v20.2.1 - https:\/\/yoast.com\/wordpress\/plugins\/seo\/ -->\n<title>Setor Qualidade - TECMA Tecnologia Compromisso com a qualidade!<\/title>\n<meta name=\"description\" content=\"O setor de Qualidade da TECMA \u00e9 respons\u00e1vel pelo monitoramento e controle de desempenho e avalia\u00e7\u00e3o de todos os processos envolvidos na Companhia.\" \/>\n<meta name=\"robots\" content=\"index, follow, max-snippet:-1, max-image-preview:large, max-video-preview:-1\" \/>\n<link rel=\"canonical\" href=\"https:\/\/www.tecma-tecnologia.com.br\/web\/laboratorio\/setor-qualidade\/\" \/>\n<meta property=\"og:locale\" content=\"pt_BR\" \/>\n<meta property=\"og:type\" content=\"article\" \/>\n<meta property=\"og:title\" content=\"Setor Qualidade - TECMA Tecnologia Compromisso com a qualidade!\" \/>\n<meta property=\"og:description\" content=\"O setor de Qualidade da TECMA \u00e9 respons\u00e1vel pelo monitoramento e controle de desempenho e avalia\u00e7\u00e3o de todos os processos envolvidos na Companhia.\" \/>\n<meta property=\"og:url\" content=\"https:\/\/www.tecma-tecnologia.com.br\/web\/laboratorio\/setor-qualidade\/\" \/>\n<meta property=\"og:site_name\" content=\"TECMA Tecnologia\" \/>\n<meta property=\"article:modified_time\" content=\"2022-03-03T12:54:10+00:00\" \/>\n<meta name=\"twitter:card\" content=\"summary_large_image\" \/>\n<meta name=\"twitter:label1\" content=\"Est. tempo de leitura\" \/>\n\t<meta name=\"twitter:data1\" content=\"2 minutos\" \/>\n<script type=\"application\/ld+json\" class=\"yoast-schema-graph\">{\"@context\":\"https:\/\/schema.org\",\"@graph\":[{\"@type\":\"WebPage\",\"@id\":\"https:\/\/www.tecma-tecnologia.com.br\/web\/laboratorio\/setor-qualidade\/\",\"url\":\"https:\/\/www.tecma-tecnologia.com.br\/web\/laboratorio\/setor-qualidade\/\",\"name\":\"Setor Qualidade - TECMA Tecnologia Compromisso com a qualidade!\",\"isPartOf\":{\"@id\":\"https:\/\/www.tecma-tecnologia.com.br\/web\/#website\"},\"datePublished\":\"2018-07-09T22:57:33+00:00\",\"dateModified\":\"2022-03-03T12:54:10+00:00\",\"description\":\"O setor de Qualidade da TECMA \u00e9 respons\u00e1vel pelo monitoramento e controle de desempenho e avalia\u00e7\u00e3o de todos os processos envolvidos na Companhia.\",\"breadcrumb\":{\"@id\":\"https:\/\/www.tecma-tecnologia.com.br\/web\/laboratorio\/setor-qualidade\/#breadcrumb\"},\"inLanguage\":\"pt-BR\",\"potentialAction\":[{\"@type\":\"ReadAction\",\"target\":[\"https:\/\/www.tecma-tecnologia.com.br\/web\/laboratorio\/setor-qualidade\/\"]}]},{\"@type\":\"BreadcrumbList\",\"@id\":\"https:\/\/www.tecma-tecnologia.com.br\/web\/laboratorio\/setor-qualidade\/#breadcrumb\",\"itemListElement\":[{\"@type\":\"ListItem\",\"position\":1,\"name\":\"Home\",\"item\":\"https:\/\/www.tecma-tecnologia.com.br\/web\/\"},{\"@type\":\"ListItem\",\"position\":2,\"name\":\"Laborat\u00f3rio\",\"item\":\"https:\/\/www.tecma-tecnologia.com.br\/web\/laboratorio\/\"},{\"@type\":\"ListItem\",\"position\":3,\"name\":\"Setor Qualidade\"}]},{\"@type\":\"WebSite\",\"@id\":\"https:\/\/www.tecma-tecnologia.com.br\/web\/#website\",\"url\":\"https:\/\/www.tecma-tecnologia.com.br\/web\/\",\"name\":\"TECMA Tecnologia\",\"description\":\"\",\"potentialAction\":[{\"@type\":\"SearchAction\",\"target\":{\"@type\":\"EntryPoint\",\"urlTemplate\":\"https:\/\/www.tecma-tecnologia.com.br\/web\/?s={search_term_string}\"},\"query-input\":\"required name=search_term_string\"}],\"inLanguage\":\"pt-BR\"}]}<\/script>\n<!-- \/ Yoast SEO plugin. -->","yoast_head_json":{"title":"Setor Qualidade - TECMA Tecnologia Compromisso com a qualidade!","description":"O setor de Qualidade da TECMA \u00e9 respons\u00e1vel pelo monitoramento e controle de desempenho e avalia\u00e7\u00e3o de todos os processos envolvidos na Companhia.","robots":{"index":"index","follow":"follow","max-snippet":"max-snippet:-1","max-image-preview":"max-image-preview:large","max-video-preview":"max-video-preview:-1"},"canonical":"https:\/\/www.tecma-tecnologia.com.br\/web\/laboratorio\/setor-qualidade\/","og_locale":"pt_BR","og_type":"article","og_title":"Setor Qualidade - TECMA Tecnologia Compromisso com a qualidade!","og_description":"O setor de Qualidade da TECMA \u00e9 respons\u00e1vel pelo monitoramento e controle de desempenho e avalia\u00e7\u00e3o de todos os processos envolvidos na Companhia.","og_url":"https:\/\/www.tecma-tecnologia.com.br\/web\/laboratorio\/setor-qualidade\/","og_site_name":"TECMA Tecnologia","article_modified_time":"2022-03-03T12:54:10+00:00","twitter_card":"summary_large_image","twitter_misc":{"Est. tempo de leitura":"2 minutos"},"schema":{"@context":"https:\/\/schema.org","@graph":[{"@type":"WebPage","@id":"https:\/\/www.tecma-tecnologia.com.br\/web\/laboratorio\/setor-qualidade\/","url":"https:\/\/www.tecma-tecnologia.com.br\/web\/laboratorio\/setor-qualidade\/","name":"Setor Qualidade - TECMA Tecnologia Compromisso com a qualidade!","isPartOf":{"@id":"https:\/\/www.tecma-tecnologia.com.br\/web\/#website"},"datePublished":"2018-07-09T22:57:33+00:00","dateModified":"2022-03-03T12:54:10+00:00","description":"O setor de Qualidade da TECMA \u00e9 respons\u00e1vel pelo monitoramento e controle de desempenho e avalia\u00e7\u00e3o de todos os processos envolvidos na Companhia.","breadcrumb":{"@id":"https:\/\/www.tecma-tecnologia.com.br\/web\/laboratorio\/setor-qualidade\/#breadcrumb"},"inLanguage":"pt-BR","potentialAction":[{"@type":"ReadAction","target":["https:\/\/www.tecma-tecnologia.com.br\/web\/laboratorio\/setor-qualidade\/"]}]},{"@type":"BreadcrumbList","@id":"https:\/\/www.tecma-tecnologia.com.br\/web\/laboratorio\/setor-qualidade\/#breadcrumb","itemListElement":[{"@type":"ListItem","position":1,"name":"Home","item":"https:\/\/www.tecma-tecnologia.com.br\/web\/"},{"@type":"ListItem","position":2,"name":"Laborat\u00f3rio","item":"https:\/\/www.tecma-tecnologia.com.br\/web\/laboratorio\/"},{"@type":"ListItem","position":3,"name":"Setor Qualidade"}]},{"@type":"WebSite","@id":"https:\/\/www.tecma-tecnologia.com.br\/web\/#website","url":"https:\/\/www.tecma-tecnologia.com.br\/web\/","name":"TECMA Tecnologia","description":"","potentialAction":[{"@type":"SearchAction","target":{"@type":"EntryPoint","urlTemplate":"https:\/\/www.tecma-tecnologia.com.br\/web\/?s={search_term_string}"},"query-input":"required name=search_term_string"}],"inLanguage":"pt-BR"}]}},"_links":{"self":[{"href":"https:\/\/www.tecma-tecnologia.com.br\/web\/wp-json\/wp\/v2\/pages\/149","targetHints":{"allow":["GET"]}}],"collection":[{"href":"https:\/\/www.tecma-tecnologia.com.br\/web\/wp-json\/wp\/v2\/pages"}],"about":[{"href":"https:\/\/www.tecma-tecnologia.com.br\/web\/wp-json\/wp\/v2\/types\/page"}],"author":[{"embeddable":true,"href":"https:\/\/www.tecma-tecnologia.com.br\/web\/wp-json\/wp\/v2\/users\/1"}],"replies":[{"embeddable":true,"href":"https:\/\/www.tecma-tecnologia.com.br\/web\/wp-json\/wp\/v2\/comments?post=149"}],"version-history":[{"count":5,"href":"https:\/\/www.tecma-tecnologia.com.br\/web\/wp-json\/wp\/v2\/pages\/149\/revisions"}],"predecessor-version":[{"id":4492,"href":"https:\/\/www.tecma-tecnologia.com.br\/web\/wp-json\/wp\/v2\/pages\/149\/revisions\/4492"}],"up":[{"embeddable":true,"href":"https:\/\/www.tecma-tecnologia.com.br\/web\/wp-json\/wp\/v2\/pages\/377"}],"wp:attachment":[{"href":"https:\/\/www.tecma-tecnologia.com.br\/web\/wp-json\/wp\/v2\/media?parent=149"}],"curies":[{"name":"wp","href":"https:\/\/api.w.org\/{rel}","templated":true}]}}