{"id":141,"date":"2018-07-09T19:02:33","date_gmt":"2018-07-09T22:02:33","guid":{"rendered":"http:\/\/www.tecma-tecnologia.com.br\/web\/?page_id=141"},"modified":"2019-12-26T12:04:17","modified_gmt":"2019-12-26T15:04:17","slug":"o-que-fazemos-empresa-tecma","status":"publish","type":"page","link":"https:\/\/www.tecma-tecnologia.com.br\/web\/sobre-nos-tecma-tecnologia\/o-que-fazemos-empresa-tecma\/","title":{"rendered":"O Que Fazemos"},"content":{"rendered":"<p><div class=\"fusion-fullwidth fullwidth-box nonhundred-percent-fullwidth non-hundred-percent-height-scrolling\"  style='background-color: rgba(255,255,255,0);background-position: center center;background-repeat: no-repeat;padding-top:0px;padding-right:0px;padding-bottom:0px;padding-left:0px;'><div class=\"fusion-builder-row fusion-row \"><div  class=\"fusion-layout-column fusion_builder_column fusion_builder_column_1_1  fusion-one-full fusion-column-first fusion-column-last 1_1\"  style='margin-top:0px;margin-bottom:20px;'>\n\t\t\t\t\t<div class=\"fusion-column-wrapper\" style=\"padding: 0px 0px 0px 0px;background-position:left top;background-repeat:no-repeat;-webkit-background-size:cover;-moz-background-size:cover;-o-background-size:cover;background-size:cover;\"  data-bg-url=\"\">\n\t\t\t\t\t\t<div class=\"fusion-title title fusion-sep-none fusion-title-size-one\" style=\"margin-top:0px;margin-bottom:31px;\"><h1 class=\"title-heading-left\">O Que Fazemos<\/h1><\/div><div class=\"imageframe-align-center\"><span class=\"fusion-imageframe imageframe-none imageframe-1 hover-type-none\"><img fetchpriority=\"high\" fetchpriority=\"high\" decoding=\"async\" src=\"https:\/\/www.tecma-tecnologia.com.br\/web\/wp-content\/uploads\/2018\/12\/o-que-fazemos.png\" width=\"1500\" height=\"500\" alt=\"\" title=\"O QUE FAZEMOS\" class=\"img-responsive wp-image-1213\" srcset=\"https:\/\/www.tecma-tecnologia.com.br\/web\/wp-content\/uploads\/2018\/12\/o-que-fazemos-200x67.png 200w, https:\/\/www.tecma-tecnologia.com.br\/web\/wp-content\/uploads\/2018\/12\/o-que-fazemos-400x133.png 400w, https:\/\/www.tecma-tecnologia.com.br\/web\/wp-content\/uploads\/2018\/12\/o-que-fazemos-600x200.png 600w, https:\/\/www.tecma-tecnologia.com.br\/web\/wp-content\/uploads\/2018\/12\/o-que-fazemos-800x267.png 800w, https:\/\/www.tecma-tecnologia.com.br\/web\/wp-content\/uploads\/2018\/12\/o-que-fazemos-1200x400.png 1200w, https:\/\/www.tecma-tecnologia.com.br\/web\/wp-content\/uploads\/2018\/12\/o-que-fazemos.png 1500w\" sizes=\"(max-width: 800px) 100vw, 1200px\" \/><\/span><\/div><div class=\"fusion-clearfix\"><\/div>\n\n\t\t\t\t\t<\/div>\n\t\t\t\t<\/div><\/div><\/div><div class=\"fusion-fullwidth fullwidth-box nonhundred-percent-fullwidth non-hundred-percent-height-scrolling\"  style='background-color: rgba(255,255,255,0);background-position: center center;background-repeat: no-repeat;padding-top:0px;padding-right:0px;padding-bottom:0px;padding-left:0px;'><div class=\"fusion-builder-row fusion-row \"><div  class=\"fusion-layout-column fusion_builder_column fusion_builder_column_3_4  fusion-three-fourth fusion-column-first 3_4\"  style='margin-top:0px;margin-bottom:20px;width:75%;width:calc(75% - ( ( 4% ) * 0.75 ) );margin-right: 4%;'>\n\t\t\t\t\t<div class=\"fusion-column-wrapper\" style=\"padding: 0px 0px 0px 0px;background-position:left top;background-repeat:no-repeat;-webkit-background-size:cover;-moz-background-size:cover;-o-background-size:cover;background-size:cover;\"  data-bg-url=\"\">\n\t\t\t\t\t\t<div class=\"fusion-text\"><h4><span style=\"vertical-align: inherit;\"><span style=\"vertical-align: inherit;\">EMPRESA<\/span><\/span><\/h4>\n<p><span style=\"vertical-align: inherit;\"><span style=\"vertical-align: inherit;\">Fundada em janeiro de 1986, a TECMA \u00e9 uma empresa brasileira de capital privado que atua no ramo ambiental a partir de suas 2 \u00e1reas operacionais, laborat\u00f3rio de ensaios e engenharia.<\/span><\/span><\/p>\n<p><span style=\"vertical-align: inherit;\"><span style=\"vertical-align: inherit;\">Capacitada a desenvolver a mais diversificada gama de estudos e projetos, com a proposta de implanta\u00e7\u00e3o de sistemas e fabrica\u00e7\u00e3o de equipamentos desta \u00e1rea, al\u00e9m de gerenciar grandes contratos de monitoramentos ambientais, a TECMA se diferencia pelo conhecimento adquirido pelas pesquisas emp\u00edricas realizadas atrav\u00e9s de seu laborat\u00f3rio o que nos fornece amplitude t\u00e9cnica e compet\u00eancia na resolu\u00e7\u00e3o de problemas.<\/span><\/span><\/p>\n<p><span style=\"vertical-align: inherit;\"><span style=\"vertical-align: inherit;\">Com mais de duas centenas de sistemas de tratamento implantados em territ\u00f3rio nacional, todos em pleno funcionamento, uma TECMA vem contribuindo para a avalia\u00e7\u00e3o do controle ambiental em nosso pa\u00eds.<\/span><\/span><\/p>\n<p><span style=\"vertical-align: inherit;\"><span style=\"vertical-align: inherit;\">Nossos Ensaios Laboratoriais e os Servi\u00e7os de Amostragem realizados na Norma ABNT NBR ISO \/ IEC 17.025 que estabelecem os Requisitos Gerais para uma Compet\u00eancia de Laborat\u00f3rios de Ensaios, obedeceu aos princ\u00edpios de Qualidade, Confiabilidade e Confidencialidade.<\/span><\/span><\/p>\n<p><span style=\"vertical-align: inherit;\"><span style=\"vertical-align: inherit;\">Este padr\u00e3o de trabalho incorpora um sistema de qualidade que contempla o uso de calibra\u00e7\u00f5es RBC, sele\u00e7\u00e3o de fornecedores, uso de padr\u00f5es de rastreabilidade internacional, controles interlaboratoriais, controle de calibra\u00e7\u00e3o, valida\u00e7\u00e3o de m\u00e9todos, c\u00e1lculo de incerteza, entre outros.\u00a0<\/span><\/span><\/p>\n<p><span style=\"vertical-align: inherit;\"><span style=\"vertical-align: inherit;\">Todos estes procedimentos foram convertidos em vantagens para o cliente pela qualidade dos resultados proporcionados, cujo reconhecimento \u00e9 tamb\u00e9m internacional.<\/span><\/span><\/p>\n<\/div><div class=\"fusion-clearfix\"><\/div>\n\n\t\t\t\t\t<\/div>\n\t\t\t\t<\/div><div  class=\"fusion-layout-column fusion_builder_column fusion_builder_column_1_4  fusion-one-fourth fusion-column-last 1_4\"  style='margin-top:20px;margin-bottom:20px;width:25%;width:calc(25% - ( ( 4% ) * 0.25 ) );'>\n\t\t\t\t\t<div class=\"fusion-column-wrapper\" style=\"padding: 0px 0px 0px 0px;background-position:left top;background-repeat:no-repeat;-webkit-background-size:cover;-moz-background-size:cover;-o-background-size:cover;background-size:cover;\"  data-bg-url=\"\">\n\t\t\t\t\t\t<div class=\"fusion-widget-area fusion-widget-area-1 fusion-content-widget-area\"><style type=\"text\/css\" scoped=\"scoped\">.fusion-widget-area-1 {padding:0px 0px 0px 0px;}.fusion-widget-area-1 .widget h4 {color:#ffffff;}.fusion-widget-area-1 .widget .heading h4 {color:#ffffff;}<\/style><div id=\"nav_menu-2\" class=\"widget widget_nav_menu\"><div class=\"menu-sobre-nos-container\"><ul id=\"menu-sobre-nos\" class=\"menu\"><li id=\"menu-item-138\" class=\"menu-item menu-item-type-post_type menu-item-object-page menu-item-138\"><a href=\"https:\/\/www.tecma-tecnologia.com.br\/web\/sobre-nos-tecma-tecnologia\/nossa-historia\/\">NOSSA HIST\u00d3RIA<\/a><\/li>\n<li id=\"menu-item-144\" class=\"menu-item menu-item-type-post_type menu-item-object-page menu-item-144\"><a href=\"https:\/\/www.tecma-tecnologia.com.br\/web\/sobre-nos-tecma-tecnologia\/o-que-fazemos-empresa-tecma\/\">O QUE FAZEMOS<\/a><\/li>\n<li id=\"menu-item-139\" class=\"menu-item menu-item-type-post_type menu-item-object-page menu-item-139\"><a href=\"https:\/\/www.tecma-tecnologia.com.br\/web\/sobre-nos-tecma-tecnologia\/clientes\/\">CLIENTES<\/a><\/li>\n<\/ul><\/div><\/div><div class=\"fusion-additional-widget-content\"><\/div><\/div><div class=\"fusion-widget-area fusion-widget-area-2 fusion-content-widget-area\"><style type=\"text\/css\" scoped=\"scoped\">.fusion-widget-area-2 {padding:0px 0px 0px 0px;}.fusion-widget-area-2 .widget h4 {color:#ffffff;}.fusion-widget-area-2 .widget .heading h4 {color:#ffffff;}<\/style><div id=\"custom_html-3\" class=\"widget_text widget widget_custom_html\" style=\"padding: 5px 20px 20px 20px;background-color: #1eb4c2;\"><div class=\"heading\"><h4 class=\"widget-title\">Entre em contato conosco<\/h4><\/div><div class=\"textwidget custom-html-widget\"><a href=\"https:\/\/www.tecma-tecnologia.com.br\/web\/pt\/contato\/\"><i class=\"fab fa-whatsapp\" style=\"color:#ffffff;font-size:24px;\"><\/i><\/a><\/div><\/div><div class=\"fusion-additional-widget-content\"><\/div><\/div><div class=\"fusion-clearfix\"><\/div>\n\n\t\t\t\t\t<\/div>\n\t\t\t\t<\/div><\/div><\/div><\/p>\n","protected":false},"excerpt":{"rendered":"","protected":false},"author":1,"featured_media":0,"parent":287,"menu_order":0,"comment_status":"closed","ping_status":"closed","template":"100-width.php","meta":{"_mi_skip_tracking":false,"spay_email":"","footnotes":""},"class_list":["post-141","page","type-page","status-publish","hentry"],"yoast_head":"<!-- This site is optimized with the Yoast SEO plugin v20.2.1 - https:\/\/yoast.com\/wordpress\/plugins\/seo\/ -->\n<title>O Que Fazemos - TECMA Tecnologia Empresa TECMA<\/title>\n<meta name=\"description\" content=\"Fundada em janeiro de 1986, a TECMA \u00e9 uma empresa brasileira que atua no ramo ambiental a partir de suas 2 \u00e1reas, laborat\u00f3rio de ensaios e engenharia.\" \/>\n<meta name=\"robots\" content=\"index, follow, max-snippet:-1, max-image-preview:large, max-video-preview:-1\" \/>\n<link rel=\"canonical\" href=\"https:\/\/www.tecma-tecnologia.com.br\/web\/sobre-nos-tecma-tecnologia\/o-que-fazemos-empresa-tecma\/\" \/>\n<meta property=\"og:locale\" content=\"pt_BR\" \/>\n<meta property=\"og:type\" content=\"article\" \/>\n<meta property=\"og:title\" content=\"O Que Fazemos - TECMA Tecnologia Empresa TECMA\" \/>\n<meta property=\"og:description\" content=\"Fundada em janeiro de 1986, a TECMA \u00e9 uma empresa brasileira que atua no ramo ambiental a partir de suas 2 \u00e1reas, laborat\u00f3rio de ensaios e engenharia.\" \/>\n<meta property=\"og:url\" content=\"https:\/\/www.tecma-tecnologia.com.br\/web\/sobre-nos-tecma-tecnologia\/o-que-fazemos-empresa-tecma\/\" \/>\n<meta property=\"og:site_name\" content=\"TECMA Tecnologia\" \/>\n<meta property=\"article:modified_time\" content=\"2019-12-26T15:04:17+00:00\" \/>\n<meta name=\"twitter:card\" content=\"summary_large_image\" \/>\n<meta name=\"twitter:label1\" content=\"Est. tempo de leitura\" \/>\n\t<meta name=\"twitter:data1\" content=\"4 minutos\" \/>\n<script type=\"application\/ld+json\" class=\"yoast-schema-graph\">{\"@context\":\"https:\/\/schema.org\",\"@graph\":[{\"@type\":\"WebPage\",\"@id\":\"https:\/\/www.tecma-tecnologia.com.br\/web\/sobre-nos-tecma-tecnologia\/o-que-fazemos-empresa-tecma\/\",\"url\":\"https:\/\/www.tecma-tecnologia.com.br\/web\/sobre-nos-tecma-tecnologia\/o-que-fazemos-empresa-tecma\/\",\"name\":\"O Que Fazemos - TECMA Tecnologia Empresa TECMA\",\"isPartOf\":{\"@id\":\"https:\/\/www.tecma-tecnologia.com.br\/web\/#website\"},\"datePublished\":\"2018-07-09T22:02:33+00:00\",\"dateModified\":\"2019-12-26T15:04:17+00:00\",\"description\":\"Fundada em janeiro de 1986, a TECMA \u00e9 uma empresa brasileira que atua no ramo ambiental a partir de suas 2 \u00e1reas, laborat\u00f3rio de ensaios e engenharia.\",\"breadcrumb\":{\"@id\":\"https:\/\/www.tecma-tecnologia.com.br\/web\/sobre-nos-tecma-tecnologia\/o-que-fazemos-empresa-tecma\/#breadcrumb\"},\"inLanguage\":\"pt-BR\",\"potentialAction\":[{\"@type\":\"ReadAction\",\"target\":[\"https:\/\/www.tecma-tecnologia.com.br\/web\/sobre-nos-tecma-tecnologia\/o-que-fazemos-empresa-tecma\/\"]}]},{\"@type\":\"BreadcrumbList\",\"@id\":\"https:\/\/www.tecma-tecnologia.com.br\/web\/sobre-nos-tecma-tecnologia\/o-que-fazemos-empresa-tecma\/#breadcrumb\",\"itemListElement\":[{\"@type\":\"ListItem\",\"position\":1,\"name\":\"Home\",\"item\":\"https:\/\/www.tecma-tecnologia.com.br\/web\/\"},{\"@type\":\"ListItem\",\"position\":2,\"name\":\"Sobre n\u00f3s\",\"item\":\"https:\/\/www.tecma-tecnologia.com.br\/web\/sobre-nos-tecma-tecnologia\/\"},{\"@type\":\"ListItem\",\"position\":3,\"name\":\"O Que Fazemos\"}]},{\"@type\":\"WebSite\",\"@id\":\"https:\/\/www.tecma-tecnologia.com.br\/web\/#website\",\"url\":\"https:\/\/www.tecma-tecnologia.com.br\/web\/\",\"name\":\"TECMA Tecnologia\",\"description\":\"\",\"potentialAction\":[{\"@type\":\"SearchAction\",\"target\":{\"@type\":\"EntryPoint\",\"urlTemplate\":\"https:\/\/www.tecma-tecnologia.com.br\/web\/?s={search_term_string}\"},\"query-input\":\"required name=search_term_string\"}],\"inLanguage\":\"pt-BR\"}]}<\/script>\n<!-- \/ Yoast SEO plugin. -->","yoast_head_json":{"title":"O Que Fazemos - TECMA Tecnologia Empresa TECMA","description":"Fundada em janeiro de 1986, a TECMA \u00e9 uma empresa brasileira que atua no ramo ambiental a partir de suas 2 \u00e1reas, laborat\u00f3rio de ensaios e engenharia.","robots":{"index":"index","follow":"follow","max-snippet":"max-snippet:-1","max-image-preview":"max-image-preview:large","max-video-preview":"max-video-preview:-1"},"canonical":"https:\/\/www.tecma-tecnologia.com.br\/web\/sobre-nos-tecma-tecnologia\/o-que-fazemos-empresa-tecma\/","og_locale":"pt_BR","og_type":"article","og_title":"O Que Fazemos - TECMA Tecnologia Empresa TECMA","og_description":"Fundada em janeiro de 1986, a TECMA \u00e9 uma empresa brasileira que atua no ramo ambiental a partir de suas 2 \u00e1reas, laborat\u00f3rio de ensaios e engenharia.","og_url":"https:\/\/www.tecma-tecnologia.com.br\/web\/sobre-nos-tecma-tecnologia\/o-que-fazemos-empresa-tecma\/","og_site_name":"TECMA Tecnologia","article_modified_time":"2019-12-26T15:04:17+00:00","twitter_card":"summary_large_image","twitter_misc":{"Est. tempo de leitura":"4 minutos"},"schema":{"@context":"https:\/\/schema.org","@graph":[{"@type":"WebPage","@id":"https:\/\/www.tecma-tecnologia.com.br\/web\/sobre-nos-tecma-tecnologia\/o-que-fazemos-empresa-tecma\/","url":"https:\/\/www.tecma-tecnologia.com.br\/web\/sobre-nos-tecma-tecnologia\/o-que-fazemos-empresa-tecma\/","name":"O Que Fazemos - TECMA Tecnologia Empresa TECMA","isPartOf":{"@id":"https:\/\/www.tecma-tecnologia.com.br\/web\/#website"},"datePublished":"2018-07-09T22:02:33+00:00","dateModified":"2019-12-26T15:04:17+00:00","description":"Fundada em janeiro de 1986, a TECMA \u00e9 uma empresa brasileira que atua no ramo ambiental a partir de suas 2 \u00e1reas, laborat\u00f3rio de ensaios e engenharia.","breadcrumb":{"@id":"https:\/\/www.tecma-tecnologia.com.br\/web\/sobre-nos-tecma-tecnologia\/o-que-fazemos-empresa-tecma\/#breadcrumb"},"inLanguage":"pt-BR","potentialAction":[{"@type":"ReadAction","target":["https:\/\/www.tecma-tecnologia.com.br\/web\/sobre-nos-tecma-tecnologia\/o-que-fazemos-empresa-tecma\/"]}]},{"@type":"BreadcrumbList","@id":"https:\/\/www.tecma-tecnologia.com.br\/web\/sobre-nos-tecma-tecnologia\/o-que-fazemos-empresa-tecma\/#breadcrumb","itemListElement":[{"@type":"ListItem","position":1,"name":"Home","item":"https:\/\/www.tecma-tecnologia.com.br\/web\/"},{"@type":"ListItem","position":2,"name":"Sobre n\u00f3s","item":"https:\/\/www.tecma-tecnologia.com.br\/web\/sobre-nos-tecma-tecnologia\/"},{"@type":"ListItem","position":3,"name":"O Que Fazemos"}]},{"@type":"WebSite","@id":"https:\/\/www.tecma-tecnologia.com.br\/web\/#website","url":"https:\/\/www.tecma-tecnologia.com.br\/web\/","name":"TECMA Tecnologia","description":"","potentialAction":[{"@type":"SearchAction","target":{"@type":"EntryPoint","urlTemplate":"https:\/\/www.tecma-tecnologia.com.br\/web\/?s={search_term_string}"},"query-input":"required name=search_term_string"}],"inLanguage":"pt-BR"}]}},"_links":{"self":[{"href":"https:\/\/www.tecma-tecnologia.com.br\/web\/wp-json\/wp\/v2\/pages\/141","targetHints":{"allow":["GET"]}}],"collection":[{"href":"https:\/\/www.tecma-tecnologia.com.br\/web\/wp-json\/wp\/v2\/pages"}],"about":[{"href":"https:\/\/www.tecma-tecnologia.com.br\/web\/wp-json\/wp\/v2\/types\/page"}],"author":[{"embeddable":true,"href":"https:\/\/www.tecma-tecnologia.com.br\/web\/wp-json\/wp\/v2\/users\/1"}],"replies":[{"embeddable":true,"href":"https:\/\/www.tecma-tecnologia.com.br\/web\/wp-json\/wp\/v2\/comments?post=141"}],"version-history":[{"count":1,"href":"https:\/\/www.tecma-tecnologia.com.br\/web\/wp-json\/wp\/v2\/pages\/141\/revisions"}],"predecessor-version":[{"id":3314,"href":"https:\/\/www.tecma-tecnologia.com.br\/web\/wp-json\/wp\/v2\/pages\/141\/revisions\/3314"}],"up":[{"embeddable":true,"href":"https:\/\/www.tecma-tecnologia.com.br\/web\/wp-json\/wp\/v2\/pages\/287"}],"wp:attachment":[{"href":"https:\/\/www.tecma-tecnologia.com.br\/web\/wp-json\/wp\/v2\/media?parent=141"}],"curies":[{"name":"wp","href":"https:\/\/api.w.org\/{rel}","templated":true}]}}