{"id":116,"date":"2018-07-09T17:50:10","date_gmt":"2018-07-09T20:50:10","guid":{"rendered":"http:\/\/www.tecma-tecnologia.com.br\/web\/?page_id=116"},"modified":"2020-01-02T10:48:07","modified_gmt":"2020-01-02T13:48:07","slug":"clientes","status":"publish","type":"page","link":"https:\/\/www.tecma-tecnologia.com.br\/web\/sobre-nos-tecma-tecnologia\/clientes\/","title":{"rendered":"Clientes tecma"},"content":{"rendered":"<div class=\"fusion-fullwidth fullwidth-box nonhundred-percent-fullwidth non-hundred-percent-height-scrolling\"  style='background-color: rgba(255,255,255,0);background-position: center center;background-repeat: no-repeat;padding-top:0px;padding-right:0px;padding-bottom:0px;padding-left:0px;'><div class=\"fusion-builder-row fusion-row \"><div  class=\"fusion-layout-column fusion_builder_column fusion_builder_column_3_4  fusion-three-fourth fusion-column-first 3_4\"  style='margin-top:0px;margin-bottom:20px;width:75%;width:calc(75% - ( ( 4% ) * 0.75 ) );margin-right: 4%;'>\n\t\t\t\t\t<div class=\"fusion-column-wrapper\" style=\"padding: 0px 0px 0px 0px;background-position:left top;background-repeat:no-repeat;-webkit-background-size:cover;-moz-background-size:cover;-o-background-size:cover;background-size:cover;\"  data-bg-url=\"\">\n\t\t\t\t\t\t<div class=\"fusion-title title fusion-sep-none fusion-title-size-one\" style=\"margin-top:0px;margin-bottom:31px;\"><h1 class=\"title-heading-left\">Clientes<\/h1><\/div><div class=\"fusion-text\"><p>Nossos principais clientes s\u00e3o as ind\u00fastrias farmac\u00eauticas, aliment\u00edcias, mineradoras, petroqu\u00edmicas dentre outras. Na \u00e1rea da Constru\u00e7\u00e3o Civil atuamos com grandes construtoras, hot\u00e9is, shoppings e pr\u00e9dios comerciais. Na \u00e1rea p\u00fablica atuamos em contratos em parceria com o ente p\u00fablico.<\/p>\n<p>Confira abaixo alguns de nossos clientes<\/p>\n<\/div><div class=\"imageframe-align-center\"><span class=\"fusion-imageframe imageframe-none imageframe-1 hover-type-none\"><img fetchpriority=\"high\" fetchpriority=\"high\" decoding=\"async\" src=\"https:\/\/www.tecma-tecnologia.com.br\/web\/wp-content\/uploads\/2018\/07\/clientes.jpg\" width=\"784\" height=\"619\" alt=\"Clientes\" title=\"Clientes\" class=\"img-responsive wp-image-129\" srcset=\"https:\/\/www.tecma-tecnologia.com.br\/web\/wp-content\/uploads\/2018\/07\/clientes-200x158.jpg 200w, https:\/\/www.tecma-tecnologia.com.br\/web\/wp-content\/uploads\/2018\/07\/clientes-400x316.jpg 400w, https:\/\/www.tecma-tecnologia.com.br\/web\/wp-content\/uploads\/2018\/07\/clientes-600x474.jpg 600w, https:\/\/www.tecma-tecnologia.com.br\/web\/wp-content\/uploads\/2018\/07\/clientes.jpg 784w\" sizes=\"(max-width: 800px) 100vw, 784px\" \/><\/span><\/div><div class=\"fusion-clearfix\"><\/div>\n\n\t\t\t\t\t<\/div>\n\t\t\t\t<\/div><div  class=\"fusion-layout-column fusion_builder_column fusion_builder_column_1_4  fusion-one-fourth fusion-column-last 1_4\"  style='margin-top:80px;margin-bottom:20px;width:25%;width:calc(25% - ( ( 4% ) * 0.25 ) );'>\n\t\t\t\t\t<div class=\"fusion-column-wrapper\" style=\"padding: 0px 0px 0px 0px;background-position:left top;background-repeat:no-repeat;-webkit-background-size:cover;-moz-background-size:cover;-o-background-size:cover;background-size:cover;\"  data-bg-url=\"\">\n\t\t\t\t\t\t<div class=\"fusion-widget-area fusion-widget-area-1 fusion-content-widget-area\"><style type=\"text\/css\" scoped=\"scoped\">.fusion-widget-area-1 {padding:0px 0px 0px 0px;}.fusion-widget-area-1 .widget h4 {color:#ffffff;}.fusion-widget-area-1 .widget .heading h4 {color:#ffffff;}<\/style><div id=\"nav_menu-2\" class=\"widget widget_nav_menu\"><div class=\"menu-sobre-nos-container\"><ul id=\"menu-sobre-nos\" class=\"menu\"><li id=\"menu-item-138\" class=\"menu-item menu-item-type-post_type menu-item-object-page menu-item-138\"><a href=\"https:\/\/www.tecma-tecnologia.com.br\/web\/sobre-nos-tecma-tecnologia\/nossa-historia\/\">NOSSA HIST\u00d3RIA<\/a><\/li>\n<li id=\"menu-item-144\" class=\"menu-item menu-item-type-post_type menu-item-object-page menu-item-144\"><a href=\"https:\/\/www.tecma-tecnologia.com.br\/web\/sobre-nos-tecma-tecnologia\/o-que-fazemos-empresa-tecma\/\">O QUE FAZEMOS<\/a><\/li>\n<li id=\"menu-item-139\" class=\"menu-item menu-item-type-post_type menu-item-object-page menu-item-139\"><a href=\"https:\/\/www.tecma-tecnologia.com.br\/web\/sobre-nos-tecma-tecnologia\/clientes\/\">CLIENTES<\/a><\/li>\n<\/ul><\/div><\/div><div class=\"fusion-additional-widget-content\"><\/div><\/div><div class=\"fusion-widget-area fusion-widget-area-2 fusion-content-widget-area\"><style type=\"text\/css\" scoped=\"scoped\">.fusion-widget-area-2 {padding:0px 0px 0px 0px;}.fusion-widget-area-2 .widget h4 {color:#ffffff;}.fusion-widget-area-2 .widget .heading h4 {color:#ffffff;}<\/style><div id=\"custom_html-3\" class=\"widget_text widget widget_custom_html\" style=\"padding: 5px 20px 20px 20px;background-color: #1eb4c2;\"><div class=\"heading\"><h4 class=\"widget-title\">Entre em contato conosco<\/h4><\/div><div class=\"textwidget custom-html-widget\"><a href=\"https:\/\/www.tecma-tecnologia.com.br\/web\/pt\/contato\/\"><i class=\"fab fa-whatsapp\" style=\"color:#ffffff;font-size:24px;\"><\/i><\/a><\/div><\/div><div class=\"fusion-additional-widget-content\"><\/div><\/div><div class=\"fusion-clearfix\"><\/div>\n\n\t\t\t\t\t<\/div>\n\t\t\t\t<\/div><\/div><\/div>\n","protected":false},"excerpt":{"rendered":"","protected":false},"author":1,"featured_media":0,"parent":287,"menu_order":0,"comment_status":"closed","ping_status":"closed","template":"100-width.php","meta":{"_mi_skip_tracking":false,"spay_email":"","footnotes":""},"class_list":["post-116","page","type-page","status-publish","hentry"],"yoast_head":"<!-- This site is optimized with the Yoast SEO plugin v20.2.1 - https:\/\/yoast.com\/wordpress\/plugins\/seo\/ -->\n<title>Clientes tecma - TECMA Tecnologia | Conhe\u00e7a os nossos clientes<\/title>\n<meta name=\"description\" content=\"Clientes tecma conhe\u00e7a Nossos principais clientes, s\u00e3o as ind\u00fastrias farmac\u00eauticas, aliment\u00edcias, mineradoras, petroqu\u00edmicas dentre outras.\" \/>\n<meta name=\"robots\" content=\"index, follow, max-snippet:-1, max-image-preview:large, max-video-preview:-1\" \/>\n<link rel=\"canonical\" href=\"https:\/\/www.tecma-tecnologia.com.br\/web\/sobre-nos-tecma-tecnologia\/clientes\/\" \/>\n<meta property=\"og:locale\" content=\"pt_BR\" \/>\n<meta property=\"og:type\" content=\"article\" \/>\n<meta property=\"og:title\" content=\"Clientes tecma - TECMA Tecnologia | Conhe\u00e7a os nossos clientes\" \/>\n<meta property=\"og:description\" content=\"Clientes tecma conhe\u00e7a Nossos principais clientes, s\u00e3o as ind\u00fastrias farmac\u00eauticas, aliment\u00edcias, mineradoras, petroqu\u00edmicas dentre outras.\" \/>\n<meta property=\"og:url\" content=\"https:\/\/www.tecma-tecnologia.com.br\/web\/sobre-nos-tecma-tecnologia\/clientes\/\" \/>\n<meta property=\"og:site_name\" content=\"TECMA Tecnologia\" \/>\n<meta property=\"article:modified_time\" content=\"2020-01-02T13:48:07+00:00\" \/>\n<meta name=\"twitter:card\" content=\"summary_large_image\" \/>\n<meta name=\"twitter:label1\" content=\"Est. tempo de leitura\" \/>\n\t<meta name=\"twitter:data1\" content=\"2 minutos\" \/>\n<script type=\"application\/ld+json\" class=\"yoast-schema-graph\">{\"@context\":\"https:\/\/schema.org\",\"@graph\":[{\"@type\":\"WebPage\",\"@id\":\"https:\/\/www.tecma-tecnologia.com.br\/web\/sobre-nos-tecma-tecnologia\/clientes\/\",\"url\":\"https:\/\/www.tecma-tecnologia.com.br\/web\/sobre-nos-tecma-tecnologia\/clientes\/\",\"name\":\"Clientes tecma - TECMA Tecnologia | Conhe\u00e7a os nossos clientes\",\"isPartOf\":{\"@id\":\"https:\/\/www.tecma-tecnologia.com.br\/web\/#website\"},\"datePublished\":\"2018-07-09T20:50:10+00:00\",\"dateModified\":\"2020-01-02T13:48:07+00:00\",\"description\":\"Clientes tecma conhe\u00e7a Nossos principais clientes, s\u00e3o as ind\u00fastrias farmac\u00eauticas, aliment\u00edcias, mineradoras, petroqu\u00edmicas dentre outras.\",\"breadcrumb\":{\"@id\":\"https:\/\/www.tecma-tecnologia.com.br\/web\/sobre-nos-tecma-tecnologia\/clientes\/#breadcrumb\"},\"inLanguage\":\"pt-BR\",\"potentialAction\":[{\"@type\":\"ReadAction\",\"target\":[\"https:\/\/www.tecma-tecnologia.com.br\/web\/sobre-nos-tecma-tecnologia\/clientes\/\"]}]},{\"@type\":\"BreadcrumbList\",\"@id\":\"https:\/\/www.tecma-tecnologia.com.br\/web\/sobre-nos-tecma-tecnologia\/clientes\/#breadcrumb\",\"itemListElement\":[{\"@type\":\"ListItem\",\"position\":1,\"name\":\"Home\",\"item\":\"https:\/\/www.tecma-tecnologia.com.br\/web\/\"},{\"@type\":\"ListItem\",\"position\":2,\"name\":\"Sobre n\u00f3s\",\"item\":\"https:\/\/www.tecma-tecnologia.com.br\/web\/sobre-nos-tecma-tecnologia\/\"},{\"@type\":\"ListItem\",\"position\":3,\"name\":\"Clientes tecma\"}]},{\"@type\":\"WebSite\",\"@id\":\"https:\/\/www.tecma-tecnologia.com.br\/web\/#website\",\"url\":\"https:\/\/www.tecma-tecnologia.com.br\/web\/\",\"name\":\"TECMA Tecnologia\",\"description\":\"\",\"potentialAction\":[{\"@type\":\"SearchAction\",\"target\":{\"@type\":\"EntryPoint\",\"urlTemplate\":\"https:\/\/www.tecma-tecnologia.com.br\/web\/?s={search_term_string}\"},\"query-input\":\"required name=search_term_string\"}],\"inLanguage\":\"pt-BR\"}]}<\/script>\n<!-- \/ Yoast SEO plugin. -->","yoast_head_json":{"title":"Clientes tecma - TECMA Tecnologia | Conhe\u00e7a os nossos clientes","description":"Clientes tecma conhe\u00e7a Nossos principais clientes, s\u00e3o as ind\u00fastrias farmac\u00eauticas, aliment\u00edcias, mineradoras, petroqu\u00edmicas dentre outras.","robots":{"index":"index","follow":"follow","max-snippet":"max-snippet:-1","max-image-preview":"max-image-preview:large","max-video-preview":"max-video-preview:-1"},"canonical":"https:\/\/www.tecma-tecnologia.com.br\/web\/sobre-nos-tecma-tecnologia\/clientes\/","og_locale":"pt_BR","og_type":"article","og_title":"Clientes tecma - TECMA Tecnologia | Conhe\u00e7a os nossos clientes","og_description":"Clientes tecma conhe\u00e7a Nossos principais clientes, s\u00e3o as ind\u00fastrias farmac\u00eauticas, aliment\u00edcias, mineradoras, petroqu\u00edmicas dentre outras.","og_url":"https:\/\/www.tecma-tecnologia.com.br\/web\/sobre-nos-tecma-tecnologia\/clientes\/","og_site_name":"TECMA Tecnologia","article_modified_time":"2020-01-02T13:48:07+00:00","twitter_card":"summary_large_image","twitter_misc":{"Est. tempo de leitura":"2 minutos"},"schema":{"@context":"https:\/\/schema.org","@graph":[{"@type":"WebPage","@id":"https:\/\/www.tecma-tecnologia.com.br\/web\/sobre-nos-tecma-tecnologia\/clientes\/","url":"https:\/\/www.tecma-tecnologia.com.br\/web\/sobre-nos-tecma-tecnologia\/clientes\/","name":"Clientes tecma - TECMA Tecnologia | Conhe\u00e7a os nossos clientes","isPartOf":{"@id":"https:\/\/www.tecma-tecnologia.com.br\/web\/#website"},"datePublished":"2018-07-09T20:50:10+00:00","dateModified":"2020-01-02T13:48:07+00:00","description":"Clientes tecma conhe\u00e7a Nossos principais clientes, s\u00e3o as ind\u00fastrias farmac\u00eauticas, aliment\u00edcias, mineradoras, petroqu\u00edmicas dentre outras.","breadcrumb":{"@id":"https:\/\/www.tecma-tecnologia.com.br\/web\/sobre-nos-tecma-tecnologia\/clientes\/#breadcrumb"},"inLanguage":"pt-BR","potentialAction":[{"@type":"ReadAction","target":["https:\/\/www.tecma-tecnologia.com.br\/web\/sobre-nos-tecma-tecnologia\/clientes\/"]}]},{"@type":"BreadcrumbList","@id":"https:\/\/www.tecma-tecnologia.com.br\/web\/sobre-nos-tecma-tecnologia\/clientes\/#breadcrumb","itemListElement":[{"@type":"ListItem","position":1,"name":"Home","item":"https:\/\/www.tecma-tecnologia.com.br\/web\/"},{"@type":"ListItem","position":2,"name":"Sobre n\u00f3s","item":"https:\/\/www.tecma-tecnologia.com.br\/web\/sobre-nos-tecma-tecnologia\/"},{"@type":"ListItem","position":3,"name":"Clientes tecma"}]},{"@type":"WebSite","@id":"https:\/\/www.tecma-tecnologia.com.br\/web\/#website","url":"https:\/\/www.tecma-tecnologia.com.br\/web\/","name":"TECMA Tecnologia","description":"","potentialAction":[{"@type":"SearchAction","target":{"@type":"EntryPoint","urlTemplate":"https:\/\/www.tecma-tecnologia.com.br\/web\/?s={search_term_string}"},"query-input":"required name=search_term_string"}],"inLanguage":"pt-BR"}]}},"_links":{"self":[{"href":"https:\/\/www.tecma-tecnologia.com.br\/web\/wp-json\/wp\/v2\/pages\/116","targetHints":{"allow":["GET"]}}],"collection":[{"href":"https:\/\/www.tecma-tecnologia.com.br\/web\/wp-json\/wp\/v2\/pages"}],"about":[{"href":"https:\/\/www.tecma-tecnologia.com.br\/web\/wp-json\/wp\/v2\/types\/page"}],"author":[{"embeddable":true,"href":"https:\/\/www.tecma-tecnologia.com.br\/web\/wp-json\/wp\/v2\/users\/1"}],"replies":[{"embeddable":true,"href":"https:\/\/www.tecma-tecnologia.com.br\/web\/wp-json\/wp\/v2\/comments?post=116"}],"version-history":[{"count":2,"href":"https:\/\/www.tecma-tecnologia.com.br\/web\/wp-json\/wp\/v2\/pages\/116\/revisions"}],"predecessor-version":[{"id":3414,"href":"https:\/\/www.tecma-tecnologia.com.br\/web\/wp-json\/wp\/v2\/pages\/116\/revisions\/3414"}],"up":[{"embeddable":true,"href":"https:\/\/www.tecma-tecnologia.com.br\/web\/wp-json\/wp\/v2\/pages\/287"}],"wp:attachment":[{"href":"https:\/\/www.tecma-tecnologia.com.br\/web\/wp-json\/wp\/v2\/media?parent=116"}],"curies":[{"name":"wp","href":"https:\/\/api.w.org\/{rel}","templated":true}]}}